{"id":942,"date":"2026-01-24T03:33:35","date_gmt":"2026-01-24T01:33:35","guid":{"rendered":"https:\/\/www.transtoyou.com\/fr\/product\/atovaquone-proguanil\/"},"modified":"2026-02-07T15:04:07","modified_gmt":"2026-02-07T13:04:07","slug":"atovaquone-proguanil","status":"publish","type":"product","link":"https:\/\/www.transtoyou.com\/fr\/product\/atovaquone-proguanil\/","title":{"rendered":"Atovaquone-Proguanil"},"content":{"rendered":"<p>Atovaquone-Proguanil est un m\u00e9dicament combin\u00e9 utilis\u00e9 pour pr\u00e9venir et traiter le paludisme, une maladie parasitaire transmise par la piq\u00fbre de moustiques infect\u00e9s. Le m\u00e9dicament combine deux substances actives : l&rsquo;Atovaquone, qui interf\u00e8re avec la production d&rsquo;\u00e9nergie des parasites du paludisme, et le Proguanil, qui inhibe leur capacit\u00e9 \u00e0 se reproduire. Ensemble, ils fournissent un puissant m\u00e9canisme double qui cible le parasite \u00e0 plusieurs stades de son cycle de vie.<\/p>\n<p>Ce m\u00e9dicament est efficace contre Plasmodium falciparum, la forme de paludisme la plus dangereuse et r\u00e9sistante aux m\u00e9dicaments. Il est couramment prescrit aux voyageurs se rendant dans des r\u00e9gions o\u00f9 le paludisme est end\u00e9mique, ainsi que pour un traitement \u00e0 court terme chez ceux qui sont infect\u00e9s.<\/p>\n<p>Atovaquone-Proguanil est g\u00e9n\u00e9ralement pris une fois par jour avec de la nourriture ou une boisson lact\u00e9e pour am\u00e9liorer l&rsquo;absorption. Pour la pr\u00e9vention, il est commenc\u00e9 un ou deux jours avant d&rsquo;entrer dans une zone \u00e0 risque de paludisme et se poursuit pendant une semaine apr\u00e8s le d\u00e9part. Pour le traitement, il est pris pendant trois jours cons\u00e9cutifs.<\/p>\n<p>Compar\u00e9 aux anciens m\u00e9dicaments contre le paludisme, cette combinaison est g\u00e9n\u00e9ralement bien tol\u00e9r\u00e9e et ne n\u00e9cessite pas de longues p\u00e9riodes de dosage avant le voyage. Les effets secondaires sont g\u00e9n\u00e9ralement l\u00e9gers et peuvent inclure des douleurs abdominales, des naus\u00e9es, des vomissements, des maux de t\u00eate ou des troubles du sommeil. Il n&rsquo;est pas adapt\u00e9 \u00e0 une pr\u00e9vention \u00e0 long terme sur plusieurs mois, mais est id\u00e9al pour des voyages plus courts et un traitement sans complications.<\/p>\n","protected":false},"excerpt":{"rendered":"<ul>\n<li>Pr\u00e9vention et traitement du paludisme \u00e0 double action<\/li>\n<li>Efficace contre les souches de paludisme r\u00e9sistantes aux m\u00e9dicaments<\/li>\n<li>Posologie pratique une fois par jour<\/li>\n<\/ul>\n","protected":false},"featured_media":944,"comment_status":"open","ping_status":"closed","template":"","meta":[],"product_brand":[],"product_cat":[155],"product_tag":[],"expert":[16],"class_list":{"0":"post-942","1":"product","2":"type-product","3":"status-publish","4":"has-post-thumbnail","6":"product_cat-parasites","7":"expert-dr-c-alexandru","9":"first","10":"instock","11":"shipping-taxable","12":"product-type-variable"},"yoast_head":"<!-- This site is optimized with the Yoast SEO plugin v27.0 - https:\/\/yoast.com\/product\/yoast-seo-wordpress\/ -->\n<title>Atovaquone-Proguanil | Protection Efficace Contre le Paludisme - Transtoyou<\/title>\n<meta name=\"description\" content=\"Atovaquone-Proguanil, disponible ici, offre une protection double contre le paludisme. Id\u00e9al pour pr\u00e9venir Plasmodium falciparum lors de tes voyages.\" \/>\n<meta name=\"robots\" content=\"noindex, follow, max-snippet:-1, max-image-preview:large, max-video-preview:-1\" \/>\n<meta property=\"og:locale\" content=\"fr_FR\" \/>\n<meta property=\"og:type\" content=\"article\" \/>\n<meta property=\"og:title\" content=\"Atovaquone-Proguanil | Protection Efficace Contre le Paludisme - Transtoyou\" \/>\n<meta property=\"og:description\" content=\"Atovaquone-Proguanil, disponible ici, offre une protection double contre le paludisme. Id\u00e9al pour pr\u00e9venir Plasmodium falciparum lors de tes voyages.\" \/>\n<meta property=\"og:url\" content=\"https:\/\/www.transtoyou.com\/fr\/product\/atovaquone-proguanil\/\" \/>\n<meta property=\"og:site_name\" content=\"Transtoyou - FR\" \/>\n<meta property=\"article:modified_time\" content=\"2026-02-07T13:04:07+00:00\" \/>\n<meta name=\"twitter:card\" content=\"summary_large_image\" \/>\n<meta name=\"twitter:label1\" content=\"Dur\u00e9e de lecture estim\u00e9e\" \/>\n\t<meta name=\"twitter:data1\" content=\"1 minute\" \/>\n<script type=\"application\/ld+json\" class=\"yoast-schema-graph\">{\"@context\":\"https:\/\/schema.org\",\"@graph\":[{\"@type\":\"WebPage\",\"@id\":\"https:\/\/www.transtoyou.com\/fr\/product\/atovaquone-proguanil\/\",\"url\":\"https:\/\/www.transtoyou.com\/fr\/product\/atovaquone-proguanil\/\",\"name\":\"Atovaquone-Proguanil | Protection Efficace Contre le Paludisme - Transtoyou\",\"isPartOf\":{\"@id\":\"https:\/\/www.transtoyou.com\/fr\/#website\"},\"primaryImageOfPage\":{\"@id\":\"https:\/\/www.transtoyou.com\/fr\/product\/atovaquone-proguanil\/#primaryimage\"},\"image\":{\"@id\":\"https:\/\/www.transtoyou.com\/fr\/product\/atovaquone-proguanil\/#primaryimage\"},\"thumbnailUrl\":\"https:\/\/www.transtoyou.com\/fr\/wp-content\/uploads\/sites\/5\/2026\/01\/tty-no-product-image-69.webp\",\"datePublished\":\"2026-01-24T01:33:35+00:00\",\"dateModified\":\"2026-02-07T13:04:07+00:00\",\"description\":\"Atovaquone-Proguanil, disponible ici, offre une protection double contre le paludisme. Id\u00e9al pour pr\u00e9venir Plasmodium falciparum lors de tes voyages.\",\"breadcrumb\":{\"@id\":\"https:\/\/www.transtoyou.com\/fr\/product\/atovaquone-proguanil\/#breadcrumb\"},\"inLanguage\":\"fr-FR\",\"potentialAction\":[{\"@type\":\"ReadAction\",\"target\":[\"https:\/\/www.transtoyou.com\/fr\/product\/atovaquone-proguanil\/\"]}]},{\"@type\":\"ImageObject\",\"inLanguage\":\"fr-FR\",\"@id\":\"https:\/\/www.transtoyou.com\/fr\/product\/atovaquone-proguanil\/#primaryimage\",\"url\":\"https:\/\/www.transtoyou.com\/fr\/wp-content\/uploads\/sites\/5\/2026\/01\/tty-no-product-image-69.webp\",\"contentUrl\":\"https:\/\/www.transtoyou.com\/fr\/wp-content\/uploads\/sites\/5\/2026\/01\/tty-no-product-image-69.webp\",\"width\":1000,\"height\":1000,\"caption\":\"Image produit par d\u00e9faut\"},{\"@type\":\"WebSite\",\"@id\":\"https:\/\/www.transtoyou.com\/fr\/#website\",\"url\":\"https:\/\/www.transtoyou.com\/fr\/\",\"name\":\"Transtoyou - FR\",\"description\":\"\",\"publisher\":{\"@id\":\"https:\/\/www.transtoyou.com\/fr\/#organization\"},\"potentialAction\":[{\"@type\":\"SearchAction\",\"target\":{\"@type\":\"EntryPoint\",\"urlTemplate\":\"https:\/\/www.transtoyou.com\/fr\/?s={search_term_string}\"},\"query-input\":{\"@type\":\"PropertyValueSpecification\",\"valueRequired\":true,\"valueName\":\"search_term_string\"}}],\"inLanguage\":\"fr-FR\"},{\"@type\":\"Organization\",\"@id\":\"https:\/\/www.transtoyou.com\/fr\/#organization\",\"name\":\"Transtoyou - FR\",\"url\":\"https:\/\/www.transtoyou.com\/fr\/\",\"logo\":{\"@type\":\"ImageObject\",\"inLanguage\":\"fr-FR\",\"@id\":\"https:\/\/www.transtoyou.com\/fr\/#\/schema\/logo\/image\/\",\"url\":\"https:\/\/www.transtoyou.com\/fr\/wp-content\/uploads\/sites\/5\/2026\/01\/logo-tty-menu-bar-300x87-1.webp\",\"contentUrl\":\"https:\/\/www.transtoyou.com\/fr\/wp-content\/uploads\/sites\/5\/2026\/01\/logo-tty-menu-bar-300x87-1.webp\",\"width\":300,\"height\":87,\"caption\":\"Transtoyou - FR\"},\"image\":{\"@id\":\"https:\/\/www.transtoyou.com\/fr\/#\/schema\/logo\/image\/\"}}]}<\/script>\n<!-- \/ Yoast SEO plugin. -->","yoast_head_json":{"title":"Atovaquone-Proguanil | Protection Efficace Contre le Paludisme - Transtoyou","description":"Atovaquone-Proguanil, disponible ici, offre une protection double contre le paludisme. Id\u00e9al pour pr\u00e9venir Plasmodium falciparum lors de tes voyages.","robots":{"index":"noindex","follow":"follow","max-snippet":"max-snippet:-1","max-image-preview":"max-image-preview:large","max-video-preview":"max-video-preview:-1"},"og_locale":"fr_FR","og_type":"article","og_title":"Atovaquone-Proguanil | Protection Efficace Contre le Paludisme - Transtoyou","og_description":"Atovaquone-Proguanil, disponible ici, offre une protection double contre le paludisme. Id\u00e9al pour pr\u00e9venir Plasmodium falciparum lors de tes voyages.","og_url":"https:\/\/www.transtoyou.com\/fr\/product\/atovaquone-proguanil\/","og_site_name":"Transtoyou - FR","article_modified_time":"2026-02-07T13:04:07+00:00","twitter_card":"summary_large_image","twitter_misc":{"Dur\u00e9e de lecture estim\u00e9e":"1 minute"},"schema":{"@context":"https:\/\/schema.org","@graph":[{"@type":"WebPage","@id":"https:\/\/www.transtoyou.com\/fr\/product\/atovaquone-proguanil\/","url":"https:\/\/www.transtoyou.com\/fr\/product\/atovaquone-proguanil\/","name":"Atovaquone-Proguanil | Protection Efficace Contre le Paludisme - Transtoyou","isPartOf":{"@id":"https:\/\/www.transtoyou.com\/fr\/#website"},"primaryImageOfPage":{"@id":"https:\/\/www.transtoyou.com\/fr\/product\/atovaquone-proguanil\/#primaryimage"},"image":{"@id":"https:\/\/www.transtoyou.com\/fr\/product\/atovaquone-proguanil\/#primaryimage"},"thumbnailUrl":"https:\/\/www.transtoyou.com\/fr\/wp-content\/uploads\/sites\/5\/2026\/01\/tty-no-product-image-69.webp","datePublished":"2026-01-24T01:33:35+00:00","dateModified":"2026-02-07T13:04:07+00:00","description":"Atovaquone-Proguanil, disponible ici, offre une protection double contre le paludisme. Id\u00e9al pour pr\u00e9venir Plasmodium falciparum lors de tes voyages.","breadcrumb":{"@id":"https:\/\/www.transtoyou.com\/fr\/product\/atovaquone-proguanil\/#breadcrumb"},"inLanguage":"fr-FR","potentialAction":[{"@type":"ReadAction","target":["https:\/\/www.transtoyou.com\/fr\/product\/atovaquone-proguanil\/"]}]},{"@type":"ImageObject","inLanguage":"fr-FR","@id":"https:\/\/www.transtoyou.com\/fr\/product\/atovaquone-proguanil\/#primaryimage","url":"https:\/\/www.transtoyou.com\/fr\/wp-content\/uploads\/sites\/5\/2026\/01\/tty-no-product-image-69.webp","contentUrl":"https:\/\/www.transtoyou.com\/fr\/wp-content\/uploads\/sites\/5\/2026\/01\/tty-no-product-image-69.webp","width":1000,"height":1000,"caption":"Image produit par d\u00e9faut"},{"@type":"WebSite","@id":"https:\/\/www.transtoyou.com\/fr\/#website","url":"https:\/\/www.transtoyou.com\/fr\/","name":"Transtoyou - FR","description":"","publisher":{"@id":"https:\/\/www.transtoyou.com\/fr\/#organization"},"potentialAction":[{"@type":"SearchAction","target":{"@type":"EntryPoint","urlTemplate":"https:\/\/www.transtoyou.com\/fr\/?s={search_term_string}"},"query-input":{"@type":"PropertyValueSpecification","valueRequired":true,"valueName":"search_term_string"}}],"inLanguage":"fr-FR"},{"@type":"Organization","@id":"https:\/\/www.transtoyou.com\/fr\/#organization","name":"Transtoyou - FR","url":"https:\/\/www.transtoyou.com\/fr\/","logo":{"@type":"ImageObject","inLanguage":"fr-FR","@id":"https:\/\/www.transtoyou.com\/fr\/#\/schema\/logo\/image\/","url":"https:\/\/www.transtoyou.com\/fr\/wp-content\/uploads\/sites\/5\/2026\/01\/logo-tty-menu-bar-300x87-1.webp","contentUrl":"https:\/\/www.transtoyou.com\/fr\/wp-content\/uploads\/sites\/5\/2026\/01\/logo-tty-menu-bar-300x87-1.webp","width":300,"height":87,"caption":"Transtoyou - FR"},"image":{"@id":"https:\/\/www.transtoyou.com\/fr\/#\/schema\/logo\/image\/"}}]}},"_links":{"self":[{"href":"https:\/\/www.transtoyou.com\/fr\/wp-json\/wp\/v2\/product\/942","targetHints":{"allow":["GET"]}}],"collection":[{"href":"https:\/\/www.transtoyou.com\/fr\/wp-json\/wp\/v2\/product"}],"about":[{"href":"https:\/\/www.transtoyou.com\/fr\/wp-json\/wp\/v2\/types\/product"}],"replies":[{"embeddable":true,"href":"https:\/\/www.transtoyou.com\/fr\/wp-json\/wp\/v2\/comments?post=942"}],"wp:featuredmedia":[{"embeddable":true,"href":"https:\/\/www.transtoyou.com\/fr\/wp-json\/wp\/v2\/media\/944"}],"wp:attachment":[{"href":"https:\/\/www.transtoyou.com\/fr\/wp-json\/wp\/v2\/media?parent=942"}],"wp:term":[{"taxonomy":"product_brand","embeddable":true,"href":"https:\/\/www.transtoyou.com\/fr\/wp-json\/wp\/v2\/product_brand?post=942"},{"taxonomy":"product_cat","embeddable":true,"href":"https:\/\/www.transtoyou.com\/fr\/wp-json\/wp\/v2\/product_cat?post=942"},{"taxonomy":"product_tag","embeddable":true,"href":"https:\/\/www.transtoyou.com\/fr\/wp-json\/wp\/v2\/product_tag?post=942"},{"taxonomy":"expert","embeddable":true,"href":"https:\/\/www.transtoyou.com\/fr\/wp-json\/wp\/v2\/expert?post=942"}],"curies":[{"name":"wp","href":"https:\/\/api.w.org\/{rel}","templated":true}]}}