{"id":967,"date":"2026-01-24T05:49:59","date_gmt":"2026-01-24T03:49:59","guid":{"rendered":"https:\/\/www.transtoyou.com\/fr\/product\/rizatriptan\/"},"modified":"2026-03-02T17:47:11","modified_gmt":"2026-03-02T15:47:11","slug":"rizatriptan","status":"publish","type":"product","link":"https:\/\/www.transtoyou.com\/fr\/product\/rizatriptan\/","title":{"rendered":"Rizatriptan"},"content":{"rendered":"<p>Le rizatriptan est un m\u00e9dicament sur ordonnance class\u00e9 comme agoniste s\u00e9lectif des r\u00e9cepteurs de la s\u00e9rotonine, \u00e9galement connu sous le nom de Triptan. Il est principalement utilis\u00e9 pour le traitement aigu des migraines, avec ou sans aura. Le rizatriptan agit en stimulant les r\u00e9cepteurs de la s\u00e9rotonine (5-HT1B et 5-HT1D) dans le cerveau, ce qui entra\u00eene le r\u00e9tr\u00e9cissement des vaisseaux sanguins dilat\u00e9s. Cette vasoconstriction aide \u00e0 soulager la douleur, les naus\u00e9es et la sensibilit\u00e9 \u00e0 la lumi\u00e8re et au son couramment associ\u00e9s aux migraines.<\/p>\n<p>Ce m\u00e9dicament ne pr\u00e9vient pas les migraines mais traite efficacement les crises de migraine une fois qu&rsquo;elles commencent. Le rizatriptan est le plus efficace lorsqu&rsquo;il est pris d\u00e8s les premiers signes de sympt\u00f4mes de migraine. Il ne traite pas d&rsquo;autres types de maux de t\u00eate, tels que les maux de t\u00eate de tension ou les c\u00e9phal\u00e9es en grappes.<\/p>\n<p>L&rsquo;action du rizatriptan aide \u00e0 r\u00e9duire l&rsquo;inflammation autour des vaisseaux sanguins du cerveau, offrant un soulagement cibl\u00e9 sans affecter d&rsquo;autres syst\u00e8mes corporels. Il commence g\u00e9n\u00e9ralement \u00e0 agir dans les 30 \u00e0 60 minutes suivant l&rsquo;ingestion et peut apporter un soulagement pendant plusieurs heures. L&rsquo;un des avantages du rizatriptan est sa rapidit\u00e9 d&rsquo;action et son efficacit\u00e9 m\u00eame lorsque les sympt\u00f4mes de migraine incluent des naus\u00e9es ou des vomissements.<\/p>\n<p>Les patients ressentent souvent moins d&rsquo;effets secondaires par rapport \u00e0 d&rsquo;autres traitements de la migraine, et l&rsquo;option de comprim\u00e9 d\u00e9sint\u00e9grant oral offre commodit\u00e9 et absorption rapide, surtout lorsqu&rsquo;il est pris sans eau.<\/p>\n","protected":false},"excerpt":{"rendered":"<ul>\n<li>Soulagement rapide des migraines<\/li>\n<li>Agit en 30 minutes<\/li>\n<li>Comprim\u00e9 oral pratique<\/li>\n<\/ul>\n","protected":false},"featured_media":969,"comment_status":"open","ping_status":"closed","template":"","meta":[],"product_brand":[],"product_cat":[129],"product_tag":[],"expert":[16],"class_list":{"0":"post-967","1":"product","2":"type-product","3":"status-publish","4":"has-post-thumbnail","6":"product_cat-cephalees-migraines","7":"expert-dr-c-alexandru","9":"first","10":"instock","11":"shipping-taxable","12":"product-type-variable"},"yoast_head":"<!-- This site is optimized with the Yoast SEO plugin v27.0 - https:\/\/yoast.com\/product\/yoast-seo-wordpress\/ -->\n<title>Rizatriptan | Soulagement Rapide de la Migraine - Transtoyou<\/title>\n<meta name=\"description\" content=\"Rizatriptan : Soulagement efficace de la migraine sur Transtoyou. Acc\u00e8de \u00e0 des soins professionnels, des prescriptions s\u00e9curis\u00e9es et un soulagement cibl\u00e9.\" \/>\n<meta name=\"robots\" content=\"noindex, follow, max-snippet:-1, max-image-preview:large, max-video-preview:-1\" \/>\n<meta property=\"og:locale\" content=\"fr_FR\" \/>\n<meta property=\"og:type\" content=\"article\" \/>\n<meta property=\"og:title\" content=\"Rizatriptan | Soulagement Rapide de la Migraine - Transtoyou\" \/>\n<meta property=\"og:description\" content=\"Rizatriptan : Soulagement efficace de la migraine sur Transtoyou. Acc\u00e8de \u00e0 des soins professionnels, des prescriptions s\u00e9curis\u00e9es et un soulagement cibl\u00e9.\" \/>\n<meta property=\"og:url\" content=\"https:\/\/www.transtoyou.com\/fr\/product\/rizatriptan\/\" \/>\n<meta property=\"og:site_name\" content=\"Transtoyou - FR\" \/>\n<meta property=\"article:modified_time\" content=\"2026-03-02T15:47:11+00:00\" \/>\n<meta name=\"twitter:card\" content=\"summary_large_image\" \/>\n<meta name=\"twitter:label1\" content=\"Dur\u00e9e de lecture estim\u00e9e\" \/>\n\t<meta name=\"twitter:data1\" content=\"1 minute\" \/>\n<script type=\"application\/ld+json\" class=\"yoast-schema-graph\">{\"@context\":\"https:\/\/schema.org\",\"@graph\":[{\"@type\":\"WebPage\",\"@id\":\"https:\/\/www.transtoyou.com\/fr\/product\/rizatriptan\/\",\"url\":\"https:\/\/www.transtoyou.com\/fr\/product\/rizatriptan\/\",\"name\":\"Rizatriptan | Soulagement Rapide de la Migraine - Transtoyou\",\"isPartOf\":{\"@id\":\"https:\/\/www.transtoyou.com\/fr\/#website\"},\"primaryImageOfPage\":{\"@id\":\"https:\/\/www.transtoyou.com\/fr\/product\/rizatriptan\/#primaryimage\"},\"image\":{\"@id\":\"https:\/\/www.transtoyou.com\/fr\/product\/rizatriptan\/#primaryimage\"},\"thumbnailUrl\":\"https:\/\/www.transtoyou.com\/fr\/wp-content\/uploads\/sites\/5\/2026\/01\/tty-no-product-image-78.webp\",\"datePublished\":\"2026-01-24T03:49:59+00:00\",\"dateModified\":\"2026-03-02T15:47:11+00:00\",\"description\":\"Rizatriptan : Soulagement efficace de la migraine sur Transtoyou. Acc\u00e8de \u00e0 des soins professionnels, des prescriptions s\u00e9curis\u00e9es et un soulagement cibl\u00e9.\",\"breadcrumb\":{\"@id\":\"https:\/\/www.transtoyou.com\/fr\/product\/rizatriptan\/#breadcrumb\"},\"inLanguage\":\"fr-FR\",\"potentialAction\":[{\"@type\":\"ReadAction\",\"target\":[\"https:\/\/www.transtoyou.com\/fr\/product\/rizatriptan\/\"]}]},{\"@type\":\"ImageObject\",\"inLanguage\":\"fr-FR\",\"@id\":\"https:\/\/www.transtoyou.com\/fr\/product\/rizatriptan\/#primaryimage\",\"url\":\"https:\/\/www.transtoyou.com\/fr\/wp-content\/uploads\/sites\/5\/2026\/01\/tty-no-product-image-78.webp\",\"contentUrl\":\"https:\/\/www.transtoyou.com\/fr\/wp-content\/uploads\/sites\/5\/2026\/01\/tty-no-product-image-78.webp\",\"width\":1000,\"height\":1000,\"caption\":\"Image produit par d\u00e9faut\"},{\"@type\":\"WebSite\",\"@id\":\"https:\/\/www.transtoyou.com\/fr\/#website\",\"url\":\"https:\/\/www.transtoyou.com\/fr\/\",\"name\":\"Transtoyou - FR\",\"description\":\"\",\"publisher\":{\"@id\":\"https:\/\/www.transtoyou.com\/fr\/#organization\"},\"potentialAction\":[{\"@type\":\"SearchAction\",\"target\":{\"@type\":\"EntryPoint\",\"urlTemplate\":\"https:\/\/www.transtoyou.com\/fr\/?s={search_term_string}\"},\"query-input\":{\"@type\":\"PropertyValueSpecification\",\"valueRequired\":true,\"valueName\":\"search_term_string\"}}],\"inLanguage\":\"fr-FR\"},{\"@type\":\"Organization\",\"@id\":\"https:\/\/www.transtoyou.com\/fr\/#organization\",\"name\":\"Transtoyou - FR\",\"url\":\"https:\/\/www.transtoyou.com\/fr\/\",\"logo\":{\"@type\":\"ImageObject\",\"inLanguage\":\"fr-FR\",\"@id\":\"https:\/\/www.transtoyou.com\/fr\/#\/schema\/logo\/image\/\",\"url\":\"https:\/\/www.transtoyou.com\/fr\/wp-content\/uploads\/sites\/5\/2026\/01\/logo-tty-menu-bar-300x87-1.webp\",\"contentUrl\":\"https:\/\/www.transtoyou.com\/fr\/wp-content\/uploads\/sites\/5\/2026\/01\/logo-tty-menu-bar-300x87-1.webp\",\"width\":300,\"height\":87,\"caption\":\"Transtoyou - FR\"},\"image\":{\"@id\":\"https:\/\/www.transtoyou.com\/fr\/#\/schema\/logo\/image\/\"}}]}<\/script>\n<!-- \/ Yoast SEO plugin. -->","yoast_head_json":{"title":"Rizatriptan | Soulagement Rapide de la Migraine - Transtoyou","description":"Rizatriptan : Soulagement efficace de la migraine sur Transtoyou. Acc\u00e8de \u00e0 des soins professionnels, des prescriptions s\u00e9curis\u00e9es et un soulagement cibl\u00e9.","robots":{"index":"noindex","follow":"follow","max-snippet":"max-snippet:-1","max-image-preview":"max-image-preview:large","max-video-preview":"max-video-preview:-1"},"og_locale":"fr_FR","og_type":"article","og_title":"Rizatriptan | Soulagement Rapide de la Migraine - Transtoyou","og_description":"Rizatriptan : Soulagement efficace de la migraine sur Transtoyou. Acc\u00e8de \u00e0 des soins professionnels, des prescriptions s\u00e9curis\u00e9es et un soulagement cibl\u00e9.","og_url":"https:\/\/www.transtoyou.com\/fr\/product\/rizatriptan\/","og_site_name":"Transtoyou - FR","article_modified_time":"2026-03-02T15:47:11+00:00","twitter_card":"summary_large_image","twitter_misc":{"Dur\u00e9e de lecture estim\u00e9e":"1 minute"},"schema":{"@context":"https:\/\/schema.org","@graph":[{"@type":"WebPage","@id":"https:\/\/www.transtoyou.com\/fr\/product\/rizatriptan\/","url":"https:\/\/www.transtoyou.com\/fr\/product\/rizatriptan\/","name":"Rizatriptan | Soulagement Rapide de la Migraine - Transtoyou","isPartOf":{"@id":"https:\/\/www.transtoyou.com\/fr\/#website"},"primaryImageOfPage":{"@id":"https:\/\/www.transtoyou.com\/fr\/product\/rizatriptan\/#primaryimage"},"image":{"@id":"https:\/\/www.transtoyou.com\/fr\/product\/rizatriptan\/#primaryimage"},"thumbnailUrl":"https:\/\/www.transtoyou.com\/fr\/wp-content\/uploads\/sites\/5\/2026\/01\/tty-no-product-image-78.webp","datePublished":"2026-01-24T03:49:59+00:00","dateModified":"2026-03-02T15:47:11+00:00","description":"Rizatriptan : Soulagement efficace de la migraine sur Transtoyou. Acc\u00e8de \u00e0 des soins professionnels, des prescriptions s\u00e9curis\u00e9es et un soulagement cibl\u00e9.","breadcrumb":{"@id":"https:\/\/www.transtoyou.com\/fr\/product\/rizatriptan\/#breadcrumb"},"inLanguage":"fr-FR","potentialAction":[{"@type":"ReadAction","target":["https:\/\/www.transtoyou.com\/fr\/product\/rizatriptan\/"]}]},{"@type":"ImageObject","inLanguage":"fr-FR","@id":"https:\/\/www.transtoyou.com\/fr\/product\/rizatriptan\/#primaryimage","url":"https:\/\/www.transtoyou.com\/fr\/wp-content\/uploads\/sites\/5\/2026\/01\/tty-no-product-image-78.webp","contentUrl":"https:\/\/www.transtoyou.com\/fr\/wp-content\/uploads\/sites\/5\/2026\/01\/tty-no-product-image-78.webp","width":1000,"height":1000,"caption":"Image produit par d\u00e9faut"},{"@type":"WebSite","@id":"https:\/\/www.transtoyou.com\/fr\/#website","url":"https:\/\/www.transtoyou.com\/fr\/","name":"Transtoyou - FR","description":"","publisher":{"@id":"https:\/\/www.transtoyou.com\/fr\/#organization"},"potentialAction":[{"@type":"SearchAction","target":{"@type":"EntryPoint","urlTemplate":"https:\/\/www.transtoyou.com\/fr\/?s={search_term_string}"},"query-input":{"@type":"PropertyValueSpecification","valueRequired":true,"valueName":"search_term_string"}}],"inLanguage":"fr-FR"},{"@type":"Organization","@id":"https:\/\/www.transtoyou.com\/fr\/#organization","name":"Transtoyou - FR","url":"https:\/\/www.transtoyou.com\/fr\/","logo":{"@type":"ImageObject","inLanguage":"fr-FR","@id":"https:\/\/www.transtoyou.com\/fr\/#\/schema\/logo\/image\/","url":"https:\/\/www.transtoyou.com\/fr\/wp-content\/uploads\/sites\/5\/2026\/01\/logo-tty-menu-bar-300x87-1.webp","contentUrl":"https:\/\/www.transtoyou.com\/fr\/wp-content\/uploads\/sites\/5\/2026\/01\/logo-tty-menu-bar-300x87-1.webp","width":300,"height":87,"caption":"Transtoyou - FR"},"image":{"@id":"https:\/\/www.transtoyou.com\/fr\/#\/schema\/logo\/image\/"}}]}},"_links":{"self":[{"href":"https:\/\/www.transtoyou.com\/fr\/wp-json\/wp\/v2\/product\/967","targetHints":{"allow":["GET"]}}],"collection":[{"href":"https:\/\/www.transtoyou.com\/fr\/wp-json\/wp\/v2\/product"}],"about":[{"href":"https:\/\/www.transtoyou.com\/fr\/wp-json\/wp\/v2\/types\/product"}],"replies":[{"embeddable":true,"href":"https:\/\/www.transtoyou.com\/fr\/wp-json\/wp\/v2\/comments?post=967"}],"wp:featuredmedia":[{"embeddable":true,"href":"https:\/\/www.transtoyou.com\/fr\/wp-json\/wp\/v2\/media\/969"}],"wp:attachment":[{"href":"https:\/\/www.transtoyou.com\/fr\/wp-json\/wp\/v2\/media?parent=967"}],"wp:term":[{"taxonomy":"product_brand","embeddable":true,"href":"https:\/\/www.transtoyou.com\/fr\/wp-json\/wp\/v2\/product_brand?post=967"},{"taxonomy":"product_cat","embeddable":true,"href":"https:\/\/www.transtoyou.com\/fr\/wp-json\/wp\/v2\/product_cat?post=967"},{"taxonomy":"product_tag","embeddable":true,"href":"https:\/\/www.transtoyou.com\/fr\/wp-json\/wp\/v2\/product_tag?post=967"},{"taxonomy":"expert","embeddable":true,"href":"https:\/\/www.transtoyou.com\/fr\/wp-json\/wp\/v2\/expert?post=967"}],"curies":[{"name":"wp","href":"https:\/\/api.w.org\/{rel}","templated":true}]}}