{"id":120,"date":"2026-01-19T15:28:41","date_gmt":"2026-01-19T13:28:41","guid":{"rendered":"https:\/\/www.transtoyou.com\/lt\/?page_id=120"},"modified":"2026-01-26T10:17:45","modified_gmt":"2026-01-26T08:17:45","slug":"siuntimo-informacija","status":"publish","type":"page","link":"https:\/\/www.transtoyou.com\/lt\/siuntimo-informacija\/","title":{"rendered":"Siuntimo informacija"},"content":{"rendered":"","protected":false},"excerpt":{"rendered":"","protected":false},"author":13,"featured_media":0,"parent":0,"menu_order":0,"comment_status":"closed","ping_status":"closed","template":"","meta":{"footnotes":""},"class_list":["post-120","page","type-page","status-publish","hentry"],"yoast_head":"<!-- This site is optimized with the Yoast SEO plugin v27.0 - https:\/\/yoast.com\/product\/yoast-seo-wordpress\/ -->\n<title>U\u017esakymo ir siuntimo proceso detal\u0117s - Transtoyou<\/title>\n<meta name=\"description\" content=\"Atraskite Transtoyou u\u017esakymo ir siuntimo proces\u0105, u\u017etikrinant\u012f saug\u0173 recept\u0173 ir sveikatos produkt\u0173 pristatym\u0105 visoje JK ir ES, laikantis taisykli\u0173.\" \/>\n<meta name=\"robots\" content=\"noindex, follow, max-snippet:-1, max-image-preview:large, max-video-preview:-1\" \/>\n<meta property=\"og:locale\" content=\"lt_LT\" \/>\n<meta property=\"og:type\" content=\"article\" \/>\n<meta property=\"og:title\" content=\"U\u017esakymo ir siuntimo proceso detal\u0117s - Transtoyou\" \/>\n<meta property=\"og:description\" content=\"Atraskite Transtoyou u\u017esakymo ir siuntimo proces\u0105, u\u017etikrinant\u012f saug\u0173 recept\u0173 ir sveikatos produkt\u0173 pristatym\u0105 visoje JK ir ES, laikantis taisykli\u0173.\" \/>\n<meta property=\"og:url\" content=\"https:\/\/www.transtoyou.com\/lt\/siuntimo-informacija\/\" \/>\n<meta property=\"og:site_name\" content=\"Transtoyou - LT\" \/>\n<meta property=\"article:modified_time\" content=\"2026-01-26T08:17:45+00:00\" \/>\n<meta name=\"twitter:card\" content=\"summary_large_image\" \/>\n<script type=\"application\/ld+json\" class=\"yoast-schema-graph\">{\"@context\":\"https:\/\/schema.org\",\"@graph\":[{\"@type\":\"WebPage\",\"@id\":\"https:\/\/www.transtoyou.com\/lt\/siuntimo-informacija\/\",\"url\":\"https:\/\/www.transtoyou.com\/lt\/siuntimo-informacija\/\",\"name\":\"U\u017esakymo ir siuntimo proceso detal\u0117s - Transtoyou\",\"isPartOf\":{\"@id\":\"https:\/\/www.transtoyou.com\/lt\/#website\"},\"datePublished\":\"2026-01-19T13:28:41+00:00\",\"dateModified\":\"2026-01-26T08:17:45+00:00\",\"description\":\"Atraskite Transtoyou u\u017esakymo ir siuntimo proces\u0105, u\u017etikrinant\u012f saug\u0173 recept\u0173 ir sveikatos produkt\u0173 pristatym\u0105 visoje JK ir ES, laikantis taisykli\u0173.\",\"breadcrumb\":{\"@id\":\"https:\/\/www.transtoyou.com\/lt\/siuntimo-informacija\/#breadcrumb\"},\"inLanguage\":\"lt-LT\",\"potentialAction\":[{\"@type\":\"ReadAction\",\"target\":[\"https:\/\/www.transtoyou.com\/lt\/siuntimo-informacija\/\"]}]},{\"@type\":\"WebSite\",\"@id\":\"https:\/\/www.transtoyou.com\/lt\/#website\",\"url\":\"https:\/\/www.transtoyou.com\/lt\/\",\"name\":\"Transtoyou - LT\",\"description\":\"\",\"publisher\":{\"@id\":\"https:\/\/www.transtoyou.com\/lt\/#organization\"},\"potentialAction\":[{\"@type\":\"SearchAction\",\"target\":{\"@type\":\"EntryPoint\",\"urlTemplate\":\"https:\/\/www.transtoyou.com\/lt\/?s={search_term_string}\"},\"query-input\":{\"@type\":\"PropertyValueSpecification\",\"valueRequired\":true,\"valueName\":\"search_term_string\"}}],\"inLanguage\":\"lt-LT\"},{\"@type\":\"Organization\",\"@id\":\"https:\/\/www.transtoyou.com\/lt\/#organization\",\"name\":\"Transtoyou - LT\",\"url\":\"https:\/\/www.transtoyou.com\/lt\/\",\"logo\":{\"@type\":\"ImageObject\",\"inLanguage\":\"lt-LT\",\"@id\":\"https:\/\/www.transtoyou.com\/lt\/#\/schema\/logo\/image\/\",\"url\":\"https:\/\/www.transtoyou.com\/lt\/wp-content\/uploads\/sites\/9\/2026\/01\/logo-tty-menu-bar-300x87-1.webp\",\"contentUrl\":\"https:\/\/www.transtoyou.com\/lt\/wp-content\/uploads\/sites\/9\/2026\/01\/logo-tty-menu-bar-300x87-1.webp\",\"width\":300,\"height\":87,\"caption\":\"Transtoyou - LT\"},\"image\":{\"@id\":\"https:\/\/www.transtoyou.com\/lt\/#\/schema\/logo\/image\/\"}}]}<\/script>\n<!-- \/ Yoast SEO plugin. -->","yoast_head_json":{"title":"U\u017esakymo ir siuntimo proceso detal\u0117s - Transtoyou","description":"Atraskite Transtoyou u\u017esakymo ir siuntimo proces\u0105, u\u017etikrinant\u012f saug\u0173 recept\u0173 ir sveikatos produkt\u0173 pristatym\u0105 visoje JK ir ES, laikantis taisykli\u0173.","robots":{"index":"noindex","follow":"follow","max-snippet":"max-snippet:-1","max-image-preview":"max-image-preview:large","max-video-preview":"max-video-preview:-1"},"og_locale":"lt_LT","og_type":"article","og_title":"U\u017esakymo ir siuntimo proceso detal\u0117s - Transtoyou","og_description":"Atraskite Transtoyou u\u017esakymo ir siuntimo proces\u0105, u\u017etikrinant\u012f saug\u0173 recept\u0173 ir sveikatos produkt\u0173 pristatym\u0105 visoje JK ir ES, laikantis taisykli\u0173.","og_url":"https:\/\/www.transtoyou.com\/lt\/siuntimo-informacija\/","og_site_name":"Transtoyou - LT","article_modified_time":"2026-01-26T08:17:45+00:00","twitter_card":"summary_large_image","schema":{"@context":"https:\/\/schema.org","@graph":[{"@type":"WebPage","@id":"https:\/\/www.transtoyou.com\/lt\/siuntimo-informacija\/","url":"https:\/\/www.transtoyou.com\/lt\/siuntimo-informacija\/","name":"U\u017esakymo ir siuntimo proceso detal\u0117s - Transtoyou","isPartOf":{"@id":"https:\/\/www.transtoyou.com\/lt\/#website"},"datePublished":"2026-01-19T13:28:41+00:00","dateModified":"2026-01-26T08:17:45+00:00","description":"Atraskite Transtoyou u\u017esakymo ir siuntimo proces\u0105, u\u017etikrinant\u012f saug\u0173 recept\u0173 ir sveikatos produkt\u0173 pristatym\u0105 visoje JK ir ES, laikantis taisykli\u0173.","breadcrumb":{"@id":"https:\/\/www.transtoyou.com\/lt\/siuntimo-informacija\/#breadcrumb"},"inLanguage":"lt-LT","potentialAction":[{"@type":"ReadAction","target":["https:\/\/www.transtoyou.com\/lt\/siuntimo-informacija\/"]}]},{"@type":"WebSite","@id":"https:\/\/www.transtoyou.com\/lt\/#website","url":"https:\/\/www.transtoyou.com\/lt\/","name":"Transtoyou - LT","description":"","publisher":{"@id":"https:\/\/www.transtoyou.com\/lt\/#organization"},"potentialAction":[{"@type":"SearchAction","target":{"@type":"EntryPoint","urlTemplate":"https:\/\/www.transtoyou.com\/lt\/?s={search_term_string}"},"query-input":{"@type":"PropertyValueSpecification","valueRequired":true,"valueName":"search_term_string"}}],"inLanguage":"lt-LT"},{"@type":"Organization","@id":"https:\/\/www.transtoyou.com\/lt\/#organization","name":"Transtoyou - LT","url":"https:\/\/www.transtoyou.com\/lt\/","logo":{"@type":"ImageObject","inLanguage":"lt-LT","@id":"https:\/\/www.transtoyou.com\/lt\/#\/schema\/logo\/image\/","url":"https:\/\/www.transtoyou.com\/lt\/wp-content\/uploads\/sites\/9\/2026\/01\/logo-tty-menu-bar-300x87-1.webp","contentUrl":"https:\/\/www.transtoyou.com\/lt\/wp-content\/uploads\/sites\/9\/2026\/01\/logo-tty-menu-bar-300x87-1.webp","width":300,"height":87,"caption":"Transtoyou - LT"},"image":{"@id":"https:\/\/www.transtoyou.com\/lt\/#\/schema\/logo\/image\/"}}]}},"_links":{"self":[{"href":"https:\/\/www.transtoyou.com\/lt\/wp-json\/wp\/v2\/pages\/120","targetHints":{"allow":["GET"]}}],"collection":[{"href":"https:\/\/www.transtoyou.com\/lt\/wp-json\/wp\/v2\/pages"}],"about":[{"href":"https:\/\/www.transtoyou.com\/lt\/wp-json\/wp\/v2\/types\/page"}],"author":[{"embeddable":true,"href":"https:\/\/www.transtoyou.com\/lt\/wp-json\/wp\/v2\/users\/13"}],"replies":[{"embeddable":true,"href":"https:\/\/www.transtoyou.com\/lt\/wp-json\/wp\/v2\/comments?post=120"}],"version-history":[{"count":1,"href":"https:\/\/www.transtoyou.com\/lt\/wp-json\/wp\/v2\/pages\/120\/revisions"}],"predecessor-version":[{"id":121,"href":"https:\/\/www.transtoyou.com\/lt\/wp-json\/wp\/v2\/pages\/120\/revisions\/121"}],"wp:attachment":[{"href":"https:\/\/www.transtoyou.com\/lt\/wp-json\/wp\/v2\/media?parent=120"}],"curies":[{"name":"wp","href":"https:\/\/api.w.org\/{rel}","templated":true}]}}