{"id":1283,"date":"2026-01-26T09:36:25","date_gmt":"2026-01-26T07:36:25","guid":{"rendered":"https:\/\/www.transtoyou.com\/lt\/?page_id=1283"},"modified":"2026-01-26T09:36:25","modified_gmt":"2026-01-26T07:36:25","slug":"tty-saugumas","status":"publish","type":"page","link":"https:\/\/www.transtoyou.com\/lt\/tty-saugumas\/","title":{"rendered":"Saugumo nustatymai ir 2FA prisijungimas"},"content":{"rendered":"","protected":false},"excerpt":{"rendered":"","protected":false},"author":13,"featured_media":0,"parent":0,"menu_order":0,"comment_status":"closed","ping_status":"closed","template":"","meta":{"footnotes":""},"class_list":["post-1283","page","type-page","status-publish","hentry"],"yoast_head":"<!-- This site is optimized with the Yoast SEO plugin v27.0 - https:\/\/yoast.com\/product\/yoast-seo-wordpress\/ -->\n<title>Saugumo nustatymai ir 2FA prisijungimo vadovas - Transtoyou<\/title>\n<meta name=\"description\" content=\"Valdykite saugos nustatymus, \u012fjunkite 2FA prisijungim\u0105, apsaugokite savo Transtoyou paskyr\u0105 ir saugokite prieig\u0105 prie savo sveikatos informacijos ir paslaug\u0173.\" \/>\n<meta name=\"robots\" content=\"noindex, follow, max-snippet:-1, max-image-preview:large, max-video-preview:-1\" \/>\n<meta property=\"og:locale\" content=\"lt_LT\" \/>\n<meta property=\"og:type\" content=\"article\" \/>\n<meta property=\"og:title\" content=\"Saugumo nustatymai ir 2FA prisijungimo vadovas - Transtoyou\" \/>\n<meta property=\"og:description\" content=\"Valdykite saugos nustatymus, \u012fjunkite 2FA prisijungim\u0105, apsaugokite savo Transtoyou paskyr\u0105 ir saugokite prieig\u0105 prie savo sveikatos informacijos ir paslaug\u0173.\" \/>\n<meta property=\"og:url\" content=\"https:\/\/www.transtoyou.com\/lt\/tty-saugumas\/\" \/>\n<meta property=\"og:site_name\" content=\"Transtoyou - LT\" \/>\n<meta name=\"twitter:card\" content=\"summary_large_image\" \/>\n<script type=\"application\/ld+json\" class=\"yoast-schema-graph\">{\"@context\":\"https:\/\/schema.org\",\"@graph\":[{\"@type\":\"WebPage\",\"@id\":\"https:\/\/www.transtoyou.com\/lt\/tty-saugumas\/\",\"url\":\"https:\/\/www.transtoyou.com\/lt\/tty-saugumas\/\",\"name\":\"Saugumo nustatymai ir 2FA prisijungimo vadovas - Transtoyou\",\"isPartOf\":{\"@id\":\"https:\/\/www.transtoyou.com\/lt\/#website\"},\"datePublished\":\"2026-01-26T07:36:25+00:00\",\"description\":\"Valdykite saugos nustatymus, \u012fjunkite 2FA prisijungim\u0105, apsaugokite savo Transtoyou paskyr\u0105 ir saugokite prieig\u0105 prie savo sveikatos informacijos ir paslaug\u0173.\",\"breadcrumb\":{\"@id\":\"https:\/\/www.transtoyou.com\/lt\/tty-saugumas\/#breadcrumb\"},\"inLanguage\":\"lt-LT\",\"potentialAction\":[{\"@type\":\"ReadAction\",\"target\":[\"https:\/\/www.transtoyou.com\/lt\/tty-saugumas\/\"]}]},{\"@type\":\"WebSite\",\"@id\":\"https:\/\/www.transtoyou.com\/lt\/#website\",\"url\":\"https:\/\/www.transtoyou.com\/lt\/\",\"name\":\"Transtoyou - LT\",\"description\":\"\",\"publisher\":{\"@id\":\"https:\/\/www.transtoyou.com\/lt\/#organization\"},\"potentialAction\":[{\"@type\":\"SearchAction\",\"target\":{\"@type\":\"EntryPoint\",\"urlTemplate\":\"https:\/\/www.transtoyou.com\/lt\/?s={search_term_string}\"},\"query-input\":{\"@type\":\"PropertyValueSpecification\",\"valueRequired\":true,\"valueName\":\"search_term_string\"}}],\"inLanguage\":\"lt-LT\"},{\"@type\":\"Organization\",\"@id\":\"https:\/\/www.transtoyou.com\/lt\/#organization\",\"name\":\"Transtoyou - LT\",\"url\":\"https:\/\/www.transtoyou.com\/lt\/\",\"logo\":{\"@type\":\"ImageObject\",\"inLanguage\":\"lt-LT\",\"@id\":\"https:\/\/www.transtoyou.com\/lt\/#\/schema\/logo\/image\/\",\"url\":\"https:\/\/www.transtoyou.com\/lt\/wp-content\/uploads\/sites\/9\/2026\/01\/logo-tty-menu-bar-300x87-1.webp\",\"contentUrl\":\"https:\/\/www.transtoyou.com\/lt\/wp-content\/uploads\/sites\/9\/2026\/01\/logo-tty-menu-bar-300x87-1.webp\",\"width\":300,\"height\":87,\"caption\":\"Transtoyou - LT\"},\"image\":{\"@id\":\"https:\/\/www.transtoyou.com\/lt\/#\/schema\/logo\/image\/\"}}]}<\/script>\n<!-- \/ Yoast SEO plugin. -->","yoast_head_json":{"title":"Saugumo nustatymai ir 2FA prisijungimo vadovas - Transtoyou","description":"Valdykite saugos nustatymus, \u012fjunkite 2FA prisijungim\u0105, apsaugokite savo Transtoyou paskyr\u0105 ir saugokite prieig\u0105 prie savo sveikatos informacijos ir paslaug\u0173.","robots":{"index":"noindex","follow":"follow","max-snippet":"max-snippet:-1","max-image-preview":"max-image-preview:large","max-video-preview":"max-video-preview:-1"},"og_locale":"lt_LT","og_type":"article","og_title":"Saugumo nustatymai ir 2FA prisijungimo vadovas - Transtoyou","og_description":"Valdykite saugos nustatymus, \u012fjunkite 2FA prisijungim\u0105, apsaugokite savo Transtoyou paskyr\u0105 ir saugokite prieig\u0105 prie savo sveikatos informacijos ir paslaug\u0173.","og_url":"https:\/\/www.transtoyou.com\/lt\/tty-saugumas\/","og_site_name":"Transtoyou - LT","twitter_card":"summary_large_image","schema":{"@context":"https:\/\/schema.org","@graph":[{"@type":"WebPage","@id":"https:\/\/www.transtoyou.com\/lt\/tty-saugumas\/","url":"https:\/\/www.transtoyou.com\/lt\/tty-saugumas\/","name":"Saugumo nustatymai ir 2FA prisijungimo vadovas - Transtoyou","isPartOf":{"@id":"https:\/\/www.transtoyou.com\/lt\/#website"},"datePublished":"2026-01-26T07:36:25+00:00","description":"Valdykite saugos nustatymus, \u012fjunkite 2FA prisijungim\u0105, apsaugokite savo Transtoyou paskyr\u0105 ir saugokite prieig\u0105 prie savo sveikatos informacijos ir paslaug\u0173.","breadcrumb":{"@id":"https:\/\/www.transtoyou.com\/lt\/tty-saugumas\/#breadcrumb"},"inLanguage":"lt-LT","potentialAction":[{"@type":"ReadAction","target":["https:\/\/www.transtoyou.com\/lt\/tty-saugumas\/"]}]},{"@type":"WebSite","@id":"https:\/\/www.transtoyou.com\/lt\/#website","url":"https:\/\/www.transtoyou.com\/lt\/","name":"Transtoyou - LT","description":"","publisher":{"@id":"https:\/\/www.transtoyou.com\/lt\/#organization"},"potentialAction":[{"@type":"SearchAction","target":{"@type":"EntryPoint","urlTemplate":"https:\/\/www.transtoyou.com\/lt\/?s={search_term_string}"},"query-input":{"@type":"PropertyValueSpecification","valueRequired":true,"valueName":"search_term_string"}}],"inLanguage":"lt-LT"},{"@type":"Organization","@id":"https:\/\/www.transtoyou.com\/lt\/#organization","name":"Transtoyou - LT","url":"https:\/\/www.transtoyou.com\/lt\/","logo":{"@type":"ImageObject","inLanguage":"lt-LT","@id":"https:\/\/www.transtoyou.com\/lt\/#\/schema\/logo\/image\/","url":"https:\/\/www.transtoyou.com\/lt\/wp-content\/uploads\/sites\/9\/2026\/01\/logo-tty-menu-bar-300x87-1.webp","contentUrl":"https:\/\/www.transtoyou.com\/lt\/wp-content\/uploads\/sites\/9\/2026\/01\/logo-tty-menu-bar-300x87-1.webp","width":300,"height":87,"caption":"Transtoyou - LT"},"image":{"@id":"https:\/\/www.transtoyou.com\/lt\/#\/schema\/logo\/image\/"}}]}},"_links":{"self":[{"href":"https:\/\/www.transtoyou.com\/lt\/wp-json\/wp\/v2\/pages\/1283","targetHints":{"allow":["GET"]}}],"collection":[{"href":"https:\/\/www.transtoyou.com\/lt\/wp-json\/wp\/v2\/pages"}],"about":[{"href":"https:\/\/www.transtoyou.com\/lt\/wp-json\/wp\/v2\/types\/page"}],"author":[{"embeddable":true,"href":"https:\/\/www.transtoyou.com\/lt\/wp-json\/wp\/v2\/users\/13"}],"replies":[{"embeddable":true,"href":"https:\/\/www.transtoyou.com\/lt\/wp-json\/wp\/v2\/comments?post=1283"}],"version-history":[{"count":1,"href":"https:\/\/www.transtoyou.com\/lt\/wp-json\/wp\/v2\/pages\/1283\/revisions"}],"predecessor-version":[{"id":1284,"href":"https:\/\/www.transtoyou.com\/lt\/wp-json\/wp\/v2\/pages\/1283\/revisions\/1284"}],"wp:attachment":[{"href":"https:\/\/www.transtoyou.com\/lt\/wp-json\/wp\/v2\/media?parent=1283"}],"curies":[{"name":"wp","href":"https:\/\/api.w.org\/{rel}","templated":true}]}}