{"id":1292,"date":"2026-01-27T07:50:15","date_gmt":"2026-01-27T05:50:15","guid":{"rendered":"https:\/\/www.transtoyou.com\/lt\/?page_id=1292"},"modified":"2026-01-27T07:50:28","modified_gmt":"2026-01-27T05:50:28","slug":"ehealth-irankiai","status":"publish","type":"page","link":"https:\/\/www.transtoyou.com\/lt\/ehealth-irankiai\/","title":{"rendered":"J\u016bs\u0173 nemokami eHealth \u012frankiai"},"content":{"rendered":"","protected":false},"excerpt":{"rendered":"","protected":false},"author":13,"featured_media":0,"parent":0,"menu_order":0,"comment_status":"closed","ping_status":"closed","template":"","meta":{"footnotes":""},"class_list":["post-1292","page","type-page","status-publish","hentry"],"yoast_head":"<!-- This site is optimized with the Yoast SEO plugin v27.0 - https:\/\/yoast.com\/product\/yoast-seo-wordpress\/ -->\n<title>Nemokami eHealth \u012frankiai j\u016bs\u0173 sveikatos kelionei | Transtoyou<\/title>\n<meta name=\"description\" content=\"Atrask 7 nemokam\u0173 eHealth \u012franki\u0173 su savo Transtoyou paskyra. Tvarkyk savo sveikatos profil\u012f, dienora\u0161t\u012f, dokumentus, priminimus ir dar daugiau. Saugus, privatus ir visada nemokamas.\" \/>\n<meta name=\"robots\" content=\"noindex, follow, max-snippet:-1, max-image-preview:large, max-video-preview:-1\" \/>\n<meta property=\"og:locale\" content=\"lt_LT\" \/>\n<meta property=\"og:type\" content=\"article\" \/>\n<meta property=\"og:title\" content=\"Nemokami eHealth \u012frankiai j\u016bs\u0173 sveikatos kelionei | Transtoyou\" \/>\n<meta property=\"og:description\" content=\"Atrask 7 nemokam\u0173 eHealth \u012franki\u0173 su savo Transtoyou paskyra. Tvarkyk savo sveikatos profil\u012f, dienora\u0161t\u012f, dokumentus, priminimus ir dar daugiau. Saugus, privatus ir visada nemokamas.\" \/>\n<meta property=\"og:url\" content=\"https:\/\/www.transtoyou.com\/lt\/ehealth-irankiai\/\" \/>\n<meta property=\"og:site_name\" content=\"Transtoyou - LT\" \/>\n<meta property=\"article:modified_time\" content=\"2026-01-27T05:50:28+00:00\" \/>\n<meta name=\"twitter:card\" content=\"summary_large_image\" \/>\n<script type=\"application\/ld+json\" class=\"yoast-schema-graph\">{\"@context\":\"https:\/\/schema.org\",\"@graph\":[{\"@type\":\"WebPage\",\"@id\":\"https:\/\/www.transtoyou.com\/lt\/ehealth-irankiai\/\",\"url\":\"https:\/\/www.transtoyou.com\/lt\/ehealth-irankiai\/\",\"name\":\"Nemokami eHealth \u012frankiai j\u016bs\u0173 sveikatos kelionei | Transtoyou\",\"isPartOf\":{\"@id\":\"https:\/\/www.transtoyou.com\/lt\/#website\"},\"datePublished\":\"2026-01-27T05:50:15+00:00\",\"dateModified\":\"2026-01-27T05:50:28+00:00\",\"description\":\"Atrask 7 nemokam\u0173 eHealth \u012franki\u0173 su savo Transtoyou paskyra. Tvarkyk savo sveikatos profil\u012f, dienora\u0161t\u012f, dokumentus, priminimus ir dar daugiau. Saugus, privatus ir visada nemokamas.\",\"breadcrumb\":{\"@id\":\"https:\/\/www.transtoyou.com\/lt\/ehealth-irankiai\/#breadcrumb\"},\"inLanguage\":\"lt-LT\",\"potentialAction\":[{\"@type\":\"ReadAction\",\"target\":[\"https:\/\/www.transtoyou.com\/lt\/ehealth-irankiai\/\"]}]},{\"@type\":\"WebSite\",\"@id\":\"https:\/\/www.transtoyou.com\/lt\/#website\",\"url\":\"https:\/\/www.transtoyou.com\/lt\/\",\"name\":\"Transtoyou - LT\",\"description\":\"\",\"publisher\":{\"@id\":\"https:\/\/www.transtoyou.com\/lt\/#organization\"},\"potentialAction\":[{\"@type\":\"SearchAction\",\"target\":{\"@type\":\"EntryPoint\",\"urlTemplate\":\"https:\/\/www.transtoyou.com\/lt\/?s={search_term_string}\"},\"query-input\":{\"@type\":\"PropertyValueSpecification\",\"valueRequired\":true,\"valueName\":\"search_term_string\"}}],\"inLanguage\":\"lt-LT\"},{\"@type\":\"Organization\",\"@id\":\"https:\/\/www.transtoyou.com\/lt\/#organization\",\"name\":\"Transtoyou - LT\",\"url\":\"https:\/\/www.transtoyou.com\/lt\/\",\"logo\":{\"@type\":\"ImageObject\",\"inLanguage\":\"lt-LT\",\"@id\":\"https:\/\/www.transtoyou.com\/lt\/#\/schema\/logo\/image\/\",\"url\":\"https:\/\/www.transtoyou.com\/lt\/wp-content\/uploads\/sites\/9\/2026\/01\/logo-tty-menu-bar-300x87-1.webp\",\"contentUrl\":\"https:\/\/www.transtoyou.com\/lt\/wp-content\/uploads\/sites\/9\/2026\/01\/logo-tty-menu-bar-300x87-1.webp\",\"width\":300,\"height\":87,\"caption\":\"Transtoyou - LT\"},\"image\":{\"@id\":\"https:\/\/www.transtoyou.com\/lt\/#\/schema\/logo\/image\/\"}}]}<\/script>\n<!-- \/ Yoast SEO plugin. -->","yoast_head_json":{"title":"Nemokami eHealth \u012frankiai j\u016bs\u0173 sveikatos kelionei | Transtoyou","description":"Atrask 7 nemokam\u0173 eHealth \u012franki\u0173 su savo Transtoyou paskyra. Tvarkyk savo sveikatos profil\u012f, dienora\u0161t\u012f, dokumentus, priminimus ir dar daugiau. Saugus, privatus ir visada nemokamas.","robots":{"index":"noindex","follow":"follow","max-snippet":"max-snippet:-1","max-image-preview":"max-image-preview:large","max-video-preview":"max-video-preview:-1"},"og_locale":"lt_LT","og_type":"article","og_title":"Nemokami eHealth \u012frankiai j\u016bs\u0173 sveikatos kelionei | Transtoyou","og_description":"Atrask 7 nemokam\u0173 eHealth \u012franki\u0173 su savo Transtoyou paskyra. Tvarkyk savo sveikatos profil\u012f, dienora\u0161t\u012f, dokumentus, priminimus ir dar daugiau. Saugus, privatus ir visada nemokamas.","og_url":"https:\/\/www.transtoyou.com\/lt\/ehealth-irankiai\/","og_site_name":"Transtoyou - LT","article_modified_time":"2026-01-27T05:50:28+00:00","twitter_card":"summary_large_image","schema":{"@context":"https:\/\/schema.org","@graph":[{"@type":"WebPage","@id":"https:\/\/www.transtoyou.com\/lt\/ehealth-irankiai\/","url":"https:\/\/www.transtoyou.com\/lt\/ehealth-irankiai\/","name":"Nemokami eHealth \u012frankiai j\u016bs\u0173 sveikatos kelionei | Transtoyou","isPartOf":{"@id":"https:\/\/www.transtoyou.com\/lt\/#website"},"datePublished":"2026-01-27T05:50:15+00:00","dateModified":"2026-01-27T05:50:28+00:00","description":"Atrask 7 nemokam\u0173 eHealth \u012franki\u0173 su savo Transtoyou paskyra. Tvarkyk savo sveikatos profil\u012f, dienora\u0161t\u012f, dokumentus, priminimus ir dar daugiau. Saugus, privatus ir visada nemokamas.","breadcrumb":{"@id":"https:\/\/www.transtoyou.com\/lt\/ehealth-irankiai\/#breadcrumb"},"inLanguage":"lt-LT","potentialAction":[{"@type":"ReadAction","target":["https:\/\/www.transtoyou.com\/lt\/ehealth-irankiai\/"]}]},{"@type":"WebSite","@id":"https:\/\/www.transtoyou.com\/lt\/#website","url":"https:\/\/www.transtoyou.com\/lt\/","name":"Transtoyou - LT","description":"","publisher":{"@id":"https:\/\/www.transtoyou.com\/lt\/#organization"},"potentialAction":[{"@type":"SearchAction","target":{"@type":"EntryPoint","urlTemplate":"https:\/\/www.transtoyou.com\/lt\/?s={search_term_string}"},"query-input":{"@type":"PropertyValueSpecification","valueRequired":true,"valueName":"search_term_string"}}],"inLanguage":"lt-LT"},{"@type":"Organization","@id":"https:\/\/www.transtoyou.com\/lt\/#organization","name":"Transtoyou - LT","url":"https:\/\/www.transtoyou.com\/lt\/","logo":{"@type":"ImageObject","inLanguage":"lt-LT","@id":"https:\/\/www.transtoyou.com\/lt\/#\/schema\/logo\/image\/","url":"https:\/\/www.transtoyou.com\/lt\/wp-content\/uploads\/sites\/9\/2026\/01\/logo-tty-menu-bar-300x87-1.webp","contentUrl":"https:\/\/www.transtoyou.com\/lt\/wp-content\/uploads\/sites\/9\/2026\/01\/logo-tty-menu-bar-300x87-1.webp","width":300,"height":87,"caption":"Transtoyou - LT"},"image":{"@id":"https:\/\/www.transtoyou.com\/lt\/#\/schema\/logo\/image\/"}}]}},"_links":{"self":[{"href":"https:\/\/www.transtoyou.com\/lt\/wp-json\/wp\/v2\/pages\/1292","targetHints":{"allow":["GET"]}}],"collection":[{"href":"https:\/\/www.transtoyou.com\/lt\/wp-json\/wp\/v2\/pages"}],"about":[{"href":"https:\/\/www.transtoyou.com\/lt\/wp-json\/wp\/v2\/types\/page"}],"author":[{"embeddable":true,"href":"https:\/\/www.transtoyou.com\/lt\/wp-json\/wp\/v2\/users\/13"}],"replies":[{"embeddable":true,"href":"https:\/\/www.transtoyou.com\/lt\/wp-json\/wp\/v2\/comments?post=1292"}],"version-history":[{"count":1,"href":"https:\/\/www.transtoyou.com\/lt\/wp-json\/wp\/v2\/pages\/1292\/revisions"}],"predecessor-version":[{"id":1293,"href":"https:\/\/www.transtoyou.com\/lt\/wp-json\/wp\/v2\/pages\/1292\/revisions\/1293"}],"wp:attachment":[{"href":"https:\/\/www.transtoyou.com\/lt\/wp-json\/wp\/v2\/media?parent=1292"}],"curies":[{"name":"wp","href":"https:\/\/api.w.org\/{rel}","templated":true}]}}