{"id":132,"date":"2026-01-19T15:38:44","date_gmt":"2026-01-19T13:38:44","guid":{"rendered":"https:\/\/www.transtoyou.com\/lt\/?page_id=132"},"modified":"2026-01-26T10:03:46","modified_gmt":"2026-01-26T08:03:46","slug":"interneto-daktaras","status":"publish","type":"page","link":"https:\/\/www.transtoyou.com\/lt\/interneto-daktaras\/","title":{"rendered":"Internetinis gydytojas"},"content":{"rendered":"","protected":false},"excerpt":{"rendered":"","protected":false},"author":13,"featured_media":133,"parent":0,"menu_order":0,"comment_status":"closed","ping_status":"closed","template":"","meta":{"footnotes":""},"class_list":["post-132","page","type-page","status-publish","has-post-thumbnail","hentry"],"yoast_head":"<!-- This site is optimized with the Yoast SEO plugin v27.0 - https:\/\/yoast.com\/product\/yoast-seo-wordpress\/ -->\n<title>Internetin\u0117s gydytojo konsultacijos ir receptai - Transtoyou<\/title>\n<meta name=\"description\" content=\"Susisiekite su licencijuotais gydytojais internetu Transtoyou d\u0117l saugi\u0173 konsultacij\u0173, recept\u0173 ir sveikatos produkt\u0173. Visada medicini\u0161kai per\u017ei\u016br\u0117ta ir reguliuojama.\" \/>\n<meta name=\"robots\" content=\"noindex, follow, max-snippet:-1, max-image-preview:large, max-video-preview:-1\" \/>\n<meta property=\"og:locale\" content=\"lt_LT\" \/>\n<meta property=\"og:type\" content=\"article\" \/>\n<meta property=\"og:title\" content=\"Online Doctor Consultations and Prescriptions - Transtoyou\" \/>\n<meta property=\"og:description\" content=\"Susisiekite su licencijuotais gydytojais internetu Transtoyou d\u0117l saugi\u0173 konsultacij\u0173, recept\u0173 ir sveikatos produkt\u0173. Visada medicini\u0161kai per\u017ei\u016br\u0117ta ir reguliuojama.\" \/>\n<meta property=\"og:url\" content=\"https:\/\/www.transtoyou.com\/lt\/interneto-daktaras\/\" \/>\n<meta property=\"og:site_name\" content=\"Transtoyou - LT\" \/>\n<meta property=\"article:modified_time\" content=\"2026-01-26T08:03:46+00:00\" \/>\n<meta property=\"og:image\" content=\"https:\/\/www.transtoyou.com\/lt\/wp-content\/uploads\/sites\/9\/2026\/01\/Logo-500x500-bg-13.png\" \/>\n\t<meta property=\"og:image:width\" content=\"500\" \/>\n\t<meta property=\"og:image:height\" content=\"500\" \/>\n\t<meta property=\"og:image:type\" content=\"image\/png\" \/>\n<meta name=\"twitter:card\" content=\"summary_large_image\" \/>\n<meta name=\"twitter:title\" content=\"Online Doctor Consultations and Prescriptions - Transtoyou\" \/>\n<meta name=\"twitter:label1\" content=\"Est. reading time\" \/>\n\t<meta name=\"twitter:data1\" content=\"1 minut\u0117\" \/>\n<script type=\"application\/ld+json\" class=\"yoast-schema-graph\">{\"@context\":\"https:\/\/schema.org\",\"@graph\":[{\"@type\":\"WebPage\",\"@id\":\"https:\/\/www.transtoyou.com\/lt\/interneto-daktaras\/\",\"url\":\"https:\/\/www.transtoyou.com\/lt\/interneto-daktaras\/\",\"name\":\"Internetin\u0117s gydytojo konsultacijos ir receptai - Transtoyou\",\"isPartOf\":{\"@id\":\"https:\/\/www.transtoyou.com\/lt\/#website\"},\"primaryImageOfPage\":{\"@id\":\"https:\/\/www.transtoyou.com\/lt\/interneto-daktaras\/#primaryimage\"},\"image\":{\"@id\":\"https:\/\/www.transtoyou.com\/lt\/interneto-daktaras\/#primaryimage\"},\"thumbnailUrl\":\"https:\/\/www.transtoyou.com\/lt\/wp-content\/uploads\/sites\/9\/2026\/01\/Logo-500x500-bg-13.png\",\"datePublished\":\"2026-01-19T13:38:44+00:00\",\"dateModified\":\"2026-01-26T08:03:46+00:00\",\"description\":\"Susisiekite su licencijuotais gydytojais internetu Transtoyou d\u0117l saugi\u0173 konsultacij\u0173, recept\u0173 ir sveikatos produkt\u0173. Visada medicini\u0161kai per\u017ei\u016br\u0117ta ir reguliuojama.\",\"breadcrumb\":{\"@id\":\"https:\/\/www.transtoyou.com\/lt\/interneto-daktaras\/#breadcrumb\"},\"inLanguage\":\"lt-LT\",\"potentialAction\":[{\"@type\":\"ReadAction\",\"target\":[\"https:\/\/www.transtoyou.com\/lt\/interneto-daktaras\/\"]}]},{\"@type\":\"ImageObject\",\"inLanguage\":\"lt-LT\",\"@id\":\"https:\/\/www.transtoyou.com\/lt\/interneto-daktaras\/#primaryimage\",\"url\":\"https:\/\/www.transtoyou.com\/lt\/wp-content\/uploads\/sites\/9\/2026\/01\/Logo-500x500-bg-13.png\",\"contentUrl\":\"https:\/\/www.transtoyou.com\/lt\/wp-content\/uploads\/sites\/9\/2026\/01\/Logo-500x500-bg-13.png\",\"width\":500,\"height\":500,\"caption\":\"Transtoyou logotipas\"},{\"@type\":\"WebSite\",\"@id\":\"https:\/\/www.transtoyou.com\/lt\/#website\",\"url\":\"https:\/\/www.transtoyou.com\/lt\/\",\"name\":\"Transtoyou - LT\",\"description\":\"\",\"publisher\":{\"@id\":\"https:\/\/www.transtoyou.com\/lt\/#organization\"},\"potentialAction\":[{\"@type\":\"SearchAction\",\"target\":{\"@type\":\"EntryPoint\",\"urlTemplate\":\"https:\/\/www.transtoyou.com\/lt\/?s={search_term_string}\"},\"query-input\":{\"@type\":\"PropertyValueSpecification\",\"valueRequired\":true,\"valueName\":\"search_term_string\"}}],\"inLanguage\":\"lt-LT\"},{\"@type\":\"Organization\",\"@id\":\"https:\/\/www.transtoyou.com\/lt\/#organization\",\"name\":\"Transtoyou - LT\",\"url\":\"https:\/\/www.transtoyou.com\/lt\/\",\"logo\":{\"@type\":\"ImageObject\",\"inLanguage\":\"lt-LT\",\"@id\":\"https:\/\/www.transtoyou.com\/lt\/#\/schema\/logo\/image\/\",\"url\":\"https:\/\/www.transtoyou.com\/lt\/wp-content\/uploads\/sites\/9\/2026\/01\/logo-tty-menu-bar-300x87-1.webp\",\"contentUrl\":\"https:\/\/www.transtoyou.com\/lt\/wp-content\/uploads\/sites\/9\/2026\/01\/logo-tty-menu-bar-300x87-1.webp\",\"width\":300,\"height\":87,\"caption\":\"Transtoyou - LT\"},\"image\":{\"@id\":\"https:\/\/www.transtoyou.com\/lt\/#\/schema\/logo\/image\/\"}}]}<\/script>\n<!-- \/ Yoast SEO plugin. -->","yoast_head_json":{"title":"Internetin\u0117s gydytojo konsultacijos ir receptai - Transtoyou","description":"Susisiekite su licencijuotais gydytojais internetu Transtoyou d\u0117l saugi\u0173 konsultacij\u0173, recept\u0173 ir sveikatos produkt\u0173. Visada medicini\u0161kai per\u017ei\u016br\u0117ta ir reguliuojama.","robots":{"index":"noindex","follow":"follow","max-snippet":"max-snippet:-1","max-image-preview":"max-image-preview:large","max-video-preview":"max-video-preview:-1"},"og_locale":"lt_LT","og_type":"article","og_title":"Online Doctor Consultations and Prescriptions - Transtoyou","og_description":"Susisiekite su licencijuotais gydytojais internetu Transtoyou d\u0117l saugi\u0173 konsultacij\u0173, recept\u0173 ir sveikatos produkt\u0173. Visada medicini\u0161kai per\u017ei\u016br\u0117ta ir reguliuojama.","og_url":"https:\/\/www.transtoyou.com\/lt\/interneto-daktaras\/","og_site_name":"Transtoyou - LT","article_modified_time":"2026-01-26T08:03:46+00:00","og_image":[{"width":500,"height":500,"url":"https:\/\/www.transtoyou.com\/lt\/wp-content\/uploads\/sites\/9\/2026\/01\/Logo-500x500-bg-13.png","type":"image\/png"}],"twitter_card":"summary_large_image","twitter_title":"Online Doctor Consultations and Prescriptions - Transtoyou","twitter_misc":{"Est. reading time":"1 minut\u0117"},"schema":{"@context":"https:\/\/schema.org","@graph":[{"@type":"WebPage","@id":"https:\/\/www.transtoyou.com\/lt\/interneto-daktaras\/","url":"https:\/\/www.transtoyou.com\/lt\/interneto-daktaras\/","name":"Internetin\u0117s gydytojo konsultacijos ir receptai - Transtoyou","isPartOf":{"@id":"https:\/\/www.transtoyou.com\/lt\/#website"},"primaryImageOfPage":{"@id":"https:\/\/www.transtoyou.com\/lt\/interneto-daktaras\/#primaryimage"},"image":{"@id":"https:\/\/www.transtoyou.com\/lt\/interneto-daktaras\/#primaryimage"},"thumbnailUrl":"https:\/\/www.transtoyou.com\/lt\/wp-content\/uploads\/sites\/9\/2026\/01\/Logo-500x500-bg-13.png","datePublished":"2026-01-19T13:38:44+00:00","dateModified":"2026-01-26T08:03:46+00:00","description":"Susisiekite su licencijuotais gydytojais internetu Transtoyou d\u0117l saugi\u0173 konsultacij\u0173, recept\u0173 ir sveikatos produkt\u0173. Visada medicini\u0161kai per\u017ei\u016br\u0117ta ir reguliuojama.","breadcrumb":{"@id":"https:\/\/www.transtoyou.com\/lt\/interneto-daktaras\/#breadcrumb"},"inLanguage":"lt-LT","potentialAction":[{"@type":"ReadAction","target":["https:\/\/www.transtoyou.com\/lt\/interneto-daktaras\/"]}]},{"@type":"ImageObject","inLanguage":"lt-LT","@id":"https:\/\/www.transtoyou.com\/lt\/interneto-daktaras\/#primaryimage","url":"https:\/\/www.transtoyou.com\/lt\/wp-content\/uploads\/sites\/9\/2026\/01\/Logo-500x500-bg-13.png","contentUrl":"https:\/\/www.transtoyou.com\/lt\/wp-content\/uploads\/sites\/9\/2026\/01\/Logo-500x500-bg-13.png","width":500,"height":500,"caption":"Transtoyou logotipas"},{"@type":"WebSite","@id":"https:\/\/www.transtoyou.com\/lt\/#website","url":"https:\/\/www.transtoyou.com\/lt\/","name":"Transtoyou - LT","description":"","publisher":{"@id":"https:\/\/www.transtoyou.com\/lt\/#organization"},"potentialAction":[{"@type":"SearchAction","target":{"@type":"EntryPoint","urlTemplate":"https:\/\/www.transtoyou.com\/lt\/?s={search_term_string}"},"query-input":{"@type":"PropertyValueSpecification","valueRequired":true,"valueName":"search_term_string"}}],"inLanguage":"lt-LT"},{"@type":"Organization","@id":"https:\/\/www.transtoyou.com\/lt\/#organization","name":"Transtoyou - LT","url":"https:\/\/www.transtoyou.com\/lt\/","logo":{"@type":"ImageObject","inLanguage":"lt-LT","@id":"https:\/\/www.transtoyou.com\/lt\/#\/schema\/logo\/image\/","url":"https:\/\/www.transtoyou.com\/lt\/wp-content\/uploads\/sites\/9\/2026\/01\/logo-tty-menu-bar-300x87-1.webp","contentUrl":"https:\/\/www.transtoyou.com\/lt\/wp-content\/uploads\/sites\/9\/2026\/01\/logo-tty-menu-bar-300x87-1.webp","width":300,"height":87,"caption":"Transtoyou - LT"},"image":{"@id":"https:\/\/www.transtoyou.com\/lt\/#\/schema\/logo\/image\/"}}]}},"_links":{"self":[{"href":"https:\/\/www.transtoyou.com\/lt\/wp-json\/wp\/v2\/pages\/132","targetHints":{"allow":["GET"]}}],"collection":[{"href":"https:\/\/www.transtoyou.com\/lt\/wp-json\/wp\/v2\/pages"}],"about":[{"href":"https:\/\/www.transtoyou.com\/lt\/wp-json\/wp\/v2\/types\/page"}],"author":[{"embeddable":true,"href":"https:\/\/www.transtoyou.com\/lt\/wp-json\/wp\/v2\/users\/13"}],"replies":[{"embeddable":true,"href":"https:\/\/www.transtoyou.com\/lt\/wp-json\/wp\/v2\/comments?post=132"}],"version-history":[{"count":1,"href":"https:\/\/www.transtoyou.com\/lt\/wp-json\/wp\/v2\/pages\/132\/revisions"}],"predecessor-version":[{"id":134,"href":"https:\/\/www.transtoyou.com\/lt\/wp-json\/wp\/v2\/pages\/132\/revisions\/134"}],"wp:featuredmedia":[{"embeddable":true,"href":"https:\/\/www.transtoyou.com\/lt\/wp-json\/wp\/v2\/media\/133"}],"wp:attachment":[{"href":"https:\/\/www.transtoyou.com\/lt\/wp-json\/wp\/v2\/media?parent=132"}],"curies":[{"name":"wp","href":"https:\/\/api.w.org\/{rel}","templated":true}]}}