{"id":62,"date":"2026-01-18T09:33:57","date_gmt":"2026-01-18T09:33:57","guid":{"rendered":"https:\/\/www.transtoyou.com\/lt\/?page_id=62"},"modified":"2026-01-18T09:33:57","modified_gmt":"2026-01-18T09:33:57","slug":"anamneze","status":"publish","type":"page","link":"https:\/\/www.transtoyou.com\/lt\/anamneze\/","title":{"rendered":"Anamnez\u0117"},"content":{"rendered":"","protected":false},"excerpt":{"rendered":"","protected":false},"author":13,"featured_media":63,"parent":0,"menu_order":0,"comment_status":"closed","ping_status":"closed","template":"","meta":{"footnotes":""},"class_list":["post-62","page","type-page","status-publish","has-post-thumbnail","hentry"],"yoast_head":"<!-- This site is optimized with the Yoast SEO plugin v27.0 - https:\/\/yoast.com\/product\/yoast-seo-wordpress\/ -->\n<title>Prad\u0117kite savo medicinos anket\u0105 | Transtoyou<\/title>\n<meta name=\"description\" content=\"U\u017epildykite m\u016bs\u0173 saugi\u0105 medicinin\u0119 anket\u0105. J\u016bs\u0173 atsakymai padeda m\u016bs\u0173 licencijuotiems gydytojams \u012fvertinti j\u016bs\u0173 situacij\u0105 ir suteikti geriausi\u0105 prie\u017ei\u016br\u0105.\" \/>\n<meta name=\"robots\" content=\"noindex, follow\" \/>\n<meta property=\"og:locale\" content=\"lt_LT\" \/>\n<meta property=\"og:type\" content=\"article\" \/>\n<meta property=\"og:title\" content=\"Prad\u0117kite savo medicinos anket\u0105 | Transtoyou\" \/>\n<meta property=\"og:description\" content=\"U\u017epildykite m\u016bs\u0173 saugi\u0105 medicinin\u0119 anket\u0105. J\u016bs\u0173 atsakymai padeda m\u016bs\u0173 licencijuotiems gydytojams \u012fvertinti j\u016bs\u0173 situacij\u0105 ir suteikti geriausi\u0105 prie\u017ei\u016br\u0105.\" \/>\n<meta property=\"og:url\" content=\"https:\/\/www.transtoyou.com\/lt\/anamneze\/\" \/>\n<meta property=\"og:site_name\" content=\"Transtoyou - LT\" \/>\n<meta property=\"og:image\" content=\"https:\/\/www.transtoyou.com\/lt\/wp-content\/uploads\/sites\/9\/2026\/01\/Logo-500x500-bg-2.png\" \/>\n\t<meta property=\"og:image:width\" content=\"500\" \/>\n\t<meta property=\"og:image:height\" content=\"500\" \/>\n\t<meta property=\"og:image:type\" content=\"image\/png\" \/>\n<meta name=\"twitter:card\" content=\"summary_large_image\" \/>\n<meta name=\"twitter:label1\" content=\"Est. reading time\" \/>\n\t<meta name=\"twitter:data1\" content=\"1 minut\u0117\" \/>\n<script type=\"application\/ld+json\" class=\"yoast-schema-graph\">{\"@context\":\"https:\/\/schema.org\",\"@graph\":[{\"@type\":\"WebPage\",\"@id\":\"https:\/\/www.transtoyou.com\/lt\/anamneze\/\",\"url\":\"https:\/\/www.transtoyou.com\/lt\/anamneze\/\",\"name\":\"Prad\u0117kite savo medicinos anket\u0105 | Transtoyou\",\"isPartOf\":{\"@id\":\"https:\/\/www.transtoyou.com\/lt\/#website\"},\"primaryImageOfPage\":{\"@id\":\"https:\/\/www.transtoyou.com\/lt\/anamneze\/#primaryimage\"},\"image\":{\"@id\":\"https:\/\/www.transtoyou.com\/lt\/anamneze\/#primaryimage\"},\"thumbnailUrl\":\"https:\/\/www.transtoyou.com\/lt\/wp-content\/uploads\/sites\/9\/2026\/01\/Logo-500x500-bg-2.png\",\"datePublished\":\"2026-01-18T09:33:57+00:00\",\"description\":\"U\u017epildykite m\u016bs\u0173 saugi\u0105 medicinin\u0119 anket\u0105. J\u016bs\u0173 atsakymai padeda m\u016bs\u0173 licencijuotiems gydytojams \u012fvertinti j\u016bs\u0173 situacij\u0105 ir suteikti geriausi\u0105 prie\u017ei\u016br\u0105.\",\"breadcrumb\":{\"@id\":\"https:\/\/www.transtoyou.com\/lt\/anamneze\/#breadcrumb\"},\"inLanguage\":\"lt-LT\",\"potentialAction\":[{\"@type\":\"ReadAction\",\"target\":[\"https:\/\/www.transtoyou.com\/lt\/anamneze\/\"]}]},{\"@type\":\"ImageObject\",\"inLanguage\":\"lt-LT\",\"@id\":\"https:\/\/www.transtoyou.com\/lt\/anamneze\/#primaryimage\",\"url\":\"https:\/\/www.transtoyou.com\/lt\/wp-content\/uploads\/sites\/9\/2026\/01\/Logo-500x500-bg-2.png\",\"contentUrl\":\"https:\/\/www.transtoyou.com\/lt\/wp-content\/uploads\/sites\/9\/2026\/01\/Logo-500x500-bg-2.png\",\"width\":500,\"height\":500,\"caption\":\"Transtoyou logotipas\"},{\"@type\":\"WebSite\",\"@id\":\"https:\/\/www.transtoyou.com\/lt\/#website\",\"url\":\"https:\/\/www.transtoyou.com\/lt\/\",\"name\":\"Transtoyou - LT\",\"description\":\"\",\"publisher\":{\"@id\":\"https:\/\/www.transtoyou.com\/lt\/#organization\"},\"potentialAction\":[{\"@type\":\"SearchAction\",\"target\":{\"@type\":\"EntryPoint\",\"urlTemplate\":\"https:\/\/www.transtoyou.com\/lt\/?s={search_term_string}\"},\"query-input\":{\"@type\":\"PropertyValueSpecification\",\"valueRequired\":true,\"valueName\":\"search_term_string\"}}],\"inLanguage\":\"lt-LT\"},{\"@type\":\"Organization\",\"@id\":\"https:\/\/www.transtoyou.com\/lt\/#organization\",\"name\":\"Transtoyou - LT\",\"url\":\"https:\/\/www.transtoyou.com\/lt\/\",\"logo\":{\"@type\":\"ImageObject\",\"inLanguage\":\"lt-LT\",\"@id\":\"https:\/\/www.transtoyou.com\/lt\/#\/schema\/logo\/image\/\",\"url\":\"https:\/\/www.transtoyou.com\/lt\/wp-content\/uploads\/sites\/9\/2026\/01\/logo-tty-menu-bar-300x87-1.webp\",\"contentUrl\":\"https:\/\/www.transtoyou.com\/lt\/wp-content\/uploads\/sites\/9\/2026\/01\/logo-tty-menu-bar-300x87-1.webp\",\"width\":300,\"height\":87,\"caption\":\"Transtoyou - LT\"},\"image\":{\"@id\":\"https:\/\/www.transtoyou.com\/lt\/#\/schema\/logo\/image\/\"}}]}<\/script>\n<!-- \/ Yoast SEO plugin. -->","yoast_head_json":{"title":"Prad\u0117kite savo medicinos anket\u0105 | Transtoyou","description":"U\u017epildykite m\u016bs\u0173 saugi\u0105 medicinin\u0119 anket\u0105. J\u016bs\u0173 atsakymai padeda m\u016bs\u0173 licencijuotiems gydytojams \u012fvertinti j\u016bs\u0173 situacij\u0105 ir suteikti geriausi\u0105 prie\u017ei\u016br\u0105.","robots":{"index":"noindex","follow":"follow"},"og_locale":"lt_LT","og_type":"article","og_title":"Prad\u0117kite savo medicinos anket\u0105 | Transtoyou","og_description":"U\u017epildykite m\u016bs\u0173 saugi\u0105 medicinin\u0119 anket\u0105. J\u016bs\u0173 atsakymai padeda m\u016bs\u0173 licencijuotiems gydytojams \u012fvertinti j\u016bs\u0173 situacij\u0105 ir suteikti geriausi\u0105 prie\u017ei\u016br\u0105.","og_url":"https:\/\/www.transtoyou.com\/lt\/anamneze\/","og_site_name":"Transtoyou - LT","og_image":[{"width":500,"height":500,"url":"https:\/\/www.transtoyou.com\/lt\/wp-content\/uploads\/sites\/9\/2026\/01\/Logo-500x500-bg-2.png","type":"image\/png"}],"twitter_card":"summary_large_image","twitter_misc":{"Est. reading time":"1 minut\u0117"},"schema":{"@context":"https:\/\/schema.org","@graph":[{"@type":"WebPage","@id":"https:\/\/www.transtoyou.com\/lt\/anamneze\/","url":"https:\/\/www.transtoyou.com\/lt\/anamneze\/","name":"Prad\u0117kite savo medicinos anket\u0105 | Transtoyou","isPartOf":{"@id":"https:\/\/www.transtoyou.com\/lt\/#website"},"primaryImageOfPage":{"@id":"https:\/\/www.transtoyou.com\/lt\/anamneze\/#primaryimage"},"image":{"@id":"https:\/\/www.transtoyou.com\/lt\/anamneze\/#primaryimage"},"thumbnailUrl":"https:\/\/www.transtoyou.com\/lt\/wp-content\/uploads\/sites\/9\/2026\/01\/Logo-500x500-bg-2.png","datePublished":"2026-01-18T09:33:57+00:00","description":"U\u017epildykite m\u016bs\u0173 saugi\u0105 medicinin\u0119 anket\u0105. J\u016bs\u0173 atsakymai padeda m\u016bs\u0173 licencijuotiems gydytojams \u012fvertinti j\u016bs\u0173 situacij\u0105 ir suteikti geriausi\u0105 prie\u017ei\u016br\u0105.","breadcrumb":{"@id":"https:\/\/www.transtoyou.com\/lt\/anamneze\/#breadcrumb"},"inLanguage":"lt-LT","potentialAction":[{"@type":"ReadAction","target":["https:\/\/www.transtoyou.com\/lt\/anamneze\/"]}]},{"@type":"ImageObject","inLanguage":"lt-LT","@id":"https:\/\/www.transtoyou.com\/lt\/anamneze\/#primaryimage","url":"https:\/\/www.transtoyou.com\/lt\/wp-content\/uploads\/sites\/9\/2026\/01\/Logo-500x500-bg-2.png","contentUrl":"https:\/\/www.transtoyou.com\/lt\/wp-content\/uploads\/sites\/9\/2026\/01\/Logo-500x500-bg-2.png","width":500,"height":500,"caption":"Transtoyou logotipas"},{"@type":"WebSite","@id":"https:\/\/www.transtoyou.com\/lt\/#website","url":"https:\/\/www.transtoyou.com\/lt\/","name":"Transtoyou - LT","description":"","publisher":{"@id":"https:\/\/www.transtoyou.com\/lt\/#organization"},"potentialAction":[{"@type":"SearchAction","target":{"@type":"EntryPoint","urlTemplate":"https:\/\/www.transtoyou.com\/lt\/?s={search_term_string}"},"query-input":{"@type":"PropertyValueSpecification","valueRequired":true,"valueName":"search_term_string"}}],"inLanguage":"lt-LT"},{"@type":"Organization","@id":"https:\/\/www.transtoyou.com\/lt\/#organization","name":"Transtoyou - LT","url":"https:\/\/www.transtoyou.com\/lt\/","logo":{"@type":"ImageObject","inLanguage":"lt-LT","@id":"https:\/\/www.transtoyou.com\/lt\/#\/schema\/logo\/image\/","url":"https:\/\/www.transtoyou.com\/lt\/wp-content\/uploads\/sites\/9\/2026\/01\/logo-tty-menu-bar-300x87-1.webp","contentUrl":"https:\/\/www.transtoyou.com\/lt\/wp-content\/uploads\/sites\/9\/2026\/01\/logo-tty-menu-bar-300x87-1.webp","width":300,"height":87,"caption":"Transtoyou - LT"},"image":{"@id":"https:\/\/www.transtoyou.com\/lt\/#\/schema\/logo\/image\/"}}]}},"_links":{"self":[{"href":"https:\/\/www.transtoyou.com\/lt\/wp-json\/wp\/v2\/pages\/62","targetHints":{"allow":["GET"]}}],"collection":[{"href":"https:\/\/www.transtoyou.com\/lt\/wp-json\/wp\/v2\/pages"}],"about":[{"href":"https:\/\/www.transtoyou.com\/lt\/wp-json\/wp\/v2\/types\/page"}],"author":[{"embeddable":true,"href":"https:\/\/www.transtoyou.com\/lt\/wp-json\/wp\/v2\/users\/13"}],"replies":[{"embeddable":true,"href":"https:\/\/www.transtoyou.com\/lt\/wp-json\/wp\/v2\/comments?post=62"}],"version-history":[{"count":1,"href":"https:\/\/www.transtoyou.com\/lt\/wp-json\/wp\/v2\/pages\/62\/revisions"}],"predecessor-version":[{"id":64,"href":"https:\/\/www.transtoyou.com\/lt\/wp-json\/wp\/v2\/pages\/62\/revisions\/64"}],"wp:featuredmedia":[{"embeddable":true,"href":"https:\/\/www.transtoyou.com\/lt\/wp-json\/wp\/v2\/media\/63"}],"wp:attachment":[{"href":"https:\/\/www.transtoyou.com\/lt\/wp-json\/wp\/v2\/media?parent=62"}],"curies":[{"name":"wp","href":"https:\/\/api.w.org\/{rel}","templated":true}]}}