{"id":99,"date":"2026-01-19T15:21:46","date_gmt":"2026-01-19T13:21:46","guid":{"rendered":"https:\/\/www.transtoyou.com\/lt\/?page_id=99"},"modified":"2026-01-26T10:53:22","modified_gmt":"2026-01-26T08:53:22","slug":"spauda","status":"publish","type":"page","link":"https:\/\/www.transtoyou.com\/lt\/spauda\/","title":{"rendered":"Spauda ir \u017einiasklaida"},"content":{"rendered":"","protected":false},"excerpt":{"rendered":"","protected":false},"author":13,"featured_media":100,"parent":0,"menu_order":0,"comment_status":"closed","ping_status":"closed","template":"","meta":{"footnotes":""},"class_list":["post-99","page","type-page","status-publish","has-post-thumbnail","hentry"],"yoast_head":"<!-- This site is optimized with the Yoast SEO plugin v27.0 - https:\/\/yoast.com\/product\/yoast-seo-wordpress\/ -->\n<title>Spaudos ir \u017einiasklaidos u\u017eklausos - Transtoyou<\/title>\n<meta name=\"description\" content=\"Apsilankykite Transtoyou spaudos ir \u017einiasklaidos puslapyje, kad gautum\u0117te naujienas ir \u012f\u017evalgas apie m\u016bs\u0173 skaitmenin\u0119 sveikatos prie\u017ei\u016bros platform\u0105, sujungan\u010di\u0105 pacientus su ES ir JK specialistais.\" \/>\n<meta name=\"robots\" content=\"noindex, follow, max-snippet:-1, max-image-preview:large, max-video-preview:-1\" \/>\n<meta property=\"og:locale\" content=\"lt_LT\" \/>\n<meta property=\"og:type\" content=\"article\" \/>\n<meta property=\"og:title\" content=\"Press &amp; Media Inquiries - Transtoyou\" \/>\n<meta property=\"og:description\" content=\"Apsilankykite Transtoyou spaudos ir \u017einiasklaidos puslapyje, kad gautum\u0117te naujienas ir \u012f\u017evalgas apie m\u016bs\u0173 skaitmenin\u0119 sveikatos prie\u017ei\u016bros platform\u0105, sujungan\u010di\u0105 pacientus su ES ir JK specialistais.\" \/>\n<meta property=\"og:url\" content=\"https:\/\/www.transtoyou.com\/lt\/spauda\/\" \/>\n<meta property=\"og:site_name\" content=\"Transtoyou - LT\" \/>\n<meta property=\"article:modified_time\" content=\"2026-01-26T08:53:22+00:00\" \/>\n<meta property=\"og:image\" content=\"https:\/\/www.transtoyou.com\/lt\/wp-content\/uploads\/sites\/9\/2026\/01\/Logo-500x500-bg-8.png\" \/>\n\t<meta property=\"og:image:width\" content=\"500\" \/>\n\t<meta property=\"og:image:height\" content=\"500\" \/>\n\t<meta property=\"og:image:type\" content=\"image\/png\" \/>\n<meta name=\"twitter:card\" content=\"summary_large_image\" \/>\n<meta name=\"twitter:title\" content=\"Press &amp; Media Inquiries - Transtoyou\" \/>\n<meta name=\"twitter:label1\" content=\"Est. reading time\" \/>\n\t<meta name=\"twitter:data1\" content=\"1 minut\u0117\" \/>\n<script type=\"application\/ld+json\" class=\"yoast-schema-graph\">{\"@context\":\"https:\/\/schema.org\",\"@graph\":[{\"@type\":\"WebPage\",\"@id\":\"https:\/\/www.transtoyou.com\/lt\/spauda\/\",\"url\":\"https:\/\/www.transtoyou.com\/lt\/spauda\/\",\"name\":\"Spaudos ir \u017einiasklaidos u\u017eklausos - Transtoyou\",\"isPartOf\":{\"@id\":\"https:\/\/www.transtoyou.com\/lt\/#website\"},\"primaryImageOfPage\":{\"@id\":\"https:\/\/www.transtoyou.com\/lt\/spauda\/#primaryimage\"},\"image\":{\"@id\":\"https:\/\/www.transtoyou.com\/lt\/spauda\/#primaryimage\"},\"thumbnailUrl\":\"https:\/\/www.transtoyou.com\/lt\/wp-content\/uploads\/sites\/9\/2026\/01\/Logo-500x500-bg-8.png\",\"datePublished\":\"2026-01-19T13:21:46+00:00\",\"dateModified\":\"2026-01-26T08:53:22+00:00\",\"description\":\"Apsilankykite Transtoyou spaudos ir \u017einiasklaidos puslapyje, kad gautum\u0117te naujienas ir \u012f\u017evalgas apie m\u016bs\u0173 skaitmenin\u0119 sveikatos prie\u017ei\u016bros platform\u0105, sujungan\u010di\u0105 pacientus su ES ir JK specialistais.\",\"breadcrumb\":{\"@id\":\"https:\/\/www.transtoyou.com\/lt\/spauda\/#breadcrumb\"},\"inLanguage\":\"lt-LT\",\"potentialAction\":[{\"@type\":\"ReadAction\",\"target\":[\"https:\/\/www.transtoyou.com\/lt\/spauda\/\"]}]},{\"@type\":\"ImageObject\",\"inLanguage\":\"lt-LT\",\"@id\":\"https:\/\/www.transtoyou.com\/lt\/spauda\/#primaryimage\",\"url\":\"https:\/\/www.transtoyou.com\/lt\/wp-content\/uploads\/sites\/9\/2026\/01\/Logo-500x500-bg-8.png\",\"contentUrl\":\"https:\/\/www.transtoyou.com\/lt\/wp-content\/uploads\/sites\/9\/2026\/01\/Logo-500x500-bg-8.png\",\"width\":500,\"height\":500,\"caption\":\"Transtoyou logotipas\"},{\"@type\":\"WebSite\",\"@id\":\"https:\/\/www.transtoyou.com\/lt\/#website\",\"url\":\"https:\/\/www.transtoyou.com\/lt\/\",\"name\":\"Transtoyou - LT\",\"description\":\"\",\"publisher\":{\"@id\":\"https:\/\/www.transtoyou.com\/lt\/#organization\"},\"potentialAction\":[{\"@type\":\"SearchAction\",\"target\":{\"@type\":\"EntryPoint\",\"urlTemplate\":\"https:\/\/www.transtoyou.com\/lt\/?s={search_term_string}\"},\"query-input\":{\"@type\":\"PropertyValueSpecification\",\"valueRequired\":true,\"valueName\":\"search_term_string\"}}],\"inLanguage\":\"lt-LT\"},{\"@type\":\"Organization\",\"@id\":\"https:\/\/www.transtoyou.com\/lt\/#organization\",\"name\":\"Transtoyou - LT\",\"url\":\"https:\/\/www.transtoyou.com\/lt\/\",\"logo\":{\"@type\":\"ImageObject\",\"inLanguage\":\"lt-LT\",\"@id\":\"https:\/\/www.transtoyou.com\/lt\/#\/schema\/logo\/image\/\",\"url\":\"https:\/\/www.transtoyou.com\/lt\/wp-content\/uploads\/sites\/9\/2026\/01\/logo-tty-menu-bar-300x87-1.webp\",\"contentUrl\":\"https:\/\/www.transtoyou.com\/lt\/wp-content\/uploads\/sites\/9\/2026\/01\/logo-tty-menu-bar-300x87-1.webp\",\"width\":300,\"height\":87,\"caption\":\"Transtoyou - LT\"},\"image\":{\"@id\":\"https:\/\/www.transtoyou.com\/lt\/#\/schema\/logo\/image\/\"}}]}<\/script>\n<!-- \/ Yoast SEO plugin. -->","yoast_head_json":{"title":"Spaudos ir \u017einiasklaidos u\u017eklausos - Transtoyou","description":"Apsilankykite Transtoyou spaudos ir \u017einiasklaidos puslapyje, kad gautum\u0117te naujienas ir \u012f\u017evalgas apie m\u016bs\u0173 skaitmenin\u0119 sveikatos prie\u017ei\u016bros platform\u0105, sujungan\u010di\u0105 pacientus su ES ir JK specialistais.","robots":{"index":"noindex","follow":"follow","max-snippet":"max-snippet:-1","max-image-preview":"max-image-preview:large","max-video-preview":"max-video-preview:-1"},"og_locale":"lt_LT","og_type":"article","og_title":"Press & Media Inquiries - Transtoyou","og_description":"Apsilankykite Transtoyou spaudos ir \u017einiasklaidos puslapyje, kad gautum\u0117te naujienas ir \u012f\u017evalgas apie m\u016bs\u0173 skaitmenin\u0119 sveikatos prie\u017ei\u016bros platform\u0105, sujungan\u010di\u0105 pacientus su ES ir JK specialistais.","og_url":"https:\/\/www.transtoyou.com\/lt\/spauda\/","og_site_name":"Transtoyou - LT","article_modified_time":"2026-01-26T08:53:22+00:00","og_image":[{"width":500,"height":500,"url":"https:\/\/www.transtoyou.com\/lt\/wp-content\/uploads\/sites\/9\/2026\/01\/Logo-500x500-bg-8.png","type":"image\/png"}],"twitter_card":"summary_large_image","twitter_title":"Press & Media Inquiries - Transtoyou","twitter_misc":{"Est. reading time":"1 minut\u0117"},"schema":{"@context":"https:\/\/schema.org","@graph":[{"@type":"WebPage","@id":"https:\/\/www.transtoyou.com\/lt\/spauda\/","url":"https:\/\/www.transtoyou.com\/lt\/spauda\/","name":"Spaudos ir \u017einiasklaidos u\u017eklausos - Transtoyou","isPartOf":{"@id":"https:\/\/www.transtoyou.com\/lt\/#website"},"primaryImageOfPage":{"@id":"https:\/\/www.transtoyou.com\/lt\/spauda\/#primaryimage"},"image":{"@id":"https:\/\/www.transtoyou.com\/lt\/spauda\/#primaryimage"},"thumbnailUrl":"https:\/\/www.transtoyou.com\/lt\/wp-content\/uploads\/sites\/9\/2026\/01\/Logo-500x500-bg-8.png","datePublished":"2026-01-19T13:21:46+00:00","dateModified":"2026-01-26T08:53:22+00:00","description":"Apsilankykite Transtoyou spaudos ir \u017einiasklaidos puslapyje, kad gautum\u0117te naujienas ir \u012f\u017evalgas apie m\u016bs\u0173 skaitmenin\u0119 sveikatos prie\u017ei\u016bros platform\u0105, sujungan\u010di\u0105 pacientus su ES ir JK specialistais.","breadcrumb":{"@id":"https:\/\/www.transtoyou.com\/lt\/spauda\/#breadcrumb"},"inLanguage":"lt-LT","potentialAction":[{"@type":"ReadAction","target":["https:\/\/www.transtoyou.com\/lt\/spauda\/"]}]},{"@type":"ImageObject","inLanguage":"lt-LT","@id":"https:\/\/www.transtoyou.com\/lt\/spauda\/#primaryimage","url":"https:\/\/www.transtoyou.com\/lt\/wp-content\/uploads\/sites\/9\/2026\/01\/Logo-500x500-bg-8.png","contentUrl":"https:\/\/www.transtoyou.com\/lt\/wp-content\/uploads\/sites\/9\/2026\/01\/Logo-500x500-bg-8.png","width":500,"height":500,"caption":"Transtoyou logotipas"},{"@type":"WebSite","@id":"https:\/\/www.transtoyou.com\/lt\/#website","url":"https:\/\/www.transtoyou.com\/lt\/","name":"Transtoyou - LT","description":"","publisher":{"@id":"https:\/\/www.transtoyou.com\/lt\/#organization"},"potentialAction":[{"@type":"SearchAction","target":{"@type":"EntryPoint","urlTemplate":"https:\/\/www.transtoyou.com\/lt\/?s={search_term_string}"},"query-input":{"@type":"PropertyValueSpecification","valueRequired":true,"valueName":"search_term_string"}}],"inLanguage":"lt-LT"},{"@type":"Organization","@id":"https:\/\/www.transtoyou.com\/lt\/#organization","name":"Transtoyou - LT","url":"https:\/\/www.transtoyou.com\/lt\/","logo":{"@type":"ImageObject","inLanguage":"lt-LT","@id":"https:\/\/www.transtoyou.com\/lt\/#\/schema\/logo\/image\/","url":"https:\/\/www.transtoyou.com\/lt\/wp-content\/uploads\/sites\/9\/2026\/01\/logo-tty-menu-bar-300x87-1.webp","contentUrl":"https:\/\/www.transtoyou.com\/lt\/wp-content\/uploads\/sites\/9\/2026\/01\/logo-tty-menu-bar-300x87-1.webp","width":300,"height":87,"caption":"Transtoyou - LT"},"image":{"@id":"https:\/\/www.transtoyou.com\/lt\/#\/schema\/logo\/image\/"}}]}},"_links":{"self":[{"href":"https:\/\/www.transtoyou.com\/lt\/wp-json\/wp\/v2\/pages\/99","targetHints":{"allow":["GET"]}}],"collection":[{"href":"https:\/\/www.transtoyou.com\/lt\/wp-json\/wp\/v2\/pages"}],"about":[{"href":"https:\/\/www.transtoyou.com\/lt\/wp-json\/wp\/v2\/types\/page"}],"author":[{"embeddable":true,"href":"https:\/\/www.transtoyou.com\/lt\/wp-json\/wp\/v2\/users\/13"}],"replies":[{"embeddable":true,"href":"https:\/\/www.transtoyou.com\/lt\/wp-json\/wp\/v2\/comments?post=99"}],"version-history":[{"count":1,"href":"https:\/\/www.transtoyou.com\/lt\/wp-json\/wp\/v2\/pages\/99\/revisions"}],"predecessor-version":[{"id":101,"href":"https:\/\/www.transtoyou.com\/lt\/wp-json\/wp\/v2\/pages\/99\/revisions\/101"}],"wp:featuredmedia":[{"embeddable":true,"href":"https:\/\/www.transtoyou.com\/lt\/wp-json\/wp\/v2\/media\/100"}],"wp:attachment":[{"href":"https:\/\/www.transtoyou.com\/lt\/wp-json\/wp\/v2\/media?parent=99"}],"curies":[{"name":"wp","href":"https:\/\/api.w.org\/{rel}","templated":true}]}}