{"id":1003,"date":"2026-01-24T11:08:32","date_gmt":"2026-01-24T09:08:32","guid":{"rendered":"https:\/\/www.transtoyou.com\/lt\/product\/cialis\/"},"modified":"2026-01-24T11:09:43","modified_gmt":"2026-01-24T09:09:43","slug":"cialis","status":"publish","type":"product","link":"https:\/\/www.transtoyou.com\/lt\/product\/cialis\/","title":{"rendered":"Cialis"},"content":{"rendered":"<p>Cialis yra vaistas, skirtas erekcijos disfunkcijos (ED) gydymui. Jo veiklioji med\u017eiaga, tadalafilis, veikia gerindama kraujo pritek\u0117jim\u0105 \u012f varp\u0105, pad\u0117dama vyrams pasiekti ir i\u0161laikyti erekcij\u0105, kai jie yra seksualiai stimuliuojami. Kas i\u0161skiria Cialis i\u0161 kit\u0173 ED gydymo priemoni\u0173, yra jo lankstumas: j\u012f galima vartoti pagal poreik\u012f prie\u0161 seksualin\u0119 veikl\u0105 arba kaip ma\u017eos doz\u0117s kasdien\u012f tablet\u0119, priklausomai nuo vartotojo gyvenimo b\u016bdo ir pageidavim\u0173.<\/p>\n<p>Vyrams, kurie m\u0117gsta spontani\u0161kum\u0105, Cialis yra prieinamas standartin\u0117s stiprumo doz\u0117s, 10 &#8211; 20 mg, kuri\u0105 galima vartoti pagal poreik\u012f, apie 30 minu\u010di\u0173 prie\u0161 intymum\u0105. Jo poveikis gali trukti iki 36 valand\u0173, suteikdamas pla\u010di\u0105 laik\u0105 nat\u016braliai ir be spaudimo seksualinei veiklai.<\/p>\n<p>\u0160is ilgesnis poveikio laikas da\u017enai vertinamas por\u0173, kurios vertina intymum\u0105 be grie\u017eto tvarkara\u0161\u010dio. Alternatyviai, Cialis taip pat skiriamas kaip vien\u0105 kart\u0105 per dien\u0105 vartojama tablet\u0117, vartojama ma\u017eesne doze (2,5 &#8211; 5 mg) kiekvien\u0105 dien\u0105, nepriklausomai nuo to, kada planuojama seksualin\u0117 veikla. \u0160i galimyb\u0117 suteikia nuolatin\u0119 param\u0105 ir pa\u0161alina poreik\u012f laiku vartoti vaist\u0105.<\/p>\n<p>Tai ypa\u010d naudinga vyrams, kurie turi reguliari\u0105 seksualin\u0119 veikl\u0105 arba nori b\u016bti pasiruo\u0161\u0119 bet kuriuo metu be i\u0161ankstinio planavimo. Cialis vartojamas per burn\u0105 ir gali b\u016bti vartojamas su maistu arba be jo. Jis pradeda veikti per 30 &#8211; 60 minu\u010di\u0173 daugumai vartotoj\u0173.<\/p>\n<p>Galimi \u0161alutiniai poveikiai apima galvos skausm\u0105, vir\u0161kinimo sutrikimus, raumen\u0173 skausmus arba veido paraudim\u0105, nors dauguma j\u0173 yra lengvi ir laikini. Cialis netur\u0117t\u0173 b\u016bti derinamas su nitratais ar tam tikrais vaistais nuo kraujosp\u016bd\u017eio.<\/p>\n","protected":false},"excerpt":{"rendered":"<ul>\n<li>Ilgalaikis poveikis iki 36 valand\u0173<\/li>\n<li>Gydo erekcijos disfunkcij\u0105 ir BPH<\/li>\n<li>Greitai veikiantis, pradeda veikti per 30 minu\u010di\u0173<\/li>\n<\/ul>\n","protected":false},"featured_media":1005,"comment_status":"open","ping_status":"closed","template":"","meta":[],"product_brand":[],"product_cat":[115],"product_tag":[],"expert":[18],"class_list":{"0":"post-1003","1":"product","2":"type-product","3":"status-publish","4":"has-post-thumbnail","6":"product_cat-erekcijos-disfunkcijos-gydymas","7":"expert-dr-g-varbanov","9":"first","10":"instock","11":"shipping-taxable","12":"product-type-variable"},"yoast_head":"<!-- This site is optimized with the Yoast SEO plugin v27.0 - https:\/\/yoast.com\/product\/yoast-seo-wordpress\/ -->\n<title>Cialis - Transtoyou - LT<\/title>\n<meta name=\"robots\" content=\"noindex, follow, max-snippet:-1, max-image-preview:large, max-video-preview:-1\" \/>\n<meta property=\"og:locale\" content=\"lt_LT\" \/>\n<meta property=\"og:type\" content=\"article\" \/>\n<meta property=\"og:title\" content=\"Cialis - Transtoyou - LT\" \/>\n<meta property=\"og:description\" content=\"Ilgalaikis poveikis iki 36 valand\u0173  Gydo erekcijos disfunkcij\u0105 ir BPH  Greitai veikiantis, pradeda veikti per 30 minu\u010di\u0173\" \/>\n<meta property=\"og:url\" content=\"https:\/\/www.transtoyou.com\/lt\/product\/cialis\/\" \/>\n<meta property=\"og:site_name\" content=\"Transtoyou - LT\" \/>\n<meta property=\"article:modified_time\" content=\"2026-01-24T09:09:43+00:00\" \/>\n<meta property=\"og:image\" content=\"https:\/\/www.transtoyou.com\/lt\/wp-content\/uploads\/sites\/9\/2026\/01\/tty-no-product-image-99.webp\" \/>\n\t<meta property=\"og:image:width\" content=\"1000\" \/>\n\t<meta property=\"og:image:height\" content=\"1000\" \/>\n\t<meta property=\"og:image:type\" content=\"image\/webp\" \/>\n<meta name=\"twitter:card\" content=\"summary_large_image\" \/>\n<meta name=\"twitter:label1\" content=\"Est. reading time\" \/>\n\t<meta name=\"twitter:data1\" content=\"1 minut\u0117\" \/>\n<script type=\"application\/ld+json\" class=\"yoast-schema-graph\">{\"@context\":\"https:\/\/schema.org\",\"@graph\":[{\"@type\":\"WebPage\",\"@id\":\"https:\/\/www.transtoyou.com\/lt\/product\/cialis\/\",\"url\":\"https:\/\/www.transtoyou.com\/lt\/product\/cialis\/\",\"name\":\"Cialis - Transtoyou - LT\",\"isPartOf\":{\"@id\":\"https:\/\/www.transtoyou.com\/lt\/#website\"},\"primaryImageOfPage\":{\"@id\":\"https:\/\/www.transtoyou.com\/lt\/product\/cialis\/#primaryimage\"},\"image\":{\"@id\":\"https:\/\/www.transtoyou.com\/lt\/product\/cialis\/#primaryimage\"},\"thumbnailUrl\":\"https:\/\/www.transtoyou.com\/lt\/wp-content\/uploads\/sites\/9\/2026\/01\/tty-no-product-image-99.webp\",\"datePublished\":\"2026-01-24T09:08:32+00:00\",\"dateModified\":\"2026-01-24T09:09:43+00:00\",\"breadcrumb\":{\"@id\":\"https:\/\/www.transtoyou.com\/lt\/product\/cialis\/#breadcrumb\"},\"inLanguage\":\"lt-LT\",\"potentialAction\":[{\"@type\":\"ReadAction\",\"target\":[\"https:\/\/www.transtoyou.com\/lt\/product\/cialis\/\"]}]},{\"@type\":\"ImageObject\",\"inLanguage\":\"lt-LT\",\"@id\":\"https:\/\/www.transtoyou.com\/lt\/product\/cialis\/#primaryimage\",\"url\":\"https:\/\/www.transtoyou.com\/lt\/wp-content\/uploads\/sites\/9\/2026\/01\/tty-no-product-image-99.webp\",\"contentUrl\":\"https:\/\/www.transtoyou.com\/lt\/wp-content\/uploads\/sites\/9\/2026\/01\/tty-no-product-image-99.webp\",\"width\":1000,\"height\":1000,\"caption\":\"Numatytasis produkto vaizdas\"},{\"@type\":\"WebSite\",\"@id\":\"https:\/\/www.transtoyou.com\/lt\/#website\",\"url\":\"https:\/\/www.transtoyou.com\/lt\/\",\"name\":\"Transtoyou - LT\",\"description\":\"\",\"publisher\":{\"@id\":\"https:\/\/www.transtoyou.com\/lt\/#organization\"},\"potentialAction\":[{\"@type\":\"SearchAction\",\"target\":{\"@type\":\"EntryPoint\",\"urlTemplate\":\"https:\/\/www.transtoyou.com\/lt\/?s={search_term_string}\"},\"query-input\":{\"@type\":\"PropertyValueSpecification\",\"valueRequired\":true,\"valueName\":\"search_term_string\"}}],\"inLanguage\":\"lt-LT\"},{\"@type\":\"Organization\",\"@id\":\"https:\/\/www.transtoyou.com\/lt\/#organization\",\"name\":\"Transtoyou - LT\",\"url\":\"https:\/\/www.transtoyou.com\/lt\/\",\"logo\":{\"@type\":\"ImageObject\",\"inLanguage\":\"lt-LT\",\"@id\":\"https:\/\/www.transtoyou.com\/lt\/#\/schema\/logo\/image\/\",\"url\":\"https:\/\/www.transtoyou.com\/lt\/wp-content\/uploads\/sites\/9\/2026\/01\/logo-tty-menu-bar-300x87-1.webp\",\"contentUrl\":\"https:\/\/www.transtoyou.com\/lt\/wp-content\/uploads\/sites\/9\/2026\/01\/logo-tty-menu-bar-300x87-1.webp\",\"width\":300,\"height\":87,\"caption\":\"Transtoyou - LT\"},\"image\":{\"@id\":\"https:\/\/www.transtoyou.com\/lt\/#\/schema\/logo\/image\/\"}}]}<\/script>\n<!-- \/ Yoast SEO plugin. -->","yoast_head_json":{"title":"Cialis - Transtoyou - LT","robots":{"index":"noindex","follow":"follow","max-snippet":"max-snippet:-1","max-image-preview":"max-image-preview:large","max-video-preview":"max-video-preview:-1"},"og_locale":"lt_LT","og_type":"article","og_title":"Cialis - Transtoyou - LT","og_description":"Ilgalaikis poveikis iki 36 valand\u0173  Gydo erekcijos disfunkcij\u0105 ir BPH  Greitai veikiantis, pradeda veikti per 30 minu\u010di\u0173","og_url":"https:\/\/www.transtoyou.com\/lt\/product\/cialis\/","og_site_name":"Transtoyou - LT","article_modified_time":"2026-01-24T09:09:43+00:00","og_image":[{"width":1000,"height":1000,"url":"https:\/\/www.transtoyou.com\/lt\/wp-content\/uploads\/sites\/9\/2026\/01\/tty-no-product-image-99.webp","type":"image\/webp"}],"twitter_card":"summary_large_image","twitter_misc":{"Est. reading time":"1 minut\u0117"},"schema":{"@context":"https:\/\/schema.org","@graph":[{"@type":"WebPage","@id":"https:\/\/www.transtoyou.com\/lt\/product\/cialis\/","url":"https:\/\/www.transtoyou.com\/lt\/product\/cialis\/","name":"Cialis - Transtoyou - LT","isPartOf":{"@id":"https:\/\/www.transtoyou.com\/lt\/#website"},"primaryImageOfPage":{"@id":"https:\/\/www.transtoyou.com\/lt\/product\/cialis\/#primaryimage"},"image":{"@id":"https:\/\/www.transtoyou.com\/lt\/product\/cialis\/#primaryimage"},"thumbnailUrl":"https:\/\/www.transtoyou.com\/lt\/wp-content\/uploads\/sites\/9\/2026\/01\/tty-no-product-image-99.webp","datePublished":"2026-01-24T09:08:32+00:00","dateModified":"2026-01-24T09:09:43+00:00","breadcrumb":{"@id":"https:\/\/www.transtoyou.com\/lt\/product\/cialis\/#breadcrumb"},"inLanguage":"lt-LT","potentialAction":[{"@type":"ReadAction","target":["https:\/\/www.transtoyou.com\/lt\/product\/cialis\/"]}]},{"@type":"ImageObject","inLanguage":"lt-LT","@id":"https:\/\/www.transtoyou.com\/lt\/product\/cialis\/#primaryimage","url":"https:\/\/www.transtoyou.com\/lt\/wp-content\/uploads\/sites\/9\/2026\/01\/tty-no-product-image-99.webp","contentUrl":"https:\/\/www.transtoyou.com\/lt\/wp-content\/uploads\/sites\/9\/2026\/01\/tty-no-product-image-99.webp","width":1000,"height":1000,"caption":"Numatytasis produkto vaizdas"},{"@type":"WebSite","@id":"https:\/\/www.transtoyou.com\/lt\/#website","url":"https:\/\/www.transtoyou.com\/lt\/","name":"Transtoyou - LT","description":"","publisher":{"@id":"https:\/\/www.transtoyou.com\/lt\/#organization"},"potentialAction":[{"@type":"SearchAction","target":{"@type":"EntryPoint","urlTemplate":"https:\/\/www.transtoyou.com\/lt\/?s={search_term_string}"},"query-input":{"@type":"PropertyValueSpecification","valueRequired":true,"valueName":"search_term_string"}}],"inLanguage":"lt-LT"},{"@type":"Organization","@id":"https:\/\/www.transtoyou.com\/lt\/#organization","name":"Transtoyou - LT","url":"https:\/\/www.transtoyou.com\/lt\/","logo":{"@type":"ImageObject","inLanguage":"lt-LT","@id":"https:\/\/www.transtoyou.com\/lt\/#\/schema\/logo\/image\/","url":"https:\/\/www.transtoyou.com\/lt\/wp-content\/uploads\/sites\/9\/2026\/01\/logo-tty-menu-bar-300x87-1.webp","contentUrl":"https:\/\/www.transtoyou.com\/lt\/wp-content\/uploads\/sites\/9\/2026\/01\/logo-tty-menu-bar-300x87-1.webp","width":300,"height":87,"caption":"Transtoyou - LT"},"image":{"@id":"https:\/\/www.transtoyou.com\/lt\/#\/schema\/logo\/image\/"}}]}},"_links":{"self":[{"href":"https:\/\/www.transtoyou.com\/lt\/wp-json\/wp\/v2\/product\/1003","targetHints":{"allow":["GET"]}}],"collection":[{"href":"https:\/\/www.transtoyou.com\/lt\/wp-json\/wp\/v2\/product"}],"about":[{"href":"https:\/\/www.transtoyou.com\/lt\/wp-json\/wp\/v2\/types\/product"}],"replies":[{"embeddable":true,"href":"https:\/\/www.transtoyou.com\/lt\/wp-json\/wp\/v2\/comments?post=1003"}],"wp:featuredmedia":[{"embeddable":true,"href":"https:\/\/www.transtoyou.com\/lt\/wp-json\/wp\/v2\/media\/1005"}],"wp:attachment":[{"href":"https:\/\/www.transtoyou.com\/lt\/wp-json\/wp\/v2\/media?parent=1003"}],"wp:term":[{"taxonomy":"product_brand","embeddable":true,"href":"https:\/\/www.transtoyou.com\/lt\/wp-json\/wp\/v2\/product_brand?post=1003"},{"taxonomy":"product_cat","embeddable":true,"href":"https:\/\/www.transtoyou.com\/lt\/wp-json\/wp\/v2\/product_cat?post=1003"},{"taxonomy":"product_tag","embeddable":true,"href":"https:\/\/www.transtoyou.com\/lt\/wp-json\/wp\/v2\/product_tag?post=1003"},{"taxonomy":"expert","embeddable":true,"href":"https:\/\/www.transtoyou.com\/lt\/wp-json\/wp\/v2\/expert?post=1003"}],"curies":[{"name":"wp","href":"https:\/\/api.w.org\/{rel}","templated":true}]}}