{"id":1011,"date":"2026-01-24T11:58:00","date_gmt":"2026-01-24T09:58:00","guid":{"rendered":"https:\/\/www.transtoyou.com\/lt\/product\/metoclopramide\/"},"modified":"2026-02-25T10:04:06","modified_gmt":"2026-02-25T08:04:06","slug":"metoklopramidas","status":"publish","type":"product","link":"https:\/\/www.transtoyou.com\/lt\/product\/metoklopramidas\/","title":{"rendered":"Metoklopramidas"},"content":{"rendered":"<p>Metoklopramidas yra vaistas, da\u017enai naudojamas vir\u0161kinimo simptomams, tokiems kaip pykinimas, pilvo p\u016btimas ir diskomfortas, susij\u0119s su sul\u0117t\u0117jusiu skrand\u017eio i\u0161tu\u0161tinimu, valdyti. Nors tai n\u0117ra tiesioginis gydymas viduriavimui, jis gali b\u016bti naudingas s\u0105lygoms, kai viduriavim\u0105 lydi pykinimas ar vir\u0161kinimo l\u0117tumas. Pagrindin\u0117 jo funkcija yra pagerinti skrand\u017eio ir \u017earn\u0173 jud\u0117jim\u0105, skatinti efektyvesn\u012f vir\u0161kinim\u0105 ir pad\u0117ti organizmui efektyviau apdoroti maist\u0105 ir skys\u010dius.<\/p>\n<p>Vir\u0161kinimo sutrikim\u0173 atvejais Metoklopramidas padeda stimuliuodamas raumenis vir\u0161utin\u0117je vir\u0161kinimo trakte. Tai skatina greitesn\u012f skrand\u017eio turinio jud\u0117jim\u0105 \u012f \u017earnyn\u0105, palengvindamas tokius simptomus kaip pykinimas, v\u0117mimas ir sotumo jausmas po valgymo net ir ma\u017eomis porcijomis. Pagerindamas skrand\u017eio judrum\u0105, Metoklopramidas gali netiesiogiai pad\u0117ti atsigauti \u017emon\u0117ms, kuri\u0173 viduriavim\u0105 lydi pykinimas ar suma\u017e\u0117j\u0119s apetitas.<\/p>\n<p>\u0160is vaistas vartojamas prie\u0161 valg\u012f arba prie\u0161 mieg\u0105. Jis pradeda veikti per 30\u201360 minu\u010di\u0173, o jo poveikis gali trukti kelias valandas. Jis tinka trumpalaikiam vartojimui ir nerekomenduojamas vartoti ilgiau nei 12 savai\u010di\u0173 d\u0117l galim\u0173 neurologini\u0173 \u0161alutini\u0173 poveiki\u0173, susijusi\u0173 su ilgesniu vartojimu.<\/p>\n<p>Metoklopramidas paprastai gerai toleruojamas, nors kai kurie vartotojai gali patirti nuovarg\u012f, neramum\u0105 ar lengvus galvos skausmus. Ta\u010diau gali pasitaikyti ir rimtesni \u0161alutiniai poveikiai, tokie kaip ekstrapiramidiniai simptomai (pvz., nekontroliuojami raumen\u0173 judesiai, drebulys ar distonija), ypa\u010d jaunesniems suaugusiems ar vartojant didel\u0117mis doz\u0117mis arba ilg\u0105 laik\u0105. Atsargiai tur\u0117t\u0173 b\u016bti vartojamas pacientams, turintiems neurologini\u0173 sutrikim\u0173 ar jud\u0117jimo sutrikim\u0173 istorij\u0105.<\/p>\n","protected":false},"excerpt":{"rendered":"<ul>\n<li>Pagerina vir\u0161kinimo trakto motilitet\u0105 greitesniam skrand\u017eio i\u0161tu\u0161tinimui<\/li>\n<li>Veiksmingai palengvina pykinim\u0105 ir v\u0117mim\u0105<\/li>\n<li>Palaiko gastroparez\u0117s ir susijusi\u0173 sutrikim\u0173 gydym\u0105<\/li>\n<\/ul>\n","protected":false},"featured_media":1013,"comment_status":"open","ping_status":"closed","template":"","meta":[],"product_brand":[],"product_cat":[107],"product_tag":[],"expert":[21],"class_list":{"0":"post-1011","1":"product","2":"type-product","3":"status-publish","4":"has-post-thumbnail","6":"product_cat-viduriavimas","7":"expert-dr-m-sharoyko","9":"first","10":"instock","11":"shipping-taxable","12":"product-type-variable"},"yoast_head":"<!-- This site is optimized with the Yoast SEO plugin v27.0 - https:\/\/yoast.com\/product\/yoast-seo-wordpress\/ -->\n<title>Metoklopramidas | Pagerinkite vir\u0161kinimo komfort\u0105 - Transtoyou<\/title>\n<meta name=\"description\" content=\"Metoklopramidas gerina vir\u0161kinim\u0105, ma\u017eina pykinim\u0105 ir pilvo p\u016btim\u0105. \u012esigykite Transtoyou jau dabar.\" \/>\n<meta name=\"robots\" content=\"noindex, follow, max-snippet:-1, max-image-preview:large, max-video-preview:-1\" \/>\n<meta property=\"og:locale\" content=\"lt_LT\" \/>\n<meta property=\"og:type\" content=\"article\" \/>\n<meta property=\"og:title\" content=\"Metoklopramidas | Pagerinkite vir\u0161kinimo komfort\u0105 - Transtoyou\" \/>\n<meta property=\"og:description\" content=\"Metoklopramidas gerina vir\u0161kinim\u0105, ma\u017eina pykinim\u0105 ir pilvo p\u016btim\u0105. \u012esigykite Transtoyou jau dabar.\" \/>\n<meta property=\"og:url\" content=\"https:\/\/www.transtoyou.com\/lt\/product\/metoclopramide\/\" \/>\n<meta property=\"og:site_name\" content=\"Transtoyou - LT\" \/>\n<meta property=\"article:modified_time\" content=\"2026-02-25T08:04:06+00:00\" \/>\n<meta name=\"twitter:card\" content=\"summary_large_image\" \/>\n<meta name=\"twitter:label1\" content=\"Est. reading time\" \/>\n\t<meta name=\"twitter:data1\" content=\"1 minut\u0117\" \/>\n<script type=\"application\/ld+json\" class=\"yoast-schema-graph\">{\"@context\":\"https:\/\/schema.org\",\"@graph\":[{\"@type\":\"WebPage\",\"@id\":\"https:\/\/www.transtoyou.com\/lt\/product\/metoclopramide\/\",\"url\":\"https:\/\/www.transtoyou.com\/lt\/product\/metoclopramide\/\",\"name\":\"Metoklopramidas | Pagerinkite vir\u0161kinimo komfort\u0105 - Transtoyou\",\"isPartOf\":{\"@id\":\"https:\/\/www.transtoyou.com\/lt\/#website\"},\"primaryImageOfPage\":{\"@id\":\"https:\/\/www.transtoyou.com\/lt\/product\/metoclopramide\/#primaryimage\"},\"image\":{\"@id\":\"https:\/\/www.transtoyou.com\/lt\/product\/metoclopramide\/#primaryimage\"},\"thumbnailUrl\":\"https:\/\/www.transtoyou.com\/lt\/wp-content\/uploads\/sites\/9\/2026\/01\/tty-no-product-image-102.webp\",\"datePublished\":\"2026-01-24T09:58:00+00:00\",\"dateModified\":\"2026-02-25T08:04:06+00:00\",\"description\":\"Metoklopramidas gerina vir\u0161kinim\u0105, ma\u017eina pykinim\u0105 ir pilvo p\u016btim\u0105. \u012esigykite Transtoyou jau dabar.\",\"breadcrumb\":{\"@id\":\"https:\/\/www.transtoyou.com\/lt\/product\/metoclopramide\/#breadcrumb\"},\"inLanguage\":\"lt-LT\",\"potentialAction\":[{\"@type\":\"ReadAction\",\"target\":[\"https:\/\/www.transtoyou.com\/lt\/product\/metoclopramide\/\"]}]},{\"@type\":\"ImageObject\",\"inLanguage\":\"lt-LT\",\"@id\":\"https:\/\/www.transtoyou.com\/lt\/product\/metoclopramide\/#primaryimage\",\"url\":\"https:\/\/www.transtoyou.com\/lt\/wp-content\/uploads\/sites\/9\/2026\/01\/tty-no-product-image-102.webp\",\"contentUrl\":\"https:\/\/www.transtoyou.com\/lt\/wp-content\/uploads\/sites\/9\/2026\/01\/tty-no-product-image-102.webp\",\"width\":1000,\"height\":1000,\"caption\":\"Numatytasis produkto vaizdas\"},{\"@type\":\"WebSite\",\"@id\":\"https:\/\/www.transtoyou.com\/lt\/#website\",\"url\":\"https:\/\/www.transtoyou.com\/lt\/\",\"name\":\"Transtoyou - LT\",\"description\":\"\",\"publisher\":{\"@id\":\"https:\/\/www.transtoyou.com\/lt\/#organization\"},\"potentialAction\":[{\"@type\":\"SearchAction\",\"target\":{\"@type\":\"EntryPoint\",\"urlTemplate\":\"https:\/\/www.transtoyou.com\/lt\/?s={search_term_string}\"},\"query-input\":{\"@type\":\"PropertyValueSpecification\",\"valueRequired\":true,\"valueName\":\"search_term_string\"}}],\"inLanguage\":\"lt-LT\"},{\"@type\":\"Organization\",\"@id\":\"https:\/\/www.transtoyou.com\/lt\/#organization\",\"name\":\"Transtoyou - LT\",\"url\":\"https:\/\/www.transtoyou.com\/lt\/\",\"logo\":{\"@type\":\"ImageObject\",\"inLanguage\":\"lt-LT\",\"@id\":\"https:\/\/www.transtoyou.com\/lt\/#\/schema\/logo\/image\/\",\"url\":\"https:\/\/www.transtoyou.com\/lt\/wp-content\/uploads\/sites\/9\/2026\/01\/logo-tty-menu-bar-300x87-1.webp\",\"contentUrl\":\"https:\/\/www.transtoyou.com\/lt\/wp-content\/uploads\/sites\/9\/2026\/01\/logo-tty-menu-bar-300x87-1.webp\",\"width\":300,\"height\":87,\"caption\":\"Transtoyou - LT\"},\"image\":{\"@id\":\"https:\/\/www.transtoyou.com\/lt\/#\/schema\/logo\/image\/\"}}]}<\/script>\n<!-- \/ Yoast SEO plugin. -->","yoast_head_json":{"title":"Metoklopramidas | Pagerinkite vir\u0161kinimo komfort\u0105 - Transtoyou","description":"Metoklopramidas gerina vir\u0161kinim\u0105, ma\u017eina pykinim\u0105 ir pilvo p\u016btim\u0105. \u012esigykite Transtoyou jau dabar.","robots":{"index":"noindex","follow":"follow","max-snippet":"max-snippet:-1","max-image-preview":"max-image-preview:large","max-video-preview":"max-video-preview:-1"},"og_locale":"lt_LT","og_type":"article","og_title":"Metoklopramidas | Pagerinkite vir\u0161kinimo komfort\u0105 - Transtoyou","og_description":"Metoklopramidas gerina vir\u0161kinim\u0105, ma\u017eina pykinim\u0105 ir pilvo p\u016btim\u0105. \u012esigykite Transtoyou jau dabar.","og_url":"https:\/\/www.transtoyou.com\/lt\/product\/metoclopramide\/","og_site_name":"Transtoyou - LT","article_modified_time":"2026-02-25T08:04:06+00:00","twitter_card":"summary_large_image","twitter_misc":{"Est. reading time":"1 minut\u0117"},"schema":{"@context":"https:\/\/schema.org","@graph":[{"@type":"WebPage","@id":"https:\/\/www.transtoyou.com\/lt\/product\/metoclopramide\/","url":"https:\/\/www.transtoyou.com\/lt\/product\/metoclopramide\/","name":"Metoklopramidas | Pagerinkite vir\u0161kinimo komfort\u0105 - Transtoyou","isPartOf":{"@id":"https:\/\/www.transtoyou.com\/lt\/#website"},"primaryImageOfPage":{"@id":"https:\/\/www.transtoyou.com\/lt\/product\/metoclopramide\/#primaryimage"},"image":{"@id":"https:\/\/www.transtoyou.com\/lt\/product\/metoclopramide\/#primaryimage"},"thumbnailUrl":"https:\/\/www.transtoyou.com\/lt\/wp-content\/uploads\/sites\/9\/2026\/01\/tty-no-product-image-102.webp","datePublished":"2026-01-24T09:58:00+00:00","dateModified":"2026-02-25T08:04:06+00:00","description":"Metoklopramidas gerina vir\u0161kinim\u0105, ma\u017eina pykinim\u0105 ir pilvo p\u016btim\u0105. \u012esigykite Transtoyou jau dabar.","breadcrumb":{"@id":"https:\/\/www.transtoyou.com\/lt\/product\/metoclopramide\/#breadcrumb"},"inLanguage":"lt-LT","potentialAction":[{"@type":"ReadAction","target":["https:\/\/www.transtoyou.com\/lt\/product\/metoclopramide\/"]}]},{"@type":"ImageObject","inLanguage":"lt-LT","@id":"https:\/\/www.transtoyou.com\/lt\/product\/metoclopramide\/#primaryimage","url":"https:\/\/www.transtoyou.com\/lt\/wp-content\/uploads\/sites\/9\/2026\/01\/tty-no-product-image-102.webp","contentUrl":"https:\/\/www.transtoyou.com\/lt\/wp-content\/uploads\/sites\/9\/2026\/01\/tty-no-product-image-102.webp","width":1000,"height":1000,"caption":"Numatytasis produkto vaizdas"},{"@type":"WebSite","@id":"https:\/\/www.transtoyou.com\/lt\/#website","url":"https:\/\/www.transtoyou.com\/lt\/","name":"Transtoyou - LT","description":"","publisher":{"@id":"https:\/\/www.transtoyou.com\/lt\/#organization"},"potentialAction":[{"@type":"SearchAction","target":{"@type":"EntryPoint","urlTemplate":"https:\/\/www.transtoyou.com\/lt\/?s={search_term_string}"},"query-input":{"@type":"PropertyValueSpecification","valueRequired":true,"valueName":"search_term_string"}}],"inLanguage":"lt-LT"},{"@type":"Organization","@id":"https:\/\/www.transtoyou.com\/lt\/#organization","name":"Transtoyou - LT","url":"https:\/\/www.transtoyou.com\/lt\/","logo":{"@type":"ImageObject","inLanguage":"lt-LT","@id":"https:\/\/www.transtoyou.com\/lt\/#\/schema\/logo\/image\/","url":"https:\/\/www.transtoyou.com\/lt\/wp-content\/uploads\/sites\/9\/2026\/01\/logo-tty-menu-bar-300x87-1.webp","contentUrl":"https:\/\/www.transtoyou.com\/lt\/wp-content\/uploads\/sites\/9\/2026\/01\/logo-tty-menu-bar-300x87-1.webp","width":300,"height":87,"caption":"Transtoyou - LT"},"image":{"@id":"https:\/\/www.transtoyou.com\/lt\/#\/schema\/logo\/image\/"}}]}},"_links":{"self":[{"href":"https:\/\/www.transtoyou.com\/lt\/wp-json\/wp\/v2\/product\/1011","targetHints":{"allow":["GET"]}}],"collection":[{"href":"https:\/\/www.transtoyou.com\/lt\/wp-json\/wp\/v2\/product"}],"about":[{"href":"https:\/\/www.transtoyou.com\/lt\/wp-json\/wp\/v2\/types\/product"}],"replies":[{"embeddable":true,"href":"https:\/\/www.transtoyou.com\/lt\/wp-json\/wp\/v2\/comments?post=1011"}],"wp:featuredmedia":[{"embeddable":true,"href":"https:\/\/www.transtoyou.com\/lt\/wp-json\/wp\/v2\/media\/1013"}],"wp:attachment":[{"href":"https:\/\/www.transtoyou.com\/lt\/wp-json\/wp\/v2\/media?parent=1011"}],"wp:term":[{"taxonomy":"product_brand","embeddable":true,"href":"https:\/\/www.transtoyou.com\/lt\/wp-json\/wp\/v2\/product_brand?post=1011"},{"taxonomy":"product_cat","embeddable":true,"href":"https:\/\/www.transtoyou.com\/lt\/wp-json\/wp\/v2\/product_cat?post=1011"},{"taxonomy":"product_tag","embeddable":true,"href":"https:\/\/www.transtoyou.com\/lt\/wp-json\/wp\/v2\/product_tag?post=1011"},{"taxonomy":"expert","embeddable":true,"href":"https:\/\/www.transtoyou.com\/lt\/wp-json\/wp\/v2\/expert?post=1011"}],"curies":[{"name":"wp","href":"https:\/\/api.w.org\/{rel}","templated":true}]}}