{"id":1014,"date":"2026-01-24T12:14:47","date_gmt":"2026-01-24T10:14:47","guid":{"rendered":"https:\/\/www.transtoyou.com\/lt\/product\/primolut-n\/"},"modified":"2026-03-01T14:11:25","modified_gmt":"2026-03-01T12:11:25","slug":"primolut-n","status":"publish","type":"product","link":"https:\/\/www.transtoyou.com\/lt\/product\/primolut-n\/","title":{"rendered":"Primolut N"},"content":{"rendered":"<p>Primolut N yra tablet\u0117, kurioje yra noretisterono, sintetinio progestageno, naudojamo menstruacinio ciklo valdymui ir manipuliavimui. Ji da\u017enai skiriama atid\u0117ti menstruacijas trumpalaikiais tikslais, tokiais kaip kelion\u0117s, sportas ar ypatingi \u012fvykiai, taip pat naudojama ciklo slopinimui atveju, kai menstruacijos yra nereguliarios, gausios ar skausmingos.<\/p>\n<p>Primolut N veikia palaikydama auk\u0161t\u0105 progestageno lyg\u012f organizme, kuris u\u017ekerta keli\u0105 hormoniniam kritimui, kuris paprastai sukelia menstruacijas. Kai tablet\u0117s nutraukiamos, hormon\u0173 lygis krenta ir \u012fvyksta atsitraukimo kraujavimas, pana\u0161us \u012f nat\u016bralias menstruacijas. \u0160is mechanizmas leid\u017eia vartotojams kontroliuoti, kada prasideda j\u0173 menstruacijos.<\/p>\n<p>Primolut N tinka asmenims, kurie pageidauja trumpalaikio ir estrogen\u0173 neturin\u010dio b\u016bdo valdyti savo ciklus. Paprastai ji pradedama vartoti kelias dienas prie\u0161 numatomas menstruacijas ir vartojama tiek, kiek pageidaujama atid\u0117ti menstruacijas. Medicininiais tikslais ji taip pat gali b\u016bti naudojama ilgesn\u0117se gydymo schemose, pri\u017ei\u016brint gydytojui.<\/p>\n<p>Tablet\u0117 yra lengvai vartojama ir gerai toleruojama daugumos. Ji nesuteikia kontracepcijos, tod\u0117l papildoma apsauga reikalinga, jei taip pat nerimaujama d\u0117l n\u0117\u0161tumo. Nutraukus vartojim\u0105, nat\u016bralus ciklas paprastai greitai atsistato.<\/p>\n","protected":false},"excerpt":{"rendered":"<ul>\n<li>Atid\u0117ja menstruacijas<\/li>\n<li>Tablet\u0117, kurioje yra tik progestogenas<\/li>\n<li>Tinkama trumpalaikiam naudojimui<\/li>\n<\/ul>\n","protected":false},"featured_media":1016,"comment_status":"open","ping_status":"closed","template":"","meta":[],"product_brand":[],"product_cat":[149,148],"product_tag":[],"expert":[21],"class_list":{"0":"post-1014","1":"product","2":"type-product","3":"status-publish","4":"has-post-thumbnail","6":"product_cat-menstruacijos-atidejimas","7":"product_cat-menstruaciju-slopinimas","8":"expert-dr-m-sharoyko","10":"first","11":"instock","12":"shipping-taxable","13":"product-type-variable"},"yoast_head":"<!-- This site is optimized with the Yoast SEO plugin v27.0 - https:\/\/yoast.com\/product\/yoast-seo-wordpress\/ -->\n<title>Primolut N | Hormon\u0173 pusiausvyros palaikymas - Transtoyou<\/title>\n<meta name=\"description\" content=\"Atraskite Primolut N Transtoyou, dabar prieinama. Efektyviai valdykite menstruacin\u012f cikl\u0105 su \u0161iuo patikimu sprendimu. Pirkite dr\u0105siai \u0161iandien.\" \/>\n<meta name=\"robots\" content=\"noindex, follow, max-snippet:-1, max-image-preview:large, max-video-preview:-1\" \/>\n<meta property=\"og:locale\" content=\"lt_LT\" \/>\n<meta property=\"og:type\" content=\"article\" \/>\n<meta property=\"og:title\" content=\"Primolut N | Hormon\u0173 pusiausvyros palaikymas - Transtoyou\" \/>\n<meta property=\"og:description\" content=\"Atraskite Primolut N Transtoyou, dabar prieinama. Efektyviai valdykite menstruacin\u012f cikl\u0105 su \u0161iuo patikimu sprendimu. Pirkite dr\u0105siai \u0161iandien.\" \/>\n<meta property=\"og:url\" content=\"https:\/\/www.transtoyou.com\/lt\/product\/primolut-n\/\" \/>\n<meta property=\"og:site_name\" content=\"Transtoyou - LT\" \/>\n<meta property=\"article:modified_time\" content=\"2026-03-01T12:11:25+00:00\" \/>\n<meta name=\"twitter:card\" content=\"summary_large_image\" \/>\n<meta name=\"twitter:label1\" content=\"Est. reading time\" \/>\n\t<meta name=\"twitter:data1\" content=\"1 minut\u0117\" \/>\n<script type=\"application\/ld+json\" class=\"yoast-schema-graph\">{\"@context\":\"https:\/\/schema.org\",\"@graph\":[{\"@type\":\"WebPage\",\"@id\":\"https:\/\/www.transtoyou.com\/lt\/product\/primolut-n\/\",\"url\":\"https:\/\/www.transtoyou.com\/lt\/product\/primolut-n\/\",\"name\":\"Primolut N | Hormon\u0173 pusiausvyros palaikymas - Transtoyou\",\"isPartOf\":{\"@id\":\"https:\/\/www.transtoyou.com\/lt\/#website\"},\"primaryImageOfPage\":{\"@id\":\"https:\/\/www.transtoyou.com\/lt\/product\/primolut-n\/#primaryimage\"},\"image\":{\"@id\":\"https:\/\/www.transtoyou.com\/lt\/product\/primolut-n\/#primaryimage\"},\"thumbnailUrl\":\"https:\/\/www.transtoyou.com\/lt\/wp-content\/uploads\/sites\/9\/2026\/01\/tty-no-product-image-103.webp\",\"datePublished\":\"2026-01-24T10:14:47+00:00\",\"dateModified\":\"2026-03-01T12:11:25+00:00\",\"description\":\"Atraskite Primolut N Transtoyou, dabar prieinama. Efektyviai valdykite menstruacin\u012f cikl\u0105 su \u0161iuo patikimu sprendimu. Pirkite dr\u0105siai \u0161iandien.\",\"breadcrumb\":{\"@id\":\"https:\/\/www.transtoyou.com\/lt\/product\/primolut-n\/#breadcrumb\"},\"inLanguage\":\"lt-LT\",\"potentialAction\":[{\"@type\":\"ReadAction\",\"target\":[\"https:\/\/www.transtoyou.com\/lt\/product\/primolut-n\/\"]}]},{\"@type\":\"ImageObject\",\"inLanguage\":\"lt-LT\",\"@id\":\"https:\/\/www.transtoyou.com\/lt\/product\/primolut-n\/#primaryimage\",\"url\":\"https:\/\/www.transtoyou.com\/lt\/wp-content\/uploads\/sites\/9\/2026\/01\/tty-no-product-image-103.webp\",\"contentUrl\":\"https:\/\/www.transtoyou.com\/lt\/wp-content\/uploads\/sites\/9\/2026\/01\/tty-no-product-image-103.webp\",\"width\":1000,\"height\":1000,\"caption\":\"Numatytasis produkto vaizdas\"},{\"@type\":\"WebSite\",\"@id\":\"https:\/\/www.transtoyou.com\/lt\/#website\",\"url\":\"https:\/\/www.transtoyou.com\/lt\/\",\"name\":\"Transtoyou - LT\",\"description\":\"\",\"publisher\":{\"@id\":\"https:\/\/www.transtoyou.com\/lt\/#organization\"},\"potentialAction\":[{\"@type\":\"SearchAction\",\"target\":{\"@type\":\"EntryPoint\",\"urlTemplate\":\"https:\/\/www.transtoyou.com\/lt\/?s={search_term_string}\"},\"query-input\":{\"@type\":\"PropertyValueSpecification\",\"valueRequired\":true,\"valueName\":\"search_term_string\"}}],\"inLanguage\":\"lt-LT\"},{\"@type\":\"Organization\",\"@id\":\"https:\/\/www.transtoyou.com\/lt\/#organization\",\"name\":\"Transtoyou - LT\",\"url\":\"https:\/\/www.transtoyou.com\/lt\/\",\"logo\":{\"@type\":\"ImageObject\",\"inLanguage\":\"lt-LT\",\"@id\":\"https:\/\/www.transtoyou.com\/lt\/#\/schema\/logo\/image\/\",\"url\":\"https:\/\/www.transtoyou.com\/lt\/wp-content\/uploads\/sites\/9\/2026\/01\/logo-tty-menu-bar-300x87-1.webp\",\"contentUrl\":\"https:\/\/www.transtoyou.com\/lt\/wp-content\/uploads\/sites\/9\/2026\/01\/logo-tty-menu-bar-300x87-1.webp\",\"width\":300,\"height\":87,\"caption\":\"Transtoyou - LT\"},\"image\":{\"@id\":\"https:\/\/www.transtoyou.com\/lt\/#\/schema\/logo\/image\/\"}}]}<\/script>\n<!-- \/ Yoast SEO plugin. -->","yoast_head_json":{"title":"Primolut N | Hormon\u0173 pusiausvyros palaikymas - Transtoyou","description":"Atraskite Primolut N Transtoyou, dabar prieinama. Efektyviai valdykite menstruacin\u012f cikl\u0105 su \u0161iuo patikimu sprendimu. Pirkite dr\u0105siai \u0161iandien.","robots":{"index":"noindex","follow":"follow","max-snippet":"max-snippet:-1","max-image-preview":"max-image-preview:large","max-video-preview":"max-video-preview:-1"},"og_locale":"lt_LT","og_type":"article","og_title":"Primolut N | Hormon\u0173 pusiausvyros palaikymas - Transtoyou","og_description":"Atraskite Primolut N Transtoyou, dabar prieinama. Efektyviai valdykite menstruacin\u012f cikl\u0105 su \u0161iuo patikimu sprendimu. Pirkite dr\u0105siai \u0161iandien.","og_url":"https:\/\/www.transtoyou.com\/lt\/product\/primolut-n\/","og_site_name":"Transtoyou - LT","article_modified_time":"2026-03-01T12:11:25+00:00","twitter_card":"summary_large_image","twitter_misc":{"Est. reading time":"1 minut\u0117"},"schema":{"@context":"https:\/\/schema.org","@graph":[{"@type":"WebPage","@id":"https:\/\/www.transtoyou.com\/lt\/product\/primolut-n\/","url":"https:\/\/www.transtoyou.com\/lt\/product\/primolut-n\/","name":"Primolut N | Hormon\u0173 pusiausvyros palaikymas - Transtoyou","isPartOf":{"@id":"https:\/\/www.transtoyou.com\/lt\/#website"},"primaryImageOfPage":{"@id":"https:\/\/www.transtoyou.com\/lt\/product\/primolut-n\/#primaryimage"},"image":{"@id":"https:\/\/www.transtoyou.com\/lt\/product\/primolut-n\/#primaryimage"},"thumbnailUrl":"https:\/\/www.transtoyou.com\/lt\/wp-content\/uploads\/sites\/9\/2026\/01\/tty-no-product-image-103.webp","datePublished":"2026-01-24T10:14:47+00:00","dateModified":"2026-03-01T12:11:25+00:00","description":"Atraskite Primolut N Transtoyou, dabar prieinama. Efektyviai valdykite menstruacin\u012f cikl\u0105 su \u0161iuo patikimu sprendimu. Pirkite dr\u0105siai \u0161iandien.","breadcrumb":{"@id":"https:\/\/www.transtoyou.com\/lt\/product\/primolut-n\/#breadcrumb"},"inLanguage":"lt-LT","potentialAction":[{"@type":"ReadAction","target":["https:\/\/www.transtoyou.com\/lt\/product\/primolut-n\/"]}]},{"@type":"ImageObject","inLanguage":"lt-LT","@id":"https:\/\/www.transtoyou.com\/lt\/product\/primolut-n\/#primaryimage","url":"https:\/\/www.transtoyou.com\/lt\/wp-content\/uploads\/sites\/9\/2026\/01\/tty-no-product-image-103.webp","contentUrl":"https:\/\/www.transtoyou.com\/lt\/wp-content\/uploads\/sites\/9\/2026\/01\/tty-no-product-image-103.webp","width":1000,"height":1000,"caption":"Numatytasis produkto vaizdas"},{"@type":"WebSite","@id":"https:\/\/www.transtoyou.com\/lt\/#website","url":"https:\/\/www.transtoyou.com\/lt\/","name":"Transtoyou - LT","description":"","publisher":{"@id":"https:\/\/www.transtoyou.com\/lt\/#organization"},"potentialAction":[{"@type":"SearchAction","target":{"@type":"EntryPoint","urlTemplate":"https:\/\/www.transtoyou.com\/lt\/?s={search_term_string}"},"query-input":{"@type":"PropertyValueSpecification","valueRequired":true,"valueName":"search_term_string"}}],"inLanguage":"lt-LT"},{"@type":"Organization","@id":"https:\/\/www.transtoyou.com\/lt\/#organization","name":"Transtoyou - LT","url":"https:\/\/www.transtoyou.com\/lt\/","logo":{"@type":"ImageObject","inLanguage":"lt-LT","@id":"https:\/\/www.transtoyou.com\/lt\/#\/schema\/logo\/image\/","url":"https:\/\/www.transtoyou.com\/lt\/wp-content\/uploads\/sites\/9\/2026\/01\/logo-tty-menu-bar-300x87-1.webp","contentUrl":"https:\/\/www.transtoyou.com\/lt\/wp-content\/uploads\/sites\/9\/2026\/01\/logo-tty-menu-bar-300x87-1.webp","width":300,"height":87,"caption":"Transtoyou - LT"},"image":{"@id":"https:\/\/www.transtoyou.com\/lt\/#\/schema\/logo\/image\/"}}]}},"_links":{"self":[{"href":"https:\/\/www.transtoyou.com\/lt\/wp-json\/wp\/v2\/product\/1014","targetHints":{"allow":["GET"]}}],"collection":[{"href":"https:\/\/www.transtoyou.com\/lt\/wp-json\/wp\/v2\/product"}],"about":[{"href":"https:\/\/www.transtoyou.com\/lt\/wp-json\/wp\/v2\/types\/product"}],"replies":[{"embeddable":true,"href":"https:\/\/www.transtoyou.com\/lt\/wp-json\/wp\/v2\/comments?post=1014"}],"wp:featuredmedia":[{"embeddable":true,"href":"https:\/\/www.transtoyou.com\/lt\/wp-json\/wp\/v2\/media\/1016"}],"wp:attachment":[{"href":"https:\/\/www.transtoyou.com\/lt\/wp-json\/wp\/v2\/media?parent=1014"}],"wp:term":[{"taxonomy":"product_brand","embeddable":true,"href":"https:\/\/www.transtoyou.com\/lt\/wp-json\/wp\/v2\/product_brand?post=1014"},{"taxonomy":"product_cat","embeddable":true,"href":"https:\/\/www.transtoyou.com\/lt\/wp-json\/wp\/v2\/product_cat?post=1014"},{"taxonomy":"product_tag","embeddable":true,"href":"https:\/\/www.transtoyou.com\/lt\/wp-json\/wp\/v2\/product_tag?post=1014"},{"taxonomy":"expert","embeddable":true,"href":"https:\/\/www.transtoyou.com\/lt\/wp-json\/wp\/v2\/expert?post=1014"}],"curies":[{"name":"wp","href":"https:\/\/api.w.org\/{rel}","templated":true}]}}