{"id":1017,"date":"2026-01-24T12:28:18","date_gmt":"2026-01-24T10:28:18","guid":{"rendered":"https:\/\/www.transtoyou.com\/lt\/product\/cerazette\/"},"modified":"2026-01-24T12:29:19","modified_gmt":"2026-01-24T10:29:19","slug":"cerazette","status":"publish","type":"product","link":"https:\/\/www.transtoyou.com\/lt\/product\/cerazette\/","title":{"rendered":"Cerazette"},"content":{"rendered":"<p>Cerazette yra tik progestageno turintis geriamasis kontraceptikas, dar \u017einomas kaip mini piliul\u0117. Jis turi desogestrelio, kuris u\u017ekerta keli\u0105 n\u0117\u0161tumui slopindamas ovuliacij\u0105, tir\u0161tindamas gimdos kaklelio gleives ir keisdamas gimdos gleivin\u0119, kad suma\u017eint\u0173 implantacijos tikimyb\u0119. Skirtingai nuo kombinuot\u0173 piliuli\u0173, Cerazette neturi estrogeno, tod\u0117l jis tinka \u017emon\u0117ms, kurie yra jautr\u016bs arba turi kontraindikacij\u0173 estrogen\u0105 turin\u010diai kontracepcijai.<\/p>\n<p>Be kontraceptini\u0173 efekt\u0173, Cerazette da\u017enai naudojamas menstruacij\u0173 slopinimui. Daugelis vartotoj\u0173 patiria lengvesnes menstruacijas, nereguliar\u0173 kraujavim\u0105 arba amenor\u0117j\u0105 (menstruacij\u0173 nebuvim\u0105) vartodami Cerazette. Tai gali b\u016bti naudinga \u017emon\u0117ms, turintiems gausias ar skausmingas ciklus arba tiems, kurie siekia ilgalaikio ciklo kontrol\u0117s.<\/p>\n<p>Cerazette vartojamas kart\u0105 per dien\u0105 tuo pa\u010diu metu kiekvien\u0105 dien\u0105 be pertrauk\u0173 tarp pakuo\u010di\u0173. Svarbu laikytis nuoseklaus laiko, nes praleidus doz\u0119 daugiau nei 12 valand\u0173 gali suma\u017e\u0117ti kontraceptinis efektyvumas. Kontraceptin\u0117 apsauga prasideda po 48 valand\u0173 nuo pirmos tablet\u0117s vartojimo (jei ji nebuvo vartojama pirm\u0105 menstruacij\u0173 ciklo dien\u0105), o Cerazette laikomas saugiu vartoti \u017eindymo laikotarpiu.<\/p>\n<p>Cerazette si\u016blo paprast\u0105, estrogeno neturin\u010di\u0105 galimyb\u0119 patikimai kontracepcijai ir menstruacij\u0173 slopinimui su kasdien\u0117s tablet\u0117s patogumu.<\/p>\n","protected":false},"excerpt":{"rendered":"<ul>\n<li>Progestogen\u0173 tik dienos kontraceptikas<\/li>\n<li>Tinkamas estrogenui jautriems vartotojams<\/li>\n<li>Padeda slopinti menstruacijas<\/li>\n<\/ul>\n","protected":false},"featured_media":1019,"comment_status":"open","ping_status":"closed","template":"","meta":[],"product_brand":[],"product_cat":[148,152],"product_tag":[],"expert":[21],"class_list":{"0":"post-1017","1":"product","2":"type-product","3":"status-publish","4":"has-post-thumbnail","6":"product_cat-menstruaciju-slopinimas","7":"product_cat-mini-tablete","8":"expert-dr-m-sharoyko","10":"first","11":"instock","12":"shipping-taxable","13":"product-type-variable"},"yoast_head":"<!-- This site is optimized with the Yoast SEO plugin v27.0 - https:\/\/yoast.com\/product\/yoast-seo-wordpress\/ -->\n<title>Cerazette | Efektyvi kontraceptin\u0117 priemon\u0117 - Transtoyou<\/title>\n<meta name=\"description\" content=\"Atraskite Cerazette, prieinamas Transtoyou. Pasinaudokite patikima kontraceptine apsauga. Pirkite dabar ir lengvai pasiekite patikimus sveikatos sprendimus.\" \/>\n<meta name=\"robots\" content=\"noindex, follow, max-snippet:-1, max-image-preview:large, max-video-preview:-1\" \/>\n<meta property=\"og:locale\" content=\"lt_LT\" \/>\n<meta property=\"og:type\" content=\"article\" \/>\n<meta property=\"og:title\" content=\"Cerazette | Efektyvi kontraceptin\u0117 priemon\u0117 - Transtoyou\" \/>\n<meta property=\"og:description\" content=\"Atraskite Cerazette, prieinamas Transtoyou. Pasinaudokite patikima kontraceptine apsauga. Pirkite dabar ir lengvai pasiekite patikimus sveikatos sprendimus.\" \/>\n<meta property=\"og:url\" content=\"https:\/\/www.transtoyou.com\/lt\/product\/cerazette\/\" \/>\n<meta property=\"og:site_name\" content=\"Transtoyou - LT\" \/>\n<meta property=\"article:modified_time\" content=\"2026-01-24T10:29:19+00:00\" \/>\n<meta name=\"twitter:card\" content=\"summary_large_image\" \/>\n<meta name=\"twitter:label1\" content=\"Est. reading time\" \/>\n\t<meta name=\"twitter:data1\" content=\"1 minut\u0117\" \/>\n<script type=\"application\/ld+json\" class=\"yoast-schema-graph\">{\"@context\":\"https:\/\/schema.org\",\"@graph\":[{\"@type\":\"WebPage\",\"@id\":\"https:\/\/www.transtoyou.com\/lt\/product\/cerazette\/\",\"url\":\"https:\/\/www.transtoyou.com\/lt\/product\/cerazette\/\",\"name\":\"Cerazette | Efektyvi kontraceptin\u0117 priemon\u0117 - Transtoyou\",\"isPartOf\":{\"@id\":\"https:\/\/www.transtoyou.com\/lt\/#website\"},\"primaryImageOfPage\":{\"@id\":\"https:\/\/www.transtoyou.com\/lt\/product\/cerazette\/#primaryimage\"},\"image\":{\"@id\":\"https:\/\/www.transtoyou.com\/lt\/product\/cerazette\/#primaryimage\"},\"thumbnailUrl\":\"https:\/\/www.transtoyou.com\/lt\/wp-content\/uploads\/sites\/9\/2026\/01\/tty-no-product-image-104.webp\",\"datePublished\":\"2026-01-24T10:28:18+00:00\",\"dateModified\":\"2026-01-24T10:29:19+00:00\",\"description\":\"Atraskite Cerazette, prieinamas Transtoyou. Pasinaudokite patikima kontraceptine apsauga. Pirkite dabar ir lengvai pasiekite patikimus sveikatos sprendimus.\",\"breadcrumb\":{\"@id\":\"https:\/\/www.transtoyou.com\/lt\/product\/cerazette\/#breadcrumb\"},\"inLanguage\":\"lt-LT\",\"potentialAction\":[{\"@type\":\"ReadAction\",\"target\":[\"https:\/\/www.transtoyou.com\/lt\/product\/cerazette\/\"]}]},{\"@type\":\"ImageObject\",\"inLanguage\":\"lt-LT\",\"@id\":\"https:\/\/www.transtoyou.com\/lt\/product\/cerazette\/#primaryimage\",\"url\":\"https:\/\/www.transtoyou.com\/lt\/wp-content\/uploads\/sites\/9\/2026\/01\/tty-no-product-image-104.webp\",\"contentUrl\":\"https:\/\/www.transtoyou.com\/lt\/wp-content\/uploads\/sites\/9\/2026\/01\/tty-no-product-image-104.webp\",\"width\":1000,\"height\":1000,\"caption\":\"Numatytas produkto vaizdas\"},{\"@type\":\"WebSite\",\"@id\":\"https:\/\/www.transtoyou.com\/lt\/#website\",\"url\":\"https:\/\/www.transtoyou.com\/lt\/\",\"name\":\"Transtoyou - LT\",\"description\":\"\",\"publisher\":{\"@id\":\"https:\/\/www.transtoyou.com\/lt\/#organization\"},\"potentialAction\":[{\"@type\":\"SearchAction\",\"target\":{\"@type\":\"EntryPoint\",\"urlTemplate\":\"https:\/\/www.transtoyou.com\/lt\/?s={search_term_string}\"},\"query-input\":{\"@type\":\"PropertyValueSpecification\",\"valueRequired\":true,\"valueName\":\"search_term_string\"}}],\"inLanguage\":\"lt-LT\"},{\"@type\":\"Organization\",\"@id\":\"https:\/\/www.transtoyou.com\/lt\/#organization\",\"name\":\"Transtoyou - LT\",\"url\":\"https:\/\/www.transtoyou.com\/lt\/\",\"logo\":{\"@type\":\"ImageObject\",\"inLanguage\":\"lt-LT\",\"@id\":\"https:\/\/www.transtoyou.com\/lt\/#\/schema\/logo\/image\/\",\"url\":\"https:\/\/www.transtoyou.com\/lt\/wp-content\/uploads\/sites\/9\/2026\/01\/logo-tty-menu-bar-300x87-1.webp\",\"contentUrl\":\"https:\/\/www.transtoyou.com\/lt\/wp-content\/uploads\/sites\/9\/2026\/01\/logo-tty-menu-bar-300x87-1.webp\",\"width\":300,\"height\":87,\"caption\":\"Transtoyou - LT\"},\"image\":{\"@id\":\"https:\/\/www.transtoyou.com\/lt\/#\/schema\/logo\/image\/\"}}]}<\/script>\n<!-- \/ Yoast SEO plugin. -->","yoast_head_json":{"title":"Cerazette | Efektyvi kontraceptin\u0117 priemon\u0117 - Transtoyou","description":"Atraskite Cerazette, prieinamas Transtoyou. Pasinaudokite patikima kontraceptine apsauga. Pirkite dabar ir lengvai pasiekite patikimus sveikatos sprendimus.","robots":{"index":"noindex","follow":"follow","max-snippet":"max-snippet:-1","max-image-preview":"max-image-preview:large","max-video-preview":"max-video-preview:-1"},"og_locale":"lt_LT","og_type":"article","og_title":"Cerazette | Efektyvi kontraceptin\u0117 priemon\u0117 - Transtoyou","og_description":"Atraskite Cerazette, prieinamas Transtoyou. Pasinaudokite patikima kontraceptine apsauga. Pirkite dabar ir lengvai pasiekite patikimus sveikatos sprendimus.","og_url":"https:\/\/www.transtoyou.com\/lt\/product\/cerazette\/","og_site_name":"Transtoyou - LT","article_modified_time":"2026-01-24T10:29:19+00:00","twitter_card":"summary_large_image","twitter_misc":{"Est. reading time":"1 minut\u0117"},"schema":{"@context":"https:\/\/schema.org","@graph":[{"@type":"WebPage","@id":"https:\/\/www.transtoyou.com\/lt\/product\/cerazette\/","url":"https:\/\/www.transtoyou.com\/lt\/product\/cerazette\/","name":"Cerazette | Efektyvi kontraceptin\u0117 priemon\u0117 - Transtoyou","isPartOf":{"@id":"https:\/\/www.transtoyou.com\/lt\/#website"},"primaryImageOfPage":{"@id":"https:\/\/www.transtoyou.com\/lt\/product\/cerazette\/#primaryimage"},"image":{"@id":"https:\/\/www.transtoyou.com\/lt\/product\/cerazette\/#primaryimage"},"thumbnailUrl":"https:\/\/www.transtoyou.com\/lt\/wp-content\/uploads\/sites\/9\/2026\/01\/tty-no-product-image-104.webp","datePublished":"2026-01-24T10:28:18+00:00","dateModified":"2026-01-24T10:29:19+00:00","description":"Atraskite Cerazette, prieinamas Transtoyou. Pasinaudokite patikima kontraceptine apsauga. Pirkite dabar ir lengvai pasiekite patikimus sveikatos sprendimus.","breadcrumb":{"@id":"https:\/\/www.transtoyou.com\/lt\/product\/cerazette\/#breadcrumb"},"inLanguage":"lt-LT","potentialAction":[{"@type":"ReadAction","target":["https:\/\/www.transtoyou.com\/lt\/product\/cerazette\/"]}]},{"@type":"ImageObject","inLanguage":"lt-LT","@id":"https:\/\/www.transtoyou.com\/lt\/product\/cerazette\/#primaryimage","url":"https:\/\/www.transtoyou.com\/lt\/wp-content\/uploads\/sites\/9\/2026\/01\/tty-no-product-image-104.webp","contentUrl":"https:\/\/www.transtoyou.com\/lt\/wp-content\/uploads\/sites\/9\/2026\/01\/tty-no-product-image-104.webp","width":1000,"height":1000,"caption":"Numatytas produkto vaizdas"},{"@type":"WebSite","@id":"https:\/\/www.transtoyou.com\/lt\/#website","url":"https:\/\/www.transtoyou.com\/lt\/","name":"Transtoyou - LT","description":"","publisher":{"@id":"https:\/\/www.transtoyou.com\/lt\/#organization"},"potentialAction":[{"@type":"SearchAction","target":{"@type":"EntryPoint","urlTemplate":"https:\/\/www.transtoyou.com\/lt\/?s={search_term_string}"},"query-input":{"@type":"PropertyValueSpecification","valueRequired":true,"valueName":"search_term_string"}}],"inLanguage":"lt-LT"},{"@type":"Organization","@id":"https:\/\/www.transtoyou.com\/lt\/#organization","name":"Transtoyou - LT","url":"https:\/\/www.transtoyou.com\/lt\/","logo":{"@type":"ImageObject","inLanguage":"lt-LT","@id":"https:\/\/www.transtoyou.com\/lt\/#\/schema\/logo\/image\/","url":"https:\/\/www.transtoyou.com\/lt\/wp-content\/uploads\/sites\/9\/2026\/01\/logo-tty-menu-bar-300x87-1.webp","contentUrl":"https:\/\/www.transtoyou.com\/lt\/wp-content\/uploads\/sites\/9\/2026\/01\/logo-tty-menu-bar-300x87-1.webp","width":300,"height":87,"caption":"Transtoyou - LT"},"image":{"@id":"https:\/\/www.transtoyou.com\/lt\/#\/schema\/logo\/image\/"}}]}},"_links":{"self":[{"href":"https:\/\/www.transtoyou.com\/lt\/wp-json\/wp\/v2\/product\/1017","targetHints":{"allow":["GET"]}}],"collection":[{"href":"https:\/\/www.transtoyou.com\/lt\/wp-json\/wp\/v2\/product"}],"about":[{"href":"https:\/\/www.transtoyou.com\/lt\/wp-json\/wp\/v2\/types\/product"}],"replies":[{"embeddable":true,"href":"https:\/\/www.transtoyou.com\/lt\/wp-json\/wp\/v2\/comments?post=1017"}],"wp:featuredmedia":[{"embeddable":true,"href":"https:\/\/www.transtoyou.com\/lt\/wp-json\/wp\/v2\/media\/1019"}],"wp:attachment":[{"href":"https:\/\/www.transtoyou.com\/lt\/wp-json\/wp\/v2\/media?parent=1017"}],"wp:term":[{"taxonomy":"product_brand","embeddable":true,"href":"https:\/\/www.transtoyou.com\/lt\/wp-json\/wp\/v2\/product_brand?post=1017"},{"taxonomy":"product_cat","embeddable":true,"href":"https:\/\/www.transtoyou.com\/lt\/wp-json\/wp\/v2\/product_cat?post=1017"},{"taxonomy":"product_tag","embeddable":true,"href":"https:\/\/www.transtoyou.com\/lt\/wp-json\/wp\/v2\/product_tag?post=1017"},{"taxonomy":"expert","embeddable":true,"href":"https:\/\/www.transtoyou.com\/lt\/wp-json\/wp\/v2\/expert?post=1017"}],"curies":[{"name":"wp","href":"https:\/\/api.w.org\/{rel}","templated":true}]}}