{"id":1020,"date":"2026-01-24T12:42:17","date_gmt":"2026-01-24T10:42:17","guid":{"rendered":"https:\/\/www.transtoyou.com\/lt\/product\/desogestrel\/"},"modified":"2026-01-24T12:43:23","modified_gmt":"2026-01-24T10:43:23","slug":"desogestrel","status":"publish","type":"product","link":"https:\/\/www.transtoyou.com\/lt\/product\/desogestrel\/","title":{"rendered":"Desogestrel"},"content":{"rendered":"<p>Desogestrel yra tik progestageno kontraceptin\u0117 tablet\u0117, da\u017enai vadinama mini piliule. Ji turi ma\u017e\u0105 sintetin\u0117s hormono desogestrel doz\u0119, kuri naudojama n\u0117\u0161tumui u\u017ekirsti. Skirtingai nuo kombinuot\u0173 geriam\u0173j\u0173 kontraceptik\u0173, Desogestrel neturi estrogeno. Tai daro j\u0105 pageidaujamu pasirinkimu tiems, kurie negali toleruoti estrogeno arba maitina kr\u016btimi.<\/p>\n<p>Pagrindinis Desogestrel veikimas yra ovuliacijos slopinimas, tai rei\u0161kia, kad ji neleid\u017eia kiau\u0161iniui i\u0161siskirti i\u0161 kiau\u0161id\u0117s. Ji taip pat sutir\u0161tina gimdos kaklelio gleives, tod\u0117l spermatozoidams sunkiau pasiekti kiau\u0161in\u012f, ir kei\u010dia gimdos gleivin\u0119, kad suma\u017eint\u0173 implantacijos galimyb\u0119. \u0160ie deriniai daro j\u0105 patikima ir diskreti\u0161ka hormonin\u0117s kontracepcijos forma.<\/p>\n<p>Desogestrel reikia vartoti kiekvien\u0105 dien\u0105 tuo pa\u010diu metu, be joki\u0173 table\u010di\u0173 be pertrauk\u0173. N\u0117ra table\u010di\u0173 be pertrauk\u0173 dien\u0173, ir kiekvienas pakuot\u0117 vartojama nuosekliai. Jei tablet\u0117 yra pavartota daugiau nei dvylika valand\u0173 v\u0117liau, jos veiksmingumas gali suma\u017e\u0117ti, ir trumpam gali prireikti papildom\u0173 kontraceptini\u0173 metod\u0173.<\/p>\n<p>Daugelis vartotoj\u0173 patiria poky\u010dius savo menstruaciniame cikle vartodami Desogestrel. Tai gali apimti nereguliar\u0173 kraujavim\u0105, d\u0117m\u0117jim\u0105 ar menstruacij\u0173 nebuvim\u0105 (amenor\u0117ja). \u0160ie poky\u010diai yra \u012fprasti ir paprastai n\u0117ra prie\u017eastis nerimauti. Desogestrel yra paprastas ir veiksmingas pasirinkimas tiems, kurie pageidauja tik progestageno metodo, kuris tinka kasdieniam ritmui.<\/p>\n","protected":false},"excerpt":{"rendered":"<ul>\n<li>Estrogen\u0173 neturintis kasdienis kontraceptikas<\/li>\n<li>U\u017ekerta keli\u0105 ovuliacijai ir sutir\u0161tina gimdos kaklelio gleives<\/li>\n<li>Tinka \u017eindymo laikotarpiu<\/li>\n<\/ul>\n","protected":false},"featured_media":1022,"comment_status":"open","ping_status":"closed","template":"","meta":[],"product_brand":[],"product_cat":[152],"product_tag":[],"expert":[21],"class_list":{"0":"post-1020","1":"product","2":"type-product","3":"status-publish","4":"has-post-thumbnail","6":"product_cat-mini-tablete","7":"expert-dr-m-sharoyko","9":"first","10":"instock","11":"shipping-taxable","12":"product-type-variable"},"yoast_head":"<!-- This site is optimized with the Yoast SEO plugin v27.0 - https:\/\/yoast.com\/product\/yoast-seo-wordpress\/ -->\n<title>Desogestrel | Estrogen\u0173 neturinti mini tablet\u0117 - Transtoyou<\/title>\n<meta name=\"description\" content=\"Desogestrel mini piliul\u0117, pirkite dabar patikimai, be estrogeno kontracepcijai. Puikiai tinka maitinan\u010dioms ar estrogenui netoleruojan\u010dioms vartotojoms.\" \/>\n<meta name=\"robots\" content=\"noindex, follow, max-snippet:-1, max-image-preview:large, max-video-preview:-1\" \/>\n<meta property=\"og:locale\" content=\"lt_LT\" \/>\n<meta property=\"og:type\" content=\"article\" \/>\n<meta property=\"og:title\" content=\"Desogestrel | Estrogen\u0173 neturinti mini tablet\u0117 - Transtoyou\" \/>\n<meta property=\"og:description\" content=\"Desogestrel mini piliul\u0117, pirkite dabar patikimai, be estrogeno kontracepcijai. Puikiai tinka maitinan\u010dioms ar estrogenui netoleruojan\u010dioms vartotojoms.\" \/>\n<meta property=\"og:url\" content=\"https:\/\/www.transtoyou.com\/lt\/product\/desogestrel\/\" \/>\n<meta property=\"og:site_name\" content=\"Transtoyou - LT\" \/>\n<meta property=\"article:modified_time\" content=\"2026-01-24T10:43:23+00:00\" \/>\n<meta name=\"twitter:card\" content=\"summary_large_image\" \/>\n<meta name=\"twitter:label1\" content=\"Est. reading time\" \/>\n\t<meta name=\"twitter:data1\" content=\"1 minut\u0117\" \/>\n<script type=\"application\/ld+json\" class=\"yoast-schema-graph\">{\"@context\":\"https:\/\/schema.org\",\"@graph\":[{\"@type\":\"WebPage\",\"@id\":\"https:\/\/www.transtoyou.com\/lt\/product\/desogestrel\/\",\"url\":\"https:\/\/www.transtoyou.com\/lt\/product\/desogestrel\/\",\"name\":\"Desogestrel | Estrogen\u0173 neturinti mini tablet\u0117 - Transtoyou\",\"isPartOf\":{\"@id\":\"https:\/\/www.transtoyou.com\/lt\/#website\"},\"primaryImageOfPage\":{\"@id\":\"https:\/\/www.transtoyou.com\/lt\/product\/desogestrel\/#primaryimage\"},\"image\":{\"@id\":\"https:\/\/www.transtoyou.com\/lt\/product\/desogestrel\/#primaryimage\"},\"thumbnailUrl\":\"https:\/\/www.transtoyou.com\/lt\/wp-content\/uploads\/sites\/9\/2026\/01\/tty-no-product-image-105.webp\",\"datePublished\":\"2026-01-24T10:42:17+00:00\",\"dateModified\":\"2026-01-24T10:43:23+00:00\",\"description\":\"Desogestrel mini piliul\u0117, pirkite dabar patikimai, be estrogeno kontracepcijai. Puikiai tinka maitinan\u010dioms ar estrogenui netoleruojan\u010dioms vartotojoms.\",\"breadcrumb\":{\"@id\":\"https:\/\/www.transtoyou.com\/lt\/product\/desogestrel\/#breadcrumb\"},\"inLanguage\":\"lt-LT\",\"potentialAction\":[{\"@type\":\"ReadAction\",\"target\":[\"https:\/\/www.transtoyou.com\/lt\/product\/desogestrel\/\"]}]},{\"@type\":\"ImageObject\",\"inLanguage\":\"lt-LT\",\"@id\":\"https:\/\/www.transtoyou.com\/lt\/product\/desogestrel\/#primaryimage\",\"url\":\"https:\/\/www.transtoyou.com\/lt\/wp-content\/uploads\/sites\/9\/2026\/01\/tty-no-product-image-105.webp\",\"contentUrl\":\"https:\/\/www.transtoyou.com\/lt\/wp-content\/uploads\/sites\/9\/2026\/01\/tty-no-product-image-105.webp\",\"width\":1000,\"height\":1000,\"caption\":\"Numatytas produkto vaizdas\"},{\"@type\":\"WebSite\",\"@id\":\"https:\/\/www.transtoyou.com\/lt\/#website\",\"url\":\"https:\/\/www.transtoyou.com\/lt\/\",\"name\":\"Transtoyou - LT\",\"description\":\"\",\"publisher\":{\"@id\":\"https:\/\/www.transtoyou.com\/lt\/#organization\"},\"potentialAction\":[{\"@type\":\"SearchAction\",\"target\":{\"@type\":\"EntryPoint\",\"urlTemplate\":\"https:\/\/www.transtoyou.com\/lt\/?s={search_term_string}\"},\"query-input\":{\"@type\":\"PropertyValueSpecification\",\"valueRequired\":true,\"valueName\":\"search_term_string\"}}],\"inLanguage\":\"lt-LT\"},{\"@type\":\"Organization\",\"@id\":\"https:\/\/www.transtoyou.com\/lt\/#organization\",\"name\":\"Transtoyou - LT\",\"url\":\"https:\/\/www.transtoyou.com\/lt\/\",\"logo\":{\"@type\":\"ImageObject\",\"inLanguage\":\"lt-LT\",\"@id\":\"https:\/\/www.transtoyou.com\/lt\/#\/schema\/logo\/image\/\",\"url\":\"https:\/\/www.transtoyou.com\/lt\/wp-content\/uploads\/sites\/9\/2026\/01\/logo-tty-menu-bar-300x87-1.webp\",\"contentUrl\":\"https:\/\/www.transtoyou.com\/lt\/wp-content\/uploads\/sites\/9\/2026\/01\/logo-tty-menu-bar-300x87-1.webp\",\"width\":300,\"height\":87,\"caption\":\"Transtoyou - LT\"},\"image\":{\"@id\":\"https:\/\/www.transtoyou.com\/lt\/#\/schema\/logo\/image\/\"}}]}<\/script>\n<!-- \/ Yoast SEO plugin. -->","yoast_head_json":{"title":"Desogestrel | Estrogen\u0173 neturinti mini tablet\u0117 - Transtoyou","description":"Desogestrel mini piliul\u0117, pirkite dabar patikimai, be estrogeno kontracepcijai. Puikiai tinka maitinan\u010dioms ar estrogenui netoleruojan\u010dioms vartotojoms.","robots":{"index":"noindex","follow":"follow","max-snippet":"max-snippet:-1","max-image-preview":"max-image-preview:large","max-video-preview":"max-video-preview:-1"},"og_locale":"lt_LT","og_type":"article","og_title":"Desogestrel | Estrogen\u0173 neturinti mini tablet\u0117 - Transtoyou","og_description":"Desogestrel mini piliul\u0117, pirkite dabar patikimai, be estrogeno kontracepcijai. Puikiai tinka maitinan\u010dioms ar estrogenui netoleruojan\u010dioms vartotojoms.","og_url":"https:\/\/www.transtoyou.com\/lt\/product\/desogestrel\/","og_site_name":"Transtoyou - LT","article_modified_time":"2026-01-24T10:43:23+00:00","twitter_card":"summary_large_image","twitter_misc":{"Est. reading time":"1 minut\u0117"},"schema":{"@context":"https:\/\/schema.org","@graph":[{"@type":"WebPage","@id":"https:\/\/www.transtoyou.com\/lt\/product\/desogestrel\/","url":"https:\/\/www.transtoyou.com\/lt\/product\/desogestrel\/","name":"Desogestrel | Estrogen\u0173 neturinti mini tablet\u0117 - Transtoyou","isPartOf":{"@id":"https:\/\/www.transtoyou.com\/lt\/#website"},"primaryImageOfPage":{"@id":"https:\/\/www.transtoyou.com\/lt\/product\/desogestrel\/#primaryimage"},"image":{"@id":"https:\/\/www.transtoyou.com\/lt\/product\/desogestrel\/#primaryimage"},"thumbnailUrl":"https:\/\/www.transtoyou.com\/lt\/wp-content\/uploads\/sites\/9\/2026\/01\/tty-no-product-image-105.webp","datePublished":"2026-01-24T10:42:17+00:00","dateModified":"2026-01-24T10:43:23+00:00","description":"Desogestrel mini piliul\u0117, pirkite dabar patikimai, be estrogeno kontracepcijai. Puikiai tinka maitinan\u010dioms ar estrogenui netoleruojan\u010dioms vartotojoms.","breadcrumb":{"@id":"https:\/\/www.transtoyou.com\/lt\/product\/desogestrel\/#breadcrumb"},"inLanguage":"lt-LT","potentialAction":[{"@type":"ReadAction","target":["https:\/\/www.transtoyou.com\/lt\/product\/desogestrel\/"]}]},{"@type":"ImageObject","inLanguage":"lt-LT","@id":"https:\/\/www.transtoyou.com\/lt\/product\/desogestrel\/#primaryimage","url":"https:\/\/www.transtoyou.com\/lt\/wp-content\/uploads\/sites\/9\/2026\/01\/tty-no-product-image-105.webp","contentUrl":"https:\/\/www.transtoyou.com\/lt\/wp-content\/uploads\/sites\/9\/2026\/01\/tty-no-product-image-105.webp","width":1000,"height":1000,"caption":"Numatytas produkto vaizdas"},{"@type":"WebSite","@id":"https:\/\/www.transtoyou.com\/lt\/#website","url":"https:\/\/www.transtoyou.com\/lt\/","name":"Transtoyou - LT","description":"","publisher":{"@id":"https:\/\/www.transtoyou.com\/lt\/#organization"},"potentialAction":[{"@type":"SearchAction","target":{"@type":"EntryPoint","urlTemplate":"https:\/\/www.transtoyou.com\/lt\/?s={search_term_string}"},"query-input":{"@type":"PropertyValueSpecification","valueRequired":true,"valueName":"search_term_string"}}],"inLanguage":"lt-LT"},{"@type":"Organization","@id":"https:\/\/www.transtoyou.com\/lt\/#organization","name":"Transtoyou - LT","url":"https:\/\/www.transtoyou.com\/lt\/","logo":{"@type":"ImageObject","inLanguage":"lt-LT","@id":"https:\/\/www.transtoyou.com\/lt\/#\/schema\/logo\/image\/","url":"https:\/\/www.transtoyou.com\/lt\/wp-content\/uploads\/sites\/9\/2026\/01\/logo-tty-menu-bar-300x87-1.webp","contentUrl":"https:\/\/www.transtoyou.com\/lt\/wp-content\/uploads\/sites\/9\/2026\/01\/logo-tty-menu-bar-300x87-1.webp","width":300,"height":87,"caption":"Transtoyou - LT"},"image":{"@id":"https:\/\/www.transtoyou.com\/lt\/#\/schema\/logo\/image\/"}}]}},"_links":{"self":[{"href":"https:\/\/www.transtoyou.com\/lt\/wp-json\/wp\/v2\/product\/1020","targetHints":{"allow":["GET"]}}],"collection":[{"href":"https:\/\/www.transtoyou.com\/lt\/wp-json\/wp\/v2\/product"}],"about":[{"href":"https:\/\/www.transtoyou.com\/lt\/wp-json\/wp\/v2\/types\/product"}],"replies":[{"embeddable":true,"href":"https:\/\/www.transtoyou.com\/lt\/wp-json\/wp\/v2\/comments?post=1020"}],"wp:featuredmedia":[{"embeddable":true,"href":"https:\/\/www.transtoyou.com\/lt\/wp-json\/wp\/v2\/media\/1022"}],"wp:attachment":[{"href":"https:\/\/www.transtoyou.com\/lt\/wp-json\/wp\/v2\/media?parent=1020"}],"wp:term":[{"taxonomy":"product_brand","embeddable":true,"href":"https:\/\/www.transtoyou.com\/lt\/wp-json\/wp\/v2\/product_brand?post=1020"},{"taxonomy":"product_cat","embeddable":true,"href":"https:\/\/www.transtoyou.com\/lt\/wp-json\/wp\/v2\/product_cat?post=1020"},{"taxonomy":"product_tag","embeddable":true,"href":"https:\/\/www.transtoyou.com\/lt\/wp-json\/wp\/v2\/product_tag?post=1020"},{"taxonomy":"expert","embeddable":true,"href":"https:\/\/www.transtoyou.com\/lt\/wp-json\/wp\/v2\/expert?post=1020"}],"curies":[{"name":"wp","href":"https:\/\/api.w.org\/{rel}","templated":true}]}}