{"id":1026,"date":"2026-01-24T19:49:25","date_gmt":"2026-01-24T17:49:25","guid":{"rendered":"https:\/\/www.transtoyou.com\/lt\/product\/proscar\/"},"modified":"2026-03-02T13:26:57","modified_gmt":"2026-03-02T11:26:57","slug":"proscar","status":"publish","type":"product","link":"https:\/\/www.transtoyou.com\/lt\/product\/proscar\/","title":{"rendered":"Proscar"},"content":{"rendered":"<p>Proscar yra receptinis vaistas, naudojamas gerybin\u0117s prostatos hiperplazijos, da\u017enai vadinamos padid\u0117jusia prostata, gydymui. Jame yra finasterido, 5-alfa-reduktaz\u0117s inhibitoriaus, kuris veikia ma\u017eindamas dihidrotestosterono, hormono, skatinan\u010dio prostatos augim\u0105, lygius. Suma\u017eindamas hormon\u0173 lygius, Proscar padeda suma\u017einti prostat\u0105, pagerinti \u0161lapimo sraut\u0105 ir palengvinti susijusius simptomus.<\/p>\n<p>Padid\u0117jusi prostata gali sukelti da\u017en\u0105 \u0161lapinim\u0105si, silpn\u0105 sraut\u0105, sunkum\u0173 pradedant ar sustabdant \u0161lapinim\u0105si ir sutrikdyt\u0105 mieg\u0105 d\u0117l naktinio \u0161lapinimosi. Proscar sprend\u017eia \u0161ias problemas palaipsniui ma\u017eindamas prostatos dyd\u012f ir lengvindamas spaudim\u0105 \u0161lapl\u0117je. \u0160is procesas da\u017enai trunka kelis m\u0117nesius, ta\u010diau gali \u017eymiai pagerinti komfort\u0105 ir gyvenimo kokyb\u0119 laikui b\u0117gant.<\/p>\n<p>Proscar vartojamas kaip vien\u0105 kart\u0105 per dien\u0105 geriama tablet\u0117 ir paprastai skiriamas ilgalaikiam naudojimui. Jis gali b\u016bti vartojamas vienas arba kartu su kitais vaistais, tokiais kaip alfa blokatoriai, vyrams, turintiems sunkesnius simptomus. Nors kai kurie vartotojai patiria lengv\u0173 \u0161alutini\u0173 poveiki\u0173, toki\u0173 kaip suma\u017e\u0117jusi lytin\u0117 potraukis arba ejakuliacijos poky\u010diai, \u0161ie poveikiai da\u017enai b\u016bna laikini ir suma\u017e\u0117ja t\u0119siant vartojim\u0105.<\/p>\n<p>Svarbu pa\u017eym\u0117ti, kad Proscar suma\u017eina prostatos specifinio antigento (PSA) lygius, kurie matuojami prostatos v\u0117\u017eio patikros metu. Sveikatos prie\u017ei\u016bros specialistai tai atsi\u017evelgs interpretuodami rezultatus.<\/p>\n","protected":false},"excerpt":{"rendered":"<ul>\n<li>Gydo padid\u0117jusi\u0105 prostat\u0105<\/li>\n<li>Pagerina \u0161lapimo sraut\u0105<\/li>\n<li>Kasdien\u0117 geriama tablet\u0117<\/li>\n<\/ul>\n","protected":false},"featured_media":1028,"comment_status":"open","ping_status":"closed","template":"","meta":[],"product_brand":[],"product_cat":[158],"product_tag":[],"expert":[18],"class_list":{"0":"post-1026","1":"product","2":"type-product","3":"status-publish","4":"has-post-thumbnail","6":"product_cat-prostatos-sveikata","7":"expert-dr-g-varbanov","9":"first","10":"instock","11":"shipping-taxable","12":"product-type-variable"},"yoast_head":"<!-- This site is optimized with the Yoast SEO plugin v27.0 - https:\/\/yoast.com\/product\/yoast-seo-wordpress\/ -->\n<title>Proscar | Efektyvi prostatos pagalba - Transtoyou<\/title>\n<meta name=\"description\" content=\"Proscar gydo padid\u0117jusi\u0105 prostat\u0105, suma\u017eindamas simptomus. Pagerinkite savo gyvenimo kokyb\u0119, dabar prieinama Transtoyou.\" \/>\n<meta name=\"robots\" content=\"noindex, follow, max-snippet:-1, max-image-preview:large, max-video-preview:-1\" \/>\n<meta property=\"og:locale\" content=\"lt_LT\" \/>\n<meta property=\"og:type\" content=\"article\" \/>\n<meta property=\"og:title\" content=\"Proscar | Efektyvi prostatos pagalba - Transtoyou\" \/>\n<meta property=\"og:description\" content=\"Proscar gydo padid\u0117jusi\u0105 prostat\u0105, suma\u017eindamas simptomus. Pagerinkite savo gyvenimo kokyb\u0119, dabar prieinama Transtoyou.\" \/>\n<meta property=\"og:url\" content=\"https:\/\/www.transtoyou.com\/lt\/product\/proscar\/\" \/>\n<meta property=\"og:site_name\" content=\"Transtoyou - LT\" \/>\n<meta property=\"article:modified_time\" content=\"2026-03-02T11:26:57+00:00\" \/>\n<meta name=\"twitter:card\" content=\"summary_large_image\" \/>\n<meta name=\"twitter:label1\" content=\"Est. reading time\" \/>\n\t<meta name=\"twitter:data1\" content=\"1 minut\u0117\" \/>\n<script type=\"application\/ld+json\" class=\"yoast-schema-graph\">{\"@context\":\"https:\/\/schema.org\",\"@graph\":[{\"@type\":\"WebPage\",\"@id\":\"https:\/\/www.transtoyou.com\/lt\/product\/proscar\/\",\"url\":\"https:\/\/www.transtoyou.com\/lt\/product\/proscar\/\",\"name\":\"Proscar | Efektyvi prostatos pagalba - Transtoyou\",\"isPartOf\":{\"@id\":\"https:\/\/www.transtoyou.com\/lt\/#website\"},\"primaryImageOfPage\":{\"@id\":\"https:\/\/www.transtoyou.com\/lt\/product\/proscar\/#primaryimage\"},\"image\":{\"@id\":\"https:\/\/www.transtoyou.com\/lt\/product\/proscar\/#primaryimage\"},\"thumbnailUrl\":\"https:\/\/www.transtoyou.com\/lt\/wp-content\/uploads\/sites\/9\/2026\/01\/tty-no-product-image-107.webp\",\"datePublished\":\"2026-01-24T17:49:25+00:00\",\"dateModified\":\"2026-03-02T11:26:57+00:00\",\"description\":\"Proscar gydo padid\u0117jusi\u0105 prostat\u0105, suma\u017eindamas simptomus. Pagerinkite savo gyvenimo kokyb\u0119, dabar prieinama Transtoyou.\",\"breadcrumb\":{\"@id\":\"https:\/\/www.transtoyou.com\/lt\/product\/proscar\/#breadcrumb\"},\"inLanguage\":\"lt-LT\",\"potentialAction\":[{\"@type\":\"ReadAction\",\"target\":[\"https:\/\/www.transtoyou.com\/lt\/product\/proscar\/\"]}]},{\"@type\":\"ImageObject\",\"inLanguage\":\"lt-LT\",\"@id\":\"https:\/\/www.transtoyou.com\/lt\/product\/proscar\/#primaryimage\",\"url\":\"https:\/\/www.transtoyou.com\/lt\/wp-content\/uploads\/sites\/9\/2026\/01\/tty-no-product-image-107.webp\",\"contentUrl\":\"https:\/\/www.transtoyou.com\/lt\/wp-content\/uploads\/sites\/9\/2026\/01\/tty-no-product-image-107.webp\",\"width\":1000,\"height\":1000,\"caption\":\"Numatytas produkto vaizdas\"},{\"@type\":\"WebSite\",\"@id\":\"https:\/\/www.transtoyou.com\/lt\/#website\",\"url\":\"https:\/\/www.transtoyou.com\/lt\/\",\"name\":\"Transtoyou - LT\",\"description\":\"\",\"publisher\":{\"@id\":\"https:\/\/www.transtoyou.com\/lt\/#organization\"},\"potentialAction\":[{\"@type\":\"SearchAction\",\"target\":{\"@type\":\"EntryPoint\",\"urlTemplate\":\"https:\/\/www.transtoyou.com\/lt\/?s={search_term_string}\"},\"query-input\":{\"@type\":\"PropertyValueSpecification\",\"valueRequired\":true,\"valueName\":\"search_term_string\"}}],\"inLanguage\":\"lt-LT\"},{\"@type\":\"Organization\",\"@id\":\"https:\/\/www.transtoyou.com\/lt\/#organization\",\"name\":\"Transtoyou - LT\",\"url\":\"https:\/\/www.transtoyou.com\/lt\/\",\"logo\":{\"@type\":\"ImageObject\",\"inLanguage\":\"lt-LT\",\"@id\":\"https:\/\/www.transtoyou.com\/lt\/#\/schema\/logo\/image\/\",\"url\":\"https:\/\/www.transtoyou.com\/lt\/wp-content\/uploads\/sites\/9\/2026\/01\/logo-tty-menu-bar-300x87-1.webp\",\"contentUrl\":\"https:\/\/www.transtoyou.com\/lt\/wp-content\/uploads\/sites\/9\/2026\/01\/logo-tty-menu-bar-300x87-1.webp\",\"width\":300,\"height\":87,\"caption\":\"Transtoyou - LT\"},\"image\":{\"@id\":\"https:\/\/www.transtoyou.com\/lt\/#\/schema\/logo\/image\/\"}}]}<\/script>\n<!-- \/ Yoast SEO plugin. -->","yoast_head_json":{"title":"Proscar | Efektyvi prostatos pagalba - Transtoyou","description":"Proscar gydo padid\u0117jusi\u0105 prostat\u0105, suma\u017eindamas simptomus. Pagerinkite savo gyvenimo kokyb\u0119, dabar prieinama Transtoyou.","robots":{"index":"noindex","follow":"follow","max-snippet":"max-snippet:-1","max-image-preview":"max-image-preview:large","max-video-preview":"max-video-preview:-1"},"og_locale":"lt_LT","og_type":"article","og_title":"Proscar | Efektyvi prostatos pagalba - Transtoyou","og_description":"Proscar gydo padid\u0117jusi\u0105 prostat\u0105, suma\u017eindamas simptomus. Pagerinkite savo gyvenimo kokyb\u0119, dabar prieinama Transtoyou.","og_url":"https:\/\/www.transtoyou.com\/lt\/product\/proscar\/","og_site_name":"Transtoyou - LT","article_modified_time":"2026-03-02T11:26:57+00:00","twitter_card":"summary_large_image","twitter_misc":{"Est. reading time":"1 minut\u0117"},"schema":{"@context":"https:\/\/schema.org","@graph":[{"@type":"WebPage","@id":"https:\/\/www.transtoyou.com\/lt\/product\/proscar\/","url":"https:\/\/www.transtoyou.com\/lt\/product\/proscar\/","name":"Proscar | Efektyvi prostatos pagalba - Transtoyou","isPartOf":{"@id":"https:\/\/www.transtoyou.com\/lt\/#website"},"primaryImageOfPage":{"@id":"https:\/\/www.transtoyou.com\/lt\/product\/proscar\/#primaryimage"},"image":{"@id":"https:\/\/www.transtoyou.com\/lt\/product\/proscar\/#primaryimage"},"thumbnailUrl":"https:\/\/www.transtoyou.com\/lt\/wp-content\/uploads\/sites\/9\/2026\/01\/tty-no-product-image-107.webp","datePublished":"2026-01-24T17:49:25+00:00","dateModified":"2026-03-02T11:26:57+00:00","description":"Proscar gydo padid\u0117jusi\u0105 prostat\u0105, suma\u017eindamas simptomus. Pagerinkite savo gyvenimo kokyb\u0119, dabar prieinama Transtoyou.","breadcrumb":{"@id":"https:\/\/www.transtoyou.com\/lt\/product\/proscar\/#breadcrumb"},"inLanguage":"lt-LT","potentialAction":[{"@type":"ReadAction","target":["https:\/\/www.transtoyou.com\/lt\/product\/proscar\/"]}]},{"@type":"ImageObject","inLanguage":"lt-LT","@id":"https:\/\/www.transtoyou.com\/lt\/product\/proscar\/#primaryimage","url":"https:\/\/www.transtoyou.com\/lt\/wp-content\/uploads\/sites\/9\/2026\/01\/tty-no-product-image-107.webp","contentUrl":"https:\/\/www.transtoyou.com\/lt\/wp-content\/uploads\/sites\/9\/2026\/01\/tty-no-product-image-107.webp","width":1000,"height":1000,"caption":"Numatytas produkto vaizdas"},{"@type":"WebSite","@id":"https:\/\/www.transtoyou.com\/lt\/#website","url":"https:\/\/www.transtoyou.com\/lt\/","name":"Transtoyou - LT","description":"","publisher":{"@id":"https:\/\/www.transtoyou.com\/lt\/#organization"},"potentialAction":[{"@type":"SearchAction","target":{"@type":"EntryPoint","urlTemplate":"https:\/\/www.transtoyou.com\/lt\/?s={search_term_string}"},"query-input":{"@type":"PropertyValueSpecification","valueRequired":true,"valueName":"search_term_string"}}],"inLanguage":"lt-LT"},{"@type":"Organization","@id":"https:\/\/www.transtoyou.com\/lt\/#organization","name":"Transtoyou - LT","url":"https:\/\/www.transtoyou.com\/lt\/","logo":{"@type":"ImageObject","inLanguage":"lt-LT","@id":"https:\/\/www.transtoyou.com\/lt\/#\/schema\/logo\/image\/","url":"https:\/\/www.transtoyou.com\/lt\/wp-content\/uploads\/sites\/9\/2026\/01\/logo-tty-menu-bar-300x87-1.webp","contentUrl":"https:\/\/www.transtoyou.com\/lt\/wp-content\/uploads\/sites\/9\/2026\/01\/logo-tty-menu-bar-300x87-1.webp","width":300,"height":87,"caption":"Transtoyou - LT"},"image":{"@id":"https:\/\/www.transtoyou.com\/lt\/#\/schema\/logo\/image\/"}}]}},"_links":{"self":[{"href":"https:\/\/www.transtoyou.com\/lt\/wp-json\/wp\/v2\/product\/1026","targetHints":{"allow":["GET"]}}],"collection":[{"href":"https:\/\/www.transtoyou.com\/lt\/wp-json\/wp\/v2\/product"}],"about":[{"href":"https:\/\/www.transtoyou.com\/lt\/wp-json\/wp\/v2\/types\/product"}],"replies":[{"embeddable":true,"href":"https:\/\/www.transtoyou.com\/lt\/wp-json\/wp\/v2\/comments?post=1026"}],"wp:featuredmedia":[{"embeddable":true,"href":"https:\/\/www.transtoyou.com\/lt\/wp-json\/wp\/v2\/media\/1028"}],"wp:attachment":[{"href":"https:\/\/www.transtoyou.com\/lt\/wp-json\/wp\/v2\/media?parent=1026"}],"wp:term":[{"taxonomy":"product_brand","embeddable":true,"href":"https:\/\/www.transtoyou.com\/lt\/wp-json\/wp\/v2\/product_brand?post=1026"},{"taxonomy":"product_cat","embeddable":true,"href":"https:\/\/www.transtoyou.com\/lt\/wp-json\/wp\/v2\/product_cat?post=1026"},{"taxonomy":"product_tag","embeddable":true,"href":"https:\/\/www.transtoyou.com\/lt\/wp-json\/wp\/v2\/product_tag?post=1026"},{"taxonomy":"expert","embeddable":true,"href":"https:\/\/www.transtoyou.com\/lt\/wp-json\/wp\/v2\/expert?post=1026"}],"curies":[{"name":"wp","href":"https:\/\/api.w.org\/{rel}","templated":true}]}}