{"id":1029,"date":"2026-01-24T20:06:27","date_gmt":"2026-01-24T18:06:27","guid":{"rendered":"https:\/\/www.transtoyou.com\/lt\/product\/efracea-oracea\/"},"modified":"2026-01-24T20:07:36","modified_gmt":"2026-01-24T18:07:36","slug":"efracea-oracea","status":"publish","type":"product","link":"https:\/\/www.transtoyou.com\/lt\/product\/efracea-oracea\/","title":{"rendered":"Efracea (Oracea)"},"content":{"rendered":"<p>Efracea, dar \u017einomas savo tarptautiniu pavadinimu Oracea, yra vartojamas kart\u0105 per dien\u0105 peroralinis gydymas, skirtas valdyti u\u017edegimines lesions ir pa\u016bm\u0117jimus, susijusius su ro\u017eine. Jame yra ma\u017eos, kontroliuojamos i\u0161siskyrimo doz\u0117s doksiciklino. Skirtingai nuo antibiotik\u0173, naudojam\u0173 kovai su infekcijomis, Efracea klasifikuojamas kaip neantimikrobinis prie\u0161u\u017edegiminis gydymas, tai rei\u0161kia, kad jis taikosi \u012f odos u\u017edegim\u0105, neskatindamas bakterij\u0173 atsparumo.<\/p>\n<p>Ro\u017ein\u0117 yra l\u0117tin\u0117 odos b\u016bkl\u0117, kuri sukelia paraudim\u0105, matomas kraujagysles ir kartais spuogams pana\u0161ius i\u0161kilimus, ypa\u010d centrin\u0117je veido dalyje. Efracea padeda suma\u017einti \u0161iuos i\u0161kilimus ir p\u016blinukus, slopindamas u\u017edegimin\u012f atsak\u0105 odoje. Laikui b\u0117gant, nuoseklus naudojimas gali lemti \u0161varesn\u0119 od\u0105, ma\u017eiau pa\u016bm\u0117jim\u0173 ir diskomforto suma\u017e\u0117jim\u0105.<\/p>\n<p>\u0160i ma\u017eos doz\u0117s formul\u0117 yra specialiai sukurta ilgalaikiam naudojimui ir neveikia kaip \u012fprastas antibiotikas. Ji veikia palaipsniui, o matomas pager\u0117jimas da\u017enai pasirei\u0161kia per keturias iki \u0161e\u0161ias savaites. Kadangi ji nesiremia antibakteriniu poveikiu, Efracea ma\u017eiau tik\u0117tina, kad sutrikdys organizmo nat\u016brali\u0105 flor\u0105 ir n\u0117ra skirta bakterin\u0117ms infekcijoms gydyti.<\/p>\n<p>Efracea paprastai gerai toleruojamas, ta\u010diau kai kurie vartotojai gali patirti vir\u0161kinimo sutrikim\u0173, saul\u0117s jautrumo ar burnos d\u017ei\u016bvimo. Jo negalima vartoti su pienu ar antacidais, nes tai gali trukdyti absorbcijai. \u0160is vaistas n\u0117ra tinkamas vartoti n\u0117\u0161tumo metu ar \u017eindymo laikotarpiu.<\/p>\n","protected":false},"excerpt":{"rendered":"<ul>\n<li>Viena kart\u0105 per dien\u0105 vartojama peroralin\u0117 gydymo priemon\u0117<\/li>\n<li>Ma\u017eina ro\u017ein\u0117s u\u017edegim\u0105<\/li>\n<li>Nebakterinis poveikis ma\u017eomis doz\u0117mis<\/li>\n<\/ul>\n","protected":false},"featured_media":1031,"comment_status":"open","ping_status":"closed","template":"","meta":[],"product_brand":[],"product_cat":[160],"product_tag":[],"expert":[18],"class_list":{"0":"post-1029","1":"product","2":"type-product","3":"status-publish","4":"has-post-thumbnail","6":"product_cat-rosacea","7":"expert-dr-g-varbanov","9":"first","10":"instock","11":"shipping-taxable","12":"product-type-variable"},"yoast_head":"<!-- This site is optimized with the Yoast SEO plugin v27.0 - https:\/\/yoast.com\/product\/yoast-seo-wordpress\/ -->\n<title>Efracea (Oracea) | Ai\u0161kesn\u0117 oda, prie\u0161u\u017edegiminis - Transtoyou<\/title>\n<meta name=\"description\" content=\"Atraskite Efracea, geriam\u0105j\u012f gydym\u0105 ro\u017einei. M\u0117gaukit\u0117s \u0161varesne oda su jo prie\u0161u\u017edegimin\u0117mis savyb\u0117mis. Dabar prieinama Transtoyou.\" \/>\n<meta name=\"robots\" content=\"noindex, follow, max-snippet:-1, max-image-preview:large, max-video-preview:-1\" \/>\n<meta property=\"og:locale\" content=\"lt_LT\" \/>\n<meta property=\"og:type\" content=\"article\" \/>\n<meta property=\"og:title\" content=\"Efracea (Oracea) | Ai\u0161kesn\u0117 oda, prie\u0161u\u017edegiminis - Transtoyou\" \/>\n<meta property=\"og:description\" content=\"Atraskite Efracea, geriam\u0105j\u012f gydym\u0105 ro\u017einei. M\u0117gaukit\u0117s \u0161varesne oda su jo prie\u0161u\u017edegimin\u0117mis savyb\u0117mis. Dabar prieinama Transtoyou.\" \/>\n<meta property=\"og:url\" content=\"https:\/\/www.transtoyou.com\/lt\/product\/efracea-oracea\/\" \/>\n<meta property=\"og:site_name\" content=\"Transtoyou - LT\" \/>\n<meta property=\"article:modified_time\" content=\"2026-01-24T18:07:36+00:00\" \/>\n<meta name=\"twitter:card\" content=\"summary_large_image\" \/>\n<meta name=\"twitter:label1\" content=\"Est. reading time\" \/>\n\t<meta name=\"twitter:data1\" content=\"1 minut\u0117\" \/>\n<script type=\"application\/ld+json\" class=\"yoast-schema-graph\">{\"@context\":\"https:\/\/schema.org\",\"@graph\":[{\"@type\":\"WebPage\",\"@id\":\"https:\/\/www.transtoyou.com\/lt\/product\/efracea-oracea\/\",\"url\":\"https:\/\/www.transtoyou.com\/lt\/product\/efracea-oracea\/\",\"name\":\"Efracea (Oracea) | Ai\u0161kesn\u0117 oda, prie\u0161u\u017edegiminis - Transtoyou\",\"isPartOf\":{\"@id\":\"https:\/\/www.transtoyou.com\/lt\/#website\"},\"primaryImageOfPage\":{\"@id\":\"https:\/\/www.transtoyou.com\/lt\/product\/efracea-oracea\/#primaryimage\"},\"image\":{\"@id\":\"https:\/\/www.transtoyou.com\/lt\/product\/efracea-oracea\/#primaryimage\"},\"thumbnailUrl\":\"https:\/\/www.transtoyou.com\/lt\/wp-content\/uploads\/sites\/9\/2026\/01\/tty-no-product-image-108.webp\",\"datePublished\":\"2026-01-24T18:06:27+00:00\",\"dateModified\":\"2026-01-24T18:07:36+00:00\",\"description\":\"Atraskite Efracea, geriam\u0105j\u012f gydym\u0105 ro\u017einei. M\u0117gaukit\u0117s \u0161varesne oda su jo prie\u0161u\u017edegimin\u0117mis savyb\u0117mis. Dabar prieinama Transtoyou.\",\"breadcrumb\":{\"@id\":\"https:\/\/www.transtoyou.com\/lt\/product\/efracea-oracea\/#breadcrumb\"},\"inLanguage\":\"lt-LT\",\"potentialAction\":[{\"@type\":\"ReadAction\",\"target\":[\"https:\/\/www.transtoyou.com\/lt\/product\/efracea-oracea\/\"]}]},{\"@type\":\"ImageObject\",\"inLanguage\":\"lt-LT\",\"@id\":\"https:\/\/www.transtoyou.com\/lt\/product\/efracea-oracea\/#primaryimage\",\"url\":\"https:\/\/www.transtoyou.com\/lt\/wp-content\/uploads\/sites\/9\/2026\/01\/tty-no-product-image-108.webp\",\"contentUrl\":\"https:\/\/www.transtoyou.com\/lt\/wp-content\/uploads\/sites\/9\/2026\/01\/tty-no-product-image-108.webp\",\"width\":1000,\"height\":1000,\"caption\":\"Numatytas produkto vaizdas\"},{\"@type\":\"WebSite\",\"@id\":\"https:\/\/www.transtoyou.com\/lt\/#website\",\"url\":\"https:\/\/www.transtoyou.com\/lt\/\",\"name\":\"Transtoyou - LT\",\"description\":\"\",\"publisher\":{\"@id\":\"https:\/\/www.transtoyou.com\/lt\/#organization\"},\"potentialAction\":[{\"@type\":\"SearchAction\",\"target\":{\"@type\":\"EntryPoint\",\"urlTemplate\":\"https:\/\/www.transtoyou.com\/lt\/?s={search_term_string}\"},\"query-input\":{\"@type\":\"PropertyValueSpecification\",\"valueRequired\":true,\"valueName\":\"search_term_string\"}}],\"inLanguage\":\"lt-LT\"},{\"@type\":\"Organization\",\"@id\":\"https:\/\/www.transtoyou.com\/lt\/#organization\",\"name\":\"Transtoyou - LT\",\"url\":\"https:\/\/www.transtoyou.com\/lt\/\",\"logo\":{\"@type\":\"ImageObject\",\"inLanguage\":\"lt-LT\",\"@id\":\"https:\/\/www.transtoyou.com\/lt\/#\/schema\/logo\/image\/\",\"url\":\"https:\/\/www.transtoyou.com\/lt\/wp-content\/uploads\/sites\/9\/2026\/01\/logo-tty-menu-bar-300x87-1.webp\",\"contentUrl\":\"https:\/\/www.transtoyou.com\/lt\/wp-content\/uploads\/sites\/9\/2026\/01\/logo-tty-menu-bar-300x87-1.webp\",\"width\":300,\"height\":87,\"caption\":\"Transtoyou - LT\"},\"image\":{\"@id\":\"https:\/\/www.transtoyou.com\/lt\/#\/schema\/logo\/image\/\"}}]}<\/script>\n<!-- \/ Yoast SEO plugin. -->","yoast_head_json":{"title":"Efracea (Oracea) | Ai\u0161kesn\u0117 oda, prie\u0161u\u017edegiminis - Transtoyou","description":"Atraskite Efracea, geriam\u0105j\u012f gydym\u0105 ro\u017einei. M\u0117gaukit\u0117s \u0161varesne oda su jo prie\u0161u\u017edegimin\u0117mis savyb\u0117mis. Dabar prieinama Transtoyou.","robots":{"index":"noindex","follow":"follow","max-snippet":"max-snippet:-1","max-image-preview":"max-image-preview:large","max-video-preview":"max-video-preview:-1"},"og_locale":"lt_LT","og_type":"article","og_title":"Efracea (Oracea) | Ai\u0161kesn\u0117 oda, prie\u0161u\u017edegiminis - Transtoyou","og_description":"Atraskite Efracea, geriam\u0105j\u012f gydym\u0105 ro\u017einei. M\u0117gaukit\u0117s \u0161varesne oda su jo prie\u0161u\u017edegimin\u0117mis savyb\u0117mis. Dabar prieinama Transtoyou.","og_url":"https:\/\/www.transtoyou.com\/lt\/product\/efracea-oracea\/","og_site_name":"Transtoyou - LT","article_modified_time":"2026-01-24T18:07:36+00:00","twitter_card":"summary_large_image","twitter_misc":{"Est. reading time":"1 minut\u0117"},"schema":{"@context":"https:\/\/schema.org","@graph":[{"@type":"WebPage","@id":"https:\/\/www.transtoyou.com\/lt\/product\/efracea-oracea\/","url":"https:\/\/www.transtoyou.com\/lt\/product\/efracea-oracea\/","name":"Efracea (Oracea) | Ai\u0161kesn\u0117 oda, prie\u0161u\u017edegiminis - Transtoyou","isPartOf":{"@id":"https:\/\/www.transtoyou.com\/lt\/#website"},"primaryImageOfPage":{"@id":"https:\/\/www.transtoyou.com\/lt\/product\/efracea-oracea\/#primaryimage"},"image":{"@id":"https:\/\/www.transtoyou.com\/lt\/product\/efracea-oracea\/#primaryimage"},"thumbnailUrl":"https:\/\/www.transtoyou.com\/lt\/wp-content\/uploads\/sites\/9\/2026\/01\/tty-no-product-image-108.webp","datePublished":"2026-01-24T18:06:27+00:00","dateModified":"2026-01-24T18:07:36+00:00","description":"Atraskite Efracea, geriam\u0105j\u012f gydym\u0105 ro\u017einei. M\u0117gaukit\u0117s \u0161varesne oda su jo prie\u0161u\u017edegimin\u0117mis savyb\u0117mis. Dabar prieinama Transtoyou.","breadcrumb":{"@id":"https:\/\/www.transtoyou.com\/lt\/product\/efracea-oracea\/#breadcrumb"},"inLanguage":"lt-LT","potentialAction":[{"@type":"ReadAction","target":["https:\/\/www.transtoyou.com\/lt\/product\/efracea-oracea\/"]}]},{"@type":"ImageObject","inLanguage":"lt-LT","@id":"https:\/\/www.transtoyou.com\/lt\/product\/efracea-oracea\/#primaryimage","url":"https:\/\/www.transtoyou.com\/lt\/wp-content\/uploads\/sites\/9\/2026\/01\/tty-no-product-image-108.webp","contentUrl":"https:\/\/www.transtoyou.com\/lt\/wp-content\/uploads\/sites\/9\/2026\/01\/tty-no-product-image-108.webp","width":1000,"height":1000,"caption":"Numatytas produkto vaizdas"},{"@type":"WebSite","@id":"https:\/\/www.transtoyou.com\/lt\/#website","url":"https:\/\/www.transtoyou.com\/lt\/","name":"Transtoyou - LT","description":"","publisher":{"@id":"https:\/\/www.transtoyou.com\/lt\/#organization"},"potentialAction":[{"@type":"SearchAction","target":{"@type":"EntryPoint","urlTemplate":"https:\/\/www.transtoyou.com\/lt\/?s={search_term_string}"},"query-input":{"@type":"PropertyValueSpecification","valueRequired":true,"valueName":"search_term_string"}}],"inLanguage":"lt-LT"},{"@type":"Organization","@id":"https:\/\/www.transtoyou.com\/lt\/#organization","name":"Transtoyou - LT","url":"https:\/\/www.transtoyou.com\/lt\/","logo":{"@type":"ImageObject","inLanguage":"lt-LT","@id":"https:\/\/www.transtoyou.com\/lt\/#\/schema\/logo\/image\/","url":"https:\/\/www.transtoyou.com\/lt\/wp-content\/uploads\/sites\/9\/2026\/01\/logo-tty-menu-bar-300x87-1.webp","contentUrl":"https:\/\/www.transtoyou.com\/lt\/wp-content\/uploads\/sites\/9\/2026\/01\/logo-tty-menu-bar-300x87-1.webp","width":300,"height":87,"caption":"Transtoyou - LT"},"image":{"@id":"https:\/\/www.transtoyou.com\/lt\/#\/schema\/logo\/image\/"}}]}},"_links":{"self":[{"href":"https:\/\/www.transtoyou.com\/lt\/wp-json\/wp\/v2\/product\/1029","targetHints":{"allow":["GET"]}}],"collection":[{"href":"https:\/\/www.transtoyou.com\/lt\/wp-json\/wp\/v2\/product"}],"about":[{"href":"https:\/\/www.transtoyou.com\/lt\/wp-json\/wp\/v2\/types\/product"}],"replies":[{"embeddable":true,"href":"https:\/\/www.transtoyou.com\/lt\/wp-json\/wp\/v2\/comments?post=1029"}],"wp:featuredmedia":[{"embeddable":true,"href":"https:\/\/www.transtoyou.com\/lt\/wp-json\/wp\/v2\/media\/1031"}],"wp:attachment":[{"href":"https:\/\/www.transtoyou.com\/lt\/wp-json\/wp\/v2\/media?parent=1029"}],"wp:term":[{"taxonomy":"product_brand","embeddable":true,"href":"https:\/\/www.transtoyou.com\/lt\/wp-json\/wp\/v2\/product_brand?post=1029"},{"taxonomy":"product_cat","embeddable":true,"href":"https:\/\/www.transtoyou.com\/lt\/wp-json\/wp\/v2\/product_cat?post=1029"},{"taxonomy":"product_tag","embeddable":true,"href":"https:\/\/www.transtoyou.com\/lt\/wp-json\/wp\/v2\/product_tag?post=1029"},{"taxonomy":"expert","embeddable":true,"href":"https:\/\/www.transtoyou.com\/lt\/wp-json\/wp\/v2\/expert?post=1029"}],"curies":[{"name":"wp","href":"https:\/\/api.w.org\/{rel}","templated":true}]}}