{"id":1038,"date":"2026-01-24T20:57:34","date_gmt":"2026-01-24T18:57:34","guid":{"rendered":"https:\/\/www.transtoyou.com\/lt\/product\/circadin\/"},"modified":"2026-01-24T20:58:34","modified_gmt":"2026-01-24T18:58:34","slug":"circadinas","status":"publish","type":"product","link":"https:\/\/www.transtoyou.com\/lt\/product\/circadinas\/","title":{"rendered":"Circadin"},"content":{"rendered":"<p>Circadin yra receptinis vaistas, kuriame yra 2 mg ilgalaikio i\u0161siskyrimo melatonino, specialiai sukurtas palaikyti nat\u016bral\u0173 miego-budrumo cikl\u0105. Jis daugiausia skiriamas suaugusiems, vyresniems nei 55 met\u0173, kurie patiria prast\u0105 miego kokyb\u0119 d\u0117l nemigos ar su am\u017eiumi susijusi\u0173 poky\u010di\u0173 melatonino gamyboje. Skirtingai nuo standartini\u0173 melatonino papild\u0173, Circadin yra sukurtas imituoti nat\u016bral\u0173 organizmo melatonino i\u0161siskyrim\u0105 nakt\u012f, padedant skatinti ilgesn\u012f ir ramiau mieg\u0105.<\/p>\n<p>Melatoninas yra hormonas, kur\u012f organizmas nat\u016braliai gamina reaguodamas \u012f tams\u0105. Circadin papildomai tiekia \u0161\u012f hormon\u0105 kontroliuojamo i\u0161siskyrimo forma, pad\u0117damas \u017emon\u0117ms grei\u010diau u\u017emigti, miegoti giliau ir suma\u017einti naktinius pabudimus. Tai \u0161velni alternatyva tradiciniams miego vaistams, nesukelianti priklausomyb\u0117s ar reik\u0161mingo dienos mieguistumo.<\/p>\n<p>Circadin vartojamas per burn\u0105, vien\u0105 ar dvi valandas prie\u0161 mieg\u0105, ir yra veiksmingiausias, kai derinamas su geromis miego higienos praktikomis, tokiomis kaip ekran\u0173 vengimas prie\u0161 mieg\u0105 ir reguliaraus miego ritmo palaikymas. Jis pradeda veikti per pirmas kelias dienas, o pilnas poveikis da\u017enai pastebimas po vienos ar dviej\u0173 savai\u010di\u0173 nuolatinio vartojimo.<\/p>\n<p>Jis paprastai gerai toleruojamas, nors kai kurie asmenys gali patirti lengv\u0173 \u0161alutini\u0173 poveiki\u0173, toki\u0173 kaip galvos skausmas, pykinimas ar mieguistumas. Jo negalima vartoti kartu su alkoholiu ar stipriais raminamaisiais, nes tai gali suma\u017einti jo veiksmingum\u0105.<\/p>\n","protected":false},"excerpt":{"rendered":"<ul>\n<li>Receptinis miego palaikymas<\/li>\n<li>Ilgalaikio atpalaidavimo melatoninas<\/li>\n<li>Gerina miego kokyb\u0119<\/li>\n<\/ul>\n","protected":false},"featured_media":1040,"comment_status":"open","ping_status":"closed","template":"","meta":[],"product_brand":[],"product_cat":[164],"product_tag":[],"expert":[16],"class_list":{"0":"post-1038","1":"product","2":"type-product","3":"status-publish","4":"has-post-thumbnail","6":"product_cat-miego-sutrikimai","7":"expert-dr-c-alexandru","9":"first","10":"instock","11":"shipping-taxable","12":"product-type-variable"},"yoast_head":"<!-- This site is optimized with the Yoast SEO plugin v27.0 - https:\/\/yoast.com\/product\/yoast-seo-wordpress\/ -->\n<title>Circadin | Miego palaikymas - Transtoyou<\/title>\n<meta name=\"description\" content=\"Circadin prieinama \u010dia, nat\u016braliai palaiko ram\u0173 mieg\u0105. Pirkite dabar klinikiniu b\u016bdu \u012fvertint\u0105 sprendim\u0105, kad pagerintum\u0117te miego kokyb\u0119.\" \/>\n<meta name=\"robots\" content=\"noindex, follow, max-snippet:-1, max-image-preview:large, max-video-preview:-1\" \/>\n<meta property=\"og:locale\" content=\"lt_LT\" \/>\n<meta property=\"og:type\" content=\"article\" \/>\n<meta property=\"og:title\" content=\"Circadin | Miego palaikymas - Transtoyou\" \/>\n<meta property=\"og:description\" content=\"Circadin prieinama \u010dia, nat\u016braliai palaiko ram\u0173 mieg\u0105. Pirkite dabar klinikiniu b\u016bdu \u012fvertint\u0105 sprendim\u0105, kad pagerintum\u0117te miego kokyb\u0119.\" \/>\n<meta property=\"og:url\" content=\"https:\/\/www.transtoyou.com\/lt\/product\/circadin\/\" \/>\n<meta property=\"og:site_name\" content=\"Transtoyou - LT\" \/>\n<meta property=\"article:modified_time\" content=\"2026-01-24T18:58:34+00:00\" \/>\n<meta name=\"twitter:card\" content=\"summary_large_image\" \/>\n<meta name=\"twitter:label1\" content=\"Est. reading time\" \/>\n\t<meta name=\"twitter:data1\" content=\"1 minut\u0117\" \/>\n<script type=\"application\/ld+json\" class=\"yoast-schema-graph\">{\"@context\":\"https:\/\/schema.org\",\"@graph\":[{\"@type\":\"WebPage\",\"@id\":\"https:\/\/www.transtoyou.com\/lt\/product\/circadin\/\",\"url\":\"https:\/\/www.transtoyou.com\/lt\/product\/circadin\/\",\"name\":\"Circadin | Miego palaikymas - Transtoyou\",\"isPartOf\":{\"@id\":\"https:\/\/www.transtoyou.com\/lt\/#website\"},\"primaryImageOfPage\":{\"@id\":\"https:\/\/www.transtoyou.com\/lt\/product\/circadin\/#primaryimage\"},\"image\":{\"@id\":\"https:\/\/www.transtoyou.com\/lt\/product\/circadin\/#primaryimage\"},\"thumbnailUrl\":\"https:\/\/www.transtoyou.com\/lt\/wp-content\/uploads\/sites\/9\/2026\/01\/tty-no-product-image-111.webp\",\"datePublished\":\"2026-01-24T18:57:34+00:00\",\"dateModified\":\"2026-01-24T18:58:34+00:00\",\"description\":\"Circadin prieinama \u010dia, nat\u016braliai palaiko ram\u0173 mieg\u0105. Pirkite dabar klinikiniu b\u016bdu \u012fvertint\u0105 sprendim\u0105, kad pagerintum\u0117te miego kokyb\u0119.\",\"breadcrumb\":{\"@id\":\"https:\/\/www.transtoyou.com\/lt\/product\/circadin\/#breadcrumb\"},\"inLanguage\":\"lt-LT\",\"potentialAction\":[{\"@type\":\"ReadAction\",\"target\":[\"https:\/\/www.transtoyou.com\/lt\/product\/circadin\/\"]}]},{\"@type\":\"ImageObject\",\"inLanguage\":\"lt-LT\",\"@id\":\"https:\/\/www.transtoyou.com\/lt\/product\/circadin\/#primaryimage\",\"url\":\"https:\/\/www.transtoyou.com\/lt\/wp-content\/uploads\/sites\/9\/2026\/01\/tty-no-product-image-111.webp\",\"contentUrl\":\"https:\/\/www.transtoyou.com\/lt\/wp-content\/uploads\/sites\/9\/2026\/01\/tty-no-product-image-111.webp\",\"width\":1000,\"height\":1000,\"caption\":\"Numatytas produkto vaizdas\"},{\"@type\":\"WebSite\",\"@id\":\"https:\/\/www.transtoyou.com\/lt\/#website\",\"url\":\"https:\/\/www.transtoyou.com\/lt\/\",\"name\":\"Transtoyou - LT\",\"description\":\"\",\"publisher\":{\"@id\":\"https:\/\/www.transtoyou.com\/lt\/#organization\"},\"potentialAction\":[{\"@type\":\"SearchAction\",\"target\":{\"@type\":\"EntryPoint\",\"urlTemplate\":\"https:\/\/www.transtoyou.com\/lt\/?s={search_term_string}\"},\"query-input\":{\"@type\":\"PropertyValueSpecification\",\"valueRequired\":true,\"valueName\":\"search_term_string\"}}],\"inLanguage\":\"lt-LT\"},{\"@type\":\"Organization\",\"@id\":\"https:\/\/www.transtoyou.com\/lt\/#organization\",\"name\":\"Transtoyou - LT\",\"url\":\"https:\/\/www.transtoyou.com\/lt\/\",\"logo\":{\"@type\":\"ImageObject\",\"inLanguage\":\"lt-LT\",\"@id\":\"https:\/\/www.transtoyou.com\/lt\/#\/schema\/logo\/image\/\",\"url\":\"https:\/\/www.transtoyou.com\/lt\/wp-content\/uploads\/sites\/9\/2026\/01\/logo-tty-menu-bar-300x87-1.webp\",\"contentUrl\":\"https:\/\/www.transtoyou.com\/lt\/wp-content\/uploads\/sites\/9\/2026\/01\/logo-tty-menu-bar-300x87-1.webp\",\"width\":300,\"height\":87,\"caption\":\"Transtoyou - LT\"},\"image\":{\"@id\":\"https:\/\/www.transtoyou.com\/lt\/#\/schema\/logo\/image\/\"}}]}<\/script>\n<!-- \/ Yoast SEO plugin. -->","yoast_head_json":{"title":"Circadin | Miego palaikymas - Transtoyou","description":"Circadin prieinama \u010dia, nat\u016braliai palaiko ram\u0173 mieg\u0105. Pirkite dabar klinikiniu b\u016bdu \u012fvertint\u0105 sprendim\u0105, kad pagerintum\u0117te miego kokyb\u0119.","robots":{"index":"noindex","follow":"follow","max-snippet":"max-snippet:-1","max-image-preview":"max-image-preview:large","max-video-preview":"max-video-preview:-1"},"og_locale":"lt_LT","og_type":"article","og_title":"Circadin | Miego palaikymas - Transtoyou","og_description":"Circadin prieinama \u010dia, nat\u016braliai palaiko ram\u0173 mieg\u0105. Pirkite dabar klinikiniu b\u016bdu \u012fvertint\u0105 sprendim\u0105, kad pagerintum\u0117te miego kokyb\u0119.","og_url":"https:\/\/www.transtoyou.com\/lt\/product\/circadin\/","og_site_name":"Transtoyou - LT","article_modified_time":"2026-01-24T18:58:34+00:00","twitter_card":"summary_large_image","twitter_misc":{"Est. reading time":"1 minut\u0117"},"schema":{"@context":"https:\/\/schema.org","@graph":[{"@type":"WebPage","@id":"https:\/\/www.transtoyou.com\/lt\/product\/circadin\/","url":"https:\/\/www.transtoyou.com\/lt\/product\/circadin\/","name":"Circadin | Miego palaikymas - Transtoyou","isPartOf":{"@id":"https:\/\/www.transtoyou.com\/lt\/#website"},"primaryImageOfPage":{"@id":"https:\/\/www.transtoyou.com\/lt\/product\/circadin\/#primaryimage"},"image":{"@id":"https:\/\/www.transtoyou.com\/lt\/product\/circadin\/#primaryimage"},"thumbnailUrl":"https:\/\/www.transtoyou.com\/lt\/wp-content\/uploads\/sites\/9\/2026\/01\/tty-no-product-image-111.webp","datePublished":"2026-01-24T18:57:34+00:00","dateModified":"2026-01-24T18:58:34+00:00","description":"Circadin prieinama \u010dia, nat\u016braliai palaiko ram\u0173 mieg\u0105. Pirkite dabar klinikiniu b\u016bdu \u012fvertint\u0105 sprendim\u0105, kad pagerintum\u0117te miego kokyb\u0119.","breadcrumb":{"@id":"https:\/\/www.transtoyou.com\/lt\/product\/circadin\/#breadcrumb"},"inLanguage":"lt-LT","potentialAction":[{"@type":"ReadAction","target":["https:\/\/www.transtoyou.com\/lt\/product\/circadin\/"]}]},{"@type":"ImageObject","inLanguage":"lt-LT","@id":"https:\/\/www.transtoyou.com\/lt\/product\/circadin\/#primaryimage","url":"https:\/\/www.transtoyou.com\/lt\/wp-content\/uploads\/sites\/9\/2026\/01\/tty-no-product-image-111.webp","contentUrl":"https:\/\/www.transtoyou.com\/lt\/wp-content\/uploads\/sites\/9\/2026\/01\/tty-no-product-image-111.webp","width":1000,"height":1000,"caption":"Numatytas produkto vaizdas"},{"@type":"WebSite","@id":"https:\/\/www.transtoyou.com\/lt\/#website","url":"https:\/\/www.transtoyou.com\/lt\/","name":"Transtoyou - LT","description":"","publisher":{"@id":"https:\/\/www.transtoyou.com\/lt\/#organization"},"potentialAction":[{"@type":"SearchAction","target":{"@type":"EntryPoint","urlTemplate":"https:\/\/www.transtoyou.com\/lt\/?s={search_term_string}"},"query-input":{"@type":"PropertyValueSpecification","valueRequired":true,"valueName":"search_term_string"}}],"inLanguage":"lt-LT"},{"@type":"Organization","@id":"https:\/\/www.transtoyou.com\/lt\/#organization","name":"Transtoyou - LT","url":"https:\/\/www.transtoyou.com\/lt\/","logo":{"@type":"ImageObject","inLanguage":"lt-LT","@id":"https:\/\/www.transtoyou.com\/lt\/#\/schema\/logo\/image\/","url":"https:\/\/www.transtoyou.com\/lt\/wp-content\/uploads\/sites\/9\/2026\/01\/logo-tty-menu-bar-300x87-1.webp","contentUrl":"https:\/\/www.transtoyou.com\/lt\/wp-content\/uploads\/sites\/9\/2026\/01\/logo-tty-menu-bar-300x87-1.webp","width":300,"height":87,"caption":"Transtoyou - LT"},"image":{"@id":"https:\/\/www.transtoyou.com\/lt\/#\/schema\/logo\/image\/"}}]}},"_links":{"self":[{"href":"https:\/\/www.transtoyou.com\/lt\/wp-json\/wp\/v2\/product\/1038","targetHints":{"allow":["GET"]}}],"collection":[{"href":"https:\/\/www.transtoyou.com\/lt\/wp-json\/wp\/v2\/product"}],"about":[{"href":"https:\/\/www.transtoyou.com\/lt\/wp-json\/wp\/v2\/types\/product"}],"replies":[{"embeddable":true,"href":"https:\/\/www.transtoyou.com\/lt\/wp-json\/wp\/v2\/comments?post=1038"}],"wp:featuredmedia":[{"embeddable":true,"href":"https:\/\/www.transtoyou.com\/lt\/wp-json\/wp\/v2\/media\/1040"}],"wp:attachment":[{"href":"https:\/\/www.transtoyou.com\/lt\/wp-json\/wp\/v2\/media?parent=1038"}],"wp:term":[{"taxonomy":"product_brand","embeddable":true,"href":"https:\/\/www.transtoyou.com\/lt\/wp-json\/wp\/v2\/product_brand?post=1038"},{"taxonomy":"product_cat","embeddable":true,"href":"https:\/\/www.transtoyou.com\/lt\/wp-json\/wp\/v2\/product_cat?post=1038"},{"taxonomy":"product_tag","embeddable":true,"href":"https:\/\/www.transtoyou.com\/lt\/wp-json\/wp\/v2\/product_tag?post=1038"},{"taxonomy":"expert","embeddable":true,"href":"https:\/\/www.transtoyou.com\/lt\/wp-json\/wp\/v2\/expert?post=1038"}],"curies":[{"name":"wp","href":"https:\/\/api.w.org\/{rel}","templated":true}]}}