{"id":1041,"date":"2026-01-24T21:14:12","date_gmt":"2026-01-24T19:14:12","guid":{"rendered":"https:\/\/www.transtoyou.com\/lt\/product\/melatonin\/"},"modified":"2026-02-25T09:39:55","modified_gmt":"2026-02-25T07:39:55","slug":"melatoninas","status":"publish","type":"product","link":"https:\/\/www.transtoyou.com\/lt\/product\/melatoninas\/","title":{"rendered":"Melatoninas"},"content":{"rendered":"<p>Melatoninas yra nat\u016braliai pasitaikantis hormonas, kuris atlieka svarb\u0173 vaidmen\u012f reguliuojant miego-budrumo cikl\u0105. Daugelyje \u0161ali\u0173 jis yra prieinamas kaip nereceptinis papildas, pla\u010diai naudojamas miego kokybei gerinti, palengvinti laik\u0105 po skryd\u017eio ir pad\u0117ti \u017emon\u0117ms lengviau u\u017emigti. Melatonino papildai ypa\u010d populiar\u016bs tarp \u017emoni\u0173 su nereguliaria miego rutina, toki\u0173 kaip pamaininiai darbuotojai ar da\u017eni keliautojai, taip pat tarp t\u0173, kurie patiria retkar\u010diais miego sutrikim\u0173.<\/p>\n<p>Melatoninas veikia signalizuodamas organizmui, kad at\u0117jo laikas miegoti, imituodamas nat\u016bralaus melatonino lygio pakilim\u0105, kuris vyksta vakare. Papildymas melatoninu gali pad\u0117ti sinchronizuoti organizmo vidin\u012f laikrod\u012f, ypa\u010d kai cirkadiniai ritmai yra sutrikdyti. Skirtingai nuo tradicini\u0173 miego table\u010di\u0173, melatoninas neveikia kaip raminamasis vaistas, bet palaiko nat\u016bral\u0173 miego atsiradim\u0105.<\/p>\n<p>Melatoninas paprastai vartojamas 30 minu\u010di\u0173 iki valandos prie\u0161 mieg\u0105. Jis gerai toleruojamas ir nesukelia priklausomyb\u0117s ar rytinio mieguistumo, kai vartojamas tinkamai. Doz\u0117 priklauso nuo konkre\u010di\u0173 poreiki\u0173, o ma\u017eesn\u0117s doz\u0117s da\u017enai yra tokios pat veiksmingos kaip didesn\u0117s. Nors jis da\u017enai naudojamas trumpalaikiam miego palaikymui, kai kurie \u017emon\u0117s j\u012f reguliariai naudoja kaip dal\u012f savo miego higienos rutinos.<\/p>\n<p>\u0160alutiniai poveikiai yra reti, bet gali apimti mieguistum\u0105, galvos svaigim\u0105 ar lengv\u0105 vir\u0161kinimo diskomfort\u0105. Kadangi melatoninas gali paveikti hormon\u0173 lygius, jis gali b\u016bti netinkamas visiems, ypa\u010d n\u0117\u0161tumo ar \u017eindymo laikotarpiu.<\/p>\n","protected":false},"excerpt":{"rendered":"<ul>\n<li>Palaiko nat\u016bral\u0173 miego ritm\u0105<\/li>\n<li>Nesukelia priklausomyb\u0117s papildas<\/li>\n<li>Puikiai tinka kelion\u0117ms ir laiko juost\u0173 poky\u010diams<\/li>\n<\/ul>\n","protected":false},"featured_media":1043,"comment_status":"open","ping_status":"closed","template":"","meta":[],"product_brand":[],"product_cat":[164],"product_tag":[],"expert":[16],"class_list":{"0":"post-1041","1":"product","2":"type-product","3":"status-publish","4":"has-post-thumbnail","6":"product_cat-miego-sutrikimai","7":"expert-dr-c-alexandru","9":"first","10":"instock","11":"shipping-taxable","12":"product-type-variable"},"yoast_head":"<!-- This site is optimized with the Yoast SEO plugin v27.0 - https:\/\/yoast.com\/product\/yoast-seo-wordpress\/ -->\n<title>Melatoninas | Pagerinkite miego kokyb\u0119 nat\u016braliai - Transtoyou<\/title>\n<meta name=\"description\" content=\"Melatonino papildai geresniam miegui, kovai su laik\u0173 skirtumais ir cirkadinio ritmo gerinimui, prieinami Transtoyou. Pirkite dabar!\" \/>\n<meta name=\"robots\" content=\"noindex, follow, max-snippet:-1, max-image-preview:large, max-video-preview:-1\" \/>\n<meta property=\"og:locale\" content=\"lt_LT\" \/>\n<meta property=\"og:type\" content=\"article\" \/>\n<meta property=\"og:title\" content=\"Melatoninas | Pagerinkite miego kokyb\u0119 nat\u016braliai - Transtoyou\" \/>\n<meta property=\"og:description\" content=\"Melatonino papildai geresniam miegui, kovai su laik\u0173 skirtumais ir cirkadinio ritmo gerinimui, prieinami Transtoyou. Pirkite dabar!\" \/>\n<meta property=\"og:url\" content=\"https:\/\/www.transtoyou.com\/lt\/product\/melatonin\/\" \/>\n<meta property=\"og:site_name\" content=\"Transtoyou - LT\" \/>\n<meta property=\"article:modified_time\" content=\"2026-02-25T07:39:55+00:00\" \/>\n<meta name=\"twitter:card\" content=\"summary_large_image\" \/>\n<meta name=\"twitter:label1\" content=\"Est. reading time\" \/>\n\t<meta name=\"twitter:data1\" content=\"1 minut\u0117\" \/>\n<script type=\"application\/ld+json\" class=\"yoast-schema-graph\">{\"@context\":\"https:\/\/schema.org\",\"@graph\":[{\"@type\":\"WebPage\",\"@id\":\"https:\/\/www.transtoyou.com\/lt\/product\/melatonin\/\",\"url\":\"https:\/\/www.transtoyou.com\/lt\/product\/melatonin\/\",\"name\":\"Melatoninas | Pagerinkite miego kokyb\u0119 nat\u016braliai - Transtoyou\",\"isPartOf\":{\"@id\":\"https:\/\/www.transtoyou.com\/lt\/#website\"},\"primaryImageOfPage\":{\"@id\":\"https:\/\/www.transtoyou.com\/lt\/product\/melatonin\/#primaryimage\"},\"image\":{\"@id\":\"https:\/\/www.transtoyou.com\/lt\/product\/melatonin\/#primaryimage\"},\"thumbnailUrl\":\"https:\/\/www.transtoyou.com\/lt\/wp-content\/uploads\/sites\/9\/2026\/01\/tty-no-product-image-112.webp\",\"datePublished\":\"2026-01-24T19:14:12+00:00\",\"dateModified\":\"2026-02-25T07:39:55+00:00\",\"description\":\"Melatonino papildai geresniam miegui, kovai su laik\u0173 skirtumais ir cirkadinio ritmo gerinimui, prieinami Transtoyou. Pirkite dabar!\",\"breadcrumb\":{\"@id\":\"https:\/\/www.transtoyou.com\/lt\/product\/melatonin\/#breadcrumb\"},\"inLanguage\":\"lt-LT\",\"potentialAction\":[{\"@type\":\"ReadAction\",\"target\":[\"https:\/\/www.transtoyou.com\/lt\/product\/melatonin\/\"]}]},{\"@type\":\"ImageObject\",\"inLanguage\":\"lt-LT\",\"@id\":\"https:\/\/www.transtoyou.com\/lt\/product\/melatonin\/#primaryimage\",\"url\":\"https:\/\/www.transtoyou.com\/lt\/wp-content\/uploads\/sites\/9\/2026\/01\/tty-no-product-image-112.webp\",\"contentUrl\":\"https:\/\/www.transtoyou.com\/lt\/wp-content\/uploads\/sites\/9\/2026\/01\/tty-no-product-image-112.webp\",\"width\":1000,\"height\":1000,\"caption\":\"Numatytasis produkto vaizdas\"},{\"@type\":\"WebSite\",\"@id\":\"https:\/\/www.transtoyou.com\/lt\/#website\",\"url\":\"https:\/\/www.transtoyou.com\/lt\/\",\"name\":\"Transtoyou - LT\",\"description\":\"\",\"publisher\":{\"@id\":\"https:\/\/www.transtoyou.com\/lt\/#organization\"},\"potentialAction\":[{\"@type\":\"SearchAction\",\"target\":{\"@type\":\"EntryPoint\",\"urlTemplate\":\"https:\/\/www.transtoyou.com\/lt\/?s={search_term_string}\"},\"query-input\":{\"@type\":\"PropertyValueSpecification\",\"valueRequired\":true,\"valueName\":\"search_term_string\"}}],\"inLanguage\":\"lt-LT\"},{\"@type\":\"Organization\",\"@id\":\"https:\/\/www.transtoyou.com\/lt\/#organization\",\"name\":\"Transtoyou - LT\",\"url\":\"https:\/\/www.transtoyou.com\/lt\/\",\"logo\":{\"@type\":\"ImageObject\",\"inLanguage\":\"lt-LT\",\"@id\":\"https:\/\/www.transtoyou.com\/lt\/#\/schema\/logo\/image\/\",\"url\":\"https:\/\/www.transtoyou.com\/lt\/wp-content\/uploads\/sites\/9\/2026\/01\/logo-tty-menu-bar-300x87-1.webp\",\"contentUrl\":\"https:\/\/www.transtoyou.com\/lt\/wp-content\/uploads\/sites\/9\/2026\/01\/logo-tty-menu-bar-300x87-1.webp\",\"width\":300,\"height\":87,\"caption\":\"Transtoyou - LT\"},\"image\":{\"@id\":\"https:\/\/www.transtoyou.com\/lt\/#\/schema\/logo\/image\/\"}}]}<\/script>\n<!-- \/ Yoast SEO plugin. -->","yoast_head_json":{"title":"Melatoninas | Pagerinkite miego kokyb\u0119 nat\u016braliai - Transtoyou","description":"Melatonino papildai geresniam miegui, kovai su laik\u0173 skirtumais ir cirkadinio ritmo gerinimui, prieinami Transtoyou. Pirkite dabar!","robots":{"index":"noindex","follow":"follow","max-snippet":"max-snippet:-1","max-image-preview":"max-image-preview:large","max-video-preview":"max-video-preview:-1"},"og_locale":"lt_LT","og_type":"article","og_title":"Melatoninas | Pagerinkite miego kokyb\u0119 nat\u016braliai - Transtoyou","og_description":"Melatonino papildai geresniam miegui, kovai su laik\u0173 skirtumais ir cirkadinio ritmo gerinimui, prieinami Transtoyou. Pirkite dabar!","og_url":"https:\/\/www.transtoyou.com\/lt\/product\/melatonin\/","og_site_name":"Transtoyou - LT","article_modified_time":"2026-02-25T07:39:55+00:00","twitter_card":"summary_large_image","twitter_misc":{"Est. reading time":"1 minut\u0117"},"schema":{"@context":"https:\/\/schema.org","@graph":[{"@type":"WebPage","@id":"https:\/\/www.transtoyou.com\/lt\/product\/melatonin\/","url":"https:\/\/www.transtoyou.com\/lt\/product\/melatonin\/","name":"Melatoninas | Pagerinkite miego kokyb\u0119 nat\u016braliai - Transtoyou","isPartOf":{"@id":"https:\/\/www.transtoyou.com\/lt\/#website"},"primaryImageOfPage":{"@id":"https:\/\/www.transtoyou.com\/lt\/product\/melatonin\/#primaryimage"},"image":{"@id":"https:\/\/www.transtoyou.com\/lt\/product\/melatonin\/#primaryimage"},"thumbnailUrl":"https:\/\/www.transtoyou.com\/lt\/wp-content\/uploads\/sites\/9\/2026\/01\/tty-no-product-image-112.webp","datePublished":"2026-01-24T19:14:12+00:00","dateModified":"2026-02-25T07:39:55+00:00","description":"Melatonino papildai geresniam miegui, kovai su laik\u0173 skirtumais ir cirkadinio ritmo gerinimui, prieinami Transtoyou. Pirkite dabar!","breadcrumb":{"@id":"https:\/\/www.transtoyou.com\/lt\/product\/melatonin\/#breadcrumb"},"inLanguage":"lt-LT","potentialAction":[{"@type":"ReadAction","target":["https:\/\/www.transtoyou.com\/lt\/product\/melatonin\/"]}]},{"@type":"ImageObject","inLanguage":"lt-LT","@id":"https:\/\/www.transtoyou.com\/lt\/product\/melatonin\/#primaryimage","url":"https:\/\/www.transtoyou.com\/lt\/wp-content\/uploads\/sites\/9\/2026\/01\/tty-no-product-image-112.webp","contentUrl":"https:\/\/www.transtoyou.com\/lt\/wp-content\/uploads\/sites\/9\/2026\/01\/tty-no-product-image-112.webp","width":1000,"height":1000,"caption":"Numatytasis produkto vaizdas"},{"@type":"WebSite","@id":"https:\/\/www.transtoyou.com\/lt\/#website","url":"https:\/\/www.transtoyou.com\/lt\/","name":"Transtoyou - LT","description":"","publisher":{"@id":"https:\/\/www.transtoyou.com\/lt\/#organization"},"potentialAction":[{"@type":"SearchAction","target":{"@type":"EntryPoint","urlTemplate":"https:\/\/www.transtoyou.com\/lt\/?s={search_term_string}"},"query-input":{"@type":"PropertyValueSpecification","valueRequired":true,"valueName":"search_term_string"}}],"inLanguage":"lt-LT"},{"@type":"Organization","@id":"https:\/\/www.transtoyou.com\/lt\/#organization","name":"Transtoyou - LT","url":"https:\/\/www.transtoyou.com\/lt\/","logo":{"@type":"ImageObject","inLanguage":"lt-LT","@id":"https:\/\/www.transtoyou.com\/lt\/#\/schema\/logo\/image\/","url":"https:\/\/www.transtoyou.com\/lt\/wp-content\/uploads\/sites\/9\/2026\/01\/logo-tty-menu-bar-300x87-1.webp","contentUrl":"https:\/\/www.transtoyou.com\/lt\/wp-content\/uploads\/sites\/9\/2026\/01\/logo-tty-menu-bar-300x87-1.webp","width":300,"height":87,"caption":"Transtoyou - LT"},"image":{"@id":"https:\/\/www.transtoyou.com\/lt\/#\/schema\/logo\/image\/"}}]}},"_links":{"self":[{"href":"https:\/\/www.transtoyou.com\/lt\/wp-json\/wp\/v2\/product\/1041","targetHints":{"allow":["GET"]}}],"collection":[{"href":"https:\/\/www.transtoyou.com\/lt\/wp-json\/wp\/v2\/product"}],"about":[{"href":"https:\/\/www.transtoyou.com\/lt\/wp-json\/wp\/v2\/types\/product"}],"replies":[{"embeddable":true,"href":"https:\/\/www.transtoyou.com\/lt\/wp-json\/wp\/v2\/comments?post=1041"}],"wp:featuredmedia":[{"embeddable":true,"href":"https:\/\/www.transtoyou.com\/lt\/wp-json\/wp\/v2\/media\/1043"}],"wp:attachment":[{"href":"https:\/\/www.transtoyou.com\/lt\/wp-json\/wp\/v2\/media?parent=1041"}],"wp:term":[{"taxonomy":"product_brand","embeddable":true,"href":"https:\/\/www.transtoyou.com\/lt\/wp-json\/wp\/v2\/product_brand?post=1041"},{"taxonomy":"product_cat","embeddable":true,"href":"https:\/\/www.transtoyou.com\/lt\/wp-json\/wp\/v2\/product_cat?post=1041"},{"taxonomy":"product_tag","embeddable":true,"href":"https:\/\/www.transtoyou.com\/lt\/wp-json\/wp\/v2\/product_tag?post=1041"},{"taxonomy":"expert","embeddable":true,"href":"https:\/\/www.transtoyou.com\/lt\/wp-json\/wp\/v2\/expert?post=1041"}],"curies":[{"name":"wp","href":"https:\/\/api.w.org\/{rel}","templated":true}]}}