{"id":1044,"date":"2026-01-24T21:31:23","date_gmt":"2026-01-24T19:31:23","guid":{"rendered":"https:\/\/www.transtoyou.com\/lt\/product\/zopiclone\/"},"modified":"2026-03-08T13:43:20","modified_gmt":"2026-03-08T11:43:20","slug":"zopiclonas","status":"publish","type":"product","link":"https:\/\/www.transtoyou.com\/lt\/product\/zopiclonas\/","title":{"rendered":"Zopiklonas"},"content":{"rendered":"<p>Zopiclonas yra receptinis vaistas, naudojamas trumpalaikei nemigos gydymui. Jis priklauso vaist\u0173 klasei, \u017einomai kaip nebenzodiazepininiai hipnotikai, kurie padeda prad\u0117ti ir i\u0161laikyti mieg\u0105. Zopiclonas da\u017enai skiriamas asmenims, kurie turi sunkum\u0173 u\u017emigti, da\u017enai nubunda nakt\u012f arba per anksti atsibunda ryte.<\/p>\n<p>Vaistas veikia sustiprindamas gama-aminobutyro r\u016bg\u0161ties (GABA) aktyvum\u0105, kuris yra raminantis neurotransmiteris smegenyse. Tai sukelia raminam\u0105j\u012f efekt\u0105, skatinant\u012f atsipalaidavim\u0105 ir mieg\u0105. Zopiclonas \u017einomas d\u0117l greito poveikio, paprastai veikiantis per 30 minu\u010di\u0173. Jis paprastai skiriamas trumpalaikiam naudojimui d\u0117l tolerancijos ir priklausomyb\u0117s rizikos, kai vartojamas ilg\u0105 laik\u0105.<\/p>\n<p>Zopiclonas vartojamas prie\u0161 mieg\u0105, u\u017etikrinant, kad vartotojas gal\u0117t\u0173 miegoti bent septynias ar a\u0161tuonias valandas. Svarbu nesim\u0117gauti veiklomis, kurioms reikia visi\u0161ko budrumo, pavyzd\u017eiui, vairavimu, po vaisto vartojimo. \u0160alutiniai poveikiai gali b\u016bti metalinis skonis, sausa burna, galvos svaigimas arba kit\u0105 dien\u0105 pasirei\u0161kiantis mieguistumas, ypa\u010d jei vartojama per v\u0117lai arba be pakankamo miego laiko.<\/p>\n<p>\u0160is vaistas netinka visiems ir netur\u0117t\u0173 b\u016bti vartojamas n\u0117\u0161tumo, \u017eindymo laikotarpiu ar asmenims, turintiems priklausomyb\u0117s nuo med\u017eiag\u0173 istorij\u0105. Alkoholio reik\u0117t\u0173 vengti, nes jis gali padidinti raminam\u0105j\u012f poveik\u012f ir ne\u012fprasto elgesio rizik\u0105 miego metu.<\/p>\n","protected":false},"excerpt":{"rendered":"<ul>\n<li>Trumpalaik\u0117 miego gydymo priemon\u0117<\/li>\n<li>Greitai veikianti raminamoji tablet\u0117<\/li>\n<li>Gerina miego u\u017emigim\u0105 ir trukm\u0119<\/li>\n<\/ul>\n","protected":false},"featured_media":1046,"comment_status":"open","ping_status":"closed","template":"","meta":[],"product_brand":[],"product_cat":[164],"product_tag":[],"expert":[16],"class_list":{"0":"post-1044","1":"product","2":"type-product","3":"status-publish","4":"has-post-thumbnail","6":"product_cat-miego-sutrikimai","7":"expert-dr-c-alexandru","9":"first","10":"instock","11":"shipping-taxable","12":"product-type-variable"},"yoast_head":"<!-- This site is optimized with the Yoast SEO plugin v27.0 - https:\/\/yoast.com\/product\/yoast-seo-wordpress\/ -->\n<title>Zopiclone | Miego priemon\u0117 nemigos gydymui - Transtoyou<\/title>\n<meta name=\"description\" content=\"Zopiclone, prieinamas \u010dia nemigai gydyti. Padeda greitai u\u017emigti ir i\u0161laikyti mieg\u0105. Reikalingas receptas. Transtoyou u\u017etikrina saug\u0173 prieinamum\u0105.\" \/>\n<meta name=\"robots\" content=\"noindex, follow, max-snippet:-1, max-image-preview:large, max-video-preview:-1\" \/>\n<meta property=\"og:locale\" content=\"lt_LT\" \/>\n<meta property=\"og:type\" content=\"article\" \/>\n<meta property=\"og:title\" content=\"Zopiclone | Miego priemon\u0117 nemigos gydymui - Transtoyou\" \/>\n<meta property=\"og:description\" content=\"Zopiclone, prieinamas \u010dia nemigai gydyti. Padeda greitai u\u017emigti ir i\u0161laikyti mieg\u0105. Reikalingas receptas. Transtoyou u\u017etikrina saug\u0173 prieinamum\u0105.\" \/>\n<meta property=\"og:url\" content=\"https:\/\/www.transtoyou.com\/lt\/product\/zopiclone\/\" \/>\n<meta property=\"og:site_name\" content=\"Transtoyou - LT\" \/>\n<meta property=\"article:modified_time\" content=\"2026-03-08T11:43:20+00:00\" \/>\n<meta name=\"twitter:card\" content=\"summary_large_image\" \/>\n<meta name=\"twitter:label1\" content=\"Est. reading time\" \/>\n\t<meta name=\"twitter:data1\" content=\"1 minut\u0117\" \/>\n<script type=\"application\/ld+json\" class=\"yoast-schema-graph\">{\"@context\":\"https:\/\/schema.org\",\"@graph\":[{\"@type\":\"WebPage\",\"@id\":\"https:\/\/www.transtoyou.com\/lt\/product\/zopiclone\/\",\"url\":\"https:\/\/www.transtoyou.com\/lt\/product\/zopiclone\/\",\"name\":\"Zopiclone | Miego priemon\u0117 nemigos gydymui - Transtoyou\",\"isPartOf\":{\"@id\":\"https:\/\/www.transtoyou.com\/lt\/#website\"},\"primaryImageOfPage\":{\"@id\":\"https:\/\/www.transtoyou.com\/lt\/product\/zopiclone\/#primaryimage\"},\"image\":{\"@id\":\"https:\/\/www.transtoyou.com\/lt\/product\/zopiclone\/#primaryimage\"},\"thumbnailUrl\":\"https:\/\/www.transtoyou.com\/lt\/wp-content\/uploads\/sites\/9\/2026\/01\/tty-no-product-image-113.webp\",\"datePublished\":\"2026-01-24T19:31:23+00:00\",\"dateModified\":\"2026-03-08T11:43:20+00:00\",\"description\":\"Zopiclone, prieinamas \u010dia nemigai gydyti. Padeda greitai u\u017emigti ir i\u0161laikyti mieg\u0105. Reikalingas receptas. Transtoyou u\u017etikrina saug\u0173 prieinamum\u0105.\",\"breadcrumb\":{\"@id\":\"https:\/\/www.transtoyou.com\/lt\/product\/zopiclone\/#breadcrumb\"},\"inLanguage\":\"lt-LT\",\"potentialAction\":[{\"@type\":\"ReadAction\",\"target\":[\"https:\/\/www.transtoyou.com\/lt\/product\/zopiclone\/\"]}]},{\"@type\":\"ImageObject\",\"inLanguage\":\"lt-LT\",\"@id\":\"https:\/\/www.transtoyou.com\/lt\/product\/zopiclone\/#primaryimage\",\"url\":\"https:\/\/www.transtoyou.com\/lt\/wp-content\/uploads\/sites\/9\/2026\/01\/tty-no-product-image-113.webp\",\"contentUrl\":\"https:\/\/www.transtoyou.com\/lt\/wp-content\/uploads\/sites\/9\/2026\/01\/tty-no-product-image-113.webp\",\"width\":1000,\"height\":1000,\"caption\":\"Numatytas produkto vaizdas\"},{\"@type\":\"WebSite\",\"@id\":\"https:\/\/www.transtoyou.com\/lt\/#website\",\"url\":\"https:\/\/www.transtoyou.com\/lt\/\",\"name\":\"Transtoyou - LT\",\"description\":\"\",\"publisher\":{\"@id\":\"https:\/\/www.transtoyou.com\/lt\/#organization\"},\"potentialAction\":[{\"@type\":\"SearchAction\",\"target\":{\"@type\":\"EntryPoint\",\"urlTemplate\":\"https:\/\/www.transtoyou.com\/lt\/?s={search_term_string}\"},\"query-input\":{\"@type\":\"PropertyValueSpecification\",\"valueRequired\":true,\"valueName\":\"search_term_string\"}}],\"inLanguage\":\"lt-LT\"},{\"@type\":\"Organization\",\"@id\":\"https:\/\/www.transtoyou.com\/lt\/#organization\",\"name\":\"Transtoyou - LT\",\"url\":\"https:\/\/www.transtoyou.com\/lt\/\",\"logo\":{\"@type\":\"ImageObject\",\"inLanguage\":\"lt-LT\",\"@id\":\"https:\/\/www.transtoyou.com\/lt\/#\/schema\/logo\/image\/\",\"url\":\"https:\/\/www.transtoyou.com\/lt\/wp-content\/uploads\/sites\/9\/2026\/01\/logo-tty-menu-bar-300x87-1.webp\",\"contentUrl\":\"https:\/\/www.transtoyou.com\/lt\/wp-content\/uploads\/sites\/9\/2026\/01\/logo-tty-menu-bar-300x87-1.webp\",\"width\":300,\"height\":87,\"caption\":\"Transtoyou - LT\"},\"image\":{\"@id\":\"https:\/\/www.transtoyou.com\/lt\/#\/schema\/logo\/image\/\"}}]}<\/script>\n<!-- \/ Yoast SEO plugin. -->","yoast_head_json":{"title":"Zopiclone | Miego priemon\u0117 nemigos gydymui - Transtoyou","description":"Zopiclone, prieinamas \u010dia nemigai gydyti. Padeda greitai u\u017emigti ir i\u0161laikyti mieg\u0105. Reikalingas receptas. Transtoyou u\u017etikrina saug\u0173 prieinamum\u0105.","robots":{"index":"noindex","follow":"follow","max-snippet":"max-snippet:-1","max-image-preview":"max-image-preview:large","max-video-preview":"max-video-preview:-1"},"og_locale":"lt_LT","og_type":"article","og_title":"Zopiclone | Miego priemon\u0117 nemigos gydymui - Transtoyou","og_description":"Zopiclone, prieinamas \u010dia nemigai gydyti. Padeda greitai u\u017emigti ir i\u0161laikyti mieg\u0105. Reikalingas receptas. Transtoyou u\u017etikrina saug\u0173 prieinamum\u0105.","og_url":"https:\/\/www.transtoyou.com\/lt\/product\/zopiclone\/","og_site_name":"Transtoyou - LT","article_modified_time":"2026-03-08T11:43:20+00:00","twitter_card":"summary_large_image","twitter_misc":{"Est. reading time":"1 minut\u0117"},"schema":{"@context":"https:\/\/schema.org","@graph":[{"@type":"WebPage","@id":"https:\/\/www.transtoyou.com\/lt\/product\/zopiclone\/","url":"https:\/\/www.transtoyou.com\/lt\/product\/zopiclone\/","name":"Zopiclone | Miego priemon\u0117 nemigos gydymui - Transtoyou","isPartOf":{"@id":"https:\/\/www.transtoyou.com\/lt\/#website"},"primaryImageOfPage":{"@id":"https:\/\/www.transtoyou.com\/lt\/product\/zopiclone\/#primaryimage"},"image":{"@id":"https:\/\/www.transtoyou.com\/lt\/product\/zopiclone\/#primaryimage"},"thumbnailUrl":"https:\/\/www.transtoyou.com\/lt\/wp-content\/uploads\/sites\/9\/2026\/01\/tty-no-product-image-113.webp","datePublished":"2026-01-24T19:31:23+00:00","dateModified":"2026-03-08T11:43:20+00:00","description":"Zopiclone, prieinamas \u010dia nemigai gydyti. Padeda greitai u\u017emigti ir i\u0161laikyti mieg\u0105. Reikalingas receptas. Transtoyou u\u017etikrina saug\u0173 prieinamum\u0105.","breadcrumb":{"@id":"https:\/\/www.transtoyou.com\/lt\/product\/zopiclone\/#breadcrumb"},"inLanguage":"lt-LT","potentialAction":[{"@type":"ReadAction","target":["https:\/\/www.transtoyou.com\/lt\/product\/zopiclone\/"]}]},{"@type":"ImageObject","inLanguage":"lt-LT","@id":"https:\/\/www.transtoyou.com\/lt\/product\/zopiclone\/#primaryimage","url":"https:\/\/www.transtoyou.com\/lt\/wp-content\/uploads\/sites\/9\/2026\/01\/tty-no-product-image-113.webp","contentUrl":"https:\/\/www.transtoyou.com\/lt\/wp-content\/uploads\/sites\/9\/2026\/01\/tty-no-product-image-113.webp","width":1000,"height":1000,"caption":"Numatytas produkto vaizdas"},{"@type":"WebSite","@id":"https:\/\/www.transtoyou.com\/lt\/#website","url":"https:\/\/www.transtoyou.com\/lt\/","name":"Transtoyou - LT","description":"","publisher":{"@id":"https:\/\/www.transtoyou.com\/lt\/#organization"},"potentialAction":[{"@type":"SearchAction","target":{"@type":"EntryPoint","urlTemplate":"https:\/\/www.transtoyou.com\/lt\/?s={search_term_string}"},"query-input":{"@type":"PropertyValueSpecification","valueRequired":true,"valueName":"search_term_string"}}],"inLanguage":"lt-LT"},{"@type":"Organization","@id":"https:\/\/www.transtoyou.com\/lt\/#organization","name":"Transtoyou - LT","url":"https:\/\/www.transtoyou.com\/lt\/","logo":{"@type":"ImageObject","inLanguage":"lt-LT","@id":"https:\/\/www.transtoyou.com\/lt\/#\/schema\/logo\/image\/","url":"https:\/\/www.transtoyou.com\/lt\/wp-content\/uploads\/sites\/9\/2026\/01\/logo-tty-menu-bar-300x87-1.webp","contentUrl":"https:\/\/www.transtoyou.com\/lt\/wp-content\/uploads\/sites\/9\/2026\/01\/logo-tty-menu-bar-300x87-1.webp","width":300,"height":87,"caption":"Transtoyou - LT"},"image":{"@id":"https:\/\/www.transtoyou.com\/lt\/#\/schema\/logo\/image\/"}}]}},"_links":{"self":[{"href":"https:\/\/www.transtoyou.com\/lt\/wp-json\/wp\/v2\/product\/1044","targetHints":{"allow":["GET"]}}],"collection":[{"href":"https:\/\/www.transtoyou.com\/lt\/wp-json\/wp\/v2\/product"}],"about":[{"href":"https:\/\/www.transtoyou.com\/lt\/wp-json\/wp\/v2\/types\/product"}],"replies":[{"embeddable":true,"href":"https:\/\/www.transtoyou.com\/lt\/wp-json\/wp\/v2\/comments?post=1044"}],"wp:featuredmedia":[{"embeddable":true,"href":"https:\/\/www.transtoyou.com\/lt\/wp-json\/wp\/v2\/media\/1046"}],"wp:attachment":[{"href":"https:\/\/www.transtoyou.com\/lt\/wp-json\/wp\/v2\/media?parent=1044"}],"wp:term":[{"taxonomy":"product_brand","embeddable":true,"href":"https:\/\/www.transtoyou.com\/lt\/wp-json\/wp\/v2\/product_brand?post=1044"},{"taxonomy":"product_cat","embeddable":true,"href":"https:\/\/www.transtoyou.com\/lt\/wp-json\/wp\/v2\/product_cat?post=1044"},{"taxonomy":"product_tag","embeddable":true,"href":"https:\/\/www.transtoyou.com\/lt\/wp-json\/wp\/v2\/product_tag?post=1044"},{"taxonomy":"expert","embeddable":true,"href":"https:\/\/www.transtoyou.com\/lt\/wp-json\/wp\/v2\/expert?post=1044"}],"curies":[{"name":"wp","href":"https:\/\/api.w.org\/{rel}","templated":true}]}}