{"id":1047,"date":"2026-01-24T21:48:37","date_gmt":"2026-01-24T19:48:37","guid":{"rendered":"https:\/\/www.transtoyou.com\/lt\/product\/zolpidem\/"},"modified":"2026-03-08T13:26:15","modified_gmt":"2026-03-08T11:26:15","slug":"zolpidemas","status":"publish","type":"product","link":"https:\/\/www.transtoyou.com\/lt\/product\/zolpidemas\/","title":{"rendered":"Zolpidemas"},"content":{"rendered":"<p>Zolpidemas yra receptinis vaistas, naudojamas trumpalaik\u0117s nemigos gydymui. Jis priklauso vaist\u0173 klasei, \u017einomai kaip nebenzodiazepininiai hipnotikai, ir yra sukurtas pad\u0117ti \u017emon\u0117ms greitai u\u017emigti. Zolpidemas da\u017enai skiriamas, kai sunkumai u\u017emigti trukdo kasdienei veiklai, nors jis n\u0117ra skirtas ilgalaikiam naudojimui.<\/p>\n<p>Vaistas veikia, veikdamas smegen\u0173 receptorius, kurie reguliuoja mieg\u0105, pad\u0117damas efektyviau prad\u0117ti nat\u016bral\u0173 miego cikl\u0105. Skirtingai nuo senesni\u0173 miego table\u010di\u0173, Zolpidemas paprastai turi ma\u017eiau \u0161alutini\u0173 poveiki\u0173, susijusi\u0173 su dienos mieguistumu ar apsn\u016bdimu, kai vartojamas pagal nurodymus. Jis yra prieinamas greito atpalaidavimo ir ilgo atpalaidavimo formomis, priklausomai nuo to, ar tikslas yra grei\u010diau u\u017emigti, ar ilgiau i\u0161likti miegant.<\/p>\n<p>Zolpidemas paprastai vartojamas prie\u0161 mieg\u0105, ir jis pradeda veikti per 15\u201330 minu\u010di\u0173. Kadangi jis veikia greitai, vartotojai tur\u0117t\u0173 u\u017etikrinti, kad b\u016bt\u0173 pasiruo\u0161\u0119 miegoti bent septynias ar a\u0161tuonias valandas po jo vartojimo, kad i\u0161vengt\u0173 kit\u0105 dien\u0105 pasirei\u0161kian\u010dio mieguistumo. Svarbu vengti veiklos, reikalaujan\u010dios budrumo, pavyzd\u017eiui, vairavimo, po zolpidemo vartojimo.<\/p>\n<p>\u0160io vaisto nereik\u0117t\u0173 vartoti su alkoholiu ar kitais raminamaisiais vaistais, nes \u0161ios kombinacijos padidina pavojing\u0173 \u0161alutini\u0173 poveiki\u0173 rizik\u0105. Kai kurie \u017emon\u0117s gali patirti ne\u012fprast\u0173 miego elgesio, toki\u0173 kaip miego \u0117jimas, valgymas ar vairavimas be visi\u0161ko s\u0105moningumo. \u0160ie elgesiai yra reti, ta\u010diau juos reikia nedelsiant prane\u0161ti, jei jie pasirei\u0161kia.<\/p>\n<p>Zolpidemas paprastai skiriamas trumpam laikotarpiui, kad b\u016bt\u0173 i\u0161vengta priklausomyb\u0117s ar tolerancijos.<\/p>\n","protected":false},"excerpt":{"rendered":"<ul>\n<li>Trumpalaik\u0117s nemigos gydymas<\/li>\n<li>Greitas u\u017emigimo palaikymas<\/li>\n<li>Receptinis miego pagalbininkas<\/li>\n<\/ul>\n","protected":false},"featured_media":1049,"comment_status":"open","ping_status":"closed","template":"","meta":[],"product_brand":[],"product_cat":[164],"product_tag":[],"expert":[16],"class_list":{"0":"post-1047","1":"product","2":"type-product","3":"status-publish","4":"has-post-thumbnail","6":"product_cat-miego-sutrikimai","7":"expert-dr-c-alexandru","9":"first","10":"instock","11":"shipping-taxable","12":"product-type-variable"},"yoast_head":"<!-- This site is optimized with the Yoast SEO plugin v27.0 - https:\/\/yoast.com\/product\/yoast-seo-wordpress\/ -->\n<title>Zolpidemas | Greita miego pagalba - Transtoyou<\/title>\n<meta name=\"description\" content=\"Atraskite Zolpidem trumpalaikiam nemigos gydymui, prieinamas su gydytojo receptu. Greita parama geresniam miegui, laikantis klinikini\u0173 rekomendacij\u0173.\" \/>\n<meta name=\"robots\" content=\"noindex, follow, max-snippet:-1, max-image-preview:large, max-video-preview:-1\" \/>\n<meta property=\"og:locale\" content=\"lt_LT\" \/>\n<meta property=\"og:type\" content=\"article\" \/>\n<meta property=\"og:title\" content=\"Zolpidemas | Greita miego pagalba - Transtoyou\" \/>\n<meta property=\"og:description\" content=\"Atraskite Zolpidem trumpalaikiam nemigos gydymui, prieinamas su gydytojo receptu. Greita parama geresniam miegui, laikantis klinikini\u0173 rekomendacij\u0173.\" \/>\n<meta property=\"og:url\" content=\"https:\/\/www.transtoyou.com\/lt\/product\/zolpidem\/\" \/>\n<meta property=\"og:site_name\" content=\"Transtoyou - LT\" \/>\n<meta property=\"article:modified_time\" content=\"2026-03-08T11:26:15+00:00\" \/>\n<meta name=\"twitter:card\" content=\"summary_large_image\" \/>\n<meta name=\"twitter:label1\" content=\"Est. reading time\" \/>\n\t<meta name=\"twitter:data1\" content=\"1 minut\u0117\" \/>\n<script type=\"application\/ld+json\" class=\"yoast-schema-graph\">{\"@context\":\"https:\/\/schema.org\",\"@graph\":[{\"@type\":\"WebPage\",\"@id\":\"https:\/\/www.transtoyou.com\/lt\/product\/zolpidem\/\",\"url\":\"https:\/\/www.transtoyou.com\/lt\/product\/zolpidem\/\",\"name\":\"Zolpidemas | Greita miego pagalba - Transtoyou\",\"isPartOf\":{\"@id\":\"https:\/\/www.transtoyou.com\/lt\/#website\"},\"primaryImageOfPage\":{\"@id\":\"https:\/\/www.transtoyou.com\/lt\/product\/zolpidem\/#primaryimage\"},\"image\":{\"@id\":\"https:\/\/www.transtoyou.com\/lt\/product\/zolpidem\/#primaryimage\"},\"thumbnailUrl\":\"https:\/\/www.transtoyou.com\/lt\/wp-content\/uploads\/sites\/9\/2026\/01\/tty-no-product-image-114.webp\",\"datePublished\":\"2026-01-24T19:48:37+00:00\",\"dateModified\":\"2026-03-08T11:26:15+00:00\",\"description\":\"Atraskite Zolpidem trumpalaikiam nemigos gydymui, prieinamas su gydytojo receptu. Greita parama geresniam miegui, laikantis klinikini\u0173 rekomendacij\u0173.\",\"breadcrumb\":{\"@id\":\"https:\/\/www.transtoyou.com\/lt\/product\/zolpidem\/#breadcrumb\"},\"inLanguage\":\"lt-LT\",\"potentialAction\":[{\"@type\":\"ReadAction\",\"target\":[\"https:\/\/www.transtoyou.com\/lt\/product\/zolpidem\/\"]}]},{\"@type\":\"ImageObject\",\"inLanguage\":\"lt-LT\",\"@id\":\"https:\/\/www.transtoyou.com\/lt\/product\/zolpidem\/#primaryimage\",\"url\":\"https:\/\/www.transtoyou.com\/lt\/wp-content\/uploads\/sites\/9\/2026\/01\/tty-no-product-image-114.webp\",\"contentUrl\":\"https:\/\/www.transtoyou.com\/lt\/wp-content\/uploads\/sites\/9\/2026\/01\/tty-no-product-image-114.webp\",\"width\":1000,\"height\":1000,\"caption\":\"Numatytasis produkto vaizdas\"},{\"@type\":\"WebSite\",\"@id\":\"https:\/\/www.transtoyou.com\/lt\/#website\",\"url\":\"https:\/\/www.transtoyou.com\/lt\/\",\"name\":\"Transtoyou - LT\",\"description\":\"\",\"publisher\":{\"@id\":\"https:\/\/www.transtoyou.com\/lt\/#organization\"},\"potentialAction\":[{\"@type\":\"SearchAction\",\"target\":{\"@type\":\"EntryPoint\",\"urlTemplate\":\"https:\/\/www.transtoyou.com\/lt\/?s={search_term_string}\"},\"query-input\":{\"@type\":\"PropertyValueSpecification\",\"valueRequired\":true,\"valueName\":\"search_term_string\"}}],\"inLanguage\":\"lt-LT\"},{\"@type\":\"Organization\",\"@id\":\"https:\/\/www.transtoyou.com\/lt\/#organization\",\"name\":\"Transtoyou - LT\",\"url\":\"https:\/\/www.transtoyou.com\/lt\/\",\"logo\":{\"@type\":\"ImageObject\",\"inLanguage\":\"lt-LT\",\"@id\":\"https:\/\/www.transtoyou.com\/lt\/#\/schema\/logo\/image\/\",\"url\":\"https:\/\/www.transtoyou.com\/lt\/wp-content\/uploads\/sites\/9\/2026\/01\/logo-tty-menu-bar-300x87-1.webp\",\"contentUrl\":\"https:\/\/www.transtoyou.com\/lt\/wp-content\/uploads\/sites\/9\/2026\/01\/logo-tty-menu-bar-300x87-1.webp\",\"width\":300,\"height\":87,\"caption\":\"Transtoyou - LT\"},\"image\":{\"@id\":\"https:\/\/www.transtoyou.com\/lt\/#\/schema\/logo\/image\/\"}}]}<\/script>\n<!-- \/ Yoast SEO plugin. -->","yoast_head_json":{"title":"Zolpidemas | Greita miego pagalba - Transtoyou","description":"Atraskite Zolpidem trumpalaikiam nemigos gydymui, prieinamas su gydytojo receptu. Greita parama geresniam miegui, laikantis klinikini\u0173 rekomendacij\u0173.","robots":{"index":"noindex","follow":"follow","max-snippet":"max-snippet:-1","max-image-preview":"max-image-preview:large","max-video-preview":"max-video-preview:-1"},"og_locale":"lt_LT","og_type":"article","og_title":"Zolpidemas | Greita miego pagalba - Transtoyou","og_description":"Atraskite Zolpidem trumpalaikiam nemigos gydymui, prieinamas su gydytojo receptu. Greita parama geresniam miegui, laikantis klinikini\u0173 rekomendacij\u0173.","og_url":"https:\/\/www.transtoyou.com\/lt\/product\/zolpidem\/","og_site_name":"Transtoyou - LT","article_modified_time":"2026-03-08T11:26:15+00:00","twitter_card":"summary_large_image","twitter_misc":{"Est. reading time":"1 minut\u0117"},"schema":{"@context":"https:\/\/schema.org","@graph":[{"@type":"WebPage","@id":"https:\/\/www.transtoyou.com\/lt\/product\/zolpidem\/","url":"https:\/\/www.transtoyou.com\/lt\/product\/zolpidem\/","name":"Zolpidemas | Greita miego pagalba - Transtoyou","isPartOf":{"@id":"https:\/\/www.transtoyou.com\/lt\/#website"},"primaryImageOfPage":{"@id":"https:\/\/www.transtoyou.com\/lt\/product\/zolpidem\/#primaryimage"},"image":{"@id":"https:\/\/www.transtoyou.com\/lt\/product\/zolpidem\/#primaryimage"},"thumbnailUrl":"https:\/\/www.transtoyou.com\/lt\/wp-content\/uploads\/sites\/9\/2026\/01\/tty-no-product-image-114.webp","datePublished":"2026-01-24T19:48:37+00:00","dateModified":"2026-03-08T11:26:15+00:00","description":"Atraskite Zolpidem trumpalaikiam nemigos gydymui, prieinamas su gydytojo receptu. Greita parama geresniam miegui, laikantis klinikini\u0173 rekomendacij\u0173.","breadcrumb":{"@id":"https:\/\/www.transtoyou.com\/lt\/product\/zolpidem\/#breadcrumb"},"inLanguage":"lt-LT","potentialAction":[{"@type":"ReadAction","target":["https:\/\/www.transtoyou.com\/lt\/product\/zolpidem\/"]}]},{"@type":"ImageObject","inLanguage":"lt-LT","@id":"https:\/\/www.transtoyou.com\/lt\/product\/zolpidem\/#primaryimage","url":"https:\/\/www.transtoyou.com\/lt\/wp-content\/uploads\/sites\/9\/2026\/01\/tty-no-product-image-114.webp","contentUrl":"https:\/\/www.transtoyou.com\/lt\/wp-content\/uploads\/sites\/9\/2026\/01\/tty-no-product-image-114.webp","width":1000,"height":1000,"caption":"Numatytasis produkto vaizdas"},{"@type":"WebSite","@id":"https:\/\/www.transtoyou.com\/lt\/#website","url":"https:\/\/www.transtoyou.com\/lt\/","name":"Transtoyou - LT","description":"","publisher":{"@id":"https:\/\/www.transtoyou.com\/lt\/#organization"},"potentialAction":[{"@type":"SearchAction","target":{"@type":"EntryPoint","urlTemplate":"https:\/\/www.transtoyou.com\/lt\/?s={search_term_string}"},"query-input":{"@type":"PropertyValueSpecification","valueRequired":true,"valueName":"search_term_string"}}],"inLanguage":"lt-LT"},{"@type":"Organization","@id":"https:\/\/www.transtoyou.com\/lt\/#organization","name":"Transtoyou - LT","url":"https:\/\/www.transtoyou.com\/lt\/","logo":{"@type":"ImageObject","inLanguage":"lt-LT","@id":"https:\/\/www.transtoyou.com\/lt\/#\/schema\/logo\/image\/","url":"https:\/\/www.transtoyou.com\/lt\/wp-content\/uploads\/sites\/9\/2026\/01\/logo-tty-menu-bar-300x87-1.webp","contentUrl":"https:\/\/www.transtoyou.com\/lt\/wp-content\/uploads\/sites\/9\/2026\/01\/logo-tty-menu-bar-300x87-1.webp","width":300,"height":87,"caption":"Transtoyou - LT"},"image":{"@id":"https:\/\/www.transtoyou.com\/lt\/#\/schema\/logo\/image\/"}}]}},"_links":{"self":[{"href":"https:\/\/www.transtoyou.com\/lt\/wp-json\/wp\/v2\/product\/1047","targetHints":{"allow":["GET"]}}],"collection":[{"href":"https:\/\/www.transtoyou.com\/lt\/wp-json\/wp\/v2\/product"}],"about":[{"href":"https:\/\/www.transtoyou.com\/lt\/wp-json\/wp\/v2\/types\/product"}],"replies":[{"embeddable":true,"href":"https:\/\/www.transtoyou.com\/lt\/wp-json\/wp\/v2\/comments?post=1047"}],"wp:featuredmedia":[{"embeddable":true,"href":"https:\/\/www.transtoyou.com\/lt\/wp-json\/wp\/v2\/media\/1049"}],"wp:attachment":[{"href":"https:\/\/www.transtoyou.com\/lt\/wp-json\/wp\/v2\/media?parent=1047"}],"wp:term":[{"taxonomy":"product_brand","embeddable":true,"href":"https:\/\/www.transtoyou.com\/lt\/wp-json\/wp\/v2\/product_brand?post=1047"},{"taxonomy":"product_cat","embeddable":true,"href":"https:\/\/www.transtoyou.com\/lt\/wp-json\/wp\/v2\/product_cat?post=1047"},{"taxonomy":"product_tag","embeddable":true,"href":"https:\/\/www.transtoyou.com\/lt\/wp-json\/wp\/v2\/product_tag?post=1047"},{"taxonomy":"expert","embeddable":true,"href":"https:\/\/www.transtoyou.com\/lt\/wp-json\/wp\/v2\/expert?post=1047"}],"curies":[{"name":"wp","href":"https:\/\/api.w.org\/{rel}","templated":true}]}}