{"id":1053,"date":"2026-01-24T22:21:40","date_gmt":"2026-01-24T20:21:40","guid":{"rendered":"https:\/\/www.transtoyou.com\/lt\/product\/invicorp\/"},"modified":"2026-01-24T22:22:40","modified_gmt":"2026-01-24T20:22:40","slug":"invicorp","status":"publish","type":"product","link":"https:\/\/www.transtoyou.com\/lt\/product\/invicorp\/","title":{"rendered":"Invicorp"},"content":{"rendered":"<p>Invicorp yra vaistas, naudojamas erekcijos disfunkcijai (ED) gydyti. Jame yra dvi veikliosios med\u017eiagos: aviptadilis ir fentolaminas, kurie kartu veikia, kad pagerint\u0173 kraujo tek\u0117jim\u0105 \u012f varp\u0105 ir suma\u017eint\u0173 kraujo nutek\u0117jim\u0105. \u0160is dvigubas poveikis leid\u017eia pasiekti tvirt\u0105 erekcij\u0105, tinkam\u0105 lytinei veiklai.<\/p>\n<p>Aviptadilis yra sintetin\u0117 vazodilatacinio \u017earnyno peptido (VIP) versija, kuri padeda atsipalaiduoti lygi\u0173j\u0173 raumen\u0173 ir suma\u017einti kraujo nutek\u0117jim\u0105 i\u0161 varpos. Fentolaminas yra alfa blokatorius, kuris padidina kraujo tek\u0117jim\u0105 \u012f varpos audin\u012f, ple\u010diant kraujagysles. Kartu jie padeda pasiekti ir i\u0161laikyti erekcij\u0105, atkurdami nat\u016brali\u0105 kraujo tek\u0117jimo pusiausvyr\u0105 \u012f varp\u0105 ir i\u0161 jos.<\/p>\n<p>Invicorp naudojamas vyrams, turintiems erekcijos disfunkcij\u0105, ypa\u010d tiems, kuriems kiti gydymo b\u016bdai, tokie kaip geriamieji vaistai, n\u0117ra veiksmingi arba nerekomenduojami. Jis \u0161virk\u0161\u010diamas tiesiai \u012f kaverninius k\u016bnus (mink\u0161t\u0105 audin\u012f kiekvienoje varpos pus\u0117je). Poveikis paprastai prasideda netrukus po injekcijos ir paprastai trunka ne ilgiau kaip valand\u0105.<\/p>\n","protected":false},"excerpt":{"rendered":"<ul>\n<li>Greita ir patikima erekcijos parama<\/li>\n<li>Veikia, kai oraliniai ED vaistai nepavyksta<\/li>\n<li>\u012e\u0161virk\u0161\u010diama tiesiai \u012f varp\u0105<\/li>\n<\/ul>\n","protected":false},"featured_media":1055,"comment_status":"open","ping_status":"closed","template":"","meta":[],"product_brand":[],"product_cat":[115],"product_tag":[],"expert":[17],"class_list":{"0":"post-1053","1":"product","2":"type-product","3":"status-publish","4":"has-post-thumbnail","6":"product_cat-erekcijos-disfunkcijos-gydymas","7":"expert-dr-c-munoz-parada","9":"first","10":"instock","11":"shipping-taxable","12":"product-type-variable"},"yoast_head":"<!-- This site is optimized with the Yoast SEO plugin v27.0 - https:\/\/yoast.com\/product\/yoast-seo-wordpress\/ -->\n<title>Invicorp | Pagerink kraujo tek\u0117jim\u0105 ED palengvinimui - Transtoyou<\/title>\n<meta name=\"description\" content=\"Atraskite Invicorp Transtoyou, gerinant\u012f na\u0161um\u0105 ir pasitik\u0117jim\u0105. Pirkite dabar efektyviam sprendimui, kuris pad\u0117s pasiekti j\u016bs\u0173 sveikatos tikslus.\" \/>\n<meta name=\"robots\" content=\"noindex, follow, max-snippet:-1, max-image-preview:large, max-video-preview:-1\" \/>\n<meta property=\"og:locale\" content=\"lt_LT\" \/>\n<meta property=\"og:type\" content=\"article\" \/>\n<meta property=\"og:title\" content=\"Invicorp | Pagerink kraujo tek\u0117jim\u0105 ED palengvinimui - Transtoyou\" \/>\n<meta property=\"og:description\" content=\"Atraskite Invicorp Transtoyou, gerinant\u012f na\u0161um\u0105 ir pasitik\u0117jim\u0105. Pirkite dabar efektyviam sprendimui, kuris pad\u0117s pasiekti j\u016bs\u0173 sveikatos tikslus.\" \/>\n<meta property=\"og:url\" content=\"https:\/\/www.transtoyou.com\/lt\/product\/invicorp\/\" \/>\n<meta property=\"og:site_name\" content=\"Transtoyou - LT\" \/>\n<meta property=\"article:modified_time\" content=\"2026-01-24T20:22:40+00:00\" \/>\n<meta name=\"twitter:card\" content=\"summary_large_image\" \/>\n<meta name=\"twitter:label1\" content=\"Est. reading time\" \/>\n\t<meta name=\"twitter:data1\" content=\"1 minut\u0117\" \/>\n<script type=\"application\/ld+json\" class=\"yoast-schema-graph\">{\"@context\":\"https:\/\/schema.org\",\"@graph\":[{\"@type\":\"WebPage\",\"@id\":\"https:\/\/www.transtoyou.com\/lt\/product\/invicorp\/\",\"url\":\"https:\/\/www.transtoyou.com\/lt\/product\/invicorp\/\",\"name\":\"Invicorp | Pagerink kraujo tek\u0117jim\u0105 ED palengvinimui - Transtoyou\",\"isPartOf\":{\"@id\":\"https:\/\/www.transtoyou.com\/lt\/#website\"},\"primaryImageOfPage\":{\"@id\":\"https:\/\/www.transtoyou.com\/lt\/product\/invicorp\/#primaryimage\"},\"image\":{\"@id\":\"https:\/\/www.transtoyou.com\/lt\/product\/invicorp\/#primaryimage\"},\"thumbnailUrl\":\"https:\/\/www.transtoyou.com\/lt\/wp-content\/uploads\/sites\/9\/2026\/01\/tty-no-product-image-116.webp\",\"datePublished\":\"2026-01-24T20:21:40+00:00\",\"dateModified\":\"2026-01-24T20:22:40+00:00\",\"description\":\"Atraskite Invicorp Transtoyou, gerinant\u012f na\u0161um\u0105 ir pasitik\u0117jim\u0105. Pirkite dabar efektyviam sprendimui, kuris pad\u0117s pasiekti j\u016bs\u0173 sveikatos tikslus.\",\"breadcrumb\":{\"@id\":\"https:\/\/www.transtoyou.com\/lt\/product\/invicorp\/#breadcrumb\"},\"inLanguage\":\"lt-LT\",\"potentialAction\":[{\"@type\":\"ReadAction\",\"target\":[\"https:\/\/www.transtoyou.com\/lt\/product\/invicorp\/\"]}]},{\"@type\":\"ImageObject\",\"inLanguage\":\"lt-LT\",\"@id\":\"https:\/\/www.transtoyou.com\/lt\/product\/invicorp\/#primaryimage\",\"url\":\"https:\/\/www.transtoyou.com\/lt\/wp-content\/uploads\/sites\/9\/2026\/01\/tty-no-product-image-116.webp\",\"contentUrl\":\"https:\/\/www.transtoyou.com\/lt\/wp-content\/uploads\/sites\/9\/2026\/01\/tty-no-product-image-116.webp\",\"width\":1000,\"height\":1000,\"caption\":\"Numatytas produkto vaizdas\"},{\"@type\":\"WebSite\",\"@id\":\"https:\/\/www.transtoyou.com\/lt\/#website\",\"url\":\"https:\/\/www.transtoyou.com\/lt\/\",\"name\":\"Transtoyou - LT\",\"description\":\"\",\"publisher\":{\"@id\":\"https:\/\/www.transtoyou.com\/lt\/#organization\"},\"potentialAction\":[{\"@type\":\"SearchAction\",\"target\":{\"@type\":\"EntryPoint\",\"urlTemplate\":\"https:\/\/www.transtoyou.com\/lt\/?s={search_term_string}\"},\"query-input\":{\"@type\":\"PropertyValueSpecification\",\"valueRequired\":true,\"valueName\":\"search_term_string\"}}],\"inLanguage\":\"lt-LT\"},{\"@type\":\"Organization\",\"@id\":\"https:\/\/www.transtoyou.com\/lt\/#organization\",\"name\":\"Transtoyou - LT\",\"url\":\"https:\/\/www.transtoyou.com\/lt\/\",\"logo\":{\"@type\":\"ImageObject\",\"inLanguage\":\"lt-LT\",\"@id\":\"https:\/\/www.transtoyou.com\/lt\/#\/schema\/logo\/image\/\",\"url\":\"https:\/\/www.transtoyou.com\/lt\/wp-content\/uploads\/sites\/9\/2026\/01\/logo-tty-menu-bar-300x87-1.webp\",\"contentUrl\":\"https:\/\/www.transtoyou.com\/lt\/wp-content\/uploads\/sites\/9\/2026\/01\/logo-tty-menu-bar-300x87-1.webp\",\"width\":300,\"height\":87,\"caption\":\"Transtoyou - LT\"},\"image\":{\"@id\":\"https:\/\/www.transtoyou.com\/lt\/#\/schema\/logo\/image\/\"}}]}<\/script>\n<!-- \/ Yoast SEO plugin. -->","yoast_head_json":{"title":"Invicorp | Pagerink kraujo tek\u0117jim\u0105 ED palengvinimui - Transtoyou","description":"Atraskite Invicorp Transtoyou, gerinant\u012f na\u0161um\u0105 ir pasitik\u0117jim\u0105. Pirkite dabar efektyviam sprendimui, kuris pad\u0117s pasiekti j\u016bs\u0173 sveikatos tikslus.","robots":{"index":"noindex","follow":"follow","max-snippet":"max-snippet:-1","max-image-preview":"max-image-preview:large","max-video-preview":"max-video-preview:-1"},"og_locale":"lt_LT","og_type":"article","og_title":"Invicorp | Pagerink kraujo tek\u0117jim\u0105 ED palengvinimui - Transtoyou","og_description":"Atraskite Invicorp Transtoyou, gerinant\u012f na\u0161um\u0105 ir pasitik\u0117jim\u0105. Pirkite dabar efektyviam sprendimui, kuris pad\u0117s pasiekti j\u016bs\u0173 sveikatos tikslus.","og_url":"https:\/\/www.transtoyou.com\/lt\/product\/invicorp\/","og_site_name":"Transtoyou - LT","article_modified_time":"2026-01-24T20:22:40+00:00","twitter_card":"summary_large_image","twitter_misc":{"Est. reading time":"1 minut\u0117"},"schema":{"@context":"https:\/\/schema.org","@graph":[{"@type":"WebPage","@id":"https:\/\/www.transtoyou.com\/lt\/product\/invicorp\/","url":"https:\/\/www.transtoyou.com\/lt\/product\/invicorp\/","name":"Invicorp | Pagerink kraujo tek\u0117jim\u0105 ED palengvinimui - Transtoyou","isPartOf":{"@id":"https:\/\/www.transtoyou.com\/lt\/#website"},"primaryImageOfPage":{"@id":"https:\/\/www.transtoyou.com\/lt\/product\/invicorp\/#primaryimage"},"image":{"@id":"https:\/\/www.transtoyou.com\/lt\/product\/invicorp\/#primaryimage"},"thumbnailUrl":"https:\/\/www.transtoyou.com\/lt\/wp-content\/uploads\/sites\/9\/2026\/01\/tty-no-product-image-116.webp","datePublished":"2026-01-24T20:21:40+00:00","dateModified":"2026-01-24T20:22:40+00:00","description":"Atraskite Invicorp Transtoyou, gerinant\u012f na\u0161um\u0105 ir pasitik\u0117jim\u0105. Pirkite dabar efektyviam sprendimui, kuris pad\u0117s pasiekti j\u016bs\u0173 sveikatos tikslus.","breadcrumb":{"@id":"https:\/\/www.transtoyou.com\/lt\/product\/invicorp\/#breadcrumb"},"inLanguage":"lt-LT","potentialAction":[{"@type":"ReadAction","target":["https:\/\/www.transtoyou.com\/lt\/product\/invicorp\/"]}]},{"@type":"ImageObject","inLanguage":"lt-LT","@id":"https:\/\/www.transtoyou.com\/lt\/product\/invicorp\/#primaryimage","url":"https:\/\/www.transtoyou.com\/lt\/wp-content\/uploads\/sites\/9\/2026\/01\/tty-no-product-image-116.webp","contentUrl":"https:\/\/www.transtoyou.com\/lt\/wp-content\/uploads\/sites\/9\/2026\/01\/tty-no-product-image-116.webp","width":1000,"height":1000,"caption":"Numatytas produkto vaizdas"},{"@type":"WebSite","@id":"https:\/\/www.transtoyou.com\/lt\/#website","url":"https:\/\/www.transtoyou.com\/lt\/","name":"Transtoyou - LT","description":"","publisher":{"@id":"https:\/\/www.transtoyou.com\/lt\/#organization"},"potentialAction":[{"@type":"SearchAction","target":{"@type":"EntryPoint","urlTemplate":"https:\/\/www.transtoyou.com\/lt\/?s={search_term_string}"},"query-input":{"@type":"PropertyValueSpecification","valueRequired":true,"valueName":"search_term_string"}}],"inLanguage":"lt-LT"},{"@type":"Organization","@id":"https:\/\/www.transtoyou.com\/lt\/#organization","name":"Transtoyou - LT","url":"https:\/\/www.transtoyou.com\/lt\/","logo":{"@type":"ImageObject","inLanguage":"lt-LT","@id":"https:\/\/www.transtoyou.com\/lt\/#\/schema\/logo\/image\/","url":"https:\/\/www.transtoyou.com\/lt\/wp-content\/uploads\/sites\/9\/2026\/01\/logo-tty-menu-bar-300x87-1.webp","contentUrl":"https:\/\/www.transtoyou.com\/lt\/wp-content\/uploads\/sites\/9\/2026\/01\/logo-tty-menu-bar-300x87-1.webp","width":300,"height":87,"caption":"Transtoyou - LT"},"image":{"@id":"https:\/\/www.transtoyou.com\/lt\/#\/schema\/logo\/image\/"}}]}},"_links":{"self":[{"href":"https:\/\/www.transtoyou.com\/lt\/wp-json\/wp\/v2\/product\/1053","targetHints":{"allow":["GET"]}}],"collection":[{"href":"https:\/\/www.transtoyou.com\/lt\/wp-json\/wp\/v2\/product"}],"about":[{"href":"https:\/\/www.transtoyou.com\/lt\/wp-json\/wp\/v2\/types\/product"}],"replies":[{"embeddable":true,"href":"https:\/\/www.transtoyou.com\/lt\/wp-json\/wp\/v2\/comments?post=1053"}],"wp:featuredmedia":[{"embeddable":true,"href":"https:\/\/www.transtoyou.com\/lt\/wp-json\/wp\/v2\/media\/1055"}],"wp:attachment":[{"href":"https:\/\/www.transtoyou.com\/lt\/wp-json\/wp\/v2\/media?parent=1053"}],"wp:term":[{"taxonomy":"product_brand","embeddable":true,"href":"https:\/\/www.transtoyou.com\/lt\/wp-json\/wp\/v2\/product_brand?post=1053"},{"taxonomy":"product_cat","embeddable":true,"href":"https:\/\/www.transtoyou.com\/lt\/wp-json\/wp\/v2\/product_cat?post=1053"},{"taxonomy":"product_tag","embeddable":true,"href":"https:\/\/www.transtoyou.com\/lt\/wp-json\/wp\/v2\/product_tag?post=1053"},{"taxonomy":"expert","embeddable":true,"href":"https:\/\/www.transtoyou.com\/lt\/wp-json\/wp\/v2\/expert?post=1053"}],"curies":[{"name":"wp","href":"https:\/\/api.w.org\/{rel}","templated":true}]}}