{"id":1056,"date":"2026-01-24T22:37:34","date_gmt":"2026-01-24T20:37:34","guid":{"rendered":"https:\/\/www.transtoyou.com\/lt\/product\/fortacin\/"},"modified":"2026-01-24T22:38:37","modified_gmt":"2026-01-24T20:38:37","slug":"fortacin","status":"publish","type":"product","link":"https:\/\/www.transtoyou.com\/lt\/product\/fortacin\/","title":{"rendered":"Fortacin"},"content":{"rendered":"<p>Fortacin yra receptinis pur\u0161kalas, sukurtas ankstyvos ejakuliacijos gydymui suaugusiems vyrams. Jame yra du vietiniai anestetikai, lidokainas ir prilokainas, kurie kartu veikia, kad laikinai suma\u017eint\u0173 jautrum\u0105 varpoje. Numbing pavir\u0161i\u0173, produktas padeda atid\u0117ti ejakuliacij\u0105 ir pagerinti kontrol\u0119 lytin\u0117s veiklos metu.<\/p>\n<p>\u0160is pur\u0161kalas tepamas tiesiai ant varpos galvut\u0117s prie\u0161 lytin\u012f akt\u0105. Jis greitai absorbuojamas ir pradeda veikti per kelias minutes, si\u016blydamas lengv\u0105 ir neinvazin\u012f sprendim\u0105 problemai, kuri gali sukelti emocin\u012f stres\u0105 ir santyki\u0173 sunkumus. Fortacin yra sukurtas i\u0161laikyti malonumo poj\u016bt\u012f, tuo pa\u010diu prailginant laik\u0105 iki ejakuliacijos.<\/p>\n<p>Skirtingai nuo geriam\u0173j\u0173 vaist\u0173, Fortacin veikia lokaliai ir nereikalauja sistemin\u0117s absorbcijos. Tai daro j\u012f nauding\u0105 pasirinkim\u0105 vyrams, kurie nori i\u0161vengti table\u010di\u0173 arba kurie gali b\u016bti netinkami geriamiesiems gydymams. D\u0117l savo tikslaus poveikio ir greito veikimo jis gali b\u016bti naudojamas pagal poreik\u012f, si\u016blydamas lankstum\u0105 simptom\u0173 valdyme.<\/p>\n<p>Dauguma vyr\u0173 gerai toleruoja pur\u0161kal\u0105, nors kai kurie gali patirti lengv\u0105 odos dirginim\u0105, laikinas nutirpimas ar suma\u017e\u0117j\u0119s jautrumas. \u0160ie poveikiai paprastai yra trumpalaikiai ir ma\u017e\u0117ja toliau naudojant. Fortacin n\u0117ra kontraceptikas ir neapsaugo nuo lyti\u0161kai plintan\u010di\u0173 infekcij\u0173, tod\u0117l, jei reikia, tur\u0117t\u0173 b\u016bti naudojama tinkama apsauga.<\/p>\n","protected":false},"excerpt":{"rendered":"<ul>\n<li>Pur\u0161kiklis prie\u0161laikinei ejakuliacijai gydyti<\/li>\n<li>Sud\u0117tyje yra lidokaino ir prilokaino<\/li>\n<li>Greitai veikiantis su vietiniu poveikiu<\/li>\n<\/ul>\n","protected":false},"featured_media":1058,"comment_status":"open","ping_status":"closed","template":"","meta":[],"product_brand":[],"product_cat":[157],"product_tag":[],"expert":[16],"class_list":{"0":"post-1056","1":"product","2":"type-product","3":"status-publish","4":"has-post-thumbnail","6":"product_cat-prieslaikines-ejakcijos-sprendimai","7":"expert-dr-c-alexandru","9":"first","10":"instock","11":"shipping-taxable","12":"product-type-variable"},"yoast_head":"<!-- This site is optimized with the Yoast SEO plugin v27.0 - https:\/\/yoast.com\/product\/yoast-seo-wordpress\/ -->\n<title>Fortacin | Greitas palengv\u0117jimas prie\u0161laikinei ejakuliacijai - Transtoyou<\/title>\n<meta name=\"description\" content=\"Fortacin dabar prieinamas Transtoyou, greitai palengvinantis prie\u0161laikin\u0119 ejakuliacij\u0105. I\u0161nagrin\u0117kite efektyvius sprendimus ir pirkite su pasitik\u0117jimu \u0161iandien.\" \/>\n<meta name=\"robots\" content=\"noindex, follow, max-snippet:-1, max-image-preview:large, max-video-preview:-1\" \/>\n<meta property=\"og:locale\" content=\"lt_LT\" \/>\n<meta property=\"og:type\" content=\"article\" \/>\n<meta property=\"og:title\" content=\"Fortacin | Greitas palengv\u0117jimas prie\u0161laikinei ejakuliacijai - Transtoyou\" \/>\n<meta property=\"og:description\" content=\"Fortacin dabar prieinamas Transtoyou, greitai palengvinantis prie\u0161laikin\u0119 ejakuliacij\u0105. I\u0161nagrin\u0117kite efektyvius sprendimus ir pirkite su pasitik\u0117jimu \u0161iandien.\" \/>\n<meta property=\"og:url\" content=\"https:\/\/www.transtoyou.com\/lt\/product\/fortacin\/\" \/>\n<meta property=\"og:site_name\" content=\"Transtoyou - LT\" \/>\n<meta property=\"article:modified_time\" content=\"2026-01-24T20:38:37+00:00\" \/>\n<meta name=\"twitter:card\" content=\"summary_large_image\" \/>\n<meta name=\"twitter:label1\" content=\"Est. reading time\" \/>\n\t<meta name=\"twitter:data1\" content=\"1 minut\u0117\" \/>\n<script type=\"application\/ld+json\" class=\"yoast-schema-graph\">{\"@context\":\"https:\/\/schema.org\",\"@graph\":[{\"@type\":\"WebPage\",\"@id\":\"https:\/\/www.transtoyou.com\/lt\/product\/fortacin\/\",\"url\":\"https:\/\/www.transtoyou.com\/lt\/product\/fortacin\/\",\"name\":\"Fortacin | Greitas palengv\u0117jimas prie\u0161laikinei ejakuliacijai - Transtoyou\",\"isPartOf\":{\"@id\":\"https:\/\/www.transtoyou.com\/lt\/#website\"},\"primaryImageOfPage\":{\"@id\":\"https:\/\/www.transtoyou.com\/lt\/product\/fortacin\/#primaryimage\"},\"image\":{\"@id\":\"https:\/\/www.transtoyou.com\/lt\/product\/fortacin\/#primaryimage\"},\"thumbnailUrl\":\"https:\/\/www.transtoyou.com\/lt\/wp-content\/uploads\/sites\/9\/2026\/01\/tty-no-product-image-117.webp\",\"datePublished\":\"2026-01-24T20:37:34+00:00\",\"dateModified\":\"2026-01-24T20:38:37+00:00\",\"description\":\"Fortacin dabar prieinamas Transtoyou, greitai palengvinantis prie\u0161laikin\u0119 ejakuliacij\u0105. I\u0161nagrin\u0117kite efektyvius sprendimus ir pirkite su pasitik\u0117jimu \u0161iandien.\",\"breadcrumb\":{\"@id\":\"https:\/\/www.transtoyou.com\/lt\/product\/fortacin\/#breadcrumb\"},\"inLanguage\":\"lt-LT\",\"potentialAction\":[{\"@type\":\"ReadAction\",\"target\":[\"https:\/\/www.transtoyou.com\/lt\/product\/fortacin\/\"]}]},{\"@type\":\"ImageObject\",\"inLanguage\":\"lt-LT\",\"@id\":\"https:\/\/www.transtoyou.com\/lt\/product\/fortacin\/#primaryimage\",\"url\":\"https:\/\/www.transtoyou.com\/lt\/wp-content\/uploads\/sites\/9\/2026\/01\/tty-no-product-image-117.webp\",\"contentUrl\":\"https:\/\/www.transtoyou.com\/lt\/wp-content\/uploads\/sites\/9\/2026\/01\/tty-no-product-image-117.webp\",\"width\":1000,\"height\":1000,\"caption\":\"Numatytas produkto vaizdas\"},{\"@type\":\"WebSite\",\"@id\":\"https:\/\/www.transtoyou.com\/lt\/#website\",\"url\":\"https:\/\/www.transtoyou.com\/lt\/\",\"name\":\"Transtoyou - LT\",\"description\":\"\",\"publisher\":{\"@id\":\"https:\/\/www.transtoyou.com\/lt\/#organization\"},\"potentialAction\":[{\"@type\":\"SearchAction\",\"target\":{\"@type\":\"EntryPoint\",\"urlTemplate\":\"https:\/\/www.transtoyou.com\/lt\/?s={search_term_string}\"},\"query-input\":{\"@type\":\"PropertyValueSpecification\",\"valueRequired\":true,\"valueName\":\"search_term_string\"}}],\"inLanguage\":\"lt-LT\"},{\"@type\":\"Organization\",\"@id\":\"https:\/\/www.transtoyou.com\/lt\/#organization\",\"name\":\"Transtoyou - LT\",\"url\":\"https:\/\/www.transtoyou.com\/lt\/\",\"logo\":{\"@type\":\"ImageObject\",\"inLanguage\":\"lt-LT\",\"@id\":\"https:\/\/www.transtoyou.com\/lt\/#\/schema\/logo\/image\/\",\"url\":\"https:\/\/www.transtoyou.com\/lt\/wp-content\/uploads\/sites\/9\/2026\/01\/logo-tty-menu-bar-300x87-1.webp\",\"contentUrl\":\"https:\/\/www.transtoyou.com\/lt\/wp-content\/uploads\/sites\/9\/2026\/01\/logo-tty-menu-bar-300x87-1.webp\",\"width\":300,\"height\":87,\"caption\":\"Transtoyou - LT\"},\"image\":{\"@id\":\"https:\/\/www.transtoyou.com\/lt\/#\/schema\/logo\/image\/\"}}]}<\/script>\n<!-- \/ Yoast SEO plugin. -->","yoast_head_json":{"title":"Fortacin | Greitas palengv\u0117jimas prie\u0161laikinei ejakuliacijai - Transtoyou","description":"Fortacin dabar prieinamas Transtoyou, greitai palengvinantis prie\u0161laikin\u0119 ejakuliacij\u0105. I\u0161nagrin\u0117kite efektyvius sprendimus ir pirkite su pasitik\u0117jimu \u0161iandien.","robots":{"index":"noindex","follow":"follow","max-snippet":"max-snippet:-1","max-image-preview":"max-image-preview:large","max-video-preview":"max-video-preview:-1"},"og_locale":"lt_LT","og_type":"article","og_title":"Fortacin | Greitas palengv\u0117jimas prie\u0161laikinei ejakuliacijai - Transtoyou","og_description":"Fortacin dabar prieinamas Transtoyou, greitai palengvinantis prie\u0161laikin\u0119 ejakuliacij\u0105. I\u0161nagrin\u0117kite efektyvius sprendimus ir pirkite su pasitik\u0117jimu \u0161iandien.","og_url":"https:\/\/www.transtoyou.com\/lt\/product\/fortacin\/","og_site_name":"Transtoyou - LT","article_modified_time":"2026-01-24T20:38:37+00:00","twitter_card":"summary_large_image","twitter_misc":{"Est. reading time":"1 minut\u0117"},"schema":{"@context":"https:\/\/schema.org","@graph":[{"@type":"WebPage","@id":"https:\/\/www.transtoyou.com\/lt\/product\/fortacin\/","url":"https:\/\/www.transtoyou.com\/lt\/product\/fortacin\/","name":"Fortacin | Greitas palengv\u0117jimas prie\u0161laikinei ejakuliacijai - Transtoyou","isPartOf":{"@id":"https:\/\/www.transtoyou.com\/lt\/#website"},"primaryImageOfPage":{"@id":"https:\/\/www.transtoyou.com\/lt\/product\/fortacin\/#primaryimage"},"image":{"@id":"https:\/\/www.transtoyou.com\/lt\/product\/fortacin\/#primaryimage"},"thumbnailUrl":"https:\/\/www.transtoyou.com\/lt\/wp-content\/uploads\/sites\/9\/2026\/01\/tty-no-product-image-117.webp","datePublished":"2026-01-24T20:37:34+00:00","dateModified":"2026-01-24T20:38:37+00:00","description":"Fortacin dabar prieinamas Transtoyou, greitai palengvinantis prie\u0161laikin\u0119 ejakuliacij\u0105. I\u0161nagrin\u0117kite efektyvius sprendimus ir pirkite su pasitik\u0117jimu \u0161iandien.","breadcrumb":{"@id":"https:\/\/www.transtoyou.com\/lt\/product\/fortacin\/#breadcrumb"},"inLanguage":"lt-LT","potentialAction":[{"@type":"ReadAction","target":["https:\/\/www.transtoyou.com\/lt\/product\/fortacin\/"]}]},{"@type":"ImageObject","inLanguage":"lt-LT","@id":"https:\/\/www.transtoyou.com\/lt\/product\/fortacin\/#primaryimage","url":"https:\/\/www.transtoyou.com\/lt\/wp-content\/uploads\/sites\/9\/2026\/01\/tty-no-product-image-117.webp","contentUrl":"https:\/\/www.transtoyou.com\/lt\/wp-content\/uploads\/sites\/9\/2026\/01\/tty-no-product-image-117.webp","width":1000,"height":1000,"caption":"Numatytas produkto vaizdas"},{"@type":"WebSite","@id":"https:\/\/www.transtoyou.com\/lt\/#website","url":"https:\/\/www.transtoyou.com\/lt\/","name":"Transtoyou - LT","description":"","publisher":{"@id":"https:\/\/www.transtoyou.com\/lt\/#organization"},"potentialAction":[{"@type":"SearchAction","target":{"@type":"EntryPoint","urlTemplate":"https:\/\/www.transtoyou.com\/lt\/?s={search_term_string}"},"query-input":{"@type":"PropertyValueSpecification","valueRequired":true,"valueName":"search_term_string"}}],"inLanguage":"lt-LT"},{"@type":"Organization","@id":"https:\/\/www.transtoyou.com\/lt\/#organization","name":"Transtoyou - LT","url":"https:\/\/www.transtoyou.com\/lt\/","logo":{"@type":"ImageObject","inLanguage":"lt-LT","@id":"https:\/\/www.transtoyou.com\/lt\/#\/schema\/logo\/image\/","url":"https:\/\/www.transtoyou.com\/lt\/wp-content\/uploads\/sites\/9\/2026\/01\/logo-tty-menu-bar-300x87-1.webp","contentUrl":"https:\/\/www.transtoyou.com\/lt\/wp-content\/uploads\/sites\/9\/2026\/01\/logo-tty-menu-bar-300x87-1.webp","width":300,"height":87,"caption":"Transtoyou - LT"},"image":{"@id":"https:\/\/www.transtoyou.com\/lt\/#\/schema\/logo\/image\/"}}]}},"_links":{"self":[{"href":"https:\/\/www.transtoyou.com\/lt\/wp-json\/wp\/v2\/product\/1056","targetHints":{"allow":["GET"]}}],"collection":[{"href":"https:\/\/www.transtoyou.com\/lt\/wp-json\/wp\/v2\/product"}],"about":[{"href":"https:\/\/www.transtoyou.com\/lt\/wp-json\/wp\/v2\/types\/product"}],"replies":[{"embeddable":true,"href":"https:\/\/www.transtoyou.com\/lt\/wp-json\/wp\/v2\/comments?post=1056"}],"wp:featuredmedia":[{"embeddable":true,"href":"https:\/\/www.transtoyou.com\/lt\/wp-json\/wp\/v2\/media\/1058"}],"wp:attachment":[{"href":"https:\/\/www.transtoyou.com\/lt\/wp-json\/wp\/v2\/media?parent=1056"}],"wp:term":[{"taxonomy":"product_brand","embeddable":true,"href":"https:\/\/www.transtoyou.com\/lt\/wp-json\/wp\/v2\/product_brand?post=1056"},{"taxonomy":"product_cat","embeddable":true,"href":"https:\/\/www.transtoyou.com\/lt\/wp-json\/wp\/v2\/product_cat?post=1056"},{"taxonomy":"product_tag","embeddable":true,"href":"https:\/\/www.transtoyou.com\/lt\/wp-json\/wp\/v2\/product_tag?post=1056"},{"taxonomy":"expert","embeddable":true,"href":"https:\/\/www.transtoyou.com\/lt\/wp-json\/wp\/v2\/expert?post=1056"}],"curies":[{"name":"wp","href":"https:\/\/api.w.org\/{rel}","templated":true}]}}