{"id":1059,"date":"2026-01-24T22:53:22","date_gmt":"2026-01-24T20:53:22","guid":{"rendered":"https:\/\/www.transtoyou.com\/lt\/product\/priligy\/"},"modified":"2026-03-01T14:03:51","modified_gmt":"2026-03-01T12:03:51","slug":"priligy","status":"publish","type":"product","link":"https:\/\/www.transtoyou.com\/lt\/product\/priligy\/","title":{"rendered":"Priligy"},"content":{"rendered":"<p>Priligy sud\u0117tyje yra dapoksetino, greitai veikian\u010dio vaisto, skirto ankstyvai ejakuliacijai gydyti suaugusiems vyrams. Jis priklauso selektyvi\u0173 serotonino reabsorbcijos inhibitori\u0173 (SSRI) grupei, ta\u010diau yra sukurtas specialiai naudojimui pagal poreik\u012f, o ne kasdieniam vartojimui. Padidindamas serotonino aktyvum\u0105 nerv\u0173 sistemoje, Priligy padeda atid\u0117ti ejakuliacij\u0105, pagerinti kontrol\u0119 ir suma\u017einti su \u0161ia b\u016bkle susijusi\u0105 \u012ftamp\u0105.<\/p>\n<p>Ankstyva ejakuliacija yra viena i\u0161 da\u017eniausi\u0173 vyr\u0173 seksualini\u0173 problem\u0173. Ji gali paveikti pasitik\u0117jim\u0105 savimi ir intymum\u0105, net ir sveikose santykiuose. Priligy si\u016blo sprendim\u0105, kuris puikiai tinka lanks\u010diai rutinai, nes jis vartojamas tik tada, kai reikia, ma\u017edaug viena iki trij\u0173 valand\u0173 prie\u0161 lytin\u012f akt\u0105. Vaistas greitai absorbuojamas ir pradeda veikti per 30\u201360 minu\u010di\u0173 daugumai vartotoj\u0173.<\/p>\n<p>Skirtingai nuo daugelio gydymo b\u016bd\u0173, kuriems reikalingas nuolatinis vartojimas, Priligy trumpas veikimo laikas ir greitas pa\u0161alinimas i\u0161 organizmo daro j\u012f patogiu pasirinkimu tiems, kurie nenori vartoti kasdienio vaisto. Dauguma vartotoj\u0173 prane\u0161a apie padid\u0117jus\u012f pasitenkinim\u0105 seksualiniu pasirodymu ir geresn\u0119 ejakuliacijos kontrol\u0119 prad\u0117jus vartoti Priligy.<\/p>\n<p>Priligy paprastai gerai toleruojamas. Kai kurie vyrai patiria pykinim\u0105, galvos svaigim\u0105 ar galvos skausmus, ypa\u010d prad\u0117j\u0119 vartoti vaist\u0105. Gerti alkohol\u012f gali padidinti \u0161iuos poveikius, tod\u0117l patariama vengti alkoholio vartojimo netoli vartojimo laiko. \u0160is vaistas n\u0117ra skirtas vyrams, turintiems \u0161irdies problem\u0173, arba tiems, kurie vartoja vaistus, veikian\u010dius kraujosp\u016bd\u012f ar serotonino lygius.<\/p>\n","protected":false},"excerpt":{"rendered":"<ul>\n<li>Prieinamas geriamasis gydymas prie\u0161laikinei ejakuliacijai<\/li>\n<li>Sud\u0117tyje yra dapoksetino, trumpai veikian\u010dio SSRI<\/li>\n<li>Pagerina kontrol\u0119 ir suma\u017eina seksualin\u0119 nerim\u0105<\/li>\n<\/ul>\n","protected":false},"featured_media":1061,"comment_status":"open","ping_status":"closed","template":"","meta":[],"product_brand":[],"product_cat":[157],"product_tag":[],"expert":[16],"class_list":{"0":"post-1059","1":"product","2":"type-product","3":"status-publish","4":"has-post-thumbnail","6":"product_cat-prieslaikines-ejakcijos-sprendimai","7":"expert-dr-c-alexandru","9":"first","10":"instock","11":"shipping-taxable","12":"product-type-variable"},"yoast_head":"<!-- This site is optimized with the Yoast SEO plugin v27.0 - https:\/\/yoast.com\/product\/yoast-seo-wordpress\/ -->\n<title>Priligy | Pagerinkite gyvybingum\u0105 ir i\u0161tverm\u0119 - Transtoyou<\/title>\n<meta name=\"description\" content=\"Priligy dabar Transtoyou, si\u016blantis unikalius privalumus, padedan\u010dius valdyti prie\u0161laikin\u0119 ejakuliacij\u0105. Pirk dabar patogiai!\" \/>\n<meta name=\"robots\" content=\"noindex, follow, max-snippet:-1, max-image-preview:large, max-video-preview:-1\" \/>\n<meta property=\"og:locale\" content=\"lt_LT\" \/>\n<meta property=\"og:type\" content=\"article\" \/>\n<meta property=\"og:title\" content=\"Priligy | Pagerinkite gyvybingum\u0105 ir i\u0161tverm\u0119 - Transtoyou\" \/>\n<meta property=\"og:description\" content=\"Priligy dabar Transtoyou, si\u016blantis unikalius privalumus, padedan\u010dius valdyti prie\u0161laikin\u0119 ejakuliacij\u0105. Pirk dabar patogiai!\" \/>\n<meta property=\"og:url\" content=\"https:\/\/www.transtoyou.com\/lt\/product\/priligy\/\" \/>\n<meta property=\"og:site_name\" content=\"Transtoyou - LT\" \/>\n<meta property=\"article:modified_time\" content=\"2026-03-01T12:03:51+00:00\" \/>\n<meta name=\"twitter:card\" content=\"summary_large_image\" \/>\n<meta name=\"twitter:label1\" content=\"Est. reading time\" \/>\n\t<meta name=\"twitter:data1\" content=\"1 minut\u0117\" \/>\n<script type=\"application\/ld+json\" class=\"yoast-schema-graph\">{\"@context\":\"https:\/\/schema.org\",\"@graph\":[{\"@type\":\"WebPage\",\"@id\":\"https:\/\/www.transtoyou.com\/lt\/product\/priligy\/\",\"url\":\"https:\/\/www.transtoyou.com\/lt\/product\/priligy\/\",\"name\":\"Priligy | Pagerinkite gyvybingum\u0105 ir i\u0161tverm\u0119 - Transtoyou\",\"isPartOf\":{\"@id\":\"https:\/\/www.transtoyou.com\/lt\/#website\"},\"primaryImageOfPage\":{\"@id\":\"https:\/\/www.transtoyou.com\/lt\/product\/priligy\/#primaryimage\"},\"image\":{\"@id\":\"https:\/\/www.transtoyou.com\/lt\/product\/priligy\/#primaryimage\"},\"thumbnailUrl\":\"https:\/\/www.transtoyou.com\/lt\/wp-content\/uploads\/sites\/9\/2026\/01\/tty-no-product-image-118.webp\",\"datePublished\":\"2026-01-24T20:53:22+00:00\",\"dateModified\":\"2026-03-01T12:03:51+00:00\",\"description\":\"Priligy dabar Transtoyou, si\u016blantis unikalius privalumus, padedan\u010dius valdyti prie\u0161laikin\u0119 ejakuliacij\u0105. Pirk dabar patogiai!\",\"breadcrumb\":{\"@id\":\"https:\/\/www.transtoyou.com\/lt\/product\/priligy\/#breadcrumb\"},\"inLanguage\":\"lt-LT\",\"potentialAction\":[{\"@type\":\"ReadAction\",\"target\":[\"https:\/\/www.transtoyou.com\/lt\/product\/priligy\/\"]}]},{\"@type\":\"ImageObject\",\"inLanguage\":\"lt-LT\",\"@id\":\"https:\/\/www.transtoyou.com\/lt\/product\/priligy\/#primaryimage\",\"url\":\"https:\/\/www.transtoyou.com\/lt\/wp-content\/uploads\/sites\/9\/2026\/01\/tty-no-product-image-118.webp\",\"contentUrl\":\"https:\/\/www.transtoyou.com\/lt\/wp-content\/uploads\/sites\/9\/2026\/01\/tty-no-product-image-118.webp\",\"width\":1000,\"height\":1000,\"caption\":\"Numatytasis produkto vaizdas\"},{\"@type\":\"WebSite\",\"@id\":\"https:\/\/www.transtoyou.com\/lt\/#website\",\"url\":\"https:\/\/www.transtoyou.com\/lt\/\",\"name\":\"Transtoyou - LT\",\"description\":\"\",\"publisher\":{\"@id\":\"https:\/\/www.transtoyou.com\/lt\/#organization\"},\"potentialAction\":[{\"@type\":\"SearchAction\",\"target\":{\"@type\":\"EntryPoint\",\"urlTemplate\":\"https:\/\/www.transtoyou.com\/lt\/?s={search_term_string}\"},\"query-input\":{\"@type\":\"PropertyValueSpecification\",\"valueRequired\":true,\"valueName\":\"search_term_string\"}}],\"inLanguage\":\"lt-LT\"},{\"@type\":\"Organization\",\"@id\":\"https:\/\/www.transtoyou.com\/lt\/#organization\",\"name\":\"Transtoyou - LT\",\"url\":\"https:\/\/www.transtoyou.com\/lt\/\",\"logo\":{\"@type\":\"ImageObject\",\"inLanguage\":\"lt-LT\",\"@id\":\"https:\/\/www.transtoyou.com\/lt\/#\/schema\/logo\/image\/\",\"url\":\"https:\/\/www.transtoyou.com\/lt\/wp-content\/uploads\/sites\/9\/2026\/01\/logo-tty-menu-bar-300x87-1.webp\",\"contentUrl\":\"https:\/\/www.transtoyou.com\/lt\/wp-content\/uploads\/sites\/9\/2026\/01\/logo-tty-menu-bar-300x87-1.webp\",\"width\":300,\"height\":87,\"caption\":\"Transtoyou - LT\"},\"image\":{\"@id\":\"https:\/\/www.transtoyou.com\/lt\/#\/schema\/logo\/image\/\"}}]}<\/script>\n<!-- \/ Yoast SEO plugin. -->","yoast_head_json":{"title":"Priligy | Pagerinkite gyvybingum\u0105 ir i\u0161tverm\u0119 - Transtoyou","description":"Priligy dabar Transtoyou, si\u016blantis unikalius privalumus, padedan\u010dius valdyti prie\u0161laikin\u0119 ejakuliacij\u0105. Pirk dabar patogiai!","robots":{"index":"noindex","follow":"follow","max-snippet":"max-snippet:-1","max-image-preview":"max-image-preview:large","max-video-preview":"max-video-preview:-1"},"og_locale":"lt_LT","og_type":"article","og_title":"Priligy | Pagerinkite gyvybingum\u0105 ir i\u0161tverm\u0119 - Transtoyou","og_description":"Priligy dabar Transtoyou, si\u016blantis unikalius privalumus, padedan\u010dius valdyti prie\u0161laikin\u0119 ejakuliacij\u0105. Pirk dabar patogiai!","og_url":"https:\/\/www.transtoyou.com\/lt\/product\/priligy\/","og_site_name":"Transtoyou - LT","article_modified_time":"2026-03-01T12:03:51+00:00","twitter_card":"summary_large_image","twitter_misc":{"Est. reading time":"1 minut\u0117"},"schema":{"@context":"https:\/\/schema.org","@graph":[{"@type":"WebPage","@id":"https:\/\/www.transtoyou.com\/lt\/product\/priligy\/","url":"https:\/\/www.transtoyou.com\/lt\/product\/priligy\/","name":"Priligy | Pagerinkite gyvybingum\u0105 ir i\u0161tverm\u0119 - Transtoyou","isPartOf":{"@id":"https:\/\/www.transtoyou.com\/lt\/#website"},"primaryImageOfPage":{"@id":"https:\/\/www.transtoyou.com\/lt\/product\/priligy\/#primaryimage"},"image":{"@id":"https:\/\/www.transtoyou.com\/lt\/product\/priligy\/#primaryimage"},"thumbnailUrl":"https:\/\/www.transtoyou.com\/lt\/wp-content\/uploads\/sites\/9\/2026\/01\/tty-no-product-image-118.webp","datePublished":"2026-01-24T20:53:22+00:00","dateModified":"2026-03-01T12:03:51+00:00","description":"Priligy dabar Transtoyou, si\u016blantis unikalius privalumus, padedan\u010dius valdyti prie\u0161laikin\u0119 ejakuliacij\u0105. Pirk dabar patogiai!","breadcrumb":{"@id":"https:\/\/www.transtoyou.com\/lt\/product\/priligy\/#breadcrumb"},"inLanguage":"lt-LT","potentialAction":[{"@type":"ReadAction","target":["https:\/\/www.transtoyou.com\/lt\/product\/priligy\/"]}]},{"@type":"ImageObject","inLanguage":"lt-LT","@id":"https:\/\/www.transtoyou.com\/lt\/product\/priligy\/#primaryimage","url":"https:\/\/www.transtoyou.com\/lt\/wp-content\/uploads\/sites\/9\/2026\/01\/tty-no-product-image-118.webp","contentUrl":"https:\/\/www.transtoyou.com\/lt\/wp-content\/uploads\/sites\/9\/2026\/01\/tty-no-product-image-118.webp","width":1000,"height":1000,"caption":"Numatytasis produkto vaizdas"},{"@type":"WebSite","@id":"https:\/\/www.transtoyou.com\/lt\/#website","url":"https:\/\/www.transtoyou.com\/lt\/","name":"Transtoyou - LT","description":"","publisher":{"@id":"https:\/\/www.transtoyou.com\/lt\/#organization"},"potentialAction":[{"@type":"SearchAction","target":{"@type":"EntryPoint","urlTemplate":"https:\/\/www.transtoyou.com\/lt\/?s={search_term_string}"},"query-input":{"@type":"PropertyValueSpecification","valueRequired":true,"valueName":"search_term_string"}}],"inLanguage":"lt-LT"},{"@type":"Organization","@id":"https:\/\/www.transtoyou.com\/lt\/#organization","name":"Transtoyou - LT","url":"https:\/\/www.transtoyou.com\/lt\/","logo":{"@type":"ImageObject","inLanguage":"lt-LT","@id":"https:\/\/www.transtoyou.com\/lt\/#\/schema\/logo\/image\/","url":"https:\/\/www.transtoyou.com\/lt\/wp-content\/uploads\/sites\/9\/2026\/01\/logo-tty-menu-bar-300x87-1.webp","contentUrl":"https:\/\/www.transtoyou.com\/lt\/wp-content\/uploads\/sites\/9\/2026\/01\/logo-tty-menu-bar-300x87-1.webp","width":300,"height":87,"caption":"Transtoyou - LT"},"image":{"@id":"https:\/\/www.transtoyou.com\/lt\/#\/schema\/logo\/image\/"}}]}},"_links":{"self":[{"href":"https:\/\/www.transtoyou.com\/lt\/wp-json\/wp\/v2\/product\/1059","targetHints":{"allow":["GET"]}}],"collection":[{"href":"https:\/\/www.transtoyou.com\/lt\/wp-json\/wp\/v2\/product"}],"about":[{"href":"https:\/\/www.transtoyou.com\/lt\/wp-json\/wp\/v2\/types\/product"}],"replies":[{"embeddable":true,"href":"https:\/\/www.transtoyou.com\/lt\/wp-json\/wp\/v2\/comments?post=1059"}],"wp:featuredmedia":[{"embeddable":true,"href":"https:\/\/www.transtoyou.com\/lt\/wp-json\/wp\/v2\/media\/1061"}],"wp:attachment":[{"href":"https:\/\/www.transtoyou.com\/lt\/wp-json\/wp\/v2\/media?parent=1059"}],"wp:term":[{"taxonomy":"product_brand","embeddable":true,"href":"https:\/\/www.transtoyou.com\/lt\/wp-json\/wp\/v2\/product_brand?post=1059"},{"taxonomy":"product_cat","embeddable":true,"href":"https:\/\/www.transtoyou.com\/lt\/wp-json\/wp\/v2\/product_cat?post=1059"},{"taxonomy":"product_tag","embeddable":true,"href":"https:\/\/www.transtoyou.com\/lt\/wp-json\/wp\/v2\/product_tag?post=1059"},{"taxonomy":"expert","embeddable":true,"href":"https:\/\/www.transtoyou.com\/lt\/wp-json\/wp\/v2\/expert?post=1059"}],"curies":[{"name":"wp","href":"https:\/\/api.w.org\/{rel}","templated":true}]}}