{"id":1065,"date":"2026-01-24T23:27:01","date_gmt":"2026-01-24T21:27:01","guid":{"rendered":"https:\/\/www.transtoyou.com\/lt\/product\/diamicron\/"},"modified":"2026-01-24T23:28:18","modified_gmt":"2026-01-24T21:28:18","slug":"diamicron","status":"publish","type":"product","link":"https:\/\/www.transtoyou.com\/lt\/product\/diamicron\/","title":{"rendered":"Diamicron"},"content":{"rendered":"<p>Diamicron yra geriamasis vaistas, priklausantis sulfonilkarbamido grup\u0117s vaistams. Jis padeda valdyti cukraus kiek\u012f kraujyje \u017emon\u0117ms, sergantiems 2 tipo diabetu. Diamicron veikia skatindamas kas\u0105 i\u0161skirti daugiau insulino, hormono, kuris padeda suma\u017einti gliukoz\u0117s kiek\u012f kraujyje. Tai ypa\u010d naudinga \u017emon\u0117ms, kuri\u0173 organizmas vis dar gamina insulin\u0105, ta\u010diau \u012f j\u012f nereaguoja efektyviai.<\/p>\n<p>2 tipo diabeto atveju organizmas tampa atsparus insulinui arba nesukuria pakankamai jo, kad i\u0161laikyt\u0173 cukraus kiek\u012f kraujyje normoje. Diamicron tai sprend\u017eia skatindamas nat\u016bralesn\u012f insulino i\u0161skyrim\u0105 reaguojant \u012f valgym\u0105, pad\u0117damas suma\u017einti cukraus kiekio \u0161uolius po valgio. D\u0117l to jis vaidina svarb\u0173 vaidmen\u012f i\u0161laikant stabil\u0173 gliukoz\u0117s kiek\u012f kraujyje vis\u0105 dien\u0105.<\/p>\n<p>Diamicron paprastai vartojamas kart\u0105 per dien\u0105, da\u017enai su pusry\u010diais. Nors jis yra veiksmingas, Diamicron kartais gali sukelti \u017eem\u0105 cukraus kiek\u012f kraujyje (hipoglikemij\u0105), ypa\u010d jei praleid\u017eiami valgiai arba netik\u0117tai padid\u0117ja fizinis aktyvumas. D\u0117l \u0161ios prie\u017easties svarbu reguliariai steb\u0117ti gliukoz\u0117s lygius ir b\u016bti atidiems simptomams, tokiems kaip drebulys, prakaitavimas, galvos svaigimas ar sumi\u0161imas. Kiti galimi \u0161alutiniai poveikiai gali b\u016bti lengvas vir\u0161kinimo diskomfortas arba svorio priaugimas.<\/p>\n","protected":false},"excerpt":{"rendered":"<ul>\n<li>Kart\u0105 per dien\u0105 vartojamas modifikuoto atpalaidavimo gliclazidas stabiliai cukraus kontrolei<\/li>\n<li>Ma\u017eina HbA1c ir saugo nervus, akis bei inkstus<\/li>\n<li>\u012erodytas saugumo profilis su daugiau nei 30 met\u0173 naudojimo patirtimi<\/li>\n<\/ul>\n","protected":false},"featured_media":1067,"comment_status":"open","ping_status":"closed","template":"","meta":[],"product_brand":[],"product_cat":[103],"product_tag":[],"expert":[21],"class_list":{"0":"post-1065","1":"product","2":"type-product","3":"status-publish","4":"has-post-thumbnail","6":"product_cat-diabetas","7":"expert-dr-m-sharoyko","9":"first","10":"instock","11":"shipping-taxable","12":"product-type-variable"},"yoast_head":"<!-- This site is optimized with the Yoast SEO plugin v27.0 - https:\/\/yoast.com\/product\/yoast-seo-wordpress\/ -->\n<title>Diamicron | Efektyvus cukraus kraujyje valdymas - Transtoyou<\/title>\n<meta name=\"description\" content=\"Valdykite 2 tipo diabet\u0105 su Diamicron, prieinamu Transtoyou. Palaiko insulino i\u0161skyrim\u0105 stabiliai cukraus kiekiui kraujyje. Pirkite dabar efektyviam valdymui.\" \/>\n<meta name=\"robots\" content=\"noindex, follow, max-snippet:-1, max-image-preview:large, max-video-preview:-1\" \/>\n<meta property=\"og:locale\" content=\"lt_LT\" \/>\n<meta property=\"og:type\" content=\"article\" \/>\n<meta property=\"og:title\" content=\"Diamicron | Efektyvus cukraus kraujyje valdymas - Transtoyou\" \/>\n<meta property=\"og:description\" content=\"Valdykite 2 tipo diabet\u0105 su Diamicron, prieinamu Transtoyou. Palaiko insulino i\u0161skyrim\u0105 stabiliai cukraus kiekiui kraujyje. Pirkite dabar efektyviam valdymui.\" \/>\n<meta property=\"og:url\" content=\"https:\/\/www.transtoyou.com\/lt\/product\/diamicron\/\" \/>\n<meta property=\"og:site_name\" content=\"Transtoyou - LT\" \/>\n<meta property=\"article:modified_time\" content=\"2026-01-24T21:28:18+00:00\" \/>\n<meta name=\"twitter:card\" content=\"summary_large_image\" \/>\n<meta name=\"twitter:label1\" content=\"Est. reading time\" \/>\n\t<meta name=\"twitter:data1\" content=\"1 minut\u0117\" \/>\n<script type=\"application\/ld+json\" class=\"yoast-schema-graph\">{\"@context\":\"https:\/\/schema.org\",\"@graph\":[{\"@type\":\"WebPage\",\"@id\":\"https:\/\/www.transtoyou.com\/lt\/product\/diamicron\/\",\"url\":\"https:\/\/www.transtoyou.com\/lt\/product\/diamicron\/\",\"name\":\"Diamicron | Efektyvus cukraus kraujyje valdymas - Transtoyou\",\"isPartOf\":{\"@id\":\"https:\/\/www.transtoyou.com\/lt\/#website\"},\"primaryImageOfPage\":{\"@id\":\"https:\/\/www.transtoyou.com\/lt\/product\/diamicron\/#primaryimage\"},\"image\":{\"@id\":\"https:\/\/www.transtoyou.com\/lt\/product\/diamicron\/#primaryimage\"},\"thumbnailUrl\":\"https:\/\/www.transtoyou.com\/lt\/wp-content\/uploads\/sites\/9\/2026\/01\/tty-no-product-image-120.webp\",\"datePublished\":\"2026-01-24T21:27:01+00:00\",\"dateModified\":\"2026-01-24T21:28:18+00:00\",\"description\":\"Valdykite 2 tipo diabet\u0105 su Diamicron, prieinamu Transtoyou. Palaiko insulino i\u0161skyrim\u0105 stabiliai cukraus kiekiui kraujyje. Pirkite dabar efektyviam valdymui.\",\"breadcrumb\":{\"@id\":\"https:\/\/www.transtoyou.com\/lt\/product\/diamicron\/#breadcrumb\"},\"inLanguage\":\"lt-LT\",\"potentialAction\":[{\"@type\":\"ReadAction\",\"target\":[\"https:\/\/www.transtoyou.com\/lt\/product\/diamicron\/\"]}]},{\"@type\":\"ImageObject\",\"inLanguage\":\"lt-LT\",\"@id\":\"https:\/\/www.transtoyou.com\/lt\/product\/diamicron\/#primaryimage\",\"url\":\"https:\/\/www.transtoyou.com\/lt\/wp-content\/uploads\/sites\/9\/2026\/01\/tty-no-product-image-120.webp\",\"contentUrl\":\"https:\/\/www.transtoyou.com\/lt\/wp-content\/uploads\/sites\/9\/2026\/01\/tty-no-product-image-120.webp\",\"width\":1000,\"height\":1000,\"caption\":\"Numatytasis produkto vaizdas\"},{\"@type\":\"WebSite\",\"@id\":\"https:\/\/www.transtoyou.com\/lt\/#website\",\"url\":\"https:\/\/www.transtoyou.com\/lt\/\",\"name\":\"Transtoyou - LT\",\"description\":\"\",\"publisher\":{\"@id\":\"https:\/\/www.transtoyou.com\/lt\/#organization\"},\"potentialAction\":[{\"@type\":\"SearchAction\",\"target\":{\"@type\":\"EntryPoint\",\"urlTemplate\":\"https:\/\/www.transtoyou.com\/lt\/?s={search_term_string}\"},\"query-input\":{\"@type\":\"PropertyValueSpecification\",\"valueRequired\":true,\"valueName\":\"search_term_string\"}}],\"inLanguage\":\"lt-LT\"},{\"@type\":\"Organization\",\"@id\":\"https:\/\/www.transtoyou.com\/lt\/#organization\",\"name\":\"Transtoyou - LT\",\"url\":\"https:\/\/www.transtoyou.com\/lt\/\",\"logo\":{\"@type\":\"ImageObject\",\"inLanguage\":\"lt-LT\",\"@id\":\"https:\/\/www.transtoyou.com\/lt\/#\/schema\/logo\/image\/\",\"url\":\"https:\/\/www.transtoyou.com\/lt\/wp-content\/uploads\/sites\/9\/2026\/01\/logo-tty-menu-bar-300x87-1.webp\",\"contentUrl\":\"https:\/\/www.transtoyou.com\/lt\/wp-content\/uploads\/sites\/9\/2026\/01\/logo-tty-menu-bar-300x87-1.webp\",\"width\":300,\"height\":87,\"caption\":\"Transtoyou - LT\"},\"image\":{\"@id\":\"https:\/\/www.transtoyou.com\/lt\/#\/schema\/logo\/image\/\"}}]}<\/script>\n<!-- \/ Yoast SEO plugin. -->","yoast_head_json":{"title":"Diamicron | Efektyvus cukraus kraujyje valdymas - Transtoyou","description":"Valdykite 2 tipo diabet\u0105 su Diamicron, prieinamu Transtoyou. Palaiko insulino i\u0161skyrim\u0105 stabiliai cukraus kiekiui kraujyje. Pirkite dabar efektyviam valdymui.","robots":{"index":"noindex","follow":"follow","max-snippet":"max-snippet:-1","max-image-preview":"max-image-preview:large","max-video-preview":"max-video-preview:-1"},"og_locale":"lt_LT","og_type":"article","og_title":"Diamicron | Efektyvus cukraus kraujyje valdymas - Transtoyou","og_description":"Valdykite 2 tipo diabet\u0105 su Diamicron, prieinamu Transtoyou. Palaiko insulino i\u0161skyrim\u0105 stabiliai cukraus kiekiui kraujyje. Pirkite dabar efektyviam valdymui.","og_url":"https:\/\/www.transtoyou.com\/lt\/product\/diamicron\/","og_site_name":"Transtoyou - LT","article_modified_time":"2026-01-24T21:28:18+00:00","twitter_card":"summary_large_image","twitter_misc":{"Est. reading time":"1 minut\u0117"},"schema":{"@context":"https:\/\/schema.org","@graph":[{"@type":"WebPage","@id":"https:\/\/www.transtoyou.com\/lt\/product\/diamicron\/","url":"https:\/\/www.transtoyou.com\/lt\/product\/diamicron\/","name":"Diamicron | Efektyvus cukraus kraujyje valdymas - Transtoyou","isPartOf":{"@id":"https:\/\/www.transtoyou.com\/lt\/#website"},"primaryImageOfPage":{"@id":"https:\/\/www.transtoyou.com\/lt\/product\/diamicron\/#primaryimage"},"image":{"@id":"https:\/\/www.transtoyou.com\/lt\/product\/diamicron\/#primaryimage"},"thumbnailUrl":"https:\/\/www.transtoyou.com\/lt\/wp-content\/uploads\/sites\/9\/2026\/01\/tty-no-product-image-120.webp","datePublished":"2026-01-24T21:27:01+00:00","dateModified":"2026-01-24T21:28:18+00:00","description":"Valdykite 2 tipo diabet\u0105 su Diamicron, prieinamu Transtoyou. Palaiko insulino i\u0161skyrim\u0105 stabiliai cukraus kiekiui kraujyje. Pirkite dabar efektyviam valdymui.","breadcrumb":{"@id":"https:\/\/www.transtoyou.com\/lt\/product\/diamicron\/#breadcrumb"},"inLanguage":"lt-LT","potentialAction":[{"@type":"ReadAction","target":["https:\/\/www.transtoyou.com\/lt\/product\/diamicron\/"]}]},{"@type":"ImageObject","inLanguage":"lt-LT","@id":"https:\/\/www.transtoyou.com\/lt\/product\/diamicron\/#primaryimage","url":"https:\/\/www.transtoyou.com\/lt\/wp-content\/uploads\/sites\/9\/2026\/01\/tty-no-product-image-120.webp","contentUrl":"https:\/\/www.transtoyou.com\/lt\/wp-content\/uploads\/sites\/9\/2026\/01\/tty-no-product-image-120.webp","width":1000,"height":1000,"caption":"Numatytasis produkto vaizdas"},{"@type":"WebSite","@id":"https:\/\/www.transtoyou.com\/lt\/#website","url":"https:\/\/www.transtoyou.com\/lt\/","name":"Transtoyou - LT","description":"","publisher":{"@id":"https:\/\/www.transtoyou.com\/lt\/#organization"},"potentialAction":[{"@type":"SearchAction","target":{"@type":"EntryPoint","urlTemplate":"https:\/\/www.transtoyou.com\/lt\/?s={search_term_string}"},"query-input":{"@type":"PropertyValueSpecification","valueRequired":true,"valueName":"search_term_string"}}],"inLanguage":"lt-LT"},{"@type":"Organization","@id":"https:\/\/www.transtoyou.com\/lt\/#organization","name":"Transtoyou - LT","url":"https:\/\/www.transtoyou.com\/lt\/","logo":{"@type":"ImageObject","inLanguage":"lt-LT","@id":"https:\/\/www.transtoyou.com\/lt\/#\/schema\/logo\/image\/","url":"https:\/\/www.transtoyou.com\/lt\/wp-content\/uploads\/sites\/9\/2026\/01\/logo-tty-menu-bar-300x87-1.webp","contentUrl":"https:\/\/www.transtoyou.com\/lt\/wp-content\/uploads\/sites\/9\/2026\/01\/logo-tty-menu-bar-300x87-1.webp","width":300,"height":87,"caption":"Transtoyou - LT"},"image":{"@id":"https:\/\/www.transtoyou.com\/lt\/#\/schema\/logo\/image\/"}}]}},"_links":{"self":[{"href":"https:\/\/www.transtoyou.com\/lt\/wp-json\/wp\/v2\/product\/1065","targetHints":{"allow":["GET"]}}],"collection":[{"href":"https:\/\/www.transtoyou.com\/lt\/wp-json\/wp\/v2\/product"}],"about":[{"href":"https:\/\/www.transtoyou.com\/lt\/wp-json\/wp\/v2\/types\/product"}],"replies":[{"embeddable":true,"href":"https:\/\/www.transtoyou.com\/lt\/wp-json\/wp\/v2\/comments?post=1065"}],"wp:featuredmedia":[{"embeddable":true,"href":"https:\/\/www.transtoyou.com\/lt\/wp-json\/wp\/v2\/media\/1067"}],"wp:attachment":[{"href":"https:\/\/www.transtoyou.com\/lt\/wp-json\/wp\/v2\/media?parent=1065"}],"wp:term":[{"taxonomy":"product_brand","embeddable":true,"href":"https:\/\/www.transtoyou.com\/lt\/wp-json\/wp\/v2\/product_brand?post=1065"},{"taxonomy":"product_cat","embeddable":true,"href":"https:\/\/www.transtoyou.com\/lt\/wp-json\/wp\/v2\/product_cat?post=1065"},{"taxonomy":"product_tag","embeddable":true,"href":"https:\/\/www.transtoyou.com\/lt\/wp-json\/wp\/v2\/product_tag?post=1065"},{"taxonomy":"expert","embeddable":true,"href":"https:\/\/www.transtoyou.com\/lt\/wp-json\/wp\/v2\/expert?post=1065"}],"curies":[{"name":"wp","href":"https:\/\/api.w.org\/{rel}","templated":true}]}}