{"id":1071,"date":"2026-01-25T00:02:58","date_gmt":"2026-01-24T22:02:58","guid":{"rendered":"https:\/\/www.transtoyou.com\/lt\/product\/ozempic\/"},"modified":"2026-03-01T12:11:02","modified_gmt":"2026-03-01T10:11:02","slug":"ozempikas","status":"publish","type":"product","link":"https:\/\/www.transtoyou.com\/lt\/product\/ozempikas\/","title":{"rendered":"Ozempic"},"content":{"rendered":"<p>Ozempic yra kart\u0105 per savait\u0119 vartojama injekcin\u0117 medicacija, skirta 2 tipo diabeto valdymui ir ilgalaikiam cukraus kiekio kraujyje kontrolei palaikyti. Jame yra semaglutido, junginio, kuris imituoja nat\u016braliai pasitaikant\u012f hormon\u0105, vadinam\u0105 GLP-1 (glukagono tipo peptidu-1). \u0160is hormonas padeda reguliuoti cukraus kiek\u012f kraujyje, didindamas insulino sekrecij\u0105, slopindamas kepen\u0173 gliukoz\u0117s gamyb\u0105 ir v\u0117luodamas skrand\u017eio i\u0161tu\u0161tinim\u0105.<\/p>\n<p>\u017dmon\u0117ms, sergantiems 2 tipo diabetu, Ozempic si\u016blo sprendim\u0105 gerinti cukraus kiekio kraujyje reguliavim\u0105, taip pat prisideda prie svorio ma\u017einimo. Skirtingai nuo insulino, kuris tiesiogiai ma\u017eina cukraus kiek\u012f kraujyje, Ozempic veikia harmonijoje su k\u016bno sistemomis, pad\u0117damas efektyviau reaguoti \u012f maisto vartojim\u0105 ir nuosekliai valdyti gliukoz\u0117s lygius vis\u0105 dien\u0105.<\/p>\n<p>Ozempic skiriamas per ma\u017e\u0105 injekcij\u0105 po oda, paprastai kart\u0105 per savait\u0119. Dauguma \u017emoni\u0173 pradeda gydym\u0105 nuo ma\u017eos doz\u0117s, kuri palaipsniui didinama, kad b\u016bt\u0173 suma\u017einti vir\u0161kinimo \u0161alutiniai poveikiai, tokie kaip pykinimas, pilvo p\u016btimas ar viduri\u0173 u\u017ekiet\u0117jimas.<\/p>\n<p>Ozempic ne tik suma\u017eina HbA1c lygius, bet ir padeda suma\u017einti apetit\u0105 bei k\u016bno svor\u012f daugeliui pacient\u0173. \u0160ie papildomi privalumai daro j\u012f vertingu pasirinkimu \u017emon\u0117ms, valdan\u010diam tiek 2 tipo diabet\u0105, tiek nutukim\u0105.<\/p>\n","protected":false},"excerpt":{"rendered":"<ul>\n<li>Kart\u0105 per savait\u0119 \u0161virk\u0161\u010diamas preparatas 2 tipo diabetui<\/li>\n<li>Skatina insulino sekrecij\u0105 ir kontroliuoja gliukoz\u0117s i\u0161siskyrim\u0105 i\u0161 kepen\u0173<\/li>\n<li>Gali pad\u0117ti valdyti svor\u012f tam tikriems pacientams<\/li>\n<\/ul>\n","protected":false},"featured_media":1073,"comment_status":"open","ping_status":"closed","template":"","meta":[],"product_brand":[],"product_cat":[103],"product_tag":[],"expert":[21],"class_list":{"0":"post-1071","1":"product","2":"type-product","3":"status-publish","4":"has-post-thumbnail","6":"product_cat-diabetas","7":"expert-dr-m-sharoyko","9":"first","10":"instock","11":"shipping-taxable","12":"product-type-variable"},"yoast_head":"<!-- This site is optimized with the Yoast SEO plugin v27.0 - https:\/\/yoast.com\/product\/yoast-seo-wordpress\/ -->\n<title>Ozempic | Valdykite diabet\u0105 ir gerinkite sveikat\u0105 - Transtoyou<\/title>\n<meta name=\"description\" content=\"Atraskite Ozempic Transtoyou, savaitin\u012f injekcin\u012f vaist\u0105 2 tipo diabeto valdymui, kuris padeda kontroliuoti cukraus kiek\u012f kraujyje. Pirkite dabar.\" \/>\n<meta name=\"robots\" content=\"noindex, follow, max-snippet:-1, max-image-preview:large, max-video-preview:-1\" \/>\n<meta property=\"og:locale\" content=\"lt_LT\" \/>\n<meta property=\"og:type\" content=\"article\" \/>\n<meta property=\"og:title\" content=\"Ozempic | Valdykite diabet\u0105 ir gerinkite sveikat\u0105 - Transtoyou\" \/>\n<meta property=\"og:description\" content=\"Atraskite Ozempic Transtoyou, savaitin\u012f injekcin\u012f vaist\u0105 2 tipo diabeto valdymui, kuris padeda kontroliuoti cukraus kiek\u012f kraujyje. Pirkite dabar.\" \/>\n<meta property=\"og:url\" content=\"https:\/\/www.transtoyou.com\/lt\/product\/ozempic\/\" \/>\n<meta property=\"og:site_name\" content=\"Transtoyou - LT\" \/>\n<meta property=\"article:modified_time\" content=\"2026-03-01T10:11:02+00:00\" \/>\n<meta name=\"twitter:card\" content=\"summary_large_image\" \/>\n<meta name=\"twitter:label1\" content=\"Est. reading time\" \/>\n\t<meta name=\"twitter:data1\" content=\"1 minut\u0117\" \/>\n<script type=\"application\/ld+json\" class=\"yoast-schema-graph\">{\"@context\":\"https:\/\/schema.org\",\"@graph\":[{\"@type\":\"WebPage\",\"@id\":\"https:\/\/www.transtoyou.com\/lt\/product\/ozempic\/\",\"url\":\"https:\/\/www.transtoyou.com\/lt\/product\/ozempic\/\",\"name\":\"Ozempic | Valdykite diabet\u0105 ir gerinkite sveikat\u0105 - Transtoyou\",\"isPartOf\":{\"@id\":\"https:\/\/www.transtoyou.com\/lt\/#website\"},\"primaryImageOfPage\":{\"@id\":\"https:\/\/www.transtoyou.com\/lt\/product\/ozempic\/#primaryimage\"},\"image\":{\"@id\":\"https:\/\/www.transtoyou.com\/lt\/product\/ozempic\/#primaryimage\"},\"thumbnailUrl\":\"https:\/\/www.transtoyou.com\/lt\/wp-content\/uploads\/sites\/9\/2026\/01\/tty-no-product-image-122.webp\",\"datePublished\":\"2026-01-24T22:02:58+00:00\",\"dateModified\":\"2026-03-01T10:11:02+00:00\",\"description\":\"Atraskite Ozempic Transtoyou, savaitin\u012f injekcin\u012f vaist\u0105 2 tipo diabeto valdymui, kuris padeda kontroliuoti cukraus kiek\u012f kraujyje. Pirkite dabar.\",\"breadcrumb\":{\"@id\":\"https:\/\/www.transtoyou.com\/lt\/product\/ozempic\/#breadcrumb\"},\"inLanguage\":\"lt-LT\",\"potentialAction\":[{\"@type\":\"ReadAction\",\"target\":[\"https:\/\/www.transtoyou.com\/lt\/product\/ozempic\/\"]}]},{\"@type\":\"ImageObject\",\"inLanguage\":\"lt-LT\",\"@id\":\"https:\/\/www.transtoyou.com\/lt\/product\/ozempic\/#primaryimage\",\"url\":\"https:\/\/www.transtoyou.com\/lt\/wp-content\/uploads\/sites\/9\/2026\/01\/tty-no-product-image-122.webp\",\"contentUrl\":\"https:\/\/www.transtoyou.com\/lt\/wp-content\/uploads\/sites\/9\/2026\/01\/tty-no-product-image-122.webp\",\"width\":1000,\"height\":1000,\"caption\":\"Numatytasis produkto vaizdas\"},{\"@type\":\"WebSite\",\"@id\":\"https:\/\/www.transtoyou.com\/lt\/#website\",\"url\":\"https:\/\/www.transtoyou.com\/lt\/\",\"name\":\"Transtoyou - LT\",\"description\":\"\",\"publisher\":{\"@id\":\"https:\/\/www.transtoyou.com\/lt\/#organization\"},\"potentialAction\":[{\"@type\":\"SearchAction\",\"target\":{\"@type\":\"EntryPoint\",\"urlTemplate\":\"https:\/\/www.transtoyou.com\/lt\/?s={search_term_string}\"},\"query-input\":{\"@type\":\"PropertyValueSpecification\",\"valueRequired\":true,\"valueName\":\"search_term_string\"}}],\"inLanguage\":\"lt-LT\"},{\"@type\":\"Organization\",\"@id\":\"https:\/\/www.transtoyou.com\/lt\/#organization\",\"name\":\"Transtoyou - LT\",\"url\":\"https:\/\/www.transtoyou.com\/lt\/\",\"logo\":{\"@type\":\"ImageObject\",\"inLanguage\":\"lt-LT\",\"@id\":\"https:\/\/www.transtoyou.com\/lt\/#\/schema\/logo\/image\/\",\"url\":\"https:\/\/www.transtoyou.com\/lt\/wp-content\/uploads\/sites\/9\/2026\/01\/logo-tty-menu-bar-300x87-1.webp\",\"contentUrl\":\"https:\/\/www.transtoyou.com\/lt\/wp-content\/uploads\/sites\/9\/2026\/01\/logo-tty-menu-bar-300x87-1.webp\",\"width\":300,\"height\":87,\"caption\":\"Transtoyou - LT\"},\"image\":{\"@id\":\"https:\/\/www.transtoyou.com\/lt\/#\/schema\/logo\/image\/\"}}]}<\/script>\n<!-- \/ Yoast SEO plugin. -->","yoast_head_json":{"title":"Ozempic | Valdykite diabet\u0105 ir gerinkite sveikat\u0105 - Transtoyou","description":"Atraskite Ozempic Transtoyou, savaitin\u012f injekcin\u012f vaist\u0105 2 tipo diabeto valdymui, kuris padeda kontroliuoti cukraus kiek\u012f kraujyje. Pirkite dabar.","robots":{"index":"noindex","follow":"follow","max-snippet":"max-snippet:-1","max-image-preview":"max-image-preview:large","max-video-preview":"max-video-preview:-1"},"og_locale":"lt_LT","og_type":"article","og_title":"Ozempic | Valdykite diabet\u0105 ir gerinkite sveikat\u0105 - Transtoyou","og_description":"Atraskite Ozempic Transtoyou, savaitin\u012f injekcin\u012f vaist\u0105 2 tipo diabeto valdymui, kuris padeda kontroliuoti cukraus kiek\u012f kraujyje. Pirkite dabar.","og_url":"https:\/\/www.transtoyou.com\/lt\/product\/ozempic\/","og_site_name":"Transtoyou - LT","article_modified_time":"2026-03-01T10:11:02+00:00","twitter_card":"summary_large_image","twitter_misc":{"Est. reading time":"1 minut\u0117"},"schema":{"@context":"https:\/\/schema.org","@graph":[{"@type":"WebPage","@id":"https:\/\/www.transtoyou.com\/lt\/product\/ozempic\/","url":"https:\/\/www.transtoyou.com\/lt\/product\/ozempic\/","name":"Ozempic | Valdykite diabet\u0105 ir gerinkite sveikat\u0105 - Transtoyou","isPartOf":{"@id":"https:\/\/www.transtoyou.com\/lt\/#website"},"primaryImageOfPage":{"@id":"https:\/\/www.transtoyou.com\/lt\/product\/ozempic\/#primaryimage"},"image":{"@id":"https:\/\/www.transtoyou.com\/lt\/product\/ozempic\/#primaryimage"},"thumbnailUrl":"https:\/\/www.transtoyou.com\/lt\/wp-content\/uploads\/sites\/9\/2026\/01\/tty-no-product-image-122.webp","datePublished":"2026-01-24T22:02:58+00:00","dateModified":"2026-03-01T10:11:02+00:00","description":"Atraskite Ozempic Transtoyou, savaitin\u012f injekcin\u012f vaist\u0105 2 tipo diabeto valdymui, kuris padeda kontroliuoti cukraus kiek\u012f kraujyje. Pirkite dabar.","breadcrumb":{"@id":"https:\/\/www.transtoyou.com\/lt\/product\/ozempic\/#breadcrumb"},"inLanguage":"lt-LT","potentialAction":[{"@type":"ReadAction","target":["https:\/\/www.transtoyou.com\/lt\/product\/ozempic\/"]}]},{"@type":"ImageObject","inLanguage":"lt-LT","@id":"https:\/\/www.transtoyou.com\/lt\/product\/ozempic\/#primaryimage","url":"https:\/\/www.transtoyou.com\/lt\/wp-content\/uploads\/sites\/9\/2026\/01\/tty-no-product-image-122.webp","contentUrl":"https:\/\/www.transtoyou.com\/lt\/wp-content\/uploads\/sites\/9\/2026\/01\/tty-no-product-image-122.webp","width":1000,"height":1000,"caption":"Numatytasis produkto vaizdas"},{"@type":"WebSite","@id":"https:\/\/www.transtoyou.com\/lt\/#website","url":"https:\/\/www.transtoyou.com\/lt\/","name":"Transtoyou - LT","description":"","publisher":{"@id":"https:\/\/www.transtoyou.com\/lt\/#organization"},"potentialAction":[{"@type":"SearchAction","target":{"@type":"EntryPoint","urlTemplate":"https:\/\/www.transtoyou.com\/lt\/?s={search_term_string}"},"query-input":{"@type":"PropertyValueSpecification","valueRequired":true,"valueName":"search_term_string"}}],"inLanguage":"lt-LT"},{"@type":"Organization","@id":"https:\/\/www.transtoyou.com\/lt\/#organization","name":"Transtoyou - LT","url":"https:\/\/www.transtoyou.com\/lt\/","logo":{"@type":"ImageObject","inLanguage":"lt-LT","@id":"https:\/\/www.transtoyou.com\/lt\/#\/schema\/logo\/image\/","url":"https:\/\/www.transtoyou.com\/lt\/wp-content\/uploads\/sites\/9\/2026\/01\/logo-tty-menu-bar-300x87-1.webp","contentUrl":"https:\/\/www.transtoyou.com\/lt\/wp-content\/uploads\/sites\/9\/2026\/01\/logo-tty-menu-bar-300x87-1.webp","width":300,"height":87,"caption":"Transtoyou - LT"},"image":{"@id":"https:\/\/www.transtoyou.com\/lt\/#\/schema\/logo\/image\/"}}]}},"_links":{"self":[{"href":"https:\/\/www.transtoyou.com\/lt\/wp-json\/wp\/v2\/product\/1071","targetHints":{"allow":["GET"]}}],"collection":[{"href":"https:\/\/www.transtoyou.com\/lt\/wp-json\/wp\/v2\/product"}],"about":[{"href":"https:\/\/www.transtoyou.com\/lt\/wp-json\/wp\/v2\/types\/product"}],"replies":[{"embeddable":true,"href":"https:\/\/www.transtoyou.com\/lt\/wp-json\/wp\/v2\/comments?post=1071"}],"wp:featuredmedia":[{"embeddable":true,"href":"https:\/\/www.transtoyou.com\/lt\/wp-json\/wp\/v2\/media\/1073"}],"wp:attachment":[{"href":"https:\/\/www.transtoyou.com\/lt\/wp-json\/wp\/v2\/media?parent=1071"}],"wp:term":[{"taxonomy":"product_brand","embeddable":true,"href":"https:\/\/www.transtoyou.com\/lt\/wp-json\/wp\/v2\/product_brand?post=1071"},{"taxonomy":"product_cat","embeddable":true,"href":"https:\/\/www.transtoyou.com\/lt\/wp-json\/wp\/v2\/product_cat?post=1071"},{"taxonomy":"product_tag","embeddable":true,"href":"https:\/\/www.transtoyou.com\/lt\/wp-json\/wp\/v2\/product_tag?post=1071"},{"taxonomy":"expert","embeddable":true,"href":"https:\/\/www.transtoyou.com\/lt\/wp-json\/wp\/v2\/expert?post=1071"}],"curies":[{"name":"wp","href":"https:\/\/api.w.org\/{rel}","templated":true}]}}