{"id":1077,"date":"2026-01-25T00:42:51","date_gmt":"2026-01-24T22:42:51","guid":{"rendered":"https:\/\/www.transtoyou.com\/lt\/product\/rifaximin-xifaxan\/"},"modified":"2026-03-02T17:39:36","modified_gmt":"2026-03-02T15:39:36","slug":"rifaksiminas-xifaxan","status":"publish","type":"product","link":"https:\/\/www.transtoyou.com\/lt\/product\/rifaksiminas-xifaxan\/","title":{"rendered":"Rifaximinas (Xifaxan)"},"content":{"rendered":"<p>Rifaximinas, da\u017enai \u017einomas prek\u0117s \u017eenklu Xifaxan, yra antibiotikas, naudojamas \u012fvairioms vir\u0161kinamojo trakto infekcijoms gydyti, ypa\u010d keliautoj\u0173 viduriavimui, kur\u012f sukelia tam tikros bakterijos. Kas daro rifaksimin\u0105 unikaliu, tai, kad jis veikia beveik i\u0161imtinai vir\u0161kinimo trakte, tai rei\u0161kia, kad labai ma\u017ea vaisto dalis patenka \u012f krauj\u0105. \u0160is lokalizuotas veikimas padeda nukreipti infekcij\u0105 jos \u0161altinyje, tuo pa\u010diu suma\u017einant poveik\u012f kitur organizme.<\/p>\n<p>Vaistas ypa\u010d naudingas trumpalaikiam viduriavimo, kur\u012f sukelia Escherichia Coli, da\u017ena bakterija, atsakinga u\u017e keliautoj\u0173 viduriavim\u0105, palengvinimui. Skirtingai nuo kai kuri\u0173 pla\u010diosios spektrin\u0117s antibiotik\u0173, rifaksiminas ma\u017eiau tik\u0117tina, kad sutrikdys \u017earnyno floros pusiausvyr\u0105, kas gali pad\u0117ti suma\u017einti tolesnio vir\u0161kinimo sutrikimo rizik\u0105. Jis da\u017enai vartojamas kelias dienas, paprastai tablet\u0117mis, ir vartotojai gali pasteb\u0117ti pager\u0117jim\u0105 per 24\u201348 valandas po gydymo prad\u017eios.<\/p>\n<p>Jis paprastai gerai toleruojamas, nors gali pasireik\u0161ti lengvi \u0161alutiniai poveikiai, tokie kaip galvos skausmas, pykinimas ar pilvo spazmai. Rifaksiminas taip pat naudojamas kitoms b\u016bkl\u0117ms, tokioms kaip dirgliosios \u017earnos sindromas su viduriavimu (IBS-D) ir kai kuriais atvejais, siekiant suma\u017einti komplikacij\u0173 rizik\u0105 sergant kepen\u0173 liga, nors \u0161ie naudojimai yra labiau specializuoti.<\/p>\n","protected":false},"excerpt":{"rendered":"<ul>\n<li>Veikia bakterin\u0119 diar\u0117j\u0105 jos \u0161altinyje<\/li>\n<li>Minimalus absorbcija organizme<\/li>\n<li>Greitai veikiantis palengvinimas keliautoj\u0173 diar\u0117jai<\/li>\n<\/ul>\n","protected":false},"featured_media":1079,"comment_status":"open","ping_status":"closed","template":"","meta":[],"product_brand":[],"product_cat":[107],"product_tag":[],"expert":[16],"class_list":{"0":"post-1077","1":"product","2":"type-product","3":"status-publish","4":"has-post-thumbnail","6":"product_cat-viduriavimas","7":"expert-dr-c-alexandru","9":"first","10":"instock","11":"shipping-taxable","12":"product-type-variable"},"yoast_head":"<!-- This site is optimized with the Yoast SEO plugin v27.0 - https:\/\/yoast.com\/product\/yoast-seo-wordpress\/ -->\n<title>Rifaximin (Xifaxan) | Tikslinga \u017earnyno pagalba - Transtoyou<\/title>\n<meta name=\"description\" content=\"Rifaximin (Xifaxan) veikia \u017earnyno bakterijas, efektyviai ma\u017eindamas viduriavimo simptomus. Gaukite j\u012f \u010dia, patogiam vir\u0161kinimo problem\u0173 sprendimui.\" \/>\n<meta name=\"robots\" content=\"noindex, follow, max-snippet:-1, max-image-preview:large, max-video-preview:-1\" \/>\n<meta property=\"og:locale\" content=\"lt_LT\" \/>\n<meta property=\"og:type\" content=\"article\" \/>\n<meta property=\"og:title\" content=\"Rifaximin (Xifaxan) | Tikslinga \u017earnyno pagalba - Transtoyou\" \/>\n<meta property=\"og:description\" content=\"Rifaximin (Xifaxan) veikia \u017earnyno bakterijas, efektyviai ma\u017eindamas viduriavimo simptomus. Gaukite j\u012f \u010dia, patogiam vir\u0161kinimo problem\u0173 sprendimui.\" \/>\n<meta property=\"og:url\" content=\"https:\/\/www.transtoyou.com\/lt\/product\/rifaximin-xifaxan\/\" \/>\n<meta property=\"og:site_name\" content=\"Transtoyou - LT\" \/>\n<meta property=\"article:modified_time\" content=\"2026-03-02T15:39:36+00:00\" \/>\n<meta name=\"twitter:card\" content=\"summary_large_image\" \/>\n<meta name=\"twitter:label1\" content=\"Est. reading time\" \/>\n\t<meta name=\"twitter:data1\" content=\"1 minut\u0117\" \/>\n<script type=\"application\/ld+json\" class=\"yoast-schema-graph\">{\"@context\":\"https:\/\/schema.org\",\"@graph\":[{\"@type\":\"WebPage\",\"@id\":\"https:\/\/www.transtoyou.com\/lt\/product\/rifaximin-xifaxan\/\",\"url\":\"https:\/\/www.transtoyou.com\/lt\/product\/rifaximin-xifaxan\/\",\"name\":\"Rifaximin (Xifaxan) | Tikslinga \u017earnyno pagalba - Transtoyou\",\"isPartOf\":{\"@id\":\"https:\/\/www.transtoyou.com\/lt\/#website\"},\"primaryImageOfPage\":{\"@id\":\"https:\/\/www.transtoyou.com\/lt\/product\/rifaximin-xifaxan\/#primaryimage\"},\"image\":{\"@id\":\"https:\/\/www.transtoyou.com\/lt\/product\/rifaximin-xifaxan\/#primaryimage\"},\"thumbnailUrl\":\"https:\/\/www.transtoyou.com\/lt\/wp-content\/uploads\/sites\/9\/2026\/01\/tty-no-product-image-124.webp\",\"datePublished\":\"2026-01-24T22:42:51+00:00\",\"dateModified\":\"2026-03-02T15:39:36+00:00\",\"description\":\"Rifaximin (Xifaxan) veikia \u017earnyno bakterijas, efektyviai ma\u017eindamas viduriavimo simptomus. Gaukite j\u012f \u010dia, patogiam vir\u0161kinimo problem\u0173 sprendimui.\",\"breadcrumb\":{\"@id\":\"https:\/\/www.transtoyou.com\/lt\/product\/rifaximin-xifaxan\/#breadcrumb\"},\"inLanguage\":\"lt-LT\",\"potentialAction\":[{\"@type\":\"ReadAction\",\"target\":[\"https:\/\/www.transtoyou.com\/lt\/product\/rifaximin-xifaxan\/\"]}]},{\"@type\":\"ImageObject\",\"inLanguage\":\"lt-LT\",\"@id\":\"https:\/\/www.transtoyou.com\/lt\/product\/rifaximin-xifaxan\/#primaryimage\",\"url\":\"https:\/\/www.transtoyou.com\/lt\/wp-content\/uploads\/sites\/9\/2026\/01\/tty-no-product-image-124.webp\",\"contentUrl\":\"https:\/\/www.transtoyou.com\/lt\/wp-content\/uploads\/sites\/9\/2026\/01\/tty-no-product-image-124.webp\",\"width\":1000,\"height\":1000,\"caption\":\"Numatytas produkto vaizdas\"},{\"@type\":\"WebSite\",\"@id\":\"https:\/\/www.transtoyou.com\/lt\/#website\",\"url\":\"https:\/\/www.transtoyou.com\/lt\/\",\"name\":\"Transtoyou - LT\",\"description\":\"\",\"publisher\":{\"@id\":\"https:\/\/www.transtoyou.com\/lt\/#organization\"},\"potentialAction\":[{\"@type\":\"SearchAction\",\"target\":{\"@type\":\"EntryPoint\",\"urlTemplate\":\"https:\/\/www.transtoyou.com\/lt\/?s={search_term_string}\"},\"query-input\":{\"@type\":\"PropertyValueSpecification\",\"valueRequired\":true,\"valueName\":\"search_term_string\"}}],\"inLanguage\":\"lt-LT\"},{\"@type\":\"Organization\",\"@id\":\"https:\/\/www.transtoyou.com\/lt\/#organization\",\"name\":\"Transtoyou - LT\",\"url\":\"https:\/\/www.transtoyou.com\/lt\/\",\"logo\":{\"@type\":\"ImageObject\",\"inLanguage\":\"lt-LT\",\"@id\":\"https:\/\/www.transtoyou.com\/lt\/#\/schema\/logo\/image\/\",\"url\":\"https:\/\/www.transtoyou.com\/lt\/wp-content\/uploads\/sites\/9\/2026\/01\/logo-tty-menu-bar-300x87-1.webp\",\"contentUrl\":\"https:\/\/www.transtoyou.com\/lt\/wp-content\/uploads\/sites\/9\/2026\/01\/logo-tty-menu-bar-300x87-1.webp\",\"width\":300,\"height\":87,\"caption\":\"Transtoyou - LT\"},\"image\":{\"@id\":\"https:\/\/www.transtoyou.com\/lt\/#\/schema\/logo\/image\/\"}}]}<\/script>\n<!-- \/ Yoast SEO plugin. -->","yoast_head_json":{"title":"Rifaximin (Xifaxan) | Tikslinga \u017earnyno pagalba - Transtoyou","description":"Rifaximin (Xifaxan) veikia \u017earnyno bakterijas, efektyviai ma\u017eindamas viduriavimo simptomus. Gaukite j\u012f \u010dia, patogiam vir\u0161kinimo problem\u0173 sprendimui.","robots":{"index":"noindex","follow":"follow","max-snippet":"max-snippet:-1","max-image-preview":"max-image-preview:large","max-video-preview":"max-video-preview:-1"},"og_locale":"lt_LT","og_type":"article","og_title":"Rifaximin (Xifaxan) | Tikslinga \u017earnyno pagalba - Transtoyou","og_description":"Rifaximin (Xifaxan) veikia \u017earnyno bakterijas, efektyviai ma\u017eindamas viduriavimo simptomus. Gaukite j\u012f \u010dia, patogiam vir\u0161kinimo problem\u0173 sprendimui.","og_url":"https:\/\/www.transtoyou.com\/lt\/product\/rifaximin-xifaxan\/","og_site_name":"Transtoyou - LT","article_modified_time":"2026-03-02T15:39:36+00:00","twitter_card":"summary_large_image","twitter_misc":{"Est. reading time":"1 minut\u0117"},"schema":{"@context":"https:\/\/schema.org","@graph":[{"@type":"WebPage","@id":"https:\/\/www.transtoyou.com\/lt\/product\/rifaximin-xifaxan\/","url":"https:\/\/www.transtoyou.com\/lt\/product\/rifaximin-xifaxan\/","name":"Rifaximin (Xifaxan) | Tikslinga \u017earnyno pagalba - Transtoyou","isPartOf":{"@id":"https:\/\/www.transtoyou.com\/lt\/#website"},"primaryImageOfPage":{"@id":"https:\/\/www.transtoyou.com\/lt\/product\/rifaximin-xifaxan\/#primaryimage"},"image":{"@id":"https:\/\/www.transtoyou.com\/lt\/product\/rifaximin-xifaxan\/#primaryimage"},"thumbnailUrl":"https:\/\/www.transtoyou.com\/lt\/wp-content\/uploads\/sites\/9\/2026\/01\/tty-no-product-image-124.webp","datePublished":"2026-01-24T22:42:51+00:00","dateModified":"2026-03-02T15:39:36+00:00","description":"Rifaximin (Xifaxan) veikia \u017earnyno bakterijas, efektyviai ma\u017eindamas viduriavimo simptomus. Gaukite j\u012f \u010dia, patogiam vir\u0161kinimo problem\u0173 sprendimui.","breadcrumb":{"@id":"https:\/\/www.transtoyou.com\/lt\/product\/rifaximin-xifaxan\/#breadcrumb"},"inLanguage":"lt-LT","potentialAction":[{"@type":"ReadAction","target":["https:\/\/www.transtoyou.com\/lt\/product\/rifaximin-xifaxan\/"]}]},{"@type":"ImageObject","inLanguage":"lt-LT","@id":"https:\/\/www.transtoyou.com\/lt\/product\/rifaximin-xifaxan\/#primaryimage","url":"https:\/\/www.transtoyou.com\/lt\/wp-content\/uploads\/sites\/9\/2026\/01\/tty-no-product-image-124.webp","contentUrl":"https:\/\/www.transtoyou.com\/lt\/wp-content\/uploads\/sites\/9\/2026\/01\/tty-no-product-image-124.webp","width":1000,"height":1000,"caption":"Numatytas produkto vaizdas"},{"@type":"WebSite","@id":"https:\/\/www.transtoyou.com\/lt\/#website","url":"https:\/\/www.transtoyou.com\/lt\/","name":"Transtoyou - LT","description":"","publisher":{"@id":"https:\/\/www.transtoyou.com\/lt\/#organization"},"potentialAction":[{"@type":"SearchAction","target":{"@type":"EntryPoint","urlTemplate":"https:\/\/www.transtoyou.com\/lt\/?s={search_term_string}"},"query-input":{"@type":"PropertyValueSpecification","valueRequired":true,"valueName":"search_term_string"}}],"inLanguage":"lt-LT"},{"@type":"Organization","@id":"https:\/\/www.transtoyou.com\/lt\/#organization","name":"Transtoyou - LT","url":"https:\/\/www.transtoyou.com\/lt\/","logo":{"@type":"ImageObject","inLanguage":"lt-LT","@id":"https:\/\/www.transtoyou.com\/lt\/#\/schema\/logo\/image\/","url":"https:\/\/www.transtoyou.com\/lt\/wp-content\/uploads\/sites\/9\/2026\/01\/logo-tty-menu-bar-300x87-1.webp","contentUrl":"https:\/\/www.transtoyou.com\/lt\/wp-content\/uploads\/sites\/9\/2026\/01\/logo-tty-menu-bar-300x87-1.webp","width":300,"height":87,"caption":"Transtoyou - LT"},"image":{"@id":"https:\/\/www.transtoyou.com\/lt\/#\/schema\/logo\/image\/"}}]}},"_links":{"self":[{"href":"https:\/\/www.transtoyou.com\/lt\/wp-json\/wp\/v2\/product\/1077","targetHints":{"allow":["GET"]}}],"collection":[{"href":"https:\/\/www.transtoyou.com\/lt\/wp-json\/wp\/v2\/product"}],"about":[{"href":"https:\/\/www.transtoyou.com\/lt\/wp-json\/wp\/v2\/types\/product"}],"replies":[{"embeddable":true,"href":"https:\/\/www.transtoyou.com\/lt\/wp-json\/wp\/v2\/comments?post=1077"}],"wp:featuredmedia":[{"embeddable":true,"href":"https:\/\/www.transtoyou.com\/lt\/wp-json\/wp\/v2\/media\/1079"}],"wp:attachment":[{"href":"https:\/\/www.transtoyou.com\/lt\/wp-json\/wp\/v2\/media?parent=1077"}],"wp:term":[{"taxonomy":"product_brand","embeddable":true,"href":"https:\/\/www.transtoyou.com\/lt\/wp-json\/wp\/v2\/product_brand?post=1077"},{"taxonomy":"product_cat","embeddable":true,"href":"https:\/\/www.transtoyou.com\/lt\/wp-json\/wp\/v2\/product_cat?post=1077"},{"taxonomy":"product_tag","embeddable":true,"href":"https:\/\/www.transtoyou.com\/lt\/wp-json\/wp\/v2\/product_tag?post=1077"},{"taxonomy":"expert","embeddable":true,"href":"https:\/\/www.transtoyou.com\/lt\/wp-json\/wp\/v2\/expert?post=1077"}],"curies":[{"name":"wp","href":"https:\/\/api.w.org\/{rel}","templated":true}]}}