{"id":1080,"date":"2026-01-25T00:59:31","date_gmt":"2026-01-24T22:59:31","guid":{"rendered":"https:\/\/www.transtoyou.com\/lt\/product\/norlevo-levonelle\/"},"modified":"2026-01-25T01:00:36","modified_gmt":"2026-01-24T23:00:36","slug":"norlevo-levonelle","status":"publish","type":"product","link":"https:\/\/www.transtoyou.com\/lt\/product\/norlevo-levonelle\/","title":{"rendered":"Norlevo (Levonelle)"},"content":{"rendered":"<p>Norlevo, dar \u017einomas kaip Levonelle, yra skubios kontracepcijos tablet\u0117 (SKT), skirta u\u017ekirsti keli\u0105 n\u0117\u0161tumui po neapsaugoto lytinio akto arba kontracepcijos nes\u0117km\u0117s (pvz., supl\u0117\u0161yta prezervatyvas arba praleista tablet\u0117). Jame yra levonorgestrelio, sintetinio progestogeno hormono, kuris imituoja nat\u016bral\u0173 organizmo progesteron\u0105.<\/p>\n<p>Norlevo veikia pirmiausia atid\u0117damas arba slopindamas ovuliacij\u0105, tai rei\u0161kia, kad jis neleid\u017eia kiau\u0161iniui i\u0161siskirti i\u0161 kiau\u0161id\u017ei\u0173. Be kiau\u0161inio apvaisinimas negali \u012fvykti. Jis taip pat gali pakeisti gimdos kaklelio gleives ir endometriumo sluoksn\u012f, tod\u0117l spermatozoidams sunkiau pasiekti kiau\u0161in\u012f arba apvaisintam kiau\u0161iniui \u012fsitvirtinti, nors tai yra antrinis mechanizmas ir ma\u017eiau gerai nustatytas.<\/p>\n<p>Jis yra veiksmingiausias, kai vartojamas kuo grei\u010diau, idealiai per 12 valand\u0173, ta\u010diau j\u012f galima vartoti iki 72 valand\u0173 (3 dien\u0173) po neapsaugoto lytinio akto. Jo veiksmingumas ma\u017e\u0117ja, kuo ilgiau delsima.<\/p>\n<p>Norlevo nesukelia esamo n\u0117\u0161tumo nutraukimo ir n\u0117ra skirtas reguliariam kontracepcijos naudojimui. Jis n\u0117ra veiksmingas, jei ovuliacija jau \u012fvyko. Jis taip pat nesaugo nuo LPL.<\/p>\n<p>Privalumai apima pla\u010di\u0105 prieinamum\u0105, lengv\u0105 naudojim\u0105 ir ger\u0105 toleravim\u0105, ypa\u010d kai vartojamas nedelsiant. \u0160alutiniai poveikiai paprastai yra lengvi ir laikini, tokie kaip pykinimas, galvos skausmas, kr\u016bt\u0173 jautrumas, svaigimas ar menstruacinio ciklo poky\u010diai.<\/p>\n","protected":false},"excerpt":{"rendered":"<ul>\n<li>Vartoti per 72 valandas<\/li>\n<li>Atid\u0117lioja ovuliacij\u0105<\/li>\n<li>Skubioji kontracepcija<\/li>\n<\/ul>\n","protected":false},"featured_media":1081,"comment_status":"open","ping_status":"closed","template":"","meta":[],"product_brand":[],"product_cat":[110],"product_tag":[],"expert":[19],"class_list":{"0":"post-1080","1":"product","2":"type-product","3":"status-publish","4":"has-post-thumbnail","6":"product_cat-skubioji-kontracepcija","7":"expert-dr-j-vazquez","9":"first","10":"instock","11":"shipping-taxable","12":"product-type-simple"},"yoast_head":"<!-- This site is optimized with the Yoast SEO plugin v27.0 - https:\/\/yoast.com\/product\/yoast-seo-wordpress\/ -->\n<title>Norlevo (Levonelle) | Greitai veikiantis ECP - Transtoyou<\/title>\n<meta name=\"description\" content=\"Norlevo (Levonelle) ECP, u\u017ekerta keli\u0105 n\u0117\u0161tumui po neapsaugoto sekso. Pasiekiama greitai. Veiksminga iki 72 valand\u0173. Pirkite dabar Transtoyou.\" \/>\n<meta name=\"robots\" content=\"noindex, follow, max-snippet:-1, max-image-preview:large, max-video-preview:-1\" \/>\n<meta property=\"og:locale\" content=\"lt_LT\" \/>\n<meta property=\"og:type\" content=\"article\" \/>\n<meta property=\"og:title\" content=\"Norlevo (Levonelle) | Greitai veikiantis ECP - Transtoyou\" \/>\n<meta property=\"og:description\" content=\"Norlevo (Levonelle) ECP, u\u017ekerta keli\u0105 n\u0117\u0161tumui po neapsaugoto sekso. Pasiekiama greitai. Veiksminga iki 72 valand\u0173. Pirkite dabar Transtoyou.\" \/>\n<meta property=\"og:url\" content=\"https:\/\/www.transtoyou.com\/lt\/product\/norlevo-levonelle\/\" \/>\n<meta property=\"og:site_name\" content=\"Transtoyou - LT\" \/>\n<meta property=\"article:modified_time\" content=\"2026-01-24T23:00:36+00:00\" \/>\n<meta name=\"twitter:card\" content=\"summary_large_image\" \/>\n<meta name=\"twitter:label1\" content=\"Est. reading time\" \/>\n\t<meta name=\"twitter:data1\" content=\"1 minut\u0117\" \/>\n<script type=\"application\/ld+json\" class=\"yoast-schema-graph\">{\"@context\":\"https:\/\/schema.org\",\"@graph\":[{\"@type\":\"WebPage\",\"@id\":\"https:\/\/www.transtoyou.com\/lt\/product\/norlevo-levonelle\/\",\"url\":\"https:\/\/www.transtoyou.com\/lt\/product\/norlevo-levonelle\/\",\"name\":\"Norlevo (Levonelle) | Greitai veikiantis ECP - Transtoyou\",\"isPartOf\":{\"@id\":\"https:\/\/www.transtoyou.com\/lt\/#website\"},\"primaryImageOfPage\":{\"@id\":\"https:\/\/www.transtoyou.com\/lt\/product\/norlevo-levonelle\/#primaryimage\"},\"image\":{\"@id\":\"https:\/\/www.transtoyou.com\/lt\/product\/norlevo-levonelle\/#primaryimage\"},\"thumbnailUrl\":\"https:\/\/www.transtoyou.com\/lt\/wp-content\/uploads\/sites\/9\/2026\/01\/tty-no-product-image-125.webp\",\"datePublished\":\"2026-01-24T22:59:31+00:00\",\"dateModified\":\"2026-01-24T23:00:36+00:00\",\"description\":\"Norlevo (Levonelle) ECP, u\u017ekerta keli\u0105 n\u0117\u0161tumui po neapsaugoto sekso. Pasiekiama greitai. Veiksminga iki 72 valand\u0173. Pirkite dabar Transtoyou.\",\"breadcrumb\":{\"@id\":\"https:\/\/www.transtoyou.com\/lt\/product\/norlevo-levonelle\/#breadcrumb\"},\"inLanguage\":\"lt-LT\",\"potentialAction\":[{\"@type\":\"ReadAction\",\"target\":[\"https:\/\/www.transtoyou.com\/lt\/product\/norlevo-levonelle\/\"]}]},{\"@type\":\"ImageObject\",\"inLanguage\":\"lt-LT\",\"@id\":\"https:\/\/www.transtoyou.com\/lt\/product\/norlevo-levonelle\/#primaryimage\",\"url\":\"https:\/\/www.transtoyou.com\/lt\/wp-content\/uploads\/sites\/9\/2026\/01\/tty-no-product-image-125.webp\",\"contentUrl\":\"https:\/\/www.transtoyou.com\/lt\/wp-content\/uploads\/sites\/9\/2026\/01\/tty-no-product-image-125.webp\",\"width\":1000,\"height\":1000,\"caption\":\"Numatytas produkto vaizdas\"},{\"@type\":\"WebSite\",\"@id\":\"https:\/\/www.transtoyou.com\/lt\/#website\",\"url\":\"https:\/\/www.transtoyou.com\/lt\/\",\"name\":\"Transtoyou - LT\",\"description\":\"\",\"publisher\":{\"@id\":\"https:\/\/www.transtoyou.com\/lt\/#organization\"},\"potentialAction\":[{\"@type\":\"SearchAction\",\"target\":{\"@type\":\"EntryPoint\",\"urlTemplate\":\"https:\/\/www.transtoyou.com\/lt\/?s={search_term_string}\"},\"query-input\":{\"@type\":\"PropertyValueSpecification\",\"valueRequired\":true,\"valueName\":\"search_term_string\"}}],\"inLanguage\":\"lt-LT\"},{\"@type\":\"Organization\",\"@id\":\"https:\/\/www.transtoyou.com\/lt\/#organization\",\"name\":\"Transtoyou - LT\",\"url\":\"https:\/\/www.transtoyou.com\/lt\/\",\"logo\":{\"@type\":\"ImageObject\",\"inLanguage\":\"lt-LT\",\"@id\":\"https:\/\/www.transtoyou.com\/lt\/#\/schema\/logo\/image\/\",\"url\":\"https:\/\/www.transtoyou.com\/lt\/wp-content\/uploads\/sites\/9\/2026\/01\/logo-tty-menu-bar-300x87-1.webp\",\"contentUrl\":\"https:\/\/www.transtoyou.com\/lt\/wp-content\/uploads\/sites\/9\/2026\/01\/logo-tty-menu-bar-300x87-1.webp\",\"width\":300,\"height\":87,\"caption\":\"Transtoyou - LT\"},\"image\":{\"@id\":\"https:\/\/www.transtoyou.com\/lt\/#\/schema\/logo\/image\/\"}}]}<\/script>\n<!-- \/ Yoast SEO plugin. -->","yoast_head_json":{"title":"Norlevo (Levonelle) | Greitai veikiantis ECP - Transtoyou","description":"Norlevo (Levonelle) ECP, u\u017ekerta keli\u0105 n\u0117\u0161tumui po neapsaugoto sekso. Pasiekiama greitai. Veiksminga iki 72 valand\u0173. Pirkite dabar Transtoyou.","robots":{"index":"noindex","follow":"follow","max-snippet":"max-snippet:-1","max-image-preview":"max-image-preview:large","max-video-preview":"max-video-preview:-1"},"og_locale":"lt_LT","og_type":"article","og_title":"Norlevo (Levonelle) | Greitai veikiantis ECP - Transtoyou","og_description":"Norlevo (Levonelle) ECP, u\u017ekerta keli\u0105 n\u0117\u0161tumui po neapsaugoto sekso. Pasiekiama greitai. Veiksminga iki 72 valand\u0173. Pirkite dabar Transtoyou.","og_url":"https:\/\/www.transtoyou.com\/lt\/product\/norlevo-levonelle\/","og_site_name":"Transtoyou - LT","article_modified_time":"2026-01-24T23:00:36+00:00","twitter_card":"summary_large_image","twitter_misc":{"Est. reading time":"1 minut\u0117"},"schema":{"@context":"https:\/\/schema.org","@graph":[{"@type":"WebPage","@id":"https:\/\/www.transtoyou.com\/lt\/product\/norlevo-levonelle\/","url":"https:\/\/www.transtoyou.com\/lt\/product\/norlevo-levonelle\/","name":"Norlevo (Levonelle) | Greitai veikiantis ECP - Transtoyou","isPartOf":{"@id":"https:\/\/www.transtoyou.com\/lt\/#website"},"primaryImageOfPage":{"@id":"https:\/\/www.transtoyou.com\/lt\/product\/norlevo-levonelle\/#primaryimage"},"image":{"@id":"https:\/\/www.transtoyou.com\/lt\/product\/norlevo-levonelle\/#primaryimage"},"thumbnailUrl":"https:\/\/www.transtoyou.com\/lt\/wp-content\/uploads\/sites\/9\/2026\/01\/tty-no-product-image-125.webp","datePublished":"2026-01-24T22:59:31+00:00","dateModified":"2026-01-24T23:00:36+00:00","description":"Norlevo (Levonelle) ECP, u\u017ekerta keli\u0105 n\u0117\u0161tumui po neapsaugoto sekso. Pasiekiama greitai. Veiksminga iki 72 valand\u0173. Pirkite dabar Transtoyou.","breadcrumb":{"@id":"https:\/\/www.transtoyou.com\/lt\/product\/norlevo-levonelle\/#breadcrumb"},"inLanguage":"lt-LT","potentialAction":[{"@type":"ReadAction","target":["https:\/\/www.transtoyou.com\/lt\/product\/norlevo-levonelle\/"]}]},{"@type":"ImageObject","inLanguage":"lt-LT","@id":"https:\/\/www.transtoyou.com\/lt\/product\/norlevo-levonelle\/#primaryimage","url":"https:\/\/www.transtoyou.com\/lt\/wp-content\/uploads\/sites\/9\/2026\/01\/tty-no-product-image-125.webp","contentUrl":"https:\/\/www.transtoyou.com\/lt\/wp-content\/uploads\/sites\/9\/2026\/01\/tty-no-product-image-125.webp","width":1000,"height":1000,"caption":"Numatytas produkto vaizdas"},{"@type":"WebSite","@id":"https:\/\/www.transtoyou.com\/lt\/#website","url":"https:\/\/www.transtoyou.com\/lt\/","name":"Transtoyou - LT","description":"","publisher":{"@id":"https:\/\/www.transtoyou.com\/lt\/#organization"},"potentialAction":[{"@type":"SearchAction","target":{"@type":"EntryPoint","urlTemplate":"https:\/\/www.transtoyou.com\/lt\/?s={search_term_string}"},"query-input":{"@type":"PropertyValueSpecification","valueRequired":true,"valueName":"search_term_string"}}],"inLanguage":"lt-LT"},{"@type":"Organization","@id":"https:\/\/www.transtoyou.com\/lt\/#organization","name":"Transtoyou - LT","url":"https:\/\/www.transtoyou.com\/lt\/","logo":{"@type":"ImageObject","inLanguage":"lt-LT","@id":"https:\/\/www.transtoyou.com\/lt\/#\/schema\/logo\/image\/","url":"https:\/\/www.transtoyou.com\/lt\/wp-content\/uploads\/sites\/9\/2026\/01\/logo-tty-menu-bar-300x87-1.webp","contentUrl":"https:\/\/www.transtoyou.com\/lt\/wp-content\/uploads\/sites\/9\/2026\/01\/logo-tty-menu-bar-300x87-1.webp","width":300,"height":87,"caption":"Transtoyou - LT"},"image":{"@id":"https:\/\/www.transtoyou.com\/lt\/#\/schema\/logo\/image\/"}}]}},"_links":{"self":[{"href":"https:\/\/www.transtoyou.com\/lt\/wp-json\/wp\/v2\/product\/1080","targetHints":{"allow":["GET"]}}],"collection":[{"href":"https:\/\/www.transtoyou.com\/lt\/wp-json\/wp\/v2\/product"}],"about":[{"href":"https:\/\/www.transtoyou.com\/lt\/wp-json\/wp\/v2\/types\/product"}],"replies":[{"embeddable":true,"href":"https:\/\/www.transtoyou.com\/lt\/wp-json\/wp\/v2\/comments?post=1080"}],"wp:featuredmedia":[{"embeddable":true,"href":"https:\/\/www.transtoyou.com\/lt\/wp-json\/wp\/v2\/media\/1081"}],"wp:attachment":[{"href":"https:\/\/www.transtoyou.com\/lt\/wp-json\/wp\/v2\/media?parent=1080"}],"wp:term":[{"taxonomy":"product_brand","embeddable":true,"href":"https:\/\/www.transtoyou.com\/lt\/wp-json\/wp\/v2\/product_brand?post=1080"},{"taxonomy":"product_cat","embeddable":true,"href":"https:\/\/www.transtoyou.com\/lt\/wp-json\/wp\/v2\/product_cat?post=1080"},{"taxonomy":"product_tag","embeddable":true,"href":"https:\/\/www.transtoyou.com\/lt\/wp-json\/wp\/v2\/product_tag?post=1080"},{"taxonomy":"expert","embeddable":true,"href":"https:\/\/www.transtoyou.com\/lt\/wp-json\/wp\/v2\/expert?post=1080"}],"curies":[{"name":"wp","href":"https:\/\/api.w.org\/{rel}","templated":true}]}}