{"id":1082,"date":"2026-01-25T01:16:20","date_gmt":"2026-01-24T23:16:20","guid":{"rendered":"https:\/\/www.transtoyou.com\/lt\/product\/ellaone\/"},"modified":"2026-01-25T01:17:22","modified_gmt":"2026-01-24T23:17:22","slug":"ellaone","status":"publish","type":"product","link":"https:\/\/www.transtoyou.com\/lt\/product\/ellaone\/","title":{"rendered":"EllaOne"},"content":{"rendered":"<p>EllaOne yra hormonin\u0117 avarin\u0117 kontraceptin\u0117 priemon\u0117, naudojama nepageidaujamos n\u0117\u0161tumo prevencijai po neapsaugoto lytinio akto arba kontraceptini\u0173 priemoni\u0173 nes\u0117km\u0117s (pvz., prezervatyvo ply\u0161imo arba praleist\u0173 kontraceptini\u0173 table\u010di\u0173). Jame yra ulipristalo acetato, selektyvaus progesterono receptori\u0173 moduliatoriaus (SPRM).<\/p>\n<p>EllaOne veikia pirmiausia atid\u0117dama arba slopindama ovuliacij\u0105, kiau\u0161inio i\u0161siskyrim\u0105 i\u0161 kiau\u0161id\u017ei\u0173. Jei ovuliacija jau \u012fvyko, jis gali b\u016bti neveiksmingas ir nesibaigia esamo n\u0117\u0161tumo. Ulipristalas jungiasi prie progesterono receptori\u0173, blokuodamas nat\u016bral\u0173 hormon\u0105 progesteron\u0105, kuris yra b\u016btinas ovuliacijai \u012fvykti.<\/p>\n<p>EllaOne yra veiksmingiausias, kai vartojamas kuo grei\u010diau po neapsaugoto lytinio akto, idealiai per 24 valandas, ta\u010diau j\u012f galima vartoti iki 120 valand\u0173 (5 dien\u0173) po to. Klinikiniai tyrimai rodo, kad jis i\u0161lieka veiksmingesnis per 5 dien\u0173 laikotarp\u012f nei levonorgestrelio pagrindu pagamintos avarin\u0117s kontraceptin\u0117s priemon\u0117s.<\/p>\n<p>EllaOne n\u0117ra skirta reguliariam kontraceptiniam naudojimui ir netur\u0117t\u0173 b\u016bti vartojama daugiau nei kart\u0105 per t\u0105 pat\u012f menstruacin\u012f cikl\u0105. Jis neapsaugo nuo lyti\u0161kai plintan\u010di\u0173 infekcij\u0173 (LPI). EllaOne privalumai apima ilgesn\u012f veiksmingumo laikotarp\u012f nei kit\u0173 avarini\u0173 kontraceptik\u0173, didel\u012f efektyvum\u0105, kai vartojama greitai, ir gerai toleruojam\u0105 saugumo profil\u012f.<\/p>\n<p>Da\u017eniausi \u0161alutiniai poveikiai gali b\u016bti galvos skausmas, pykinimas, pilvo skausmas, menstruacij\u0173 sutrikimai ir nuovargis. Jis netur\u0117t\u0173 b\u016bti vartojamas moter\u0173, kurios jau yra n\u0117\u0161\u010dios, ir atsargiai tur\u0117t\u0173 b\u016bti vartojamas tiems, kurie naudoja hormonines kontraceptines priemones, nes j\u0173 efektyvumas gali b\u016bti laikinai suma\u017eintas po EllaOne vartojimo.<\/p>\n","protected":false},"excerpt":{"rendered":"<ul>\n<li>Veiksmingas iki 5 dien\u0173<\/li>\n<li>Atid\u0117lioja ovuliacij\u0105<\/li>\n<li>Skubiai kontracepcijai<\/li>\n<\/ul>\n","protected":false},"featured_media":1083,"comment_status":"open","ping_status":"closed","template":"","meta":[],"product_brand":[],"product_cat":[110],"product_tag":[],"expert":[19],"class_list":{"0":"post-1082","1":"product","2":"type-product","3":"status-publish","4":"has-post-thumbnail","6":"product_cat-skubioji-kontracepcija","7":"expert-dr-j-vazquez","9":"first","10":"instock","11":"shipping-taxable","12":"product-type-simple"},"yoast_head":"<!-- This site is optimized with the Yoast SEO plugin v27.0 - https:\/\/yoast.com\/product\/yoast-seo-wordpress\/ -->\n<title>EllaOne | Greitai veikianti avarin\u0117 kontracepcija - Transtoyou<\/title>\n<meta name=\"description\" content=\"Pirkite EllaOne, hormonin\u012f skubios kontracepcijos vaist\u0105, skirt\u0105 neplanuotai n\u0117\u0161tumui u\u017ekirsti. Veiksmingas per 5 dienas po lytini\u0173 santyki\u0173. Dabar prieinamas.\" \/>\n<meta name=\"robots\" content=\"noindex, follow, max-snippet:-1, max-image-preview:large, max-video-preview:-1\" \/>\n<meta property=\"og:locale\" content=\"lt_LT\" \/>\n<meta property=\"og:type\" content=\"article\" \/>\n<meta property=\"og:title\" content=\"EllaOne | Greitai veikianti avarin\u0117 kontracepcija - Transtoyou\" \/>\n<meta property=\"og:description\" content=\"Pirkite EllaOne, hormonin\u012f skubios kontracepcijos vaist\u0105, skirt\u0105 neplanuotai n\u0117\u0161tumui u\u017ekirsti. Veiksmingas per 5 dienas po lytini\u0173 santyki\u0173. Dabar prieinamas.\" \/>\n<meta property=\"og:url\" content=\"https:\/\/www.transtoyou.com\/lt\/product\/ellaone\/\" \/>\n<meta property=\"og:site_name\" content=\"Transtoyou - LT\" \/>\n<meta property=\"article:modified_time\" content=\"2026-01-24T23:17:22+00:00\" \/>\n<meta name=\"twitter:card\" content=\"summary_large_image\" \/>\n<meta name=\"twitter:label1\" content=\"Est. reading time\" \/>\n\t<meta name=\"twitter:data1\" content=\"1 minut\u0117\" \/>\n<script type=\"application\/ld+json\" class=\"yoast-schema-graph\">{\"@context\":\"https:\/\/schema.org\",\"@graph\":[{\"@type\":\"WebPage\",\"@id\":\"https:\/\/www.transtoyou.com\/lt\/product\/ellaone\/\",\"url\":\"https:\/\/www.transtoyou.com\/lt\/product\/ellaone\/\",\"name\":\"EllaOne | Greitai veikianti avarin\u0117 kontracepcija - Transtoyou\",\"isPartOf\":{\"@id\":\"https:\/\/www.transtoyou.com\/lt\/#website\"},\"primaryImageOfPage\":{\"@id\":\"https:\/\/www.transtoyou.com\/lt\/product\/ellaone\/#primaryimage\"},\"image\":{\"@id\":\"https:\/\/www.transtoyou.com\/lt\/product\/ellaone\/#primaryimage\"},\"thumbnailUrl\":\"https:\/\/www.transtoyou.com\/lt\/wp-content\/uploads\/sites\/9\/2026\/01\/tty-no-product-image-126.webp\",\"datePublished\":\"2026-01-24T23:16:20+00:00\",\"dateModified\":\"2026-01-24T23:17:22+00:00\",\"description\":\"Pirkite EllaOne, hormonin\u012f skubios kontracepcijos vaist\u0105, skirt\u0105 neplanuotai n\u0117\u0161tumui u\u017ekirsti. Veiksmingas per 5 dienas po lytini\u0173 santyki\u0173. Dabar prieinamas.\",\"breadcrumb\":{\"@id\":\"https:\/\/www.transtoyou.com\/lt\/product\/ellaone\/#breadcrumb\"},\"inLanguage\":\"lt-LT\",\"potentialAction\":[{\"@type\":\"ReadAction\",\"target\":[\"https:\/\/www.transtoyou.com\/lt\/product\/ellaone\/\"]}]},{\"@type\":\"ImageObject\",\"inLanguage\":\"lt-LT\",\"@id\":\"https:\/\/www.transtoyou.com\/lt\/product\/ellaone\/#primaryimage\",\"url\":\"https:\/\/www.transtoyou.com\/lt\/wp-content\/uploads\/sites\/9\/2026\/01\/tty-no-product-image-126.webp\",\"contentUrl\":\"https:\/\/www.transtoyou.com\/lt\/wp-content\/uploads\/sites\/9\/2026\/01\/tty-no-product-image-126.webp\",\"width\":1000,\"height\":1000,\"caption\":\"Numatytasis produkto vaizdas\"},{\"@type\":\"WebSite\",\"@id\":\"https:\/\/www.transtoyou.com\/lt\/#website\",\"url\":\"https:\/\/www.transtoyou.com\/lt\/\",\"name\":\"Transtoyou - LT\",\"description\":\"\",\"publisher\":{\"@id\":\"https:\/\/www.transtoyou.com\/lt\/#organization\"},\"potentialAction\":[{\"@type\":\"SearchAction\",\"target\":{\"@type\":\"EntryPoint\",\"urlTemplate\":\"https:\/\/www.transtoyou.com\/lt\/?s={search_term_string}\"},\"query-input\":{\"@type\":\"PropertyValueSpecification\",\"valueRequired\":true,\"valueName\":\"search_term_string\"}}],\"inLanguage\":\"lt-LT\"},{\"@type\":\"Organization\",\"@id\":\"https:\/\/www.transtoyou.com\/lt\/#organization\",\"name\":\"Transtoyou - LT\",\"url\":\"https:\/\/www.transtoyou.com\/lt\/\",\"logo\":{\"@type\":\"ImageObject\",\"inLanguage\":\"lt-LT\",\"@id\":\"https:\/\/www.transtoyou.com\/lt\/#\/schema\/logo\/image\/\",\"url\":\"https:\/\/www.transtoyou.com\/lt\/wp-content\/uploads\/sites\/9\/2026\/01\/logo-tty-menu-bar-300x87-1.webp\",\"contentUrl\":\"https:\/\/www.transtoyou.com\/lt\/wp-content\/uploads\/sites\/9\/2026\/01\/logo-tty-menu-bar-300x87-1.webp\",\"width\":300,\"height\":87,\"caption\":\"Transtoyou - LT\"},\"image\":{\"@id\":\"https:\/\/www.transtoyou.com\/lt\/#\/schema\/logo\/image\/\"}}]}<\/script>\n<!-- \/ Yoast SEO plugin. -->","yoast_head_json":{"title":"EllaOne | Greitai veikianti avarin\u0117 kontracepcija - Transtoyou","description":"Pirkite EllaOne, hormonin\u012f skubios kontracepcijos vaist\u0105, skirt\u0105 neplanuotai n\u0117\u0161tumui u\u017ekirsti. Veiksmingas per 5 dienas po lytini\u0173 santyki\u0173. Dabar prieinamas.","robots":{"index":"noindex","follow":"follow","max-snippet":"max-snippet:-1","max-image-preview":"max-image-preview:large","max-video-preview":"max-video-preview:-1"},"og_locale":"lt_LT","og_type":"article","og_title":"EllaOne | Greitai veikianti avarin\u0117 kontracepcija - Transtoyou","og_description":"Pirkite EllaOne, hormonin\u012f skubios kontracepcijos vaist\u0105, skirt\u0105 neplanuotai n\u0117\u0161tumui u\u017ekirsti. Veiksmingas per 5 dienas po lytini\u0173 santyki\u0173. Dabar prieinamas.","og_url":"https:\/\/www.transtoyou.com\/lt\/product\/ellaone\/","og_site_name":"Transtoyou - LT","article_modified_time":"2026-01-24T23:17:22+00:00","twitter_card":"summary_large_image","twitter_misc":{"Est. reading time":"1 minut\u0117"},"schema":{"@context":"https:\/\/schema.org","@graph":[{"@type":"WebPage","@id":"https:\/\/www.transtoyou.com\/lt\/product\/ellaone\/","url":"https:\/\/www.transtoyou.com\/lt\/product\/ellaone\/","name":"EllaOne | Greitai veikianti avarin\u0117 kontracepcija - Transtoyou","isPartOf":{"@id":"https:\/\/www.transtoyou.com\/lt\/#website"},"primaryImageOfPage":{"@id":"https:\/\/www.transtoyou.com\/lt\/product\/ellaone\/#primaryimage"},"image":{"@id":"https:\/\/www.transtoyou.com\/lt\/product\/ellaone\/#primaryimage"},"thumbnailUrl":"https:\/\/www.transtoyou.com\/lt\/wp-content\/uploads\/sites\/9\/2026\/01\/tty-no-product-image-126.webp","datePublished":"2026-01-24T23:16:20+00:00","dateModified":"2026-01-24T23:17:22+00:00","description":"Pirkite EllaOne, hormonin\u012f skubios kontracepcijos vaist\u0105, skirt\u0105 neplanuotai n\u0117\u0161tumui u\u017ekirsti. Veiksmingas per 5 dienas po lytini\u0173 santyki\u0173. Dabar prieinamas.","breadcrumb":{"@id":"https:\/\/www.transtoyou.com\/lt\/product\/ellaone\/#breadcrumb"},"inLanguage":"lt-LT","potentialAction":[{"@type":"ReadAction","target":["https:\/\/www.transtoyou.com\/lt\/product\/ellaone\/"]}]},{"@type":"ImageObject","inLanguage":"lt-LT","@id":"https:\/\/www.transtoyou.com\/lt\/product\/ellaone\/#primaryimage","url":"https:\/\/www.transtoyou.com\/lt\/wp-content\/uploads\/sites\/9\/2026\/01\/tty-no-product-image-126.webp","contentUrl":"https:\/\/www.transtoyou.com\/lt\/wp-content\/uploads\/sites\/9\/2026\/01\/tty-no-product-image-126.webp","width":1000,"height":1000,"caption":"Numatytasis produkto vaizdas"},{"@type":"WebSite","@id":"https:\/\/www.transtoyou.com\/lt\/#website","url":"https:\/\/www.transtoyou.com\/lt\/","name":"Transtoyou - LT","description":"","publisher":{"@id":"https:\/\/www.transtoyou.com\/lt\/#organization"},"potentialAction":[{"@type":"SearchAction","target":{"@type":"EntryPoint","urlTemplate":"https:\/\/www.transtoyou.com\/lt\/?s={search_term_string}"},"query-input":{"@type":"PropertyValueSpecification","valueRequired":true,"valueName":"search_term_string"}}],"inLanguage":"lt-LT"},{"@type":"Organization","@id":"https:\/\/www.transtoyou.com\/lt\/#organization","name":"Transtoyou - LT","url":"https:\/\/www.transtoyou.com\/lt\/","logo":{"@type":"ImageObject","inLanguage":"lt-LT","@id":"https:\/\/www.transtoyou.com\/lt\/#\/schema\/logo\/image\/","url":"https:\/\/www.transtoyou.com\/lt\/wp-content\/uploads\/sites\/9\/2026\/01\/logo-tty-menu-bar-300x87-1.webp","contentUrl":"https:\/\/www.transtoyou.com\/lt\/wp-content\/uploads\/sites\/9\/2026\/01\/logo-tty-menu-bar-300x87-1.webp","width":300,"height":87,"caption":"Transtoyou - LT"},"image":{"@id":"https:\/\/www.transtoyou.com\/lt\/#\/schema\/logo\/image\/"}}]}},"_links":{"self":[{"href":"https:\/\/www.transtoyou.com\/lt\/wp-json\/wp\/v2\/product\/1082","targetHints":{"allow":["GET"]}}],"collection":[{"href":"https:\/\/www.transtoyou.com\/lt\/wp-json\/wp\/v2\/product"}],"about":[{"href":"https:\/\/www.transtoyou.com\/lt\/wp-json\/wp\/v2\/types\/product"}],"replies":[{"embeddable":true,"href":"https:\/\/www.transtoyou.com\/lt\/wp-json\/wp\/v2\/comments?post=1082"}],"wp:featuredmedia":[{"embeddable":true,"href":"https:\/\/www.transtoyou.com\/lt\/wp-json\/wp\/v2\/media\/1083"}],"wp:attachment":[{"href":"https:\/\/www.transtoyou.com\/lt\/wp-json\/wp\/v2\/media?parent=1082"}],"wp:term":[{"taxonomy":"product_brand","embeddable":true,"href":"https:\/\/www.transtoyou.com\/lt\/wp-json\/wp\/v2\/product_brand?post=1082"},{"taxonomy":"product_cat","embeddable":true,"href":"https:\/\/www.transtoyou.com\/lt\/wp-json\/wp\/v2\/product_cat?post=1082"},{"taxonomy":"product_tag","embeddable":true,"href":"https:\/\/www.transtoyou.com\/lt\/wp-json\/wp\/v2\/product_tag?post=1082"},{"taxonomy":"expert","embeddable":true,"href":"https:\/\/www.transtoyou.com\/lt\/wp-json\/wp\/v2\/expert?post=1082"}],"curies":[{"name":"wp","href":"https:\/\/api.w.org\/{rel}","templated":true}]}}