{"id":1084,"date":"2026-01-25T01:32:16","date_gmt":"2026-01-24T23:32:16","guid":{"rendered":"https:\/\/www.transtoyou.com\/lt\/product\/qlaira\/"},"modified":"2026-03-03T11:46:20","modified_gmt":"2026-03-03T09:46:20","slug":"qlaira","status":"publish","type":"product","link":"https:\/\/www.transtoyou.com\/lt\/product\/qlaira\/","title":{"rendered":"Qlaira"},"content":{"rendered":"<p>Qlaira yra kombinuota geriamoji kontraceptin\u0117 piliul\u0117, kuri taip pat naudojama neoficialiai simptomams, susijusiems su endometrioze, valdyti. Ji turi sintetines dviej\u0173 nat\u016braliai pasitaikan\u010di\u0173 hormon\u0173 versijas: estradiolio valerato, estrogeno formos, ir dienogest\u0105, progestogen\u0105. Skirtingai nuo daugelio tradicini\u0173 kontraceptini\u0173 piliuli\u0173, Qlaira laikosi multiphasinio dozavimo grafiko, kuris yra sukurtas taip, kad artimiau imituot\u0173 nat\u016bralius hormon\u0173 svyravimus.<\/p>\n<p>Endometrioz\u0117 yra l\u0117tin\u0117 b\u016bkl\u0117, kai audinys, pana\u0161us \u012f gimdos gleivin\u0119, auga u\u017e gimdos, da\u017enai sukeldamas skausm\u0105, gausias menstruacijas ir vaisingumo problemas. Hormonin\u0117s terapijos, tokios kaip Qlaira, gali pad\u0117ti suma\u017einti \u0161io netinkamai i\u0161sid\u0117s\u010diusio audinio aktyvum\u0105 ir augim\u0105, stabilizuojant hormon\u0173 lygius ir slopinant ovuliacij\u0105. Tai gali lemti lengvesnes menstruacijas, ma\u017eiau dubens skausmo ir retesnius endometrioz\u0117s simptom\u0173 pa\u016bm\u0117jimus laikui b\u0117gant.<\/p>\n<p>Qlaira vartojama kasdien tam tikra seka per 28 dien\u0173 cikl\u0105, skirting\u0173 spalv\u0173 tablet\u0117s rodo skirtingus hormon\u0173 lygius. Yra aktyvi\u0173 table\u010di\u0173, kuriose yra hormon\u0173, ir dviej\u0173 table\u010di\u0173, kurios neturi joki\u0173 aktyvi\u0173 ingredient\u0173, padedan\u010di\u0173 i\u0161laikyti reguliar\u0173 ritm\u0105 be tradicinio piliul\u0117s nemokamo laikotarpio. Kintamos doz\u0117s padeda pagerinti ciklo kontrol\u0119 ir gali lemti lengvesnes ir trumpesnes nutraukimo kraujavimas.<\/p>\n<p>Daugelis \u017emoni\u0173, kurie naudoja Qlaira endometriozei, prane\u0161a apie pager\u0117jusi\u0105 simptom\u0173 palengv\u0117jim\u0105 ir gyvenimo kokyb\u0119, ypa\u010d tie, kurie taip pat ie\u0161ko veiksmingos kontracepcijos. Paprastai ji gerai toleruojama, nors gali pasireik\u0161ti \u0161alutiniai poveikiai, tokie kaip pykinimas, kr\u016bt\u0173 jautrumas, nuotaikos poky\u010diai ar netik\u0117tas kraujavimas, ypa\u010d pirmus kelis vartojimo m\u0117nesius.<\/p>\n","protected":false},"excerpt":{"rendered":"<ul>\n<li>Padeda reguliuoti menstruacin\u012f cikl\u0105<\/li>\n<li>Valdo endometrioz\u0117s simptomus<\/li>\n<li>Moderni ma\u017eos doz\u0117s hormon\u0173 terapija<\/li>\n<\/ul>\n","protected":false},"featured_media":1086,"comment_status":"open","ping_status":"closed","template":"","meta":[],"product_brand":[],"product_cat":[112,94],"product_tag":[],"expert":[19],"class_list":{"0":"post-1084","1":"product","2":"type-product","3":"status-publish","4":"has-post-thumbnail","6":"product_cat-endometrioze","7":"product_cat-kombinuoti-vaistai","8":"expert-dr-j-vazquez","10":"first","11":"instock","12":"shipping-taxable","13":"product-type-variable"},"yoast_head":"<!-- This site is optimized with the Yoast SEO plugin v27.0 - https:\/\/yoast.com\/product\/yoast-seo-wordpress\/ -->\n<title>Qlaira - Transtoyou - LT<\/title>\n<meta name=\"robots\" content=\"noindex, follow, max-snippet:-1, max-image-preview:large, max-video-preview:-1\" \/>\n<meta property=\"og:locale\" content=\"lt_LT\" \/>\n<meta property=\"og:type\" content=\"article\" \/>\n<meta property=\"og:title\" content=\"Qlaira - Transtoyou - LT\" \/>\n<meta property=\"og:description\" content=\"Padeda reguliuoti menstruacin\u012f cikl\u0105  Valdo endometrioz\u0117s simptomus  Moderni ma\u017eos doz\u0117s hormon\u0173 terapija\" \/>\n<meta property=\"og:url\" content=\"https:\/\/www.transtoyou.com\/lt\/product\/qlaira\/\" \/>\n<meta property=\"og:site_name\" content=\"Transtoyou - LT\" \/>\n<meta property=\"article:modified_time\" content=\"2026-03-03T09:46:20+00:00\" \/>\n<meta property=\"og:image\" content=\"https:\/\/www.transtoyou.com\/lt\/wp-content\/uploads\/sites\/9\/2026\/01\/tty-no-product-image-127.webp\" \/>\n\t<meta property=\"og:image:width\" content=\"1000\" \/>\n\t<meta property=\"og:image:height\" content=\"1000\" \/>\n\t<meta property=\"og:image:type\" content=\"image\/webp\" \/>\n<meta name=\"twitter:card\" content=\"summary_large_image\" \/>\n<meta name=\"twitter:label1\" content=\"Est. reading time\" \/>\n\t<meta name=\"twitter:data1\" content=\"1 minut\u0117\" \/>\n<script type=\"application\/ld+json\" class=\"yoast-schema-graph\">{\"@context\":\"https:\/\/schema.org\",\"@graph\":[{\"@type\":\"WebPage\",\"@id\":\"https:\/\/www.transtoyou.com\/lt\/product\/qlaira\/\",\"url\":\"https:\/\/www.transtoyou.com\/lt\/product\/qlaira\/\",\"name\":\"Qlaira - Transtoyou - LT\",\"isPartOf\":{\"@id\":\"https:\/\/www.transtoyou.com\/lt\/#website\"},\"primaryImageOfPage\":{\"@id\":\"https:\/\/www.transtoyou.com\/lt\/product\/qlaira\/#primaryimage\"},\"image\":{\"@id\":\"https:\/\/www.transtoyou.com\/lt\/product\/qlaira\/#primaryimage\"},\"thumbnailUrl\":\"https:\/\/www.transtoyou.com\/lt\/wp-content\/uploads\/sites\/9\/2026\/01\/tty-no-product-image-127.webp\",\"datePublished\":\"2026-01-24T23:32:16+00:00\",\"dateModified\":\"2026-03-03T09:46:20+00:00\",\"breadcrumb\":{\"@id\":\"https:\/\/www.transtoyou.com\/lt\/product\/qlaira\/#breadcrumb\"},\"inLanguage\":\"lt-LT\",\"potentialAction\":[{\"@type\":\"ReadAction\",\"target\":[\"https:\/\/www.transtoyou.com\/lt\/product\/qlaira\/\"]}]},{\"@type\":\"ImageObject\",\"inLanguage\":\"lt-LT\",\"@id\":\"https:\/\/www.transtoyou.com\/lt\/product\/qlaira\/#primaryimage\",\"url\":\"https:\/\/www.transtoyou.com\/lt\/wp-content\/uploads\/sites\/9\/2026\/01\/tty-no-product-image-127.webp\",\"contentUrl\":\"https:\/\/www.transtoyou.com\/lt\/wp-content\/uploads\/sites\/9\/2026\/01\/tty-no-product-image-127.webp\",\"width\":1000,\"height\":1000,\"caption\":\"Numatytas produkto vaizdas\"},{\"@type\":\"WebSite\",\"@id\":\"https:\/\/www.transtoyou.com\/lt\/#website\",\"url\":\"https:\/\/www.transtoyou.com\/lt\/\",\"name\":\"Transtoyou - LT\",\"description\":\"\",\"publisher\":{\"@id\":\"https:\/\/www.transtoyou.com\/lt\/#organization\"},\"potentialAction\":[{\"@type\":\"SearchAction\",\"target\":{\"@type\":\"EntryPoint\",\"urlTemplate\":\"https:\/\/www.transtoyou.com\/lt\/?s={search_term_string}\"},\"query-input\":{\"@type\":\"PropertyValueSpecification\",\"valueRequired\":true,\"valueName\":\"search_term_string\"}}],\"inLanguage\":\"lt-LT\"},{\"@type\":\"Organization\",\"@id\":\"https:\/\/www.transtoyou.com\/lt\/#organization\",\"name\":\"Transtoyou - LT\",\"url\":\"https:\/\/www.transtoyou.com\/lt\/\",\"logo\":{\"@type\":\"ImageObject\",\"inLanguage\":\"lt-LT\",\"@id\":\"https:\/\/www.transtoyou.com\/lt\/#\/schema\/logo\/image\/\",\"url\":\"https:\/\/www.transtoyou.com\/lt\/wp-content\/uploads\/sites\/9\/2026\/01\/logo-tty-menu-bar-300x87-1.webp\",\"contentUrl\":\"https:\/\/www.transtoyou.com\/lt\/wp-content\/uploads\/sites\/9\/2026\/01\/logo-tty-menu-bar-300x87-1.webp\",\"width\":300,\"height\":87,\"caption\":\"Transtoyou - LT\"},\"image\":{\"@id\":\"https:\/\/www.transtoyou.com\/lt\/#\/schema\/logo\/image\/\"}}]}<\/script>\n<!-- \/ Yoast SEO plugin. -->","yoast_head_json":{"title":"Qlaira - Transtoyou - LT","robots":{"index":"noindex","follow":"follow","max-snippet":"max-snippet:-1","max-image-preview":"max-image-preview:large","max-video-preview":"max-video-preview:-1"},"og_locale":"lt_LT","og_type":"article","og_title":"Qlaira - Transtoyou - LT","og_description":"Padeda reguliuoti menstruacin\u012f cikl\u0105  Valdo endometrioz\u0117s simptomus  Moderni ma\u017eos doz\u0117s hormon\u0173 terapija","og_url":"https:\/\/www.transtoyou.com\/lt\/product\/qlaira\/","og_site_name":"Transtoyou - LT","article_modified_time":"2026-03-03T09:46:20+00:00","og_image":[{"width":1000,"height":1000,"url":"https:\/\/www.transtoyou.com\/lt\/wp-content\/uploads\/sites\/9\/2026\/01\/tty-no-product-image-127.webp","type":"image\/webp"}],"twitter_card":"summary_large_image","twitter_misc":{"Est. reading time":"1 minut\u0117"},"schema":{"@context":"https:\/\/schema.org","@graph":[{"@type":"WebPage","@id":"https:\/\/www.transtoyou.com\/lt\/product\/qlaira\/","url":"https:\/\/www.transtoyou.com\/lt\/product\/qlaira\/","name":"Qlaira - Transtoyou - LT","isPartOf":{"@id":"https:\/\/www.transtoyou.com\/lt\/#website"},"primaryImageOfPage":{"@id":"https:\/\/www.transtoyou.com\/lt\/product\/qlaira\/#primaryimage"},"image":{"@id":"https:\/\/www.transtoyou.com\/lt\/product\/qlaira\/#primaryimage"},"thumbnailUrl":"https:\/\/www.transtoyou.com\/lt\/wp-content\/uploads\/sites\/9\/2026\/01\/tty-no-product-image-127.webp","datePublished":"2026-01-24T23:32:16+00:00","dateModified":"2026-03-03T09:46:20+00:00","breadcrumb":{"@id":"https:\/\/www.transtoyou.com\/lt\/product\/qlaira\/#breadcrumb"},"inLanguage":"lt-LT","potentialAction":[{"@type":"ReadAction","target":["https:\/\/www.transtoyou.com\/lt\/product\/qlaira\/"]}]},{"@type":"ImageObject","inLanguage":"lt-LT","@id":"https:\/\/www.transtoyou.com\/lt\/product\/qlaira\/#primaryimage","url":"https:\/\/www.transtoyou.com\/lt\/wp-content\/uploads\/sites\/9\/2026\/01\/tty-no-product-image-127.webp","contentUrl":"https:\/\/www.transtoyou.com\/lt\/wp-content\/uploads\/sites\/9\/2026\/01\/tty-no-product-image-127.webp","width":1000,"height":1000,"caption":"Numatytas produkto vaizdas"},{"@type":"WebSite","@id":"https:\/\/www.transtoyou.com\/lt\/#website","url":"https:\/\/www.transtoyou.com\/lt\/","name":"Transtoyou - LT","description":"","publisher":{"@id":"https:\/\/www.transtoyou.com\/lt\/#organization"},"potentialAction":[{"@type":"SearchAction","target":{"@type":"EntryPoint","urlTemplate":"https:\/\/www.transtoyou.com\/lt\/?s={search_term_string}"},"query-input":{"@type":"PropertyValueSpecification","valueRequired":true,"valueName":"search_term_string"}}],"inLanguage":"lt-LT"},{"@type":"Organization","@id":"https:\/\/www.transtoyou.com\/lt\/#organization","name":"Transtoyou - LT","url":"https:\/\/www.transtoyou.com\/lt\/","logo":{"@type":"ImageObject","inLanguage":"lt-LT","@id":"https:\/\/www.transtoyou.com\/lt\/#\/schema\/logo\/image\/","url":"https:\/\/www.transtoyou.com\/lt\/wp-content\/uploads\/sites\/9\/2026\/01\/logo-tty-menu-bar-300x87-1.webp","contentUrl":"https:\/\/www.transtoyou.com\/lt\/wp-content\/uploads\/sites\/9\/2026\/01\/logo-tty-menu-bar-300x87-1.webp","width":300,"height":87,"caption":"Transtoyou - LT"},"image":{"@id":"https:\/\/www.transtoyou.com\/lt\/#\/schema\/logo\/image\/"}}]}},"_links":{"self":[{"href":"https:\/\/www.transtoyou.com\/lt\/wp-json\/wp\/v2\/product\/1084","targetHints":{"allow":["GET"]}}],"collection":[{"href":"https:\/\/www.transtoyou.com\/lt\/wp-json\/wp\/v2\/product"}],"about":[{"href":"https:\/\/www.transtoyou.com\/lt\/wp-json\/wp\/v2\/types\/product"}],"replies":[{"embeddable":true,"href":"https:\/\/www.transtoyou.com\/lt\/wp-json\/wp\/v2\/comments?post=1084"}],"wp:featuredmedia":[{"embeddable":true,"href":"https:\/\/www.transtoyou.com\/lt\/wp-json\/wp\/v2\/media\/1086"}],"wp:attachment":[{"href":"https:\/\/www.transtoyou.com\/lt\/wp-json\/wp\/v2\/media?parent=1084"}],"wp:term":[{"taxonomy":"product_brand","embeddable":true,"href":"https:\/\/www.transtoyou.com\/lt\/wp-json\/wp\/v2\/product_brand?post=1084"},{"taxonomy":"product_cat","embeddable":true,"href":"https:\/\/www.transtoyou.com\/lt\/wp-json\/wp\/v2\/product_cat?post=1084"},{"taxonomy":"product_tag","embeddable":true,"href":"https:\/\/www.transtoyou.com\/lt\/wp-json\/wp\/v2\/product_tag?post=1084"},{"taxonomy":"expert","embeddable":true,"href":"https:\/\/www.transtoyou.com\/lt\/wp-json\/wp\/v2\/expert?post=1084"}],"curies":[{"name":"wp","href":"https:\/\/api.w.org\/{rel}","templated":true}]}}