{"id":1087,"date":"2026-01-25T01:48:02","date_gmt":"2026-01-24T23:48:02","guid":{"rendered":"https:\/\/www.transtoyou.com\/lt\/product\/postinor\/"},"modified":"2026-01-25T01:49:03","modified_gmt":"2026-01-24T23:49:03","slug":"postinoras","status":"publish","type":"product","link":"https:\/\/www.transtoyou.com\/lt\/product\/postinoras\/","title":{"rendered":"Postinor"},"content":{"rendered":"<p>Postinor yra skubios kontracepcijos tablet\u0117, skirta n\u0117\u0161tumo prevencijai po neapsaugoto lytinio akto arba kontracepcijos nes\u0117km\u0117s (pvz., praleistos tablet\u0117s arba prezervatyvo ply\u0161imo). Veiklioji med\u017eiaga yra levonorgestrelis, sintetin\u0117 progestogenin\u0117 hormonas, kuris imituoja nat\u016bral\u0173 progesteron\u0105.<\/p>\n<p>Pagrindinis veikimo mechanizmas yra ovuliacijos atid\u0117jimas arba slopinimas, kiau\u0161inio i\u0161siskyrimas i\u0161 kiau\u0161id\u017ei\u0173. Tai darydama, Postinor suma\u017eina apvaisinimo tikimyb\u0119. Jis taip pat gali sukelti poky\u010dius gimdos kaklelio gleiv\u0117se ir endometriumo gleivin\u0117je, tod\u0117l spermatozoidams sunkiau pasiekti kiau\u0161in\u012f arba apvaisintam kiau\u0161iniui implantuotis \u012f gimd\u0105. Ta\u010diau jis nesustabdo esamo n\u0117\u0161tumo ir neturi jokio poveikio, kai implantacija jau \u012fvyko.<\/p>\n<p>Postinor tur\u0117t\u0173 b\u016bti vartojamas kuo grei\u010diau po neapsaugoto lytinio akto, pageidautina per 12 valand\u0173, ir ne v\u0117liau kaip per 72 valandas (3 dienas). Kuo grei\u010diau jis bus vartojamas, tuo efektyvesnis jis bus. Jis n\u0117ra skirtas reguliariam kontracepcijos naudojimui ir netur\u0117t\u0173 pakeisti nuolatini\u0173 kontracepcijos metod\u0173. Taip pat jis neapsaugo nuo lyti\u0161kai plintan\u010di\u0173 infekcij\u0173 (LPI).<\/p>\n<p>Postinor privalumai apima lengv\u0105 prieinamum\u0105, paprast\u0105 vienkartin\u012f vartojim\u0105 ir paprastai lengvus \u0161alutinius poveikius. Kai kurie vartotojai gali patirti pykinim\u0105, menstruacinio ciklo poky\u010dius, kr\u016bt\u0173 jautrum\u0105, nuovarg\u012f arba pilvo diskomfort\u0105. Dauguma \u0161alutini\u0173 poveiki\u0173 i\u0161nyksta per kelias dienas.<\/p>\n","protected":false},"excerpt":{"rendered":"<ul>\n<li>Vartoti per 72 valandas<\/li>\n<li>Atid\u0117lioja ovuliacij\u0105<\/li>\n<li>Viena doz\u0117 skubios kontracepcijos<\/li>\n<\/ul>\n","protected":false},"featured_media":1088,"comment_status":"open","ping_status":"closed","template":"","meta":[],"product_brand":[],"product_cat":[110],"product_tag":[],"expert":[19],"class_list":{"0":"post-1087","1":"product","2":"type-product","3":"status-publish","4":"has-post-thumbnail","6":"product_cat-skubioji-kontracepcija","7":"expert-dr-j-vazquez","9":"first","10":"instock","11":"shipping-taxable","12":"product-type-simple"},"yoast_head":"<!-- This site is optimized with the Yoast SEO plugin v27.0 - https:\/\/yoast.com\/product\/yoast-seo-wordpress\/ -->\n<title>Postinor | Skubios kontracepcijos sprendimas - Transtoyou<\/title>\n<meta name=\"description\" content=\"Apsaugokite nuo n\u0117\u0161tumo po neapsaugoto sekso su Postinor, dabar prieinamu Transtoyou. Greitas veikimas per 72 valandas padidina efektyvum\u0105.\" \/>\n<meta name=\"robots\" content=\"noindex, follow, max-snippet:-1, max-image-preview:large, max-video-preview:-1\" \/>\n<meta property=\"og:locale\" content=\"lt_LT\" \/>\n<meta property=\"og:type\" content=\"article\" \/>\n<meta property=\"og:title\" content=\"Postinor | Skubios kontracepcijos sprendimas - Transtoyou\" \/>\n<meta property=\"og:description\" content=\"Apsaugokite nuo n\u0117\u0161tumo po neapsaugoto sekso su Postinor, dabar prieinamu Transtoyou. Greitas veikimas per 72 valandas padidina efektyvum\u0105.\" \/>\n<meta property=\"og:url\" content=\"https:\/\/www.transtoyou.com\/lt\/product\/postinor\/\" \/>\n<meta property=\"og:site_name\" content=\"Transtoyou - LT\" \/>\n<meta property=\"article:modified_time\" content=\"2026-01-24T23:49:03+00:00\" \/>\n<meta name=\"twitter:card\" content=\"summary_large_image\" \/>\n<meta name=\"twitter:label1\" content=\"Est. reading time\" \/>\n\t<meta name=\"twitter:data1\" content=\"1 minut\u0117\" \/>\n<script type=\"application\/ld+json\" class=\"yoast-schema-graph\">{\"@context\":\"https:\/\/schema.org\",\"@graph\":[{\"@type\":\"WebPage\",\"@id\":\"https:\/\/www.transtoyou.com\/lt\/product\/postinor\/\",\"url\":\"https:\/\/www.transtoyou.com\/lt\/product\/postinor\/\",\"name\":\"Postinor | Skubios kontracepcijos sprendimas - Transtoyou\",\"isPartOf\":{\"@id\":\"https:\/\/www.transtoyou.com\/lt\/#website\"},\"primaryImageOfPage\":{\"@id\":\"https:\/\/www.transtoyou.com\/lt\/product\/postinor\/#primaryimage\"},\"image\":{\"@id\":\"https:\/\/www.transtoyou.com\/lt\/product\/postinor\/#primaryimage\"},\"thumbnailUrl\":\"https:\/\/www.transtoyou.com\/lt\/wp-content\/uploads\/sites\/9\/2026\/01\/tty-no-product-image-128.webp\",\"datePublished\":\"2026-01-24T23:48:02+00:00\",\"dateModified\":\"2026-01-24T23:49:03+00:00\",\"description\":\"Apsaugokite nuo n\u0117\u0161tumo po neapsaugoto sekso su Postinor, dabar prieinamu Transtoyou. Greitas veikimas per 72 valandas padidina efektyvum\u0105.\",\"breadcrumb\":{\"@id\":\"https:\/\/www.transtoyou.com\/lt\/product\/postinor\/#breadcrumb\"},\"inLanguage\":\"lt-LT\",\"potentialAction\":[{\"@type\":\"ReadAction\",\"target\":[\"https:\/\/www.transtoyou.com\/lt\/product\/postinor\/\"]}]},{\"@type\":\"ImageObject\",\"inLanguage\":\"lt-LT\",\"@id\":\"https:\/\/www.transtoyou.com\/lt\/product\/postinor\/#primaryimage\",\"url\":\"https:\/\/www.transtoyou.com\/lt\/wp-content\/uploads\/sites\/9\/2026\/01\/tty-no-product-image-128.webp\",\"contentUrl\":\"https:\/\/www.transtoyou.com\/lt\/wp-content\/uploads\/sites\/9\/2026\/01\/tty-no-product-image-128.webp\",\"width\":1000,\"height\":1000,\"caption\":\"Numatytasis produkto vaizdas\"},{\"@type\":\"WebSite\",\"@id\":\"https:\/\/www.transtoyou.com\/lt\/#website\",\"url\":\"https:\/\/www.transtoyou.com\/lt\/\",\"name\":\"Transtoyou - LT\",\"description\":\"\",\"publisher\":{\"@id\":\"https:\/\/www.transtoyou.com\/lt\/#organization\"},\"potentialAction\":[{\"@type\":\"SearchAction\",\"target\":{\"@type\":\"EntryPoint\",\"urlTemplate\":\"https:\/\/www.transtoyou.com\/lt\/?s={search_term_string}\"},\"query-input\":{\"@type\":\"PropertyValueSpecification\",\"valueRequired\":true,\"valueName\":\"search_term_string\"}}],\"inLanguage\":\"lt-LT\"},{\"@type\":\"Organization\",\"@id\":\"https:\/\/www.transtoyou.com\/lt\/#organization\",\"name\":\"Transtoyou - LT\",\"url\":\"https:\/\/www.transtoyou.com\/lt\/\",\"logo\":{\"@type\":\"ImageObject\",\"inLanguage\":\"lt-LT\",\"@id\":\"https:\/\/www.transtoyou.com\/lt\/#\/schema\/logo\/image\/\",\"url\":\"https:\/\/www.transtoyou.com\/lt\/wp-content\/uploads\/sites\/9\/2026\/01\/logo-tty-menu-bar-300x87-1.webp\",\"contentUrl\":\"https:\/\/www.transtoyou.com\/lt\/wp-content\/uploads\/sites\/9\/2026\/01\/logo-tty-menu-bar-300x87-1.webp\",\"width\":300,\"height\":87,\"caption\":\"Transtoyou - LT\"},\"image\":{\"@id\":\"https:\/\/www.transtoyou.com\/lt\/#\/schema\/logo\/image\/\"}}]}<\/script>\n<!-- \/ Yoast SEO plugin. -->","yoast_head_json":{"title":"Postinor | Skubios kontracepcijos sprendimas - Transtoyou","description":"Apsaugokite nuo n\u0117\u0161tumo po neapsaugoto sekso su Postinor, dabar prieinamu Transtoyou. Greitas veikimas per 72 valandas padidina efektyvum\u0105.","robots":{"index":"noindex","follow":"follow","max-snippet":"max-snippet:-1","max-image-preview":"max-image-preview:large","max-video-preview":"max-video-preview:-1"},"og_locale":"lt_LT","og_type":"article","og_title":"Postinor | Skubios kontracepcijos sprendimas - Transtoyou","og_description":"Apsaugokite nuo n\u0117\u0161tumo po neapsaugoto sekso su Postinor, dabar prieinamu Transtoyou. Greitas veikimas per 72 valandas padidina efektyvum\u0105.","og_url":"https:\/\/www.transtoyou.com\/lt\/product\/postinor\/","og_site_name":"Transtoyou - LT","article_modified_time":"2026-01-24T23:49:03+00:00","twitter_card":"summary_large_image","twitter_misc":{"Est. reading time":"1 minut\u0117"},"schema":{"@context":"https:\/\/schema.org","@graph":[{"@type":"WebPage","@id":"https:\/\/www.transtoyou.com\/lt\/product\/postinor\/","url":"https:\/\/www.transtoyou.com\/lt\/product\/postinor\/","name":"Postinor | Skubios kontracepcijos sprendimas - Transtoyou","isPartOf":{"@id":"https:\/\/www.transtoyou.com\/lt\/#website"},"primaryImageOfPage":{"@id":"https:\/\/www.transtoyou.com\/lt\/product\/postinor\/#primaryimage"},"image":{"@id":"https:\/\/www.transtoyou.com\/lt\/product\/postinor\/#primaryimage"},"thumbnailUrl":"https:\/\/www.transtoyou.com\/lt\/wp-content\/uploads\/sites\/9\/2026\/01\/tty-no-product-image-128.webp","datePublished":"2026-01-24T23:48:02+00:00","dateModified":"2026-01-24T23:49:03+00:00","description":"Apsaugokite nuo n\u0117\u0161tumo po neapsaugoto sekso su Postinor, dabar prieinamu Transtoyou. Greitas veikimas per 72 valandas padidina efektyvum\u0105.","breadcrumb":{"@id":"https:\/\/www.transtoyou.com\/lt\/product\/postinor\/#breadcrumb"},"inLanguage":"lt-LT","potentialAction":[{"@type":"ReadAction","target":["https:\/\/www.transtoyou.com\/lt\/product\/postinor\/"]}]},{"@type":"ImageObject","inLanguage":"lt-LT","@id":"https:\/\/www.transtoyou.com\/lt\/product\/postinor\/#primaryimage","url":"https:\/\/www.transtoyou.com\/lt\/wp-content\/uploads\/sites\/9\/2026\/01\/tty-no-product-image-128.webp","contentUrl":"https:\/\/www.transtoyou.com\/lt\/wp-content\/uploads\/sites\/9\/2026\/01\/tty-no-product-image-128.webp","width":1000,"height":1000,"caption":"Numatytasis produkto vaizdas"},{"@type":"WebSite","@id":"https:\/\/www.transtoyou.com\/lt\/#website","url":"https:\/\/www.transtoyou.com\/lt\/","name":"Transtoyou - LT","description":"","publisher":{"@id":"https:\/\/www.transtoyou.com\/lt\/#organization"},"potentialAction":[{"@type":"SearchAction","target":{"@type":"EntryPoint","urlTemplate":"https:\/\/www.transtoyou.com\/lt\/?s={search_term_string}"},"query-input":{"@type":"PropertyValueSpecification","valueRequired":true,"valueName":"search_term_string"}}],"inLanguage":"lt-LT"},{"@type":"Organization","@id":"https:\/\/www.transtoyou.com\/lt\/#organization","name":"Transtoyou - LT","url":"https:\/\/www.transtoyou.com\/lt\/","logo":{"@type":"ImageObject","inLanguage":"lt-LT","@id":"https:\/\/www.transtoyou.com\/lt\/#\/schema\/logo\/image\/","url":"https:\/\/www.transtoyou.com\/lt\/wp-content\/uploads\/sites\/9\/2026\/01\/logo-tty-menu-bar-300x87-1.webp","contentUrl":"https:\/\/www.transtoyou.com\/lt\/wp-content\/uploads\/sites\/9\/2026\/01\/logo-tty-menu-bar-300x87-1.webp","width":300,"height":87,"caption":"Transtoyou - LT"},"image":{"@id":"https:\/\/www.transtoyou.com\/lt\/#\/schema\/logo\/image\/"}}]}},"_links":{"self":[{"href":"https:\/\/www.transtoyou.com\/lt\/wp-json\/wp\/v2\/product\/1087","targetHints":{"allow":["GET"]}}],"collection":[{"href":"https:\/\/www.transtoyou.com\/lt\/wp-json\/wp\/v2\/product"}],"about":[{"href":"https:\/\/www.transtoyou.com\/lt\/wp-json\/wp\/v2\/types\/product"}],"replies":[{"embeddable":true,"href":"https:\/\/www.transtoyou.com\/lt\/wp-json\/wp\/v2\/comments?post=1087"}],"wp:featuredmedia":[{"embeddable":true,"href":"https:\/\/www.transtoyou.com\/lt\/wp-json\/wp\/v2\/media\/1088"}],"wp:attachment":[{"href":"https:\/\/www.transtoyou.com\/lt\/wp-json\/wp\/v2\/media?parent=1087"}],"wp:term":[{"taxonomy":"product_brand","embeddable":true,"href":"https:\/\/www.transtoyou.com\/lt\/wp-json\/wp\/v2\/product_brand?post=1087"},{"taxonomy":"product_cat","embeddable":true,"href":"https:\/\/www.transtoyou.com\/lt\/wp-json\/wp\/v2\/product_cat?post=1087"},{"taxonomy":"product_tag","embeddable":true,"href":"https:\/\/www.transtoyou.com\/lt\/wp-json\/wp\/v2\/product_tag?post=1087"},{"taxonomy":"expert","embeddable":true,"href":"https:\/\/www.transtoyou.com\/lt\/wp-json\/wp\/v2\/expert?post=1087"}],"curies":[{"name":"wp","href":"https:\/\/api.w.org\/{rel}","templated":true}]}}