{"id":1089,"date":"2026-01-25T02:04:25","date_gmt":"2026-01-25T00:04:25","guid":{"rendered":"https:\/\/www.transtoyou.com\/lt\/product\/protopic\/"},"modified":"2026-03-02T13:39:18","modified_gmt":"2026-03-02T11:39:18","slug":"protopic","status":"publish","type":"product","link":"https:\/\/www.transtoyou.com\/lt\/product\/protopic\/","title":{"rendered":"Protopic"},"content":{"rendered":"<p>Protopic yra vietinis gydymas, kuris gali b\u016bti paskirtas pad\u0117ti valdyti vidutin\u012f iki sunkaus egzemos atvej\u012f, ypa\u010d tais atvejais, kai kiti gydymo b\u016bdai, tokie kaip kortikosteroid\u0173 kremai, nebuvo veiksmingi arba n\u0117ra tinkami. Jame yra aktyvus ingredientas takrolimus, kuris priklauso vaist\u0173 grupei, \u017einomai kaip kalcineurino inhibitoriai. Skirtingai nuo steroid\u0173, Protopic nesuma\u017eina odos storio, tod\u0117l jis yra tinkamesnis ilgalaikiam naudojimui medicininio steb\u0117jimo metu jautriose vietose, tokiose kaip veidas, kaklas ir odos rauk\u0161l\u0117s.<\/p>\n<p>Egzema, dar \u017einoma kaip atopin\u0117 dermatitas, yra l\u0117tin\u0117 u\u017edegimin\u0117 odos b\u016bkl\u0117, sukelianti saus\u0105, nie\u017etin\u010di\u0105, raudon\u0105 ir dirginam\u0105 od\u0105. \u017dmoni\u0173, sergan\u010di\u0173 egzema, imunin\u0117 sistema linkusi per daug reaguoti \u012f dirgiklius, d\u0117l to atsiranda nuolatiniai pa\u016bm\u0117jimai. Protopic veikia moduliuodamas odos imunin\u012f atsak\u0105, ma\u017eindamas u\u017edegim\u0105 ir palengvindamas tokius simptomus kaip nie\u017e\u0117jimas ir paraudimas.<\/p>\n<p>Tepalas tepamas tiesiai ant pa\u017eeist\u0173 odos viet\u0173, paprastai kart\u0105 arba du kartus per dien\u0105, priklausomai nuo b\u016bkl\u0117s sunkumo ir gydymo plano, kur\u012f rekomenduoja sveikatos prie\u017ei\u016bros specialistas. Gydymas da\u017enai pradedamas kasdieniu tepimu ir gali b\u016bti suma\u017eintas, kai simptomai ger\u0117ja. Kadangi jis n\u0117ra steroidinis, Protopic da\u017enai naudojamas ilgalaikiam valdymui, ypa\u010d tose vietose, kur oda yra plonesn\u0117 ir jautresn\u0117.<\/p>\n<p>Kelios vartotojai pradeda pasteb\u0117ti simptom\u0173 pager\u0117jim\u0105 per pirm\u0105j\u0105 naudojimo savait\u0119. Protopic paprastai gerai toleruojamas, nors kai kurie vartotojai gali jausti \u0161ilt\u0105, deginant\u012f ar dilg\u010diojant\u012f poj\u016bt\u012f tepimo vietoje pirmosiomis gydymo dienomis. Tai paprastai i\u0161nyksta, kai oda prisitaiko. Kiti galimi \u0161alutiniai poveikiai apima paraudim\u0105, nie\u017e\u0117jim\u0105 ar lengvas odos infekcijas.<\/p>\n","protected":false},"excerpt":{"rendered":"<ul>\n<li>Be steroid\u0173 egzemos gydymas<\/li>\n<li>Efektyviai kontroliuoja pa\u016bm\u0117jimus<\/li>\n<li>Saugu ilgalaikiam naudojimui<\/li>\n<\/ul>\n","protected":false},"featured_media":1091,"comment_status":"open","ping_status":"closed","template":"","meta":[],"product_brand":[],"product_cat":[109],"product_tag":[],"expert":[19],"class_list":{"0":"post-1089","1":"product","2":"type-product","3":"status-publish","4":"has-post-thumbnail","6":"product_cat-egzema","7":"expert-dr-j-vazquez","9":"first","10":"instock","11":"shipping-taxable","12":"product-type-variable"},"yoast_head":"<!-- This site is optimized with the Yoast SEO plugin v27.0 - https:\/\/yoast.com\/product\/yoast-seo-wordpress\/ -->\n<title>Protopic | Egzemos palengvinimas jautriai odai - Transtoyou<\/title>\n<meta name=\"description\" content=\"Protopic \u2013 steroid\u0173 neturinti egzemos gydymo priemon\u0117, mal\u0161inanti u\u017edegim\u0105 ir nie\u017eul\u012f. Su\u017einokite apie Protopic privalumus Transtoyou.\" \/>\n<meta name=\"robots\" content=\"noindex, follow, max-snippet:-1, max-image-preview:large, max-video-preview:-1\" \/>\n<meta property=\"og:locale\" content=\"lt_LT\" \/>\n<meta property=\"og:type\" content=\"article\" \/>\n<meta property=\"og:title\" content=\"Protopic | Egzemos palengvinimas jautriai odai - Transtoyou\" \/>\n<meta property=\"og:description\" content=\"Protopic \u2013 steroid\u0173 neturinti egzemos gydymo priemon\u0117, mal\u0161inanti u\u017edegim\u0105 ir nie\u017eul\u012f. Su\u017einokite apie Protopic privalumus Transtoyou.\" \/>\n<meta property=\"og:url\" content=\"https:\/\/www.transtoyou.com\/lt\/product\/protopic\/\" \/>\n<meta property=\"og:site_name\" content=\"Transtoyou - LT\" \/>\n<meta property=\"article:modified_time\" content=\"2026-03-02T11:39:18+00:00\" \/>\n<meta name=\"twitter:card\" content=\"summary_large_image\" \/>\n<meta name=\"twitter:label1\" content=\"Est. reading time\" \/>\n\t<meta name=\"twitter:data1\" content=\"1 minut\u0117\" \/>\n<script type=\"application\/ld+json\" class=\"yoast-schema-graph\">{\"@context\":\"https:\/\/schema.org\",\"@graph\":[{\"@type\":\"WebPage\",\"@id\":\"https:\/\/www.transtoyou.com\/lt\/product\/protopic\/\",\"url\":\"https:\/\/www.transtoyou.com\/lt\/product\/protopic\/\",\"name\":\"Protopic | Egzemos palengvinimas jautriai odai - Transtoyou\",\"isPartOf\":{\"@id\":\"https:\/\/www.transtoyou.com\/lt\/#website\"},\"primaryImageOfPage\":{\"@id\":\"https:\/\/www.transtoyou.com\/lt\/product\/protopic\/#primaryimage\"},\"image\":{\"@id\":\"https:\/\/www.transtoyou.com\/lt\/product\/protopic\/#primaryimage\"},\"thumbnailUrl\":\"https:\/\/www.transtoyou.com\/lt\/wp-content\/uploads\/sites\/9\/2026\/01\/tty-no-product-image-129.webp\",\"datePublished\":\"2026-01-25T00:04:25+00:00\",\"dateModified\":\"2026-03-02T11:39:18+00:00\",\"description\":\"Protopic \u2013 steroid\u0173 neturinti egzemos gydymo priemon\u0117, mal\u0161inanti u\u017edegim\u0105 ir nie\u017eul\u012f. Su\u017einokite apie Protopic privalumus Transtoyou.\",\"breadcrumb\":{\"@id\":\"https:\/\/www.transtoyou.com\/lt\/product\/protopic\/#breadcrumb\"},\"inLanguage\":\"lt-LT\",\"potentialAction\":[{\"@type\":\"ReadAction\",\"target\":[\"https:\/\/www.transtoyou.com\/lt\/product\/protopic\/\"]}]},{\"@type\":\"ImageObject\",\"inLanguage\":\"lt-LT\",\"@id\":\"https:\/\/www.transtoyou.com\/lt\/product\/protopic\/#primaryimage\",\"url\":\"https:\/\/www.transtoyou.com\/lt\/wp-content\/uploads\/sites\/9\/2026\/01\/tty-no-product-image-129.webp\",\"contentUrl\":\"https:\/\/www.transtoyou.com\/lt\/wp-content\/uploads\/sites\/9\/2026\/01\/tty-no-product-image-129.webp\",\"width\":1000,\"height\":1000,\"caption\":\"Numatytasis produkto vaizdas\"},{\"@type\":\"WebSite\",\"@id\":\"https:\/\/www.transtoyou.com\/lt\/#website\",\"url\":\"https:\/\/www.transtoyou.com\/lt\/\",\"name\":\"Transtoyou - LT\",\"description\":\"\",\"publisher\":{\"@id\":\"https:\/\/www.transtoyou.com\/lt\/#organization\"},\"potentialAction\":[{\"@type\":\"SearchAction\",\"target\":{\"@type\":\"EntryPoint\",\"urlTemplate\":\"https:\/\/www.transtoyou.com\/lt\/?s={search_term_string}\"},\"query-input\":{\"@type\":\"PropertyValueSpecification\",\"valueRequired\":true,\"valueName\":\"search_term_string\"}}],\"inLanguage\":\"lt-LT\"},{\"@type\":\"Organization\",\"@id\":\"https:\/\/www.transtoyou.com\/lt\/#organization\",\"name\":\"Transtoyou - LT\",\"url\":\"https:\/\/www.transtoyou.com\/lt\/\",\"logo\":{\"@type\":\"ImageObject\",\"inLanguage\":\"lt-LT\",\"@id\":\"https:\/\/www.transtoyou.com\/lt\/#\/schema\/logo\/image\/\",\"url\":\"https:\/\/www.transtoyou.com\/lt\/wp-content\/uploads\/sites\/9\/2026\/01\/logo-tty-menu-bar-300x87-1.webp\",\"contentUrl\":\"https:\/\/www.transtoyou.com\/lt\/wp-content\/uploads\/sites\/9\/2026\/01\/logo-tty-menu-bar-300x87-1.webp\",\"width\":300,\"height\":87,\"caption\":\"Transtoyou - LT\"},\"image\":{\"@id\":\"https:\/\/www.transtoyou.com\/lt\/#\/schema\/logo\/image\/\"}}]}<\/script>\n<!-- \/ Yoast SEO plugin. -->","yoast_head_json":{"title":"Protopic | Egzemos palengvinimas jautriai odai - Transtoyou","description":"Protopic \u2013 steroid\u0173 neturinti egzemos gydymo priemon\u0117, mal\u0161inanti u\u017edegim\u0105 ir nie\u017eul\u012f. Su\u017einokite apie Protopic privalumus Transtoyou.","robots":{"index":"noindex","follow":"follow","max-snippet":"max-snippet:-1","max-image-preview":"max-image-preview:large","max-video-preview":"max-video-preview:-1"},"og_locale":"lt_LT","og_type":"article","og_title":"Protopic | Egzemos palengvinimas jautriai odai - Transtoyou","og_description":"Protopic \u2013 steroid\u0173 neturinti egzemos gydymo priemon\u0117, mal\u0161inanti u\u017edegim\u0105 ir nie\u017eul\u012f. Su\u017einokite apie Protopic privalumus Transtoyou.","og_url":"https:\/\/www.transtoyou.com\/lt\/product\/protopic\/","og_site_name":"Transtoyou - LT","article_modified_time":"2026-03-02T11:39:18+00:00","twitter_card":"summary_large_image","twitter_misc":{"Est. reading time":"1 minut\u0117"},"schema":{"@context":"https:\/\/schema.org","@graph":[{"@type":"WebPage","@id":"https:\/\/www.transtoyou.com\/lt\/product\/protopic\/","url":"https:\/\/www.transtoyou.com\/lt\/product\/protopic\/","name":"Protopic | Egzemos palengvinimas jautriai odai - Transtoyou","isPartOf":{"@id":"https:\/\/www.transtoyou.com\/lt\/#website"},"primaryImageOfPage":{"@id":"https:\/\/www.transtoyou.com\/lt\/product\/protopic\/#primaryimage"},"image":{"@id":"https:\/\/www.transtoyou.com\/lt\/product\/protopic\/#primaryimage"},"thumbnailUrl":"https:\/\/www.transtoyou.com\/lt\/wp-content\/uploads\/sites\/9\/2026\/01\/tty-no-product-image-129.webp","datePublished":"2026-01-25T00:04:25+00:00","dateModified":"2026-03-02T11:39:18+00:00","description":"Protopic \u2013 steroid\u0173 neturinti egzemos gydymo priemon\u0117, mal\u0161inanti u\u017edegim\u0105 ir nie\u017eul\u012f. Su\u017einokite apie Protopic privalumus Transtoyou.","breadcrumb":{"@id":"https:\/\/www.transtoyou.com\/lt\/product\/protopic\/#breadcrumb"},"inLanguage":"lt-LT","potentialAction":[{"@type":"ReadAction","target":["https:\/\/www.transtoyou.com\/lt\/product\/protopic\/"]}]},{"@type":"ImageObject","inLanguage":"lt-LT","@id":"https:\/\/www.transtoyou.com\/lt\/product\/protopic\/#primaryimage","url":"https:\/\/www.transtoyou.com\/lt\/wp-content\/uploads\/sites\/9\/2026\/01\/tty-no-product-image-129.webp","contentUrl":"https:\/\/www.transtoyou.com\/lt\/wp-content\/uploads\/sites\/9\/2026\/01\/tty-no-product-image-129.webp","width":1000,"height":1000,"caption":"Numatytasis produkto vaizdas"},{"@type":"WebSite","@id":"https:\/\/www.transtoyou.com\/lt\/#website","url":"https:\/\/www.transtoyou.com\/lt\/","name":"Transtoyou - LT","description":"","publisher":{"@id":"https:\/\/www.transtoyou.com\/lt\/#organization"},"potentialAction":[{"@type":"SearchAction","target":{"@type":"EntryPoint","urlTemplate":"https:\/\/www.transtoyou.com\/lt\/?s={search_term_string}"},"query-input":{"@type":"PropertyValueSpecification","valueRequired":true,"valueName":"search_term_string"}}],"inLanguage":"lt-LT"},{"@type":"Organization","@id":"https:\/\/www.transtoyou.com\/lt\/#organization","name":"Transtoyou - LT","url":"https:\/\/www.transtoyou.com\/lt\/","logo":{"@type":"ImageObject","inLanguage":"lt-LT","@id":"https:\/\/www.transtoyou.com\/lt\/#\/schema\/logo\/image\/","url":"https:\/\/www.transtoyou.com\/lt\/wp-content\/uploads\/sites\/9\/2026\/01\/logo-tty-menu-bar-300x87-1.webp","contentUrl":"https:\/\/www.transtoyou.com\/lt\/wp-content\/uploads\/sites\/9\/2026\/01\/logo-tty-menu-bar-300x87-1.webp","width":300,"height":87,"caption":"Transtoyou - LT"},"image":{"@id":"https:\/\/www.transtoyou.com\/lt\/#\/schema\/logo\/image\/"}}]}},"_links":{"self":[{"href":"https:\/\/www.transtoyou.com\/lt\/wp-json\/wp\/v2\/product\/1089","targetHints":{"allow":["GET"]}}],"collection":[{"href":"https:\/\/www.transtoyou.com\/lt\/wp-json\/wp\/v2\/product"}],"about":[{"href":"https:\/\/www.transtoyou.com\/lt\/wp-json\/wp\/v2\/types\/product"}],"replies":[{"embeddable":true,"href":"https:\/\/www.transtoyou.com\/lt\/wp-json\/wp\/v2\/comments?post=1089"}],"wp:featuredmedia":[{"embeddable":true,"href":"https:\/\/www.transtoyou.com\/lt\/wp-json\/wp\/v2\/media\/1091"}],"wp:attachment":[{"href":"https:\/\/www.transtoyou.com\/lt\/wp-json\/wp\/v2\/media?parent=1089"}],"wp:term":[{"taxonomy":"product_brand","embeddable":true,"href":"https:\/\/www.transtoyou.com\/lt\/wp-json\/wp\/v2\/product_brand?post=1089"},{"taxonomy":"product_cat","embeddable":true,"href":"https:\/\/www.transtoyou.com\/lt\/wp-json\/wp\/v2\/product_cat?post=1089"},{"taxonomy":"product_tag","embeddable":true,"href":"https:\/\/www.transtoyou.com\/lt\/wp-json\/wp\/v2\/product_tag?post=1089"},{"taxonomy":"expert","embeddable":true,"href":"https:\/\/www.transtoyou.com\/lt\/wp-json\/wp\/v2\/expert?post=1089"}],"curies":[{"name":"wp","href":"https:\/\/api.w.org\/{rel}","templated":true}]}}