{"id":1103,"date":"2026-01-25T03:30:41","date_gmt":"2026-01-25T01:30:41","guid":{"rendered":"https:\/\/www.transtoyou.com\/lt\/product\/nuvaring\/"},"modified":"2026-02-28T13:43:30","modified_gmt":"2026-02-28T11:43:30","slug":"nuvaringas","status":"publish","type":"product","link":"https:\/\/www.transtoyou.com\/lt\/product\/nuvaringas\/","title":{"rendered":"NuvaRing"},"content":{"rendered":"<p>NuvaRing yra lankstus, skaidrus kontraceptinis \u017eiedas, sukurtas patikimai apsaugai nuo n\u0117\u0161tumo naudojant ma\u017eos doz\u0117s hormonin\u0119 sistem\u0105. NuvaRing yra \u017eiedas, kuris \u012fdedamas \u012f mak\u0161t\u012f kart\u0105 per m\u0117nes\u012f, u\u017etikrinantis nuolatin\u012f hormon\u0173 tiekim\u0105.<\/p>\n<p>\u017diede yra du hormonai, etonogestrelis ir etinilestradiolis, kurie palaipsniui i\u0161siskiria \u012f krauj\u0105 per mak\u0161ties sienel\u0119. \u0160ie hormonai veikia kartu, kad u\u017ekirst\u0173 keli\u0105 ovuliacijai, sutir\u0161tint\u0173 gimdos kaklelio gleives, kad blokuot\u0173 sperm\u0105, ir pakeist\u0173 gimdos gleivin\u0119, kad suma\u017eint\u0173 implantacijos tikimyb\u0119. \u0160i trij\u0173 veiksm\u0173 apsauga daro NuvaRing veiksmingu kontracepcijos metodu, kai jis naudojamas teisingai.<\/p>\n<p>Kiekvienas \u017eiedas nepertraukiamai ne\u0161iojamas 21 dien\u0105, po to seka 7 dien\u0173 \u017eiedo nebuvimo pertrauka, kurios metu paprastai \u012fvyksta at\u0161aukimo kraujavimas. Po \u0161ios pertraukos \u012fdedamas naujas \u017eiedas, net jei kraujavimas dar n\u0117ra visi\u0161kai sustoj\u0119s. Procesas sukurtas taip, kad imituot\u0173 nat\u016bral\u0173 menstruacin\u012f cikl\u0105, i\u0161laikant kontraceptin\u012f efektyvum\u0105 vis\u0105 m\u0117nes\u012f.<\/p>\n<p>NuvaRing yra populiarus tarp t\u0173, kurie nenori vartoti kasdien\u0117s tablet\u0117s arba nori ne nuolatin\u0117s, bet labai veiksmingos kontracepcijos galimyb\u0117s. Jis nereikalauja kasdien\u0117s prie\u017ei\u016bros, nes yra savaranki\u0161kai \u012fdedamas ir i\u0161imamas.<\/p>\n<p>Dauguma vartotoj\u0173 gerai toleruoja NuvaRing. Da\u017eni \u0161alutiniai poveikiai gali b\u016bti galvos skausmai, nuotaik\u0173 poky\u010diai, kr\u016bt\u0173 jautrumas arba lengvas mak\u0161ties dirginimas. Kaip ir kiti kombinuoti hormoniniai kontraceptikai, NuvaRing netinka r\u016bkantiems, vyresniems nei 35 met\u0173, arba asmenims, turintiems tam tikr\u0173 \u0161irdies ir kraujagysli\u0173 lig\u0173 istorij\u0105.<\/p>\n","protected":false},"excerpt":{"rendered":"<ul>\n<li>Patogus m\u0117nesinis kontracepcijos pasirinkimas<\/li>\n<li>Labai efektyvi n\u0117\u0161tumo prevencija<\/li>\n<li>Reguliuoja ir palengvina menstruacinius ciklus<\/li>\n<\/ul>\n","protected":false},"featured_media":1105,"comment_status":"open","ping_status":"closed","template":"","meta":[],"product_brand":[],"product_cat":[97],"product_tag":[],"expert":[18],"class_list":{"0":"post-1103","1":"product","2":"type-product","3":"status-publish","4":"has-post-thumbnail","6":"product_cat-kontraceptine-ziedas","7":"expert-dr-g-varbanov","9":"first","10":"instock","11":"shipping-taxable","12":"product-type-variable"},"yoast_head":"<!-- This site is optimized with the Yoast SEO plugin v27.0 - https:\/\/yoast.com\/product\/yoast-seo-wordpress\/ -->\n<title>NuvaRing | Patikima hormonin\u0117 kontracepcija - Transtoyou<\/title>\n<meta name=\"description\" content=\"NuvaRing, prieinamas Transtoyou, si\u016blo patikim\u0105 kontracepcij\u0105 su triguba apsauga. Apsipirk dabar efektyviai hormoninei kontracepcijai.\" \/>\n<meta name=\"robots\" content=\"noindex, follow, max-snippet:-1, max-image-preview:large, max-video-preview:-1\" \/>\n<meta property=\"og:locale\" content=\"lt_LT\" \/>\n<meta property=\"og:type\" content=\"article\" \/>\n<meta property=\"og:title\" content=\"NuvaRing | Patikima hormonin\u0117 kontracepcija - Transtoyou\" \/>\n<meta property=\"og:description\" content=\"NuvaRing, prieinamas Transtoyou, si\u016blo patikim\u0105 kontracepcij\u0105 su triguba apsauga. Apsipirk dabar efektyviai hormoninei kontracepcijai.\" \/>\n<meta property=\"og:url\" content=\"https:\/\/www.transtoyou.com\/lt\/product\/nuvaring\/\" \/>\n<meta property=\"og:site_name\" content=\"Transtoyou - LT\" \/>\n<meta property=\"article:modified_time\" content=\"2026-02-28T11:43:30+00:00\" \/>\n<meta name=\"twitter:card\" content=\"summary_large_image\" \/>\n<meta name=\"twitter:label1\" content=\"Est. reading time\" \/>\n\t<meta name=\"twitter:data1\" content=\"1 minut\u0117\" \/>\n<script type=\"application\/ld+json\" class=\"yoast-schema-graph\">{\"@context\":\"https:\/\/schema.org\",\"@graph\":[{\"@type\":\"WebPage\",\"@id\":\"https:\/\/www.transtoyou.com\/lt\/product\/nuvaring\/\",\"url\":\"https:\/\/www.transtoyou.com\/lt\/product\/nuvaring\/\",\"name\":\"NuvaRing | Patikima hormonin\u0117 kontracepcija - Transtoyou\",\"isPartOf\":{\"@id\":\"https:\/\/www.transtoyou.com\/lt\/#website\"},\"primaryImageOfPage\":{\"@id\":\"https:\/\/www.transtoyou.com\/lt\/product\/nuvaring\/#primaryimage\"},\"image\":{\"@id\":\"https:\/\/www.transtoyou.com\/lt\/product\/nuvaring\/#primaryimage\"},\"thumbnailUrl\":\"https:\/\/www.transtoyou.com\/lt\/wp-content\/uploads\/sites\/9\/2026\/01\/tty-no-product-image-134.webp\",\"datePublished\":\"2026-01-25T01:30:41+00:00\",\"dateModified\":\"2026-02-28T11:43:30+00:00\",\"description\":\"NuvaRing, prieinamas Transtoyou, si\u016blo patikim\u0105 kontracepcij\u0105 su triguba apsauga. Apsipirk dabar efektyviai hormoninei kontracepcijai.\",\"breadcrumb\":{\"@id\":\"https:\/\/www.transtoyou.com\/lt\/product\/nuvaring\/#breadcrumb\"},\"inLanguage\":\"lt-LT\",\"potentialAction\":[{\"@type\":\"ReadAction\",\"target\":[\"https:\/\/www.transtoyou.com\/lt\/product\/nuvaring\/\"]}]},{\"@type\":\"ImageObject\",\"inLanguage\":\"lt-LT\",\"@id\":\"https:\/\/www.transtoyou.com\/lt\/product\/nuvaring\/#primaryimage\",\"url\":\"https:\/\/www.transtoyou.com\/lt\/wp-content\/uploads\/sites\/9\/2026\/01\/tty-no-product-image-134.webp\",\"contentUrl\":\"https:\/\/www.transtoyou.com\/lt\/wp-content\/uploads\/sites\/9\/2026\/01\/tty-no-product-image-134.webp\",\"width\":1000,\"height\":1000,\"caption\":\"Numatytas produkto vaizdas\"},{\"@type\":\"WebSite\",\"@id\":\"https:\/\/www.transtoyou.com\/lt\/#website\",\"url\":\"https:\/\/www.transtoyou.com\/lt\/\",\"name\":\"Transtoyou - LT\",\"description\":\"\",\"publisher\":{\"@id\":\"https:\/\/www.transtoyou.com\/lt\/#organization\"},\"potentialAction\":[{\"@type\":\"SearchAction\",\"target\":{\"@type\":\"EntryPoint\",\"urlTemplate\":\"https:\/\/www.transtoyou.com\/lt\/?s={search_term_string}\"},\"query-input\":{\"@type\":\"PropertyValueSpecification\",\"valueRequired\":true,\"valueName\":\"search_term_string\"}}],\"inLanguage\":\"lt-LT\"},{\"@type\":\"Organization\",\"@id\":\"https:\/\/www.transtoyou.com\/lt\/#organization\",\"name\":\"Transtoyou - LT\",\"url\":\"https:\/\/www.transtoyou.com\/lt\/\",\"logo\":{\"@type\":\"ImageObject\",\"inLanguage\":\"lt-LT\",\"@id\":\"https:\/\/www.transtoyou.com\/lt\/#\/schema\/logo\/image\/\",\"url\":\"https:\/\/www.transtoyou.com\/lt\/wp-content\/uploads\/sites\/9\/2026\/01\/logo-tty-menu-bar-300x87-1.webp\",\"contentUrl\":\"https:\/\/www.transtoyou.com\/lt\/wp-content\/uploads\/sites\/9\/2026\/01\/logo-tty-menu-bar-300x87-1.webp\",\"width\":300,\"height\":87,\"caption\":\"Transtoyou - LT\"},\"image\":{\"@id\":\"https:\/\/www.transtoyou.com\/lt\/#\/schema\/logo\/image\/\"}}]}<\/script>\n<!-- \/ Yoast SEO plugin. -->","yoast_head_json":{"title":"NuvaRing | Patikima hormonin\u0117 kontracepcija - Transtoyou","description":"NuvaRing, prieinamas Transtoyou, si\u016blo patikim\u0105 kontracepcij\u0105 su triguba apsauga. Apsipirk dabar efektyviai hormoninei kontracepcijai.","robots":{"index":"noindex","follow":"follow","max-snippet":"max-snippet:-1","max-image-preview":"max-image-preview:large","max-video-preview":"max-video-preview:-1"},"og_locale":"lt_LT","og_type":"article","og_title":"NuvaRing | Patikima hormonin\u0117 kontracepcija - Transtoyou","og_description":"NuvaRing, prieinamas Transtoyou, si\u016blo patikim\u0105 kontracepcij\u0105 su triguba apsauga. Apsipirk dabar efektyviai hormoninei kontracepcijai.","og_url":"https:\/\/www.transtoyou.com\/lt\/product\/nuvaring\/","og_site_name":"Transtoyou - LT","article_modified_time":"2026-02-28T11:43:30+00:00","twitter_card":"summary_large_image","twitter_misc":{"Est. reading time":"1 minut\u0117"},"schema":{"@context":"https:\/\/schema.org","@graph":[{"@type":"WebPage","@id":"https:\/\/www.transtoyou.com\/lt\/product\/nuvaring\/","url":"https:\/\/www.transtoyou.com\/lt\/product\/nuvaring\/","name":"NuvaRing | Patikima hormonin\u0117 kontracepcija - Transtoyou","isPartOf":{"@id":"https:\/\/www.transtoyou.com\/lt\/#website"},"primaryImageOfPage":{"@id":"https:\/\/www.transtoyou.com\/lt\/product\/nuvaring\/#primaryimage"},"image":{"@id":"https:\/\/www.transtoyou.com\/lt\/product\/nuvaring\/#primaryimage"},"thumbnailUrl":"https:\/\/www.transtoyou.com\/lt\/wp-content\/uploads\/sites\/9\/2026\/01\/tty-no-product-image-134.webp","datePublished":"2026-01-25T01:30:41+00:00","dateModified":"2026-02-28T11:43:30+00:00","description":"NuvaRing, prieinamas Transtoyou, si\u016blo patikim\u0105 kontracepcij\u0105 su triguba apsauga. Apsipirk dabar efektyviai hormoninei kontracepcijai.","breadcrumb":{"@id":"https:\/\/www.transtoyou.com\/lt\/product\/nuvaring\/#breadcrumb"},"inLanguage":"lt-LT","potentialAction":[{"@type":"ReadAction","target":["https:\/\/www.transtoyou.com\/lt\/product\/nuvaring\/"]}]},{"@type":"ImageObject","inLanguage":"lt-LT","@id":"https:\/\/www.transtoyou.com\/lt\/product\/nuvaring\/#primaryimage","url":"https:\/\/www.transtoyou.com\/lt\/wp-content\/uploads\/sites\/9\/2026\/01\/tty-no-product-image-134.webp","contentUrl":"https:\/\/www.transtoyou.com\/lt\/wp-content\/uploads\/sites\/9\/2026\/01\/tty-no-product-image-134.webp","width":1000,"height":1000,"caption":"Numatytas produkto vaizdas"},{"@type":"WebSite","@id":"https:\/\/www.transtoyou.com\/lt\/#website","url":"https:\/\/www.transtoyou.com\/lt\/","name":"Transtoyou - LT","description":"","publisher":{"@id":"https:\/\/www.transtoyou.com\/lt\/#organization"},"potentialAction":[{"@type":"SearchAction","target":{"@type":"EntryPoint","urlTemplate":"https:\/\/www.transtoyou.com\/lt\/?s={search_term_string}"},"query-input":{"@type":"PropertyValueSpecification","valueRequired":true,"valueName":"search_term_string"}}],"inLanguage":"lt-LT"},{"@type":"Organization","@id":"https:\/\/www.transtoyou.com\/lt\/#organization","name":"Transtoyou - LT","url":"https:\/\/www.transtoyou.com\/lt\/","logo":{"@type":"ImageObject","inLanguage":"lt-LT","@id":"https:\/\/www.transtoyou.com\/lt\/#\/schema\/logo\/image\/","url":"https:\/\/www.transtoyou.com\/lt\/wp-content\/uploads\/sites\/9\/2026\/01\/logo-tty-menu-bar-300x87-1.webp","contentUrl":"https:\/\/www.transtoyou.com\/lt\/wp-content\/uploads\/sites\/9\/2026\/01\/logo-tty-menu-bar-300x87-1.webp","width":300,"height":87,"caption":"Transtoyou - LT"},"image":{"@id":"https:\/\/www.transtoyou.com\/lt\/#\/schema\/logo\/image\/"}}]}},"_links":{"self":[{"href":"https:\/\/www.transtoyou.com\/lt\/wp-json\/wp\/v2\/product\/1103","targetHints":{"allow":["GET"]}}],"collection":[{"href":"https:\/\/www.transtoyou.com\/lt\/wp-json\/wp\/v2\/product"}],"about":[{"href":"https:\/\/www.transtoyou.com\/lt\/wp-json\/wp\/v2\/types\/product"}],"replies":[{"embeddable":true,"href":"https:\/\/www.transtoyou.com\/lt\/wp-json\/wp\/v2\/comments?post=1103"}],"wp:featuredmedia":[{"embeddable":true,"href":"https:\/\/www.transtoyou.com\/lt\/wp-json\/wp\/v2\/media\/1105"}],"wp:attachment":[{"href":"https:\/\/www.transtoyou.com\/lt\/wp-json\/wp\/v2\/media?parent=1103"}],"wp:term":[{"taxonomy":"product_brand","embeddable":true,"href":"https:\/\/www.transtoyou.com\/lt\/wp-json\/wp\/v2\/product_brand?post=1103"},{"taxonomy":"product_cat","embeddable":true,"href":"https:\/\/www.transtoyou.com\/lt\/wp-json\/wp\/v2\/product_cat?post=1103"},{"taxonomy":"product_tag","embeddable":true,"href":"https:\/\/www.transtoyou.com\/lt\/wp-json\/wp\/v2\/product_tag?post=1103"},{"taxonomy":"expert","embeddable":true,"href":"https:\/\/www.transtoyou.com\/lt\/wp-json\/wp\/v2\/expert?post=1103"}],"curies":[{"name":"wp","href":"https:\/\/api.w.org\/{rel}","templated":true}]}}