{"id":1112,"date":"2026-01-25T04:17:50","date_gmt":"2026-01-25T02:17:50","guid":{"rendered":"https:\/\/www.transtoyou.com\/lt\/product\/microgynon-30\/"},"modified":"2026-01-25T04:18:50","modified_gmt":"2026-01-25T02:18:50","slug":"microgynon-30","status":"publish","type":"product","link":"https:\/\/www.transtoyou.com\/lt\/product\/microgynon-30\/","title":{"rendered":"Microgynon 30"},"content":{"rendered":"<p>Microgynon 30 yra kombinuotas geriamasis kontraceptikas (KGC), kuriame yra etinilestradiolio (0,03 mg) ir levonorgestrelio (0,15 mg). Jis veikia pirmiausia slopindamas ovuliacij\u0105, tai rei\u0161kia, kad jis neleid\u017eia kiau\u0161iniui i\u0161siskirti i\u0161 kiau\u0161id\u017ei\u0173. Be to, jis sutir\u0161tina gimdos kaklelio gleives, tod\u0117l spermatozoidams sunkiau pasiekti gimd\u0105, ir kei\u010dia gimdos gleivin\u0119, kad ji b\u016bt\u0173 ma\u017eiau tinkama implantacijai.<\/p>\n<p>\u0160i kombinuota piliul\u0117 naudojama daugiausia kontracepcijai, ta\u010diau ji taip pat skiriama gydyti menstruacinius sutrikimus, tokius kaip dismenor\u0117ja (skausmingi menstruacijos), endometrioz\u0117 arba ovuliacijos sukeltas skausmas.<\/p>\n<p>Reguliuodamas hormon\u0173 lygius, Microgynon 30 stabilizuoja menstruacin\u012f cikl\u0105, da\u017enai rezultatuodamas lengvesn\u0117mis ir labiau prognozuojamomis menstruacijomis. Jis gali suma\u017einti menstruacin\u012f skausm\u0105 ir gaus\u0173 kraujavim\u0105, taip pat pad\u0117ti valdyti hormoninius simptomus, tokius kaip akn\u0117 ar PMS. Jis taip pat suma\u017eina kiau\u0161id\u017ei\u0173 cist\u0173 rizik\u0105 ir suma\u017eina endometriumo ar kiau\u0161id\u017ei\u0173 v\u0117\u017eio i\u0161sivystymo tikimyb\u0119.<\/p>\n<p>Vienas i\u0161 pagrindini\u0173 Microgynon 30 privalum\u0173 yra jo didelis kontraceptinis patikimumas, kai jis vartojamas teisingai. Jis taip pat gali pagerinti odos b\u016bkl\u0119, suma\u017einti premenstruacinius simptomus ir suma\u017einti anemij\u0105, susijusi\u0105 su menstruaciniu kraujo netekimu.<\/p>\n<p>\u0160is vaistas tinka suaugusiems, kuriems reikia patikimos kontracepcijos arba terapinio menstruacini\u0173 ar reprodukcini\u0173 sutrikim\u0173 valdymo. Jis netinka tiems, kurie turi tam tikr\u0173 medicinini\u0173 b\u016bkli\u0173, \u012fskaitant tromboembolijos istorij\u0105, hormon\u0173 sukeltus v\u0117\u017eius arba sunkias kepen\u0173 ligas.<\/p>\n","protected":false},"excerpt":{"rendered":"<ul>\n<li>Patikima kasdien\u0117 kontraceptin\u0117 piliul\u0117<\/li>\n<li>Padeda reguliuoti menstruacin\u012f cikl\u0105<\/li>\n<li>Gali suma\u017einti su menstruacijomis susijusius simptomus<\/li>\n<\/ul>\n","protected":false},"featured_media":1114,"comment_status":"open","ping_status":"closed","template":"","meta":[],"product_brand":[],"product_cat":[112,94],"product_tag":[],"expert":[17],"class_list":{"0":"post-1112","1":"product","2":"type-product","3":"status-publish","4":"has-post-thumbnail","6":"product_cat-endometrioze","7":"product_cat-kombinuoti-vaistai","8":"expert-dr-c-munoz-parada","10":"first","11":"instock","12":"shipping-taxable","13":"product-type-variable"},"yoast_head":"<!-- This site is optimized with the Yoast SEO plugin v27.0 - https:\/\/yoast.com\/product\/yoast-seo-wordpress\/ -->\n<title>Microgynon 30 | Patikimas kontraceptinis pasirinkimas - Transtoyou<\/title>\n<meta name=\"description\" content=\"Microgynon 30, patikimas sprendimas kontracepcijai ir menstruacij\u0173 palengvinimui, dabar prieinamas. Pirkite dabar subalansuotam hormon\u0173 palaikymui ir prognozuojamoms ciklams.\" \/>\n<meta name=\"robots\" content=\"noindex, follow, max-snippet:-1, max-image-preview:large, max-video-preview:-1\" \/>\n<meta property=\"og:locale\" content=\"lt_LT\" \/>\n<meta property=\"og:type\" content=\"article\" \/>\n<meta property=\"og:title\" content=\"Microgynon 30 | Patikimas kontraceptinis pasirinkimas - Transtoyou\" \/>\n<meta property=\"og:description\" content=\"Microgynon 30, patikimas sprendimas kontracepcijai ir menstruacij\u0173 palengvinimui, dabar prieinamas. Pirkite dabar subalansuotam hormon\u0173 palaikymui ir prognozuojamoms ciklams.\" \/>\n<meta property=\"og:url\" content=\"https:\/\/www.transtoyou.com\/lt\/product\/microgynon-30\/\" \/>\n<meta property=\"og:site_name\" content=\"Transtoyou - LT\" \/>\n<meta property=\"article:modified_time\" content=\"2026-01-25T02:18:50+00:00\" \/>\n<meta name=\"twitter:card\" content=\"summary_large_image\" \/>\n<meta name=\"twitter:label1\" content=\"Est. reading time\" \/>\n\t<meta name=\"twitter:data1\" content=\"1 minut\u0117\" \/>\n<script type=\"application\/ld+json\" class=\"yoast-schema-graph\">{\"@context\":\"https:\/\/schema.org\",\"@graph\":[{\"@type\":\"WebPage\",\"@id\":\"https:\/\/www.transtoyou.com\/lt\/product\/microgynon-30\/\",\"url\":\"https:\/\/www.transtoyou.com\/lt\/product\/microgynon-30\/\",\"name\":\"Microgynon 30 | Patikimas kontraceptinis pasirinkimas - Transtoyou\",\"isPartOf\":{\"@id\":\"https:\/\/www.transtoyou.com\/lt\/#website\"},\"primaryImageOfPage\":{\"@id\":\"https:\/\/www.transtoyou.com\/lt\/product\/microgynon-30\/#primaryimage\"},\"image\":{\"@id\":\"https:\/\/www.transtoyou.com\/lt\/product\/microgynon-30\/#primaryimage\"},\"thumbnailUrl\":\"https:\/\/www.transtoyou.com\/lt\/wp-content\/uploads\/sites\/9\/2026\/01\/tty-no-product-image-137.webp\",\"datePublished\":\"2026-01-25T02:17:50+00:00\",\"dateModified\":\"2026-01-25T02:18:50+00:00\",\"description\":\"Microgynon 30, patikimas sprendimas kontracepcijai ir menstruacij\u0173 palengvinimui, dabar prieinamas. Pirkite dabar subalansuotam hormon\u0173 palaikymui ir prognozuojamoms ciklams.\",\"breadcrumb\":{\"@id\":\"https:\/\/www.transtoyou.com\/lt\/product\/microgynon-30\/#breadcrumb\"},\"inLanguage\":\"lt-LT\",\"potentialAction\":[{\"@type\":\"ReadAction\",\"target\":[\"https:\/\/www.transtoyou.com\/lt\/product\/microgynon-30\/\"]}]},{\"@type\":\"ImageObject\",\"inLanguage\":\"lt-LT\",\"@id\":\"https:\/\/www.transtoyou.com\/lt\/product\/microgynon-30\/#primaryimage\",\"url\":\"https:\/\/www.transtoyou.com\/lt\/wp-content\/uploads\/sites\/9\/2026\/01\/tty-no-product-image-137.webp\",\"contentUrl\":\"https:\/\/www.transtoyou.com\/lt\/wp-content\/uploads\/sites\/9\/2026\/01\/tty-no-product-image-137.webp\",\"width\":1000,\"height\":1000,\"caption\":\"Numatytas produkto vaizdas\"},{\"@type\":\"WebSite\",\"@id\":\"https:\/\/www.transtoyou.com\/lt\/#website\",\"url\":\"https:\/\/www.transtoyou.com\/lt\/\",\"name\":\"Transtoyou - LT\",\"description\":\"\",\"publisher\":{\"@id\":\"https:\/\/www.transtoyou.com\/lt\/#organization\"},\"potentialAction\":[{\"@type\":\"SearchAction\",\"target\":{\"@type\":\"EntryPoint\",\"urlTemplate\":\"https:\/\/www.transtoyou.com\/lt\/?s={search_term_string}\"},\"query-input\":{\"@type\":\"PropertyValueSpecification\",\"valueRequired\":true,\"valueName\":\"search_term_string\"}}],\"inLanguage\":\"lt-LT\"},{\"@type\":\"Organization\",\"@id\":\"https:\/\/www.transtoyou.com\/lt\/#organization\",\"name\":\"Transtoyou - LT\",\"url\":\"https:\/\/www.transtoyou.com\/lt\/\",\"logo\":{\"@type\":\"ImageObject\",\"inLanguage\":\"lt-LT\",\"@id\":\"https:\/\/www.transtoyou.com\/lt\/#\/schema\/logo\/image\/\",\"url\":\"https:\/\/www.transtoyou.com\/lt\/wp-content\/uploads\/sites\/9\/2026\/01\/logo-tty-menu-bar-300x87-1.webp\",\"contentUrl\":\"https:\/\/www.transtoyou.com\/lt\/wp-content\/uploads\/sites\/9\/2026\/01\/logo-tty-menu-bar-300x87-1.webp\",\"width\":300,\"height\":87,\"caption\":\"Transtoyou - LT\"},\"image\":{\"@id\":\"https:\/\/www.transtoyou.com\/lt\/#\/schema\/logo\/image\/\"}}]}<\/script>\n<!-- \/ Yoast SEO plugin. -->","yoast_head_json":{"title":"Microgynon 30 | Patikimas kontraceptinis pasirinkimas - Transtoyou","description":"Microgynon 30, patikimas sprendimas kontracepcijai ir menstruacij\u0173 palengvinimui, dabar prieinamas. Pirkite dabar subalansuotam hormon\u0173 palaikymui ir prognozuojamoms ciklams.","robots":{"index":"noindex","follow":"follow","max-snippet":"max-snippet:-1","max-image-preview":"max-image-preview:large","max-video-preview":"max-video-preview:-1"},"og_locale":"lt_LT","og_type":"article","og_title":"Microgynon 30 | Patikimas kontraceptinis pasirinkimas - Transtoyou","og_description":"Microgynon 30, patikimas sprendimas kontracepcijai ir menstruacij\u0173 palengvinimui, dabar prieinamas. Pirkite dabar subalansuotam hormon\u0173 palaikymui ir prognozuojamoms ciklams.","og_url":"https:\/\/www.transtoyou.com\/lt\/product\/microgynon-30\/","og_site_name":"Transtoyou - LT","article_modified_time":"2026-01-25T02:18:50+00:00","twitter_card":"summary_large_image","twitter_misc":{"Est. reading time":"1 minut\u0117"},"schema":{"@context":"https:\/\/schema.org","@graph":[{"@type":"WebPage","@id":"https:\/\/www.transtoyou.com\/lt\/product\/microgynon-30\/","url":"https:\/\/www.transtoyou.com\/lt\/product\/microgynon-30\/","name":"Microgynon 30 | Patikimas kontraceptinis pasirinkimas - Transtoyou","isPartOf":{"@id":"https:\/\/www.transtoyou.com\/lt\/#website"},"primaryImageOfPage":{"@id":"https:\/\/www.transtoyou.com\/lt\/product\/microgynon-30\/#primaryimage"},"image":{"@id":"https:\/\/www.transtoyou.com\/lt\/product\/microgynon-30\/#primaryimage"},"thumbnailUrl":"https:\/\/www.transtoyou.com\/lt\/wp-content\/uploads\/sites\/9\/2026\/01\/tty-no-product-image-137.webp","datePublished":"2026-01-25T02:17:50+00:00","dateModified":"2026-01-25T02:18:50+00:00","description":"Microgynon 30, patikimas sprendimas kontracepcijai ir menstruacij\u0173 palengvinimui, dabar prieinamas. Pirkite dabar subalansuotam hormon\u0173 palaikymui ir prognozuojamoms ciklams.","breadcrumb":{"@id":"https:\/\/www.transtoyou.com\/lt\/product\/microgynon-30\/#breadcrumb"},"inLanguage":"lt-LT","potentialAction":[{"@type":"ReadAction","target":["https:\/\/www.transtoyou.com\/lt\/product\/microgynon-30\/"]}]},{"@type":"ImageObject","inLanguage":"lt-LT","@id":"https:\/\/www.transtoyou.com\/lt\/product\/microgynon-30\/#primaryimage","url":"https:\/\/www.transtoyou.com\/lt\/wp-content\/uploads\/sites\/9\/2026\/01\/tty-no-product-image-137.webp","contentUrl":"https:\/\/www.transtoyou.com\/lt\/wp-content\/uploads\/sites\/9\/2026\/01\/tty-no-product-image-137.webp","width":1000,"height":1000,"caption":"Numatytas produkto vaizdas"},{"@type":"WebSite","@id":"https:\/\/www.transtoyou.com\/lt\/#website","url":"https:\/\/www.transtoyou.com\/lt\/","name":"Transtoyou - LT","description":"","publisher":{"@id":"https:\/\/www.transtoyou.com\/lt\/#organization"},"potentialAction":[{"@type":"SearchAction","target":{"@type":"EntryPoint","urlTemplate":"https:\/\/www.transtoyou.com\/lt\/?s={search_term_string}"},"query-input":{"@type":"PropertyValueSpecification","valueRequired":true,"valueName":"search_term_string"}}],"inLanguage":"lt-LT"},{"@type":"Organization","@id":"https:\/\/www.transtoyou.com\/lt\/#organization","name":"Transtoyou - LT","url":"https:\/\/www.transtoyou.com\/lt\/","logo":{"@type":"ImageObject","inLanguage":"lt-LT","@id":"https:\/\/www.transtoyou.com\/lt\/#\/schema\/logo\/image\/","url":"https:\/\/www.transtoyou.com\/lt\/wp-content\/uploads\/sites\/9\/2026\/01\/logo-tty-menu-bar-300x87-1.webp","contentUrl":"https:\/\/www.transtoyou.com\/lt\/wp-content\/uploads\/sites\/9\/2026\/01\/logo-tty-menu-bar-300x87-1.webp","width":300,"height":87,"caption":"Transtoyou - LT"},"image":{"@id":"https:\/\/www.transtoyou.com\/lt\/#\/schema\/logo\/image\/"}}]}},"_links":{"self":[{"href":"https:\/\/www.transtoyou.com\/lt\/wp-json\/wp\/v2\/product\/1112","targetHints":{"allow":["GET"]}}],"collection":[{"href":"https:\/\/www.transtoyou.com\/lt\/wp-json\/wp\/v2\/product"}],"about":[{"href":"https:\/\/www.transtoyou.com\/lt\/wp-json\/wp\/v2\/types\/product"}],"replies":[{"embeddable":true,"href":"https:\/\/www.transtoyou.com\/lt\/wp-json\/wp\/v2\/comments?post=1112"}],"wp:featuredmedia":[{"embeddable":true,"href":"https:\/\/www.transtoyou.com\/lt\/wp-json\/wp\/v2\/media\/1114"}],"wp:attachment":[{"href":"https:\/\/www.transtoyou.com\/lt\/wp-json\/wp\/v2\/media?parent=1112"}],"wp:term":[{"taxonomy":"product_brand","embeddable":true,"href":"https:\/\/www.transtoyou.com\/lt\/wp-json\/wp\/v2\/product_brand?post=1112"},{"taxonomy":"product_cat","embeddable":true,"href":"https:\/\/www.transtoyou.com\/lt\/wp-json\/wp\/v2\/product_cat?post=1112"},{"taxonomy":"product_tag","embeddable":true,"href":"https:\/\/www.transtoyou.com\/lt\/wp-json\/wp\/v2\/product_tag?post=1112"},{"taxonomy":"expert","embeddable":true,"href":"https:\/\/www.transtoyou.com\/lt\/wp-json\/wp\/v2\/expert?post=1112"}],"curies":[{"name":"wp","href":"https:\/\/api.w.org\/{rel}","templated":true}]}}