{"id":1118,"date":"2026-01-25T04:51:11","date_gmt":"2026-01-25T02:51:11","guid":{"rendered":"https:\/\/www.transtoyou.com\/lt\/product\/rosuvastatin\/"},"modified":"2026-03-03T15:16:28","modified_gmt":"2026-03-03T13:16:28","slug":"rosuvastatinas","status":"publish","type":"product","link":"https:\/\/www.transtoyou.com\/lt\/product\/rosuvastatinas\/","title":{"rendered":"Rosuvastatinas"},"content":{"rendered":"<p>Rosuvastatinas yra statin\u0173 klas\u0117s vaistas, \u017einomas d\u0117l savo efektyvumo ma\u017einant kenksming\u0105 LDL cholesterol\u012f. Slopindamas HMG-CoA reduktaz\u0117s ferment\u0105, rosuvastatinas padeda suma\u017einti cholesterolio gamyb\u0105 kepenyse, taip palaikydamas sveikesn\u012f lipid\u0173 profil\u012f.<\/p>\n<p>Laikui b\u0117gant, efektyvus LDL suma\u017einimas gali suma\u017einti plok\u0161teli\u0173 kaupim\u0105si arterijose, padedant u\u017ekirsti keli\u0105 \u0161irdies sm\u016bgiams, insultams ir kitiems \u0161irdies ir kraujagysli\u0173 komplikacijoms. Kai kurie asmenys taip pat patiria nedidel\u012f padid\u0117jim\u0105 didelio tankio lipoprotein\u0173 (DTL), \u201egerojo\u201c cholesterolio, kuris prisideda prie bendros \u0161irdies ir kraujagysli\u0173 apsaugos.<\/p>\n<p>Klinikin\u0117s gair\u0117s da\u017enai rekomenduoja rosuvastatin\u0105 kaip dal\u012f i\u0161samios gydymo plano, \u012fskaitant diet\u0105, kurioje ma\u017eai so\u010di\u0173j\u0173 riebal\u0173, reguliarius fizinius pratimus ir svorio valdym\u0105, jei reikia. \u0160is daugialypis po\u017ei\u016bris maksimaliai padidina naud\u0105, pagerindamas vaisto geb\u0117jim\u0105 palaikyti kraujo lipidus tikslin\u0117se ribose.<\/p>\n<p>Rosuvastatin\u0105 galima vartoti skirtingais dozavimo re\u017eimais, atsi\u017evelgiant \u012f kiekvieno paciento rizikos profil\u012f, pradin\u012f LDL lyg\u012f ir galim\u0105 vaist\u0173 s\u0105veik\u0105. Paprastai gerai toleruojamas, jis kartais gali sukelti lengv\u0173 \u0161alutini\u0173 poveiki\u0173, toki\u0173 kaip raumen\u0173 ar s\u0105nari\u0173 diskomfortas.<\/p>\n<p>Reguliarus steb\u0117jimas yra labai svarbus, kad terapija i\u0161likt\u0173 tiek saugi, tiek veiksminga. Sveikatos prie\u017ei\u016bros specialistai gali u\u017esakyti periodinius kraujo tyrimus, kad patikrint\u0173 kepen\u0173 funkcij\u0105 ir lipid\u0173 lygius. Jei vartojamas tinkamai, rosuvastatinas gali b\u016bti kertinis akmuo valdant auk\u0161t\u0105 cholesterol\u012f, ypa\u010d tiems, kurie yra padid\u0117jusios \u0161irdies ir kraujagysli\u0173 rizikos.<\/p>\n<p>Apskritai, jo stiprus LDL ma\u017einimo poveikis, kartu su rekomenduojamais gyvenimo b\u016bdo poky\u010diais, reik\u0161mingai padeda suma\u017einti aterosklerozin\u0117s ligos na\u0161t\u0105 ir skatinti ilgalaik\u0119 \u0161irdies sveikat\u0105.<\/p>\n","protected":false},"excerpt":{"rendered":"<ul>\n<li>Galingas LDL cholesterolio ma\u017einimo statinas<\/li>\n<li>Padeda apsaugoti \u0161irdies ir kraujagysli\u0173 sistem\u0105<\/li>\n<li>Remia sveik\u0105 cholesterolio pusiausvyr\u0105<\/li>\n<\/ul>\n","protected":false},"featured_media":1120,"comment_status":"open","ping_status":"closed","template":"","meta":[],"product_brand":[],"product_cat":[92],"product_tag":[],"expert":[21],"class_list":{"0":"post-1118","1":"product","2":"type-product","3":"status-publish","4":"has-post-thumbnail","6":"product_cat-cholesterolio-kontrole","7":"expert-dr-m-sharoyko","9":"first","10":"instock","11":"shipping-taxable","12":"product-type-variable"},"yoast_head":"<!-- This site is optimized with the Yoast SEO plugin v27.0 - https:\/\/yoast.com\/product\/yoast-seo-wordpress\/ -->\n<title>Rosuvastatinas | Suma\u017eink LDL, pagerink \u0161irdies sveikat\u0105 - Transtoyou<\/title>\n<meta name=\"description\" content=\"Atraskite Rosuvastatin\u0105 LDL cholesterolio ma\u017einimui, gerinan\u010diam \u0161irdies ir kraujagysli\u0173 sveikat\u0105. Dabar prieinamas Transtoyou gerov\u0117s sprendimui.\" \/>\n<meta name=\"robots\" content=\"noindex, follow, max-snippet:-1, max-image-preview:large, max-video-preview:-1\" \/>\n<meta property=\"og:locale\" content=\"lt_LT\" \/>\n<meta property=\"og:type\" content=\"article\" \/>\n<meta property=\"og:title\" content=\"Rosuvastatinas | Suma\u017eink LDL, pagerink \u0161irdies sveikat\u0105 - Transtoyou\" \/>\n<meta property=\"og:description\" content=\"Atraskite Rosuvastatin\u0105 LDL cholesterolio ma\u017einimui, gerinan\u010diam \u0161irdies ir kraujagysli\u0173 sveikat\u0105. Dabar prieinamas Transtoyou gerov\u0117s sprendimui.\" \/>\n<meta property=\"og:url\" content=\"https:\/\/www.transtoyou.com\/lt\/product\/rosuvastatin\/\" \/>\n<meta property=\"og:site_name\" content=\"Transtoyou - LT\" \/>\n<meta property=\"article:modified_time\" content=\"2026-03-03T13:16:28+00:00\" \/>\n<meta name=\"twitter:card\" content=\"summary_large_image\" \/>\n<meta name=\"twitter:label1\" content=\"Est. reading time\" \/>\n\t<meta name=\"twitter:data1\" content=\"1 minut\u0117\" \/>\n<script type=\"application\/ld+json\" class=\"yoast-schema-graph\">{\"@context\":\"https:\/\/schema.org\",\"@graph\":[{\"@type\":\"WebPage\",\"@id\":\"https:\/\/www.transtoyou.com\/lt\/product\/rosuvastatin\/\",\"url\":\"https:\/\/www.transtoyou.com\/lt\/product\/rosuvastatin\/\",\"name\":\"Rosuvastatinas | Suma\u017eink LDL, pagerink \u0161irdies sveikat\u0105 - Transtoyou\",\"isPartOf\":{\"@id\":\"https:\/\/www.transtoyou.com\/lt\/#website\"},\"primaryImageOfPage\":{\"@id\":\"https:\/\/www.transtoyou.com\/lt\/product\/rosuvastatin\/#primaryimage\"},\"image\":{\"@id\":\"https:\/\/www.transtoyou.com\/lt\/product\/rosuvastatin\/#primaryimage\"},\"thumbnailUrl\":\"https:\/\/www.transtoyou.com\/lt\/wp-content\/uploads\/sites\/9\/2026\/01\/tty-no-product-image-139.webp\",\"datePublished\":\"2026-01-25T02:51:11+00:00\",\"dateModified\":\"2026-03-03T13:16:28+00:00\",\"description\":\"Atraskite Rosuvastatin\u0105 LDL cholesterolio ma\u017einimui, gerinan\u010diam \u0161irdies ir kraujagysli\u0173 sveikat\u0105. Dabar prieinamas Transtoyou gerov\u0117s sprendimui.\",\"breadcrumb\":{\"@id\":\"https:\/\/www.transtoyou.com\/lt\/product\/rosuvastatin\/#breadcrumb\"},\"inLanguage\":\"lt-LT\",\"potentialAction\":[{\"@type\":\"ReadAction\",\"target\":[\"https:\/\/www.transtoyou.com\/lt\/product\/rosuvastatin\/\"]}]},{\"@type\":\"ImageObject\",\"inLanguage\":\"lt-LT\",\"@id\":\"https:\/\/www.transtoyou.com\/lt\/product\/rosuvastatin\/#primaryimage\",\"url\":\"https:\/\/www.transtoyou.com\/lt\/wp-content\/uploads\/sites\/9\/2026\/01\/tty-no-product-image-139.webp\",\"contentUrl\":\"https:\/\/www.transtoyou.com\/lt\/wp-content\/uploads\/sites\/9\/2026\/01\/tty-no-product-image-139.webp\",\"width\":1000,\"height\":1000,\"caption\":\"Numatytas produkto vaizdas\"},{\"@type\":\"WebSite\",\"@id\":\"https:\/\/www.transtoyou.com\/lt\/#website\",\"url\":\"https:\/\/www.transtoyou.com\/lt\/\",\"name\":\"Transtoyou - LT\",\"description\":\"\",\"publisher\":{\"@id\":\"https:\/\/www.transtoyou.com\/lt\/#organization\"},\"potentialAction\":[{\"@type\":\"SearchAction\",\"target\":{\"@type\":\"EntryPoint\",\"urlTemplate\":\"https:\/\/www.transtoyou.com\/lt\/?s={search_term_string}\"},\"query-input\":{\"@type\":\"PropertyValueSpecification\",\"valueRequired\":true,\"valueName\":\"search_term_string\"}}],\"inLanguage\":\"lt-LT\"},{\"@type\":\"Organization\",\"@id\":\"https:\/\/www.transtoyou.com\/lt\/#organization\",\"name\":\"Transtoyou - LT\",\"url\":\"https:\/\/www.transtoyou.com\/lt\/\",\"logo\":{\"@type\":\"ImageObject\",\"inLanguage\":\"lt-LT\",\"@id\":\"https:\/\/www.transtoyou.com\/lt\/#\/schema\/logo\/image\/\",\"url\":\"https:\/\/www.transtoyou.com\/lt\/wp-content\/uploads\/sites\/9\/2026\/01\/logo-tty-menu-bar-300x87-1.webp\",\"contentUrl\":\"https:\/\/www.transtoyou.com\/lt\/wp-content\/uploads\/sites\/9\/2026\/01\/logo-tty-menu-bar-300x87-1.webp\",\"width\":300,\"height\":87,\"caption\":\"Transtoyou - LT\"},\"image\":{\"@id\":\"https:\/\/www.transtoyou.com\/lt\/#\/schema\/logo\/image\/\"}}]}<\/script>\n<!-- \/ Yoast SEO plugin. -->","yoast_head_json":{"title":"Rosuvastatinas | Suma\u017eink LDL, pagerink \u0161irdies sveikat\u0105 - Transtoyou","description":"Atraskite Rosuvastatin\u0105 LDL cholesterolio ma\u017einimui, gerinan\u010diam \u0161irdies ir kraujagysli\u0173 sveikat\u0105. Dabar prieinamas Transtoyou gerov\u0117s sprendimui.","robots":{"index":"noindex","follow":"follow","max-snippet":"max-snippet:-1","max-image-preview":"max-image-preview:large","max-video-preview":"max-video-preview:-1"},"og_locale":"lt_LT","og_type":"article","og_title":"Rosuvastatinas | Suma\u017eink LDL, pagerink \u0161irdies sveikat\u0105 - Transtoyou","og_description":"Atraskite Rosuvastatin\u0105 LDL cholesterolio ma\u017einimui, gerinan\u010diam \u0161irdies ir kraujagysli\u0173 sveikat\u0105. Dabar prieinamas Transtoyou gerov\u0117s sprendimui.","og_url":"https:\/\/www.transtoyou.com\/lt\/product\/rosuvastatin\/","og_site_name":"Transtoyou - LT","article_modified_time":"2026-03-03T13:16:28+00:00","twitter_card":"summary_large_image","twitter_misc":{"Est. reading time":"1 minut\u0117"},"schema":{"@context":"https:\/\/schema.org","@graph":[{"@type":"WebPage","@id":"https:\/\/www.transtoyou.com\/lt\/product\/rosuvastatin\/","url":"https:\/\/www.transtoyou.com\/lt\/product\/rosuvastatin\/","name":"Rosuvastatinas | Suma\u017eink LDL, pagerink \u0161irdies sveikat\u0105 - Transtoyou","isPartOf":{"@id":"https:\/\/www.transtoyou.com\/lt\/#website"},"primaryImageOfPage":{"@id":"https:\/\/www.transtoyou.com\/lt\/product\/rosuvastatin\/#primaryimage"},"image":{"@id":"https:\/\/www.transtoyou.com\/lt\/product\/rosuvastatin\/#primaryimage"},"thumbnailUrl":"https:\/\/www.transtoyou.com\/lt\/wp-content\/uploads\/sites\/9\/2026\/01\/tty-no-product-image-139.webp","datePublished":"2026-01-25T02:51:11+00:00","dateModified":"2026-03-03T13:16:28+00:00","description":"Atraskite Rosuvastatin\u0105 LDL cholesterolio ma\u017einimui, gerinan\u010diam \u0161irdies ir kraujagysli\u0173 sveikat\u0105. Dabar prieinamas Transtoyou gerov\u0117s sprendimui.","breadcrumb":{"@id":"https:\/\/www.transtoyou.com\/lt\/product\/rosuvastatin\/#breadcrumb"},"inLanguage":"lt-LT","potentialAction":[{"@type":"ReadAction","target":["https:\/\/www.transtoyou.com\/lt\/product\/rosuvastatin\/"]}]},{"@type":"ImageObject","inLanguage":"lt-LT","@id":"https:\/\/www.transtoyou.com\/lt\/product\/rosuvastatin\/#primaryimage","url":"https:\/\/www.transtoyou.com\/lt\/wp-content\/uploads\/sites\/9\/2026\/01\/tty-no-product-image-139.webp","contentUrl":"https:\/\/www.transtoyou.com\/lt\/wp-content\/uploads\/sites\/9\/2026\/01\/tty-no-product-image-139.webp","width":1000,"height":1000,"caption":"Numatytas produkto vaizdas"},{"@type":"WebSite","@id":"https:\/\/www.transtoyou.com\/lt\/#website","url":"https:\/\/www.transtoyou.com\/lt\/","name":"Transtoyou - LT","description":"","publisher":{"@id":"https:\/\/www.transtoyou.com\/lt\/#organization"},"potentialAction":[{"@type":"SearchAction","target":{"@type":"EntryPoint","urlTemplate":"https:\/\/www.transtoyou.com\/lt\/?s={search_term_string}"},"query-input":{"@type":"PropertyValueSpecification","valueRequired":true,"valueName":"search_term_string"}}],"inLanguage":"lt-LT"},{"@type":"Organization","@id":"https:\/\/www.transtoyou.com\/lt\/#organization","name":"Transtoyou - LT","url":"https:\/\/www.transtoyou.com\/lt\/","logo":{"@type":"ImageObject","inLanguage":"lt-LT","@id":"https:\/\/www.transtoyou.com\/lt\/#\/schema\/logo\/image\/","url":"https:\/\/www.transtoyou.com\/lt\/wp-content\/uploads\/sites\/9\/2026\/01\/logo-tty-menu-bar-300x87-1.webp","contentUrl":"https:\/\/www.transtoyou.com\/lt\/wp-content\/uploads\/sites\/9\/2026\/01\/logo-tty-menu-bar-300x87-1.webp","width":300,"height":87,"caption":"Transtoyou - LT"},"image":{"@id":"https:\/\/www.transtoyou.com\/lt\/#\/schema\/logo\/image\/"}}]}},"_links":{"self":[{"href":"https:\/\/www.transtoyou.com\/lt\/wp-json\/wp\/v2\/product\/1118","targetHints":{"allow":["GET"]}}],"collection":[{"href":"https:\/\/www.transtoyou.com\/lt\/wp-json\/wp\/v2\/product"}],"about":[{"href":"https:\/\/www.transtoyou.com\/lt\/wp-json\/wp\/v2\/types\/product"}],"replies":[{"embeddable":true,"href":"https:\/\/www.transtoyou.com\/lt\/wp-json\/wp\/v2\/comments?post=1118"}],"wp:featuredmedia":[{"embeddable":true,"href":"https:\/\/www.transtoyou.com\/lt\/wp-json\/wp\/v2\/media\/1120"}],"wp:attachment":[{"href":"https:\/\/www.transtoyou.com\/lt\/wp-json\/wp\/v2\/media?parent=1118"}],"wp:term":[{"taxonomy":"product_brand","embeddable":true,"href":"https:\/\/www.transtoyou.com\/lt\/wp-json\/wp\/v2\/product_brand?post=1118"},{"taxonomy":"product_cat","embeddable":true,"href":"https:\/\/www.transtoyou.com\/lt\/wp-json\/wp\/v2\/product_cat?post=1118"},{"taxonomy":"product_tag","embeddable":true,"href":"https:\/\/www.transtoyou.com\/lt\/wp-json\/wp\/v2\/product_tag?post=1118"},{"taxonomy":"expert","embeddable":true,"href":"https:\/\/www.transtoyou.com\/lt\/wp-json\/wp\/v2\/expert?post=1118"}],"curies":[{"name":"wp","href":"https:\/\/api.w.org\/{rel}","templated":true}]}}