{"id":1124,"date":"2026-01-25T05:25:34","date_gmt":"2026-01-25T03:25:34","guid":{"rendered":"https:\/\/www.transtoyou.com\/lt\/product\/nystan\/"},"modified":"2026-02-28T13:34:55","modified_gmt":"2026-02-28T11:34:55","slug":"nystan","status":"publish","type":"product","link":"https:\/\/www.transtoyou.com\/lt\/product\/nystan\/","title":{"rendered":"Nystan"},"content":{"rendered":"<p>Nystan, turintis aktyv\u0173j\u012f ingredient\u0105 nystatin\u0105, yra prie\u0161grybelinis vaistas, naudojamas gydyti infekcijas, kurias sukelia Candida, mieli\u0173 r\u016b\u0161is, da\u017enai pa\u017eeid\u017eianti od\u0105 ir gleivines. Jis ypa\u010d efektyvus gydant lokalizuotas grybelines infekcijas, tokias kaip burnos pienlig\u0117, \u017earnyno kandidoz\u0117 ir mak\u0161ties mieli\u0173 infekcijos.<\/p>\n<p>Nystatin veikia prisijungdamas prie mieli\u0173 l\u0105steli\u0173 membranos, sukeldamas skylutes, d\u0117l kuri\u0173 l\u0105stel\u0117s turinys i\u0161b\u0117ga. \u0160is taikomasis veikimas \u017eudo grybel\u012f ir neleid\u017eia jam toliau augti, leid\u017eiant paveiktoms audiniams gyti ir simptomams i\u0161nykti. Kadangi jis veikia tik toje srityje, kurioje yra tepamas arba vartojamas, nystatin laikomas lokalizuotu gydymu ir n\u0117ra reik\u0161mingai absorbuojamas \u012f krauj\u0105.<\/p>\n<p>Mak\u0161ties infekcijoms Nystan naudojamas nie\u017euliui, dirginimui ir nenormaliam i\u0161skyroms, susijusioms su mak\u0161ties pienlige, palengvinti.<\/p>\n<p>Nystatin taip pat naudojamas geriamojo suspensijoje arba pastil\u0117se gydyti burnos Candida infekcijas (pienlig\u0119), ypa\u010d pacientams, vartojantiems inhaliacinius steroidus, ne\u0161iojantiems dant\u0173 protezus arba patiriantiems susilpn\u0117jusi\u0105 imunitet\u0105. Kai skiriamas \u017earnyno kandidozei, jis padeda kontroliuoti mieli\u0173 peraugim\u0105 vir\u0161kinimo trakte.<\/p>\n<p>Nystan paprastai gerai toleruojamas, \u0161alutiniai poveikiai yra reti, ta\u010diau gali apimti lengv\u0105 vir\u0161kinimo diskomfort\u0105 arba vietin\u012f dirginim\u0105.<\/p>\n","protected":false},"excerpt":{"rendered":"<ul>\n<li>Skirta vietiniam Candida peraugimui<\/li>\n<li>\u0160velni, nesistemin\u0117 antifungin\u0117 gydymo priemon\u0117<\/li>\n<li>Palengvina burnos pienlig\u0119 ir mieli\u0173 infekcijas<\/li>\n<\/ul>\n","protected":false},"featured_media":1126,"comment_status":"open","ping_status":"closed","template":"","meta":[],"product_brand":[],"product_cat":[89,174],"product_tag":[],"expert":[16],"class_list":{"0":"post-1124","1":"product","2":"type-product","3":"status-publish","4":"has-post-thumbnail","6":"product_cat-kandida","7":"product_cat-vaginalines-infekcijos-ir-antifunginiai-preparatai","8":"expert-dr-c-alexandru","10":"first","11":"instock","12":"shipping-taxable","13":"product-type-variable"},"yoast_head":"<!-- This site is optimized with the Yoast SEO plugin v27.0 - https:\/\/yoast.com\/product\/yoast-seo-wordpress\/ -->\n<title>Nystan | Efektyvi antifungin\u0117 priemon\u0117 - Transtoyou<\/title>\n<meta name=\"description\" content=\"Nystan gydo Candida infekcijas, \u012fskaitant burnos pienlig\u0119 ir mak\u0161ties mieli\u0173 infekcij\u0105. Pirkite dabar efektyviam palengv\u0117jimui Transtoyou.\" \/>\n<meta name=\"robots\" content=\"noindex, follow, max-snippet:-1, max-image-preview:large, max-video-preview:-1\" \/>\n<meta property=\"og:locale\" content=\"lt_LT\" \/>\n<meta property=\"og:type\" content=\"article\" \/>\n<meta property=\"og:title\" content=\"Nystan | Efektyvi antifungin\u0117 priemon\u0117 - Transtoyou\" \/>\n<meta property=\"og:description\" content=\"Nystan gydo Candida infekcijas, \u012fskaitant burnos pienlig\u0119 ir mak\u0161ties mieli\u0173 infekcij\u0105. Pirkite dabar efektyviam palengv\u0117jimui Transtoyou.\" \/>\n<meta property=\"og:url\" content=\"https:\/\/www.transtoyou.com\/lt\/product\/nystan\/\" \/>\n<meta property=\"og:site_name\" content=\"Transtoyou - LT\" \/>\n<meta property=\"article:modified_time\" content=\"2026-02-28T11:34:55+00:00\" \/>\n<meta name=\"twitter:card\" content=\"summary_large_image\" \/>\n<meta name=\"twitter:label1\" content=\"Est. reading time\" \/>\n\t<meta name=\"twitter:data1\" content=\"1 minut\u0117\" \/>\n<script type=\"application\/ld+json\" class=\"yoast-schema-graph\">{\"@context\":\"https:\/\/schema.org\",\"@graph\":[{\"@type\":\"WebPage\",\"@id\":\"https:\/\/www.transtoyou.com\/lt\/product\/nystan\/\",\"url\":\"https:\/\/www.transtoyou.com\/lt\/product\/nystan\/\",\"name\":\"Nystan | Efektyvi antifungin\u0117 priemon\u0117 - Transtoyou\",\"isPartOf\":{\"@id\":\"https:\/\/www.transtoyou.com\/lt\/#website\"},\"primaryImageOfPage\":{\"@id\":\"https:\/\/www.transtoyou.com\/lt\/product\/nystan\/#primaryimage\"},\"image\":{\"@id\":\"https:\/\/www.transtoyou.com\/lt\/product\/nystan\/#primaryimage\"},\"thumbnailUrl\":\"https:\/\/www.transtoyou.com\/lt\/wp-content\/uploads\/sites\/9\/2026\/01\/tty-no-product-image-141.webp\",\"datePublished\":\"2026-01-25T03:25:34+00:00\",\"dateModified\":\"2026-02-28T11:34:55+00:00\",\"description\":\"Nystan gydo Candida infekcijas, \u012fskaitant burnos pienlig\u0119 ir mak\u0161ties mieli\u0173 infekcij\u0105. Pirkite dabar efektyviam palengv\u0117jimui Transtoyou.\",\"breadcrumb\":{\"@id\":\"https:\/\/www.transtoyou.com\/lt\/product\/nystan\/#breadcrumb\"},\"inLanguage\":\"lt-LT\",\"potentialAction\":[{\"@type\":\"ReadAction\",\"target\":[\"https:\/\/www.transtoyou.com\/lt\/product\/nystan\/\"]}]},{\"@type\":\"ImageObject\",\"inLanguage\":\"lt-LT\",\"@id\":\"https:\/\/www.transtoyou.com\/lt\/product\/nystan\/#primaryimage\",\"url\":\"https:\/\/www.transtoyou.com\/lt\/wp-content\/uploads\/sites\/9\/2026\/01\/tty-no-product-image-141.webp\",\"contentUrl\":\"https:\/\/www.transtoyou.com\/lt\/wp-content\/uploads\/sites\/9\/2026\/01\/tty-no-product-image-141.webp\",\"width\":1000,\"height\":1000,\"caption\":\"Numatytas produkto vaizdas\"},{\"@type\":\"WebSite\",\"@id\":\"https:\/\/www.transtoyou.com\/lt\/#website\",\"url\":\"https:\/\/www.transtoyou.com\/lt\/\",\"name\":\"Transtoyou - LT\",\"description\":\"\",\"publisher\":{\"@id\":\"https:\/\/www.transtoyou.com\/lt\/#organization\"},\"potentialAction\":[{\"@type\":\"SearchAction\",\"target\":{\"@type\":\"EntryPoint\",\"urlTemplate\":\"https:\/\/www.transtoyou.com\/lt\/?s={search_term_string}\"},\"query-input\":{\"@type\":\"PropertyValueSpecification\",\"valueRequired\":true,\"valueName\":\"search_term_string\"}}],\"inLanguage\":\"lt-LT\"},{\"@type\":\"Organization\",\"@id\":\"https:\/\/www.transtoyou.com\/lt\/#organization\",\"name\":\"Transtoyou - LT\",\"url\":\"https:\/\/www.transtoyou.com\/lt\/\",\"logo\":{\"@type\":\"ImageObject\",\"inLanguage\":\"lt-LT\",\"@id\":\"https:\/\/www.transtoyou.com\/lt\/#\/schema\/logo\/image\/\",\"url\":\"https:\/\/www.transtoyou.com\/lt\/wp-content\/uploads\/sites\/9\/2026\/01\/logo-tty-menu-bar-300x87-1.webp\",\"contentUrl\":\"https:\/\/www.transtoyou.com\/lt\/wp-content\/uploads\/sites\/9\/2026\/01\/logo-tty-menu-bar-300x87-1.webp\",\"width\":300,\"height\":87,\"caption\":\"Transtoyou - LT\"},\"image\":{\"@id\":\"https:\/\/www.transtoyou.com\/lt\/#\/schema\/logo\/image\/\"}}]}<\/script>\n<!-- \/ Yoast SEO plugin. -->","yoast_head_json":{"title":"Nystan | Efektyvi antifungin\u0117 priemon\u0117 - Transtoyou","description":"Nystan gydo Candida infekcijas, \u012fskaitant burnos pienlig\u0119 ir mak\u0161ties mieli\u0173 infekcij\u0105. Pirkite dabar efektyviam palengv\u0117jimui Transtoyou.","robots":{"index":"noindex","follow":"follow","max-snippet":"max-snippet:-1","max-image-preview":"max-image-preview:large","max-video-preview":"max-video-preview:-1"},"og_locale":"lt_LT","og_type":"article","og_title":"Nystan | Efektyvi antifungin\u0117 priemon\u0117 - Transtoyou","og_description":"Nystan gydo Candida infekcijas, \u012fskaitant burnos pienlig\u0119 ir mak\u0161ties mieli\u0173 infekcij\u0105. Pirkite dabar efektyviam palengv\u0117jimui Transtoyou.","og_url":"https:\/\/www.transtoyou.com\/lt\/product\/nystan\/","og_site_name":"Transtoyou - LT","article_modified_time":"2026-02-28T11:34:55+00:00","twitter_card":"summary_large_image","twitter_misc":{"Est. reading time":"1 minut\u0117"},"schema":{"@context":"https:\/\/schema.org","@graph":[{"@type":"WebPage","@id":"https:\/\/www.transtoyou.com\/lt\/product\/nystan\/","url":"https:\/\/www.transtoyou.com\/lt\/product\/nystan\/","name":"Nystan | Efektyvi antifungin\u0117 priemon\u0117 - Transtoyou","isPartOf":{"@id":"https:\/\/www.transtoyou.com\/lt\/#website"},"primaryImageOfPage":{"@id":"https:\/\/www.transtoyou.com\/lt\/product\/nystan\/#primaryimage"},"image":{"@id":"https:\/\/www.transtoyou.com\/lt\/product\/nystan\/#primaryimage"},"thumbnailUrl":"https:\/\/www.transtoyou.com\/lt\/wp-content\/uploads\/sites\/9\/2026\/01\/tty-no-product-image-141.webp","datePublished":"2026-01-25T03:25:34+00:00","dateModified":"2026-02-28T11:34:55+00:00","description":"Nystan gydo Candida infekcijas, \u012fskaitant burnos pienlig\u0119 ir mak\u0161ties mieli\u0173 infekcij\u0105. Pirkite dabar efektyviam palengv\u0117jimui Transtoyou.","breadcrumb":{"@id":"https:\/\/www.transtoyou.com\/lt\/product\/nystan\/#breadcrumb"},"inLanguage":"lt-LT","potentialAction":[{"@type":"ReadAction","target":["https:\/\/www.transtoyou.com\/lt\/product\/nystan\/"]}]},{"@type":"ImageObject","inLanguage":"lt-LT","@id":"https:\/\/www.transtoyou.com\/lt\/product\/nystan\/#primaryimage","url":"https:\/\/www.transtoyou.com\/lt\/wp-content\/uploads\/sites\/9\/2026\/01\/tty-no-product-image-141.webp","contentUrl":"https:\/\/www.transtoyou.com\/lt\/wp-content\/uploads\/sites\/9\/2026\/01\/tty-no-product-image-141.webp","width":1000,"height":1000,"caption":"Numatytas produkto vaizdas"},{"@type":"WebSite","@id":"https:\/\/www.transtoyou.com\/lt\/#website","url":"https:\/\/www.transtoyou.com\/lt\/","name":"Transtoyou - LT","description":"","publisher":{"@id":"https:\/\/www.transtoyou.com\/lt\/#organization"},"potentialAction":[{"@type":"SearchAction","target":{"@type":"EntryPoint","urlTemplate":"https:\/\/www.transtoyou.com\/lt\/?s={search_term_string}"},"query-input":{"@type":"PropertyValueSpecification","valueRequired":true,"valueName":"search_term_string"}}],"inLanguage":"lt-LT"},{"@type":"Organization","@id":"https:\/\/www.transtoyou.com\/lt\/#organization","name":"Transtoyou - LT","url":"https:\/\/www.transtoyou.com\/lt\/","logo":{"@type":"ImageObject","inLanguage":"lt-LT","@id":"https:\/\/www.transtoyou.com\/lt\/#\/schema\/logo\/image\/","url":"https:\/\/www.transtoyou.com\/lt\/wp-content\/uploads\/sites\/9\/2026\/01\/logo-tty-menu-bar-300x87-1.webp","contentUrl":"https:\/\/www.transtoyou.com\/lt\/wp-content\/uploads\/sites\/9\/2026\/01\/logo-tty-menu-bar-300x87-1.webp","width":300,"height":87,"caption":"Transtoyou - LT"},"image":{"@id":"https:\/\/www.transtoyou.com\/lt\/#\/schema\/logo\/image\/"}}]}},"_links":{"self":[{"href":"https:\/\/www.transtoyou.com\/lt\/wp-json\/wp\/v2\/product\/1124","targetHints":{"allow":["GET"]}}],"collection":[{"href":"https:\/\/www.transtoyou.com\/lt\/wp-json\/wp\/v2\/product"}],"about":[{"href":"https:\/\/www.transtoyou.com\/lt\/wp-json\/wp\/v2\/types\/product"}],"replies":[{"embeddable":true,"href":"https:\/\/www.transtoyou.com\/lt\/wp-json\/wp\/v2\/comments?post=1124"}],"wp:featuredmedia":[{"embeddable":true,"href":"https:\/\/www.transtoyou.com\/lt\/wp-json\/wp\/v2\/media\/1126"}],"wp:attachment":[{"href":"https:\/\/www.transtoyou.com\/lt\/wp-json\/wp\/v2\/media?parent=1124"}],"wp:term":[{"taxonomy":"product_brand","embeddable":true,"href":"https:\/\/www.transtoyou.com\/lt\/wp-json\/wp\/v2\/product_brand?post=1124"},{"taxonomy":"product_cat","embeddable":true,"href":"https:\/\/www.transtoyou.com\/lt\/wp-json\/wp\/v2\/product_cat?post=1124"},{"taxonomy":"product_tag","embeddable":true,"href":"https:\/\/www.transtoyou.com\/lt\/wp-json\/wp\/v2\/product_tag?post=1124"},{"taxonomy":"expert","embeddable":true,"href":"https:\/\/www.transtoyou.com\/lt\/wp-json\/wp\/v2\/expert?post=1124"}],"curies":[{"name":"wp","href":"https:\/\/api.w.org\/{rel}","templated":true}]}}