{"id":1130,"date":"2026-01-25T05:59:30","date_gmt":"2026-01-25T03:59:30","guid":{"rendered":"https:\/\/www.transtoyou.com\/lt\/product\/nitrofurantoin\/"},"modified":"2026-02-28T13:09:43","modified_gmt":"2026-02-28T11:09:43","slug":"nitrofurantoin","status":"publish","type":"product","link":"https:\/\/www.transtoyou.com\/lt\/product\/nitrofurantoin\/","title":{"rendered":"Nitrofurantoinas"},"content":{"rendered":"<p>Nitrofurantoin yra antibiotikas, da\u017enai skiriamas \u0161lapimo tak\u0173 infekcijoms (\u0160TI) gydyti ir prevencijai, ypa\u010d tiems, kurie veikia \u0161lapimo p\u016bsl\u0119. Jis ypa\u010d efektyvus prie\u0161 bakterijas, kurios da\u017eniausiai sukelia apatin\u0117s \u0161lapimo tak\u0173 infekcijas, tokias kaip Escherichia coli (E. coli), ir pla\u010diai naudojamas nesud\u0117tingam cistitui moterims gydyti.<\/p>\n<p>Nitrofurantoin veikia patekdama \u012f \u0161lapim\u0105 ir tiesiogiai taikydamasi \u012f bakterijas \u0161lapimo takuose. Jis sutrikdo bakterij\u0173 metabolizm\u0105 ir pa\u017eeid\u017eia bakterij\u0173 DNR, sustabdydamas infekcijos plitim\u0105 ir leisdamas organizmui j\u0105 efektyviau pa\u0161alinti. Kadangi vaistas koncentruojasi \u0161lapime, jis ypa\u010d tinkamas infekcijoms, apribotoms apatin\u0117je \u0161lapimo takuose.<\/p>\n<p>Paprastai jis vartojamas trumpu table\u010di\u0173 kursu, paprastai per tris iki septynias dienas. Kai kuriais atvejais nitrofurantoinas taip pat gali b\u016bti naudojamas ma\u017eomis doz\u0117mis kaip ilgalaik\u0117 prevencin\u0117 priemon\u0117 \u017emon\u0117ms, kurie patiria pasikartojan\u010dias \u0160TI.<\/p>\n<p>Simptomai, tokie kaip deginimas \u0161lapinantis, da\u017eni norai \u0161lapintis ir apatin\u0117s pilvo diskomfortas, da\u017enai pradeda ger\u0117ti per por\u0105 dien\u0173 nuo vaisto vartojimo prad\u017eios. Norint u\u017etikrinti visi\u0161k\u0105 pasveikim\u0105 ir i\u0161vengti atsparumo, svarbu baigti paskirt\u0105 kurs\u0105, net jei simptomai i\u0161nyksta anksti.<\/p>\n<p>Nitrofurantoin paprastai gerai toleruojamas, o lengvi \u0161alutiniai poveikiai, tokie kaip pykinimas, galvos skausmas ar \u0161lapimo spalvos poky\u010diai, yra da\u017eniausi. Rimti \u0161alutiniai poveikiai yra reti, ta\u010diau gali pasireik\u0161ti \u017emon\u0117ms su inkst\u0173 problemomis arba tiems, kurie vaist\u0105 vartoja ilg\u0105 laik\u0105.<\/p>\n<p>Jis n\u0117ra tinkamas visiems, ypa\u010d tiems, kurie turi suma\u017e\u0117jusi\u0105 inkst\u0173 funkcij\u0105 arba v\u0117lesn\u0117se n\u0117\u0161tumo stadijose.<\/p>\n","protected":false},"excerpt":{"rendered":"<ul>\n<li>Efektyv\u016bs UTI gydymo b\u016bdai<\/li>\n<li>Ma\u017eas atsparumo rizikos lygis<\/li>\n<li>Taikoma veikla su minimaliais \u0161alutiniais poveikiais<\/li>\n<\/ul>\n","protected":false},"featured_media":1132,"comment_status":"open","ping_status":"closed","template":"","meta":[],"product_brand":[],"product_cat":[86],"product_tag":[],"expert":[18],"class_list":{"0":"post-1130","1":"product","2":"type-product","3":"status-publish","4":"has-post-thumbnail","6":"product_cat-slapimo-pusles-ir-slapimo-taku-infekcijos","7":"expert-dr-g-varbanov","9":"first","10":"instock","11":"shipping-taxable","12":"product-type-variable"},"yoast_head":"<!-- This site is optimized with the Yoast SEO plugin v27.0 - https:\/\/yoast.com\/product\/yoast-seo-wordpress\/ -->\n<title>Nitrofurantoin | Efektyvi UTI antibiotik\u0173 priemon\u0117 - Transtoyou<\/title>\n<meta name=\"description\" content=\"Atraskite Nitrofurantoin, efektyv\u0173 \u0161lapimo tak\u0173 infekcij\u0173 gydymui. Pasiekiamas Transtoyou \u0161iandien.\" \/>\n<meta name=\"robots\" content=\"noindex, follow, max-snippet:-1, max-image-preview:large, max-video-preview:-1\" \/>\n<meta property=\"og:locale\" content=\"lt_LT\" \/>\n<meta property=\"og:type\" content=\"article\" \/>\n<meta property=\"og:title\" content=\"Nitrofurantoin | Efektyvi UTI antibiotik\u0173 priemon\u0117 - Transtoyou\" \/>\n<meta property=\"og:description\" content=\"Atraskite Nitrofurantoin, efektyv\u0173 \u0161lapimo tak\u0173 infekcij\u0173 gydymui. Pasiekiamas Transtoyou \u0161iandien.\" \/>\n<meta property=\"og:url\" content=\"https:\/\/www.transtoyou.com\/lt\/product\/nitrofurantoin\/\" \/>\n<meta property=\"og:site_name\" content=\"Transtoyou - LT\" \/>\n<meta property=\"article:modified_time\" content=\"2026-02-28T11:09:43+00:00\" \/>\n<meta name=\"twitter:card\" content=\"summary_large_image\" \/>\n<meta name=\"twitter:label1\" content=\"Est. reading time\" \/>\n\t<meta name=\"twitter:data1\" content=\"1 minut\u0117\" \/>\n<script type=\"application\/ld+json\" class=\"yoast-schema-graph\">{\"@context\":\"https:\/\/schema.org\",\"@graph\":[{\"@type\":\"WebPage\",\"@id\":\"https:\/\/www.transtoyou.com\/lt\/product\/nitrofurantoin\/\",\"url\":\"https:\/\/www.transtoyou.com\/lt\/product\/nitrofurantoin\/\",\"name\":\"Nitrofurantoin | Efektyvi UTI antibiotik\u0173 priemon\u0117 - Transtoyou\",\"isPartOf\":{\"@id\":\"https:\/\/www.transtoyou.com\/lt\/#website\"},\"primaryImageOfPage\":{\"@id\":\"https:\/\/www.transtoyou.com\/lt\/product\/nitrofurantoin\/#primaryimage\"},\"image\":{\"@id\":\"https:\/\/www.transtoyou.com\/lt\/product\/nitrofurantoin\/#primaryimage\"},\"thumbnailUrl\":\"https:\/\/www.transtoyou.com\/lt\/wp-content\/uploads\/sites\/9\/2026\/01\/tty-no-product-image-143.webp\",\"datePublished\":\"2026-01-25T03:59:30+00:00\",\"dateModified\":\"2026-02-28T11:09:43+00:00\",\"description\":\"Atraskite Nitrofurantoin, efektyv\u0173 \u0161lapimo tak\u0173 infekcij\u0173 gydymui. Pasiekiamas Transtoyou \u0161iandien.\",\"breadcrumb\":{\"@id\":\"https:\/\/www.transtoyou.com\/lt\/product\/nitrofurantoin\/#breadcrumb\"},\"inLanguage\":\"lt-LT\",\"potentialAction\":[{\"@type\":\"ReadAction\",\"target\":[\"https:\/\/www.transtoyou.com\/lt\/product\/nitrofurantoin\/\"]}]},{\"@type\":\"ImageObject\",\"inLanguage\":\"lt-LT\",\"@id\":\"https:\/\/www.transtoyou.com\/lt\/product\/nitrofurantoin\/#primaryimage\",\"url\":\"https:\/\/www.transtoyou.com\/lt\/wp-content\/uploads\/sites\/9\/2026\/01\/tty-no-product-image-143.webp\",\"contentUrl\":\"https:\/\/www.transtoyou.com\/lt\/wp-content\/uploads\/sites\/9\/2026\/01\/tty-no-product-image-143.webp\",\"width\":1000,\"height\":1000,\"caption\":\"Numatytasis produkto vaizdas\"},{\"@type\":\"WebSite\",\"@id\":\"https:\/\/www.transtoyou.com\/lt\/#website\",\"url\":\"https:\/\/www.transtoyou.com\/lt\/\",\"name\":\"Transtoyou - LT\",\"description\":\"\",\"publisher\":{\"@id\":\"https:\/\/www.transtoyou.com\/lt\/#organization\"},\"potentialAction\":[{\"@type\":\"SearchAction\",\"target\":{\"@type\":\"EntryPoint\",\"urlTemplate\":\"https:\/\/www.transtoyou.com\/lt\/?s={search_term_string}\"},\"query-input\":{\"@type\":\"PropertyValueSpecification\",\"valueRequired\":true,\"valueName\":\"search_term_string\"}}],\"inLanguage\":\"lt-LT\"},{\"@type\":\"Organization\",\"@id\":\"https:\/\/www.transtoyou.com\/lt\/#organization\",\"name\":\"Transtoyou - LT\",\"url\":\"https:\/\/www.transtoyou.com\/lt\/\",\"logo\":{\"@type\":\"ImageObject\",\"inLanguage\":\"lt-LT\",\"@id\":\"https:\/\/www.transtoyou.com\/lt\/#\/schema\/logo\/image\/\",\"url\":\"https:\/\/www.transtoyou.com\/lt\/wp-content\/uploads\/sites\/9\/2026\/01\/logo-tty-menu-bar-300x87-1.webp\",\"contentUrl\":\"https:\/\/www.transtoyou.com\/lt\/wp-content\/uploads\/sites\/9\/2026\/01\/logo-tty-menu-bar-300x87-1.webp\",\"width\":300,\"height\":87,\"caption\":\"Transtoyou - LT\"},\"image\":{\"@id\":\"https:\/\/www.transtoyou.com\/lt\/#\/schema\/logo\/image\/\"}}]}<\/script>\n<!-- \/ Yoast SEO plugin. -->","yoast_head_json":{"title":"Nitrofurantoin | Efektyvi UTI antibiotik\u0173 priemon\u0117 - Transtoyou","description":"Atraskite Nitrofurantoin, efektyv\u0173 \u0161lapimo tak\u0173 infekcij\u0173 gydymui. Pasiekiamas Transtoyou \u0161iandien.","robots":{"index":"noindex","follow":"follow","max-snippet":"max-snippet:-1","max-image-preview":"max-image-preview:large","max-video-preview":"max-video-preview:-1"},"og_locale":"lt_LT","og_type":"article","og_title":"Nitrofurantoin | Efektyvi UTI antibiotik\u0173 priemon\u0117 - Transtoyou","og_description":"Atraskite Nitrofurantoin, efektyv\u0173 \u0161lapimo tak\u0173 infekcij\u0173 gydymui. Pasiekiamas Transtoyou \u0161iandien.","og_url":"https:\/\/www.transtoyou.com\/lt\/product\/nitrofurantoin\/","og_site_name":"Transtoyou - LT","article_modified_time":"2026-02-28T11:09:43+00:00","twitter_card":"summary_large_image","twitter_misc":{"Est. reading time":"1 minut\u0117"},"schema":{"@context":"https:\/\/schema.org","@graph":[{"@type":"WebPage","@id":"https:\/\/www.transtoyou.com\/lt\/product\/nitrofurantoin\/","url":"https:\/\/www.transtoyou.com\/lt\/product\/nitrofurantoin\/","name":"Nitrofurantoin | Efektyvi UTI antibiotik\u0173 priemon\u0117 - Transtoyou","isPartOf":{"@id":"https:\/\/www.transtoyou.com\/lt\/#website"},"primaryImageOfPage":{"@id":"https:\/\/www.transtoyou.com\/lt\/product\/nitrofurantoin\/#primaryimage"},"image":{"@id":"https:\/\/www.transtoyou.com\/lt\/product\/nitrofurantoin\/#primaryimage"},"thumbnailUrl":"https:\/\/www.transtoyou.com\/lt\/wp-content\/uploads\/sites\/9\/2026\/01\/tty-no-product-image-143.webp","datePublished":"2026-01-25T03:59:30+00:00","dateModified":"2026-02-28T11:09:43+00:00","description":"Atraskite Nitrofurantoin, efektyv\u0173 \u0161lapimo tak\u0173 infekcij\u0173 gydymui. Pasiekiamas Transtoyou \u0161iandien.","breadcrumb":{"@id":"https:\/\/www.transtoyou.com\/lt\/product\/nitrofurantoin\/#breadcrumb"},"inLanguage":"lt-LT","potentialAction":[{"@type":"ReadAction","target":["https:\/\/www.transtoyou.com\/lt\/product\/nitrofurantoin\/"]}]},{"@type":"ImageObject","inLanguage":"lt-LT","@id":"https:\/\/www.transtoyou.com\/lt\/product\/nitrofurantoin\/#primaryimage","url":"https:\/\/www.transtoyou.com\/lt\/wp-content\/uploads\/sites\/9\/2026\/01\/tty-no-product-image-143.webp","contentUrl":"https:\/\/www.transtoyou.com\/lt\/wp-content\/uploads\/sites\/9\/2026\/01\/tty-no-product-image-143.webp","width":1000,"height":1000,"caption":"Numatytasis produkto vaizdas"},{"@type":"WebSite","@id":"https:\/\/www.transtoyou.com\/lt\/#website","url":"https:\/\/www.transtoyou.com\/lt\/","name":"Transtoyou - LT","description":"","publisher":{"@id":"https:\/\/www.transtoyou.com\/lt\/#organization"},"potentialAction":[{"@type":"SearchAction","target":{"@type":"EntryPoint","urlTemplate":"https:\/\/www.transtoyou.com\/lt\/?s={search_term_string}"},"query-input":{"@type":"PropertyValueSpecification","valueRequired":true,"valueName":"search_term_string"}}],"inLanguage":"lt-LT"},{"@type":"Organization","@id":"https:\/\/www.transtoyou.com\/lt\/#organization","name":"Transtoyou - LT","url":"https:\/\/www.transtoyou.com\/lt\/","logo":{"@type":"ImageObject","inLanguage":"lt-LT","@id":"https:\/\/www.transtoyou.com\/lt\/#\/schema\/logo\/image\/","url":"https:\/\/www.transtoyou.com\/lt\/wp-content\/uploads\/sites\/9\/2026\/01\/logo-tty-menu-bar-300x87-1.webp","contentUrl":"https:\/\/www.transtoyou.com\/lt\/wp-content\/uploads\/sites\/9\/2026\/01\/logo-tty-menu-bar-300x87-1.webp","width":300,"height":87,"caption":"Transtoyou - LT"},"image":{"@id":"https:\/\/www.transtoyou.com\/lt\/#\/schema\/logo\/image\/"}}]}},"_links":{"self":[{"href":"https:\/\/www.transtoyou.com\/lt\/wp-json\/wp\/v2\/product\/1130","targetHints":{"allow":["GET"]}}],"collection":[{"href":"https:\/\/www.transtoyou.com\/lt\/wp-json\/wp\/v2\/product"}],"about":[{"href":"https:\/\/www.transtoyou.com\/lt\/wp-json\/wp\/v2\/types\/product"}],"replies":[{"embeddable":true,"href":"https:\/\/www.transtoyou.com\/lt\/wp-json\/wp\/v2\/comments?post=1130"}],"wp:featuredmedia":[{"embeddable":true,"href":"https:\/\/www.transtoyou.com\/lt\/wp-json\/wp\/v2\/media\/1132"}],"wp:attachment":[{"href":"https:\/\/www.transtoyou.com\/lt\/wp-json\/wp\/v2\/media?parent=1130"}],"wp:term":[{"taxonomy":"product_brand","embeddable":true,"href":"https:\/\/www.transtoyou.com\/lt\/wp-json\/wp\/v2\/product_brand?post=1130"},{"taxonomy":"product_cat","embeddable":true,"href":"https:\/\/www.transtoyou.com\/lt\/wp-json\/wp\/v2\/product_cat?post=1130"},{"taxonomy":"product_tag","embeddable":true,"href":"https:\/\/www.transtoyou.com\/lt\/wp-json\/wp\/v2\/product_tag?post=1130"},{"taxonomy":"expert","embeddable":true,"href":"https:\/\/www.transtoyou.com\/lt\/wp-json\/wp\/v2\/expert?post=1130"}],"curies":[{"name":"wp","href":"https:\/\/api.w.org\/{rel}","templated":true}]}}