{"id":1145,"date":"2026-01-25T07:28:47","date_gmt":"2026-01-25T05:28:47","guid":{"rendered":"https:\/\/www.transtoyou.com\/lt\/product\/relvar\/"},"modified":"2026-03-03T13:13:55","modified_gmt":"2026-03-03T11:13:55","slug":"relvar","status":"publish","type":"product","link":"https:\/\/www.transtoyou.com\/lt\/product\/relvar\/","title":{"rendered":"Relvar"},"content":{"rendered":"<p>Valdyti l\u0117tines kv\u0117pavimo tak\u0173 ligas gali b\u016bti sud\u0117tinga, ta\u010diau Relvar si\u016blo patog\u0173 ir veiksming\u0105 sprendim\u0105 astmos ir LOPL pacientams. \u0160is kombinuotas inhaliatorius suteikia ilgalaik\u0119 simptom\u0173 kontrol\u0119, pad\u0117damas \u017emon\u0117ms lengviau kv\u0117puoti ir i\u0161laikyti geresn\u0119 gyvenimo kokyb\u0119.<\/p>\n<p>Relvar sud\u0117tyje yra dviej\u0173 veikli\u0173j\u0173 med\u017eiag\u0173: flutikazono furoato, kortikosteroid\u0173, kuris ma\u017eina u\u017edegim\u0105 kv\u0117pavimo takuose, ir vilanterolio, ilgai veikian\u010dio beta-agonisto, kuris padeda i\u0161laikyti kv\u0117pavimo takus atvirus. Veikdami kartu, \u0161ie komponentai suteikia 24 valand\u0173 kv\u0117pavimo palaikym\u0105 su viena kasdienine doze.<\/p>\n<p>Skirtingai nuo greito atpalaidavimo inhaliatori\u0173, Relvar yra sukurtas nuolatiniam, ilgalaikiam naudojimui kaip dalis palaikomojo gydymo plano. Jis padeda u\u017ekirsti keli\u0105 pa\u016bm\u0117jimams, gerina plau\u010di\u0173 funkcij\u0105 ir ma\u017eina poreik\u012f gelbstin\u010diai medicinacijai.<\/p>\n<p>Nors paprastai gerai toleruojamas, kai kurie asmenys gali patirti lengv\u0173 \u0161alutini\u0173 poveiki\u0173, toki\u0173 kaip gerkl\u0117s dirginimas, \u0161iurk\u0161tus balsas ar grybelin\u0117s infekcijos burnoje, kuriuos galima suma\u017einti i\u0161skalaujant burn\u0105 po naudojimo. Relvar visada tur\u0117t\u0173 b\u016bti vartojamas medicinin\u0117s prie\u017ei\u016bros metu, kad b\u016bt\u0173 u\u017etikrintas tinkamas kv\u0117pavimo tak\u0173 lig\u0173 valdymas.<\/p>\n","protected":false},"excerpt":{"rendered":"<ul>\n<li>Teikia 24 valand\u0173 astmos ir COPD kontrol\u0119.<\/li>\n<li>Ma\u017eina u\u017edegim\u0105 ir palaiko kv\u0117pavimo takus atvirus.<\/li>\n<li>Patogus vartojimas kart\u0105 per dien\u0105.<\/li>\n<\/ul>\n","protected":false},"featured_media":1147,"comment_status":"open","ping_status":"closed","template":"","meta":[],"product_brand":[],"product_cat":[80,98],"product_tag":[],"expert":[16],"class_list":{"0":"post-1145","1":"product","2":"type-product","3":"status-publish","4":"has-post-thumbnail","6":"product_cat-astma","7":"product_cat-letinis-obstrukcinis-plauciu-ligas-lopl","8":"expert-dr-c-alexandru","10":"first","11":"instock","12":"shipping-taxable","13":"product-type-variable"},"yoast_head":"<!-- This site is optimized with the Yoast SEO plugin v27.0 - https:\/\/yoast.com\/product\/yoast-seo-wordpress\/ -->\n<title>Relvar | Kv\u0117puok lengviau su 24 valand\u0173 parama - Transtoyou<\/title>\n<meta name=\"description\" content=\"Relvar: Lengvai valdykite astm\u0105 ir COPD. Ilgalaik\u0117 simptom\u0173 kontrol\u0117 vienoje doz\u0117je. Pasiekiama Transtoyou. Pirkite dabar kv\u0117pavimo palaikymui.\" \/>\n<meta name=\"robots\" content=\"noindex, follow, max-snippet:-1, max-image-preview:large, max-video-preview:-1\" \/>\n<meta property=\"og:locale\" content=\"lt_LT\" \/>\n<meta property=\"og:type\" content=\"article\" \/>\n<meta property=\"og:title\" content=\"Relvar | Kv\u0117puok lengviau su 24 valand\u0173 parama - Transtoyou\" \/>\n<meta property=\"og:description\" content=\"Relvar: Lengvai valdykite astm\u0105 ir COPD. Ilgalaik\u0117 simptom\u0173 kontrol\u0117 vienoje doz\u0117je. Pasiekiama Transtoyou. Pirkite dabar kv\u0117pavimo palaikymui.\" \/>\n<meta property=\"og:url\" content=\"https:\/\/www.transtoyou.com\/lt\/product\/relvar\/\" \/>\n<meta property=\"og:site_name\" content=\"Transtoyou - LT\" \/>\n<meta property=\"article:modified_time\" content=\"2026-03-03T11:13:55+00:00\" \/>\n<meta name=\"twitter:card\" content=\"summary_large_image\" \/>\n<meta name=\"twitter:label1\" content=\"Est. reading time\" \/>\n\t<meta name=\"twitter:data1\" content=\"1 minut\u0117\" \/>\n<script type=\"application\/ld+json\" class=\"yoast-schema-graph\">{\"@context\":\"https:\/\/schema.org\",\"@graph\":[{\"@type\":\"WebPage\",\"@id\":\"https:\/\/www.transtoyou.com\/lt\/product\/relvar\/\",\"url\":\"https:\/\/www.transtoyou.com\/lt\/product\/relvar\/\",\"name\":\"Relvar | Kv\u0117puok lengviau su 24 valand\u0173 parama - Transtoyou\",\"isPartOf\":{\"@id\":\"https:\/\/www.transtoyou.com\/lt\/#website\"},\"primaryImageOfPage\":{\"@id\":\"https:\/\/www.transtoyou.com\/lt\/product\/relvar\/#primaryimage\"},\"image\":{\"@id\":\"https:\/\/www.transtoyou.com\/lt\/product\/relvar\/#primaryimage\"},\"thumbnailUrl\":\"https:\/\/www.transtoyou.com\/lt\/wp-content\/uploads\/sites\/9\/2026\/01\/tty-no-product-image-148.webp\",\"datePublished\":\"2026-01-25T05:28:47+00:00\",\"dateModified\":\"2026-03-03T11:13:55+00:00\",\"description\":\"Relvar: Lengvai valdykite astm\u0105 ir COPD. Ilgalaik\u0117 simptom\u0173 kontrol\u0117 vienoje doz\u0117je. Pasiekiama Transtoyou. Pirkite dabar kv\u0117pavimo palaikymui.\",\"breadcrumb\":{\"@id\":\"https:\/\/www.transtoyou.com\/lt\/product\/relvar\/#breadcrumb\"},\"inLanguage\":\"lt-LT\",\"potentialAction\":[{\"@type\":\"ReadAction\",\"target\":[\"https:\/\/www.transtoyou.com\/lt\/product\/relvar\/\"]}]},{\"@type\":\"ImageObject\",\"inLanguage\":\"lt-LT\",\"@id\":\"https:\/\/www.transtoyou.com\/lt\/product\/relvar\/#primaryimage\",\"url\":\"https:\/\/www.transtoyou.com\/lt\/wp-content\/uploads\/sites\/9\/2026\/01\/tty-no-product-image-148.webp\",\"contentUrl\":\"https:\/\/www.transtoyou.com\/lt\/wp-content\/uploads\/sites\/9\/2026\/01\/tty-no-product-image-148.webp\",\"width\":1000,\"height\":1000,\"caption\":\"Numatytas produkto vaizdas\"},{\"@type\":\"WebSite\",\"@id\":\"https:\/\/www.transtoyou.com\/lt\/#website\",\"url\":\"https:\/\/www.transtoyou.com\/lt\/\",\"name\":\"Transtoyou - LT\",\"description\":\"\",\"publisher\":{\"@id\":\"https:\/\/www.transtoyou.com\/lt\/#organization\"},\"potentialAction\":[{\"@type\":\"SearchAction\",\"target\":{\"@type\":\"EntryPoint\",\"urlTemplate\":\"https:\/\/www.transtoyou.com\/lt\/?s={search_term_string}\"},\"query-input\":{\"@type\":\"PropertyValueSpecification\",\"valueRequired\":true,\"valueName\":\"search_term_string\"}}],\"inLanguage\":\"lt-LT\"},{\"@type\":\"Organization\",\"@id\":\"https:\/\/www.transtoyou.com\/lt\/#organization\",\"name\":\"Transtoyou - LT\",\"url\":\"https:\/\/www.transtoyou.com\/lt\/\",\"logo\":{\"@type\":\"ImageObject\",\"inLanguage\":\"lt-LT\",\"@id\":\"https:\/\/www.transtoyou.com\/lt\/#\/schema\/logo\/image\/\",\"url\":\"https:\/\/www.transtoyou.com\/lt\/wp-content\/uploads\/sites\/9\/2026\/01\/logo-tty-menu-bar-300x87-1.webp\",\"contentUrl\":\"https:\/\/www.transtoyou.com\/lt\/wp-content\/uploads\/sites\/9\/2026\/01\/logo-tty-menu-bar-300x87-1.webp\",\"width\":300,\"height\":87,\"caption\":\"Transtoyou - LT\"},\"image\":{\"@id\":\"https:\/\/www.transtoyou.com\/lt\/#\/schema\/logo\/image\/\"}}]}<\/script>\n<!-- \/ Yoast SEO plugin. -->","yoast_head_json":{"title":"Relvar | Kv\u0117puok lengviau su 24 valand\u0173 parama - Transtoyou","description":"Relvar: Lengvai valdykite astm\u0105 ir COPD. Ilgalaik\u0117 simptom\u0173 kontrol\u0117 vienoje doz\u0117je. Pasiekiama Transtoyou. Pirkite dabar kv\u0117pavimo palaikymui.","robots":{"index":"noindex","follow":"follow","max-snippet":"max-snippet:-1","max-image-preview":"max-image-preview:large","max-video-preview":"max-video-preview:-1"},"og_locale":"lt_LT","og_type":"article","og_title":"Relvar | Kv\u0117puok lengviau su 24 valand\u0173 parama - Transtoyou","og_description":"Relvar: Lengvai valdykite astm\u0105 ir COPD. Ilgalaik\u0117 simptom\u0173 kontrol\u0117 vienoje doz\u0117je. Pasiekiama Transtoyou. Pirkite dabar kv\u0117pavimo palaikymui.","og_url":"https:\/\/www.transtoyou.com\/lt\/product\/relvar\/","og_site_name":"Transtoyou - LT","article_modified_time":"2026-03-03T11:13:55+00:00","twitter_card":"summary_large_image","twitter_misc":{"Est. reading time":"1 minut\u0117"},"schema":{"@context":"https:\/\/schema.org","@graph":[{"@type":"WebPage","@id":"https:\/\/www.transtoyou.com\/lt\/product\/relvar\/","url":"https:\/\/www.transtoyou.com\/lt\/product\/relvar\/","name":"Relvar | Kv\u0117puok lengviau su 24 valand\u0173 parama - Transtoyou","isPartOf":{"@id":"https:\/\/www.transtoyou.com\/lt\/#website"},"primaryImageOfPage":{"@id":"https:\/\/www.transtoyou.com\/lt\/product\/relvar\/#primaryimage"},"image":{"@id":"https:\/\/www.transtoyou.com\/lt\/product\/relvar\/#primaryimage"},"thumbnailUrl":"https:\/\/www.transtoyou.com\/lt\/wp-content\/uploads\/sites\/9\/2026\/01\/tty-no-product-image-148.webp","datePublished":"2026-01-25T05:28:47+00:00","dateModified":"2026-03-03T11:13:55+00:00","description":"Relvar: Lengvai valdykite astm\u0105 ir COPD. Ilgalaik\u0117 simptom\u0173 kontrol\u0117 vienoje doz\u0117je. Pasiekiama Transtoyou. Pirkite dabar kv\u0117pavimo palaikymui.","breadcrumb":{"@id":"https:\/\/www.transtoyou.com\/lt\/product\/relvar\/#breadcrumb"},"inLanguage":"lt-LT","potentialAction":[{"@type":"ReadAction","target":["https:\/\/www.transtoyou.com\/lt\/product\/relvar\/"]}]},{"@type":"ImageObject","inLanguage":"lt-LT","@id":"https:\/\/www.transtoyou.com\/lt\/product\/relvar\/#primaryimage","url":"https:\/\/www.transtoyou.com\/lt\/wp-content\/uploads\/sites\/9\/2026\/01\/tty-no-product-image-148.webp","contentUrl":"https:\/\/www.transtoyou.com\/lt\/wp-content\/uploads\/sites\/9\/2026\/01\/tty-no-product-image-148.webp","width":1000,"height":1000,"caption":"Numatytas produkto vaizdas"},{"@type":"WebSite","@id":"https:\/\/www.transtoyou.com\/lt\/#website","url":"https:\/\/www.transtoyou.com\/lt\/","name":"Transtoyou - LT","description":"","publisher":{"@id":"https:\/\/www.transtoyou.com\/lt\/#organization"},"potentialAction":[{"@type":"SearchAction","target":{"@type":"EntryPoint","urlTemplate":"https:\/\/www.transtoyou.com\/lt\/?s={search_term_string}"},"query-input":{"@type":"PropertyValueSpecification","valueRequired":true,"valueName":"search_term_string"}}],"inLanguage":"lt-LT"},{"@type":"Organization","@id":"https:\/\/www.transtoyou.com\/lt\/#organization","name":"Transtoyou - LT","url":"https:\/\/www.transtoyou.com\/lt\/","logo":{"@type":"ImageObject","inLanguage":"lt-LT","@id":"https:\/\/www.transtoyou.com\/lt\/#\/schema\/logo\/image\/","url":"https:\/\/www.transtoyou.com\/lt\/wp-content\/uploads\/sites\/9\/2026\/01\/logo-tty-menu-bar-300x87-1.webp","contentUrl":"https:\/\/www.transtoyou.com\/lt\/wp-content\/uploads\/sites\/9\/2026\/01\/logo-tty-menu-bar-300x87-1.webp","width":300,"height":87,"caption":"Transtoyou - LT"},"image":{"@id":"https:\/\/www.transtoyou.com\/lt\/#\/schema\/logo\/image\/"}}]}},"_links":{"self":[{"href":"https:\/\/www.transtoyou.com\/lt\/wp-json\/wp\/v2\/product\/1145","targetHints":{"allow":["GET"]}}],"collection":[{"href":"https:\/\/www.transtoyou.com\/lt\/wp-json\/wp\/v2\/product"}],"about":[{"href":"https:\/\/www.transtoyou.com\/lt\/wp-json\/wp\/v2\/types\/product"}],"replies":[{"embeddable":true,"href":"https:\/\/www.transtoyou.com\/lt\/wp-json\/wp\/v2\/comments?post=1145"}],"wp:featuredmedia":[{"embeddable":true,"href":"https:\/\/www.transtoyou.com\/lt\/wp-json\/wp\/v2\/media\/1147"}],"wp:attachment":[{"href":"https:\/\/www.transtoyou.com\/lt\/wp-json\/wp\/v2\/media?parent=1145"}],"wp:term":[{"taxonomy":"product_brand","embeddable":true,"href":"https:\/\/www.transtoyou.com\/lt\/wp-json\/wp\/v2\/product_brand?post=1145"},{"taxonomy":"product_cat","embeddable":true,"href":"https:\/\/www.transtoyou.com\/lt\/wp-json\/wp\/v2\/product_cat?post=1145"},{"taxonomy":"product_tag","embeddable":true,"href":"https:\/\/www.transtoyou.com\/lt\/wp-json\/wp\/v2\/product_tag?post=1145"},{"taxonomy":"expert","embeddable":true,"href":"https:\/\/www.transtoyou.com\/lt\/wp-json\/wp\/v2\/expert?post=1145"}],"curies":[{"name":"wp","href":"https:\/\/api.w.org\/{rel}","templated":true}]}}