{"id":1172,"date":"2026-01-25T20:21:31","date_gmt":"2026-01-25T18:21:31","guid":{"rendered":"https:\/\/www.transtoyou.com\/lt\/product\/antabuse\/"},"modified":"2026-01-25T20:22:36","modified_gmt":"2026-01-25T18:22:36","slug":"antabuzas","status":"publish","type":"product","link":"https:\/\/www.transtoyou.com\/lt\/product\/antabuzas\/","title":{"rendered":"Antabuse"},"content":{"rendered":"<p>Antabuse (disulfiramas) yra receptinis vaistas, sukurtas pad\u0117ti asmenims atsigauti nuo alkoholio priklausomyb\u0117s. Jis veikia sukeldamas \u016bm\u0173 jautrum\u0105 alkoholui. Vartojant alkohol\u012f kartu su Antabuse, pasirei\u0161kia nemalon\u016bs poveikiai, tokie kaip pykinimas, paraudimas ir greitas \u0161irdies plakimas, kas atbaido nuo tolesnio alkoholio vartojimo.<\/p>\n<p>Antabuse paprastai naudojamas kaip dalis i\u0161samios gydymo programos, kuri apima konsultacijas ir palaikymo programas. Tai n\u0117ra alkoholizmo gydymas, bet veikia kaip atgrasymo priemon\u0117 nuo g\u0117rimo, padedanti asmenims i\u0161laikyti blaivum\u0105.<\/p>\n<p>Antabuse paprastai skiriamas ilgalaikiam vartojimui grie\u017etai pri\u017ei\u016brint gydytojui, kad b\u016bt\u0173 u\u017etikrintas laikymasis ir efektyvumas. Jis tiekiamas tablet\u0117mis ir vartojamas per burn\u0105 kart\u0105 per dien\u0105, pageidautina ryte.<\/p>\n<p>Da\u017eniausi \u0161alutiniai poveikiai yra mieguistumas, galvos skausmas ir metalinis skonis burnoje. Retai pasitaikantys, bet rimti \u0161alutiniai poveikiai gali apimti kepen\u0173 toksin\u012f poveik\u012f, tod\u0117l gydymo metu b\u016btina reguliariai steb\u0117ti kepen\u0173 funkcij\u0105. Antabuse niekada netur\u0117t\u0173 b\u016bti vartojamas kartu su alkoholiu ar alkoholio turin\u010diais produktais, tokiais kaip tam tikri kosulio sirupai ar pada\u017eai.<\/p>\n","protected":false},"excerpt":{"rendered":"<ul>\n<li>Padeda atsigauti po alkoholizmo<\/li>\n<li>Veikia kaip atgrasymo priemon\u0117 nuo g\u0117rimo<\/li>\n<li>Yra i\u0161samaus gydymo plano dalis<\/li>\n<\/ul>\n","protected":false},"featured_media":1174,"comment_status":"open","ping_status":"closed","template":"","meta":[],"product_brand":[],"product_cat":[74],"product_tag":[],"expert":[19],"class_list":{"0":"post-1172","1":"product","2":"type-product","3":"status-publish","4":"has-post-thumbnail","6":"product_cat-alkoholio-atsistatymo-priemones","7":"expert-dr-j-vazquez","9":"first","10":"instock","11":"shipping-taxable","12":"product-type-variable"},"yoast_head":"<!-- This site is optimized with the Yoast SEO plugin v27.0 - https:\/\/yoast.com\/product\/yoast-seo-wordpress\/ -->\n<title>Antabuse | Efektyvi parama blaivumui - Transtoyou<\/title>\n<meta name=\"description\" content=\"Atraskite Antabuse, receptin\u012f vaist\u0105 alkoholizmo gydymui, prieinam\u0105 Transtoyou. Palaiko blaivum\u0105 su medicinine prie\u017ei\u016bra. Su\u017einokite daugiau \u0161iandien.\" \/>\n<meta name=\"robots\" content=\"noindex, follow, max-snippet:-1, max-image-preview:large, max-video-preview:-1\" \/>\n<meta property=\"og:locale\" content=\"lt_LT\" \/>\n<meta property=\"og:type\" content=\"article\" \/>\n<meta property=\"og:title\" content=\"Antabuse | Efektyvi parama blaivumui - Transtoyou\" \/>\n<meta property=\"og:description\" content=\"Atraskite Antabuse, receptin\u012f vaist\u0105 alkoholizmo gydymui, prieinam\u0105 Transtoyou. Palaiko blaivum\u0105 su medicinine prie\u017ei\u016bra. Su\u017einokite daugiau \u0161iandien.\" \/>\n<meta property=\"og:url\" content=\"https:\/\/www.transtoyou.com\/lt\/product\/antabuse\/\" \/>\n<meta property=\"og:site_name\" content=\"Transtoyou - LT\" \/>\n<meta property=\"article:modified_time\" content=\"2026-01-25T18:22:36+00:00\" \/>\n<meta name=\"twitter:card\" content=\"summary_large_image\" \/>\n<meta name=\"twitter:label1\" content=\"Est. reading time\" \/>\n\t<meta name=\"twitter:data1\" content=\"1 minut\u0117\" \/>\n<script type=\"application\/ld+json\" class=\"yoast-schema-graph\">{\"@context\":\"https:\/\/schema.org\",\"@graph\":[{\"@type\":\"WebPage\",\"@id\":\"https:\/\/www.transtoyou.com\/lt\/product\/antabuse\/\",\"url\":\"https:\/\/www.transtoyou.com\/lt\/product\/antabuse\/\",\"name\":\"Antabuse | Efektyvi parama blaivumui - Transtoyou\",\"isPartOf\":{\"@id\":\"https:\/\/www.transtoyou.com\/lt\/#website\"},\"primaryImageOfPage\":{\"@id\":\"https:\/\/www.transtoyou.com\/lt\/product\/antabuse\/#primaryimage\"},\"image\":{\"@id\":\"https:\/\/www.transtoyou.com\/lt\/product\/antabuse\/#primaryimage\"},\"thumbnailUrl\":\"https:\/\/www.transtoyou.com\/lt\/wp-content\/uploads\/sites\/9\/2026\/01\/tty-no-product-image-157.webp\",\"datePublished\":\"2026-01-25T18:21:31+00:00\",\"dateModified\":\"2026-01-25T18:22:36+00:00\",\"description\":\"Atraskite Antabuse, receptin\u012f vaist\u0105 alkoholizmo gydymui, prieinam\u0105 Transtoyou. Palaiko blaivum\u0105 su medicinine prie\u017ei\u016bra. Su\u017einokite daugiau \u0161iandien.\",\"breadcrumb\":{\"@id\":\"https:\/\/www.transtoyou.com\/lt\/product\/antabuse\/#breadcrumb\"},\"inLanguage\":\"lt-LT\",\"potentialAction\":[{\"@type\":\"ReadAction\",\"target\":[\"https:\/\/www.transtoyou.com\/lt\/product\/antabuse\/\"]}]},{\"@type\":\"ImageObject\",\"inLanguage\":\"lt-LT\",\"@id\":\"https:\/\/www.transtoyou.com\/lt\/product\/antabuse\/#primaryimage\",\"url\":\"https:\/\/www.transtoyou.com\/lt\/wp-content\/uploads\/sites\/9\/2026\/01\/tty-no-product-image-157.webp\",\"contentUrl\":\"https:\/\/www.transtoyou.com\/lt\/wp-content\/uploads\/sites\/9\/2026\/01\/tty-no-product-image-157.webp\",\"width\":1000,\"height\":1000,\"caption\":\"Numatytasis produkto vaizdas\"},{\"@type\":\"WebSite\",\"@id\":\"https:\/\/www.transtoyou.com\/lt\/#website\",\"url\":\"https:\/\/www.transtoyou.com\/lt\/\",\"name\":\"Transtoyou - LT\",\"description\":\"\",\"publisher\":{\"@id\":\"https:\/\/www.transtoyou.com\/lt\/#organization\"},\"potentialAction\":[{\"@type\":\"SearchAction\",\"target\":{\"@type\":\"EntryPoint\",\"urlTemplate\":\"https:\/\/www.transtoyou.com\/lt\/?s={search_term_string}\"},\"query-input\":{\"@type\":\"PropertyValueSpecification\",\"valueRequired\":true,\"valueName\":\"search_term_string\"}}],\"inLanguage\":\"lt-LT\"},{\"@type\":\"Organization\",\"@id\":\"https:\/\/www.transtoyou.com\/lt\/#organization\",\"name\":\"Transtoyou - LT\",\"url\":\"https:\/\/www.transtoyou.com\/lt\/\",\"logo\":{\"@type\":\"ImageObject\",\"inLanguage\":\"lt-LT\",\"@id\":\"https:\/\/www.transtoyou.com\/lt\/#\/schema\/logo\/image\/\",\"url\":\"https:\/\/www.transtoyou.com\/lt\/wp-content\/uploads\/sites\/9\/2026\/01\/logo-tty-menu-bar-300x87-1.webp\",\"contentUrl\":\"https:\/\/www.transtoyou.com\/lt\/wp-content\/uploads\/sites\/9\/2026\/01\/logo-tty-menu-bar-300x87-1.webp\",\"width\":300,\"height\":87,\"caption\":\"Transtoyou - LT\"},\"image\":{\"@id\":\"https:\/\/www.transtoyou.com\/lt\/#\/schema\/logo\/image\/\"}}]}<\/script>\n<!-- \/ Yoast SEO plugin. -->","yoast_head_json":{"title":"Antabuse | Efektyvi parama blaivumui - Transtoyou","description":"Atraskite Antabuse, receptin\u012f vaist\u0105 alkoholizmo gydymui, prieinam\u0105 Transtoyou. Palaiko blaivum\u0105 su medicinine prie\u017ei\u016bra. Su\u017einokite daugiau \u0161iandien.","robots":{"index":"noindex","follow":"follow","max-snippet":"max-snippet:-1","max-image-preview":"max-image-preview:large","max-video-preview":"max-video-preview:-1"},"og_locale":"lt_LT","og_type":"article","og_title":"Antabuse | Efektyvi parama blaivumui - Transtoyou","og_description":"Atraskite Antabuse, receptin\u012f vaist\u0105 alkoholizmo gydymui, prieinam\u0105 Transtoyou. Palaiko blaivum\u0105 su medicinine prie\u017ei\u016bra. Su\u017einokite daugiau \u0161iandien.","og_url":"https:\/\/www.transtoyou.com\/lt\/product\/antabuse\/","og_site_name":"Transtoyou - LT","article_modified_time":"2026-01-25T18:22:36+00:00","twitter_card":"summary_large_image","twitter_misc":{"Est. reading time":"1 minut\u0117"},"schema":{"@context":"https:\/\/schema.org","@graph":[{"@type":"WebPage","@id":"https:\/\/www.transtoyou.com\/lt\/product\/antabuse\/","url":"https:\/\/www.transtoyou.com\/lt\/product\/antabuse\/","name":"Antabuse | Efektyvi parama blaivumui - Transtoyou","isPartOf":{"@id":"https:\/\/www.transtoyou.com\/lt\/#website"},"primaryImageOfPage":{"@id":"https:\/\/www.transtoyou.com\/lt\/product\/antabuse\/#primaryimage"},"image":{"@id":"https:\/\/www.transtoyou.com\/lt\/product\/antabuse\/#primaryimage"},"thumbnailUrl":"https:\/\/www.transtoyou.com\/lt\/wp-content\/uploads\/sites\/9\/2026\/01\/tty-no-product-image-157.webp","datePublished":"2026-01-25T18:21:31+00:00","dateModified":"2026-01-25T18:22:36+00:00","description":"Atraskite Antabuse, receptin\u012f vaist\u0105 alkoholizmo gydymui, prieinam\u0105 Transtoyou. Palaiko blaivum\u0105 su medicinine prie\u017ei\u016bra. Su\u017einokite daugiau \u0161iandien.","breadcrumb":{"@id":"https:\/\/www.transtoyou.com\/lt\/product\/antabuse\/#breadcrumb"},"inLanguage":"lt-LT","potentialAction":[{"@type":"ReadAction","target":["https:\/\/www.transtoyou.com\/lt\/product\/antabuse\/"]}]},{"@type":"ImageObject","inLanguage":"lt-LT","@id":"https:\/\/www.transtoyou.com\/lt\/product\/antabuse\/#primaryimage","url":"https:\/\/www.transtoyou.com\/lt\/wp-content\/uploads\/sites\/9\/2026\/01\/tty-no-product-image-157.webp","contentUrl":"https:\/\/www.transtoyou.com\/lt\/wp-content\/uploads\/sites\/9\/2026\/01\/tty-no-product-image-157.webp","width":1000,"height":1000,"caption":"Numatytasis produkto vaizdas"},{"@type":"WebSite","@id":"https:\/\/www.transtoyou.com\/lt\/#website","url":"https:\/\/www.transtoyou.com\/lt\/","name":"Transtoyou - LT","description":"","publisher":{"@id":"https:\/\/www.transtoyou.com\/lt\/#organization"},"potentialAction":[{"@type":"SearchAction","target":{"@type":"EntryPoint","urlTemplate":"https:\/\/www.transtoyou.com\/lt\/?s={search_term_string}"},"query-input":{"@type":"PropertyValueSpecification","valueRequired":true,"valueName":"search_term_string"}}],"inLanguage":"lt-LT"},{"@type":"Organization","@id":"https:\/\/www.transtoyou.com\/lt\/#organization","name":"Transtoyou - LT","url":"https:\/\/www.transtoyou.com\/lt\/","logo":{"@type":"ImageObject","inLanguage":"lt-LT","@id":"https:\/\/www.transtoyou.com\/lt\/#\/schema\/logo\/image\/","url":"https:\/\/www.transtoyou.com\/lt\/wp-content\/uploads\/sites\/9\/2026\/01\/logo-tty-menu-bar-300x87-1.webp","contentUrl":"https:\/\/www.transtoyou.com\/lt\/wp-content\/uploads\/sites\/9\/2026\/01\/logo-tty-menu-bar-300x87-1.webp","width":300,"height":87,"caption":"Transtoyou - LT"},"image":{"@id":"https:\/\/www.transtoyou.com\/lt\/#\/schema\/logo\/image\/"}}]}},"_links":{"self":[{"href":"https:\/\/www.transtoyou.com\/lt\/wp-json\/wp\/v2\/product\/1172","targetHints":{"allow":["GET"]}}],"collection":[{"href":"https:\/\/www.transtoyou.com\/lt\/wp-json\/wp\/v2\/product"}],"about":[{"href":"https:\/\/www.transtoyou.com\/lt\/wp-json\/wp\/v2\/types\/product"}],"replies":[{"embeddable":true,"href":"https:\/\/www.transtoyou.com\/lt\/wp-json\/wp\/v2\/comments?post=1172"}],"wp:featuredmedia":[{"embeddable":true,"href":"https:\/\/www.transtoyou.com\/lt\/wp-json\/wp\/v2\/media\/1174"}],"wp:attachment":[{"href":"https:\/\/www.transtoyou.com\/lt\/wp-json\/wp\/v2\/media?parent=1172"}],"wp:term":[{"taxonomy":"product_brand","embeddable":true,"href":"https:\/\/www.transtoyou.com\/lt\/wp-json\/wp\/v2\/product_brand?post=1172"},{"taxonomy":"product_cat","embeddable":true,"href":"https:\/\/www.transtoyou.com\/lt\/wp-json\/wp\/v2\/product_cat?post=1172"},{"taxonomy":"product_tag","embeddable":true,"href":"https:\/\/www.transtoyou.com\/lt\/wp-json\/wp\/v2\/product_tag?post=1172"},{"taxonomy":"expert","embeddable":true,"href":"https:\/\/www.transtoyou.com\/lt\/wp-json\/wp\/v2\/expert?post=1172"}],"curies":[{"name":"wp","href":"https:\/\/api.w.org\/{rel}","templated":true}]}}