{"id":1175,"date":"2026-01-25T20:38:40","date_gmt":"2026-01-25T18:38:40","guid":{"rendered":"https:\/\/www.transtoyou.com\/lt\/product\/grazax\/"},"modified":"2026-01-25T20:39:51","modified_gmt":"2026-01-25T18:39:51","slug":"grazax","status":"publish","type":"product","link":"https:\/\/www.transtoyou.com\/lt\/product\/grazax\/","title":{"rendered":"Grazax"},"content":{"rendered":"<p>Grazax yra po lie\u017euviu vartojama imunoterapijos (SLIT) tablet\u0117, skirta gydyti \u017eoli\u0173 \u017eiedadulki\u0173 alergijas, palaipsniui desensibilizuojant imunin\u0119 sistem\u0105 \u017eoli\u0173 \u017eiedadulki\u0173 alergenams. Joje yra standartinis alergen\u0173 ekstraktas i\u0161 Timot\u0117jos \u017eoli\u0173 \u017eiedadulki\u0173, padedantis suma\u017einti alergini\u0173 reakcij\u0173 sunkum\u0105 laikui b\u0117gant.<\/p>\n<p>Grazax paprastai skiriamas asmenims, turintiems sunki\u0173 \u017eoli\u0173 \u017eiedadulki\u0173 alergij\u0173, kurios reik\u0161mingai veikia j\u0173 gyvenimo kokyb\u0119. Jis vartojamas kart\u0105 per dien\u0105, pradedant kelis m\u0117nesius prie\u0161 \u017eoli\u0173 \u017eiedadulki\u0173 sezon\u0105 ir t\u0119siant viso sezono metu, siekiant optimalaus efektyvumo.<\/p>\n<p>Gydymas veikia, kai imunin\u0117 sistema yra veikiama ma\u017e\u0173, kontroliuojam\u0173 \u017eoli\u0173 \u017eiedadulki\u0173 alergen\u0173 dozi\u0173, suma\u017einant organizmo jautrum\u0105 ir suteikiant ilgalaik\u0119 palengv\u0117jim\u0105. Grazax yra efektyviausias, kai naudojamas kaip dalis i\u0161samaus alergijos valdymo plano, kuris apima alergen\u0173 vengim\u0105 ir kit\u0173 vaist\u0173 vartojim\u0105 pagal poreik\u012f.<\/p>\n<p>Da\u017eni \u0161alutiniai poveikiai apima lengv\u0105 nie\u017e\u0117jim\u0105 ar patinim\u0105 burnoje, gerkl\u0117s dirginim\u0105 ar vir\u0161kinimo diskomfort\u0105, kurie paprastai praeina, kai organizmas prisitaiko prie gydymo.<\/p>\n","protected":false},"excerpt":{"rendered":"<ul>\n<li>Ma\u017eina \u017eoli\u0173 \u017eiedadulki\u0173 alergijos simptomus<\/li>\n<li>Desensibilizuoja imunin\u0119 sistem\u0105<\/li>\n<li>Patogi vien\u0105 kart\u0105 per dien\u0105 vartojama po lie\u017euviu tablet\u0117<\/li>\n<\/ul>\n","protected":false},"featured_media":1177,"comment_status":"open","ping_status":"closed","template":"","meta":[],"product_brand":[],"product_cat":[76],"product_tag":[],"expert":[19],"class_list":{"0":"post-1175","1":"product","2":"type-product","3":"status-publish","4":"has-post-thumbnail","6":"product_cat-alergijos-ir-sienliges-palengvinimas","7":"expert-dr-j-vazquez","9":"first","10":"instock","11":"shipping-taxable","12":"product-type-variable"},"yoast_head":"<!-- This site is optimized with the Yoast SEO plugin v27.0 - https:\/\/yoast.com\/product\/yoast-seo-wordpress\/ -->\n<title>Grazax | Alergijos palengvinimas ir imuniteto palaikymas - Transtoyou<\/title>\n<meta name=\"description\" content=\"Atraskite Grazax, SLIT tablet\u0119, skirt\u0105 \u017eoli\u0173 \u017eiedadulki\u0173 alergijai mal\u0161inti. Pagerinkite savo gyvenim\u0105 ilgalaikiu desensibilizavimu. Pirkite dabar Transtoyou.\" \/>\n<meta name=\"robots\" content=\"noindex, follow, max-snippet:-1, max-image-preview:large, max-video-preview:-1\" \/>\n<meta property=\"og:locale\" content=\"lt_LT\" \/>\n<meta property=\"og:type\" content=\"article\" \/>\n<meta property=\"og:title\" content=\"Grazax | Alergijos palengvinimas ir imuniteto palaikymas - Transtoyou\" \/>\n<meta property=\"og:description\" content=\"Atraskite Grazax, SLIT tablet\u0119, skirt\u0105 \u017eoli\u0173 \u017eiedadulki\u0173 alergijai mal\u0161inti. Pagerinkite savo gyvenim\u0105 ilgalaikiu desensibilizavimu. Pirkite dabar Transtoyou.\" \/>\n<meta property=\"og:url\" content=\"https:\/\/www.transtoyou.com\/lt\/product\/grazax\/\" \/>\n<meta property=\"og:site_name\" content=\"Transtoyou - LT\" \/>\n<meta property=\"article:modified_time\" content=\"2026-01-25T18:39:51+00:00\" \/>\n<meta name=\"twitter:card\" content=\"summary_large_image\" \/>\n<meta name=\"twitter:label1\" content=\"Est. reading time\" \/>\n\t<meta name=\"twitter:data1\" content=\"1 minut\u0117\" \/>\n<script type=\"application\/ld+json\" class=\"yoast-schema-graph\">{\"@context\":\"https:\/\/schema.org\",\"@graph\":[{\"@type\":\"WebPage\",\"@id\":\"https:\/\/www.transtoyou.com\/lt\/product\/grazax\/\",\"url\":\"https:\/\/www.transtoyou.com\/lt\/product\/grazax\/\",\"name\":\"Grazax | Alergijos palengvinimas ir imuniteto palaikymas - Transtoyou\",\"isPartOf\":{\"@id\":\"https:\/\/www.transtoyou.com\/lt\/#website\"},\"primaryImageOfPage\":{\"@id\":\"https:\/\/www.transtoyou.com\/lt\/product\/grazax\/#primaryimage\"},\"image\":{\"@id\":\"https:\/\/www.transtoyou.com\/lt\/product\/grazax\/#primaryimage\"},\"thumbnailUrl\":\"https:\/\/www.transtoyou.com\/lt\/wp-content\/uploads\/sites\/9\/2026\/01\/tty-no-product-image-158.webp\",\"datePublished\":\"2026-01-25T18:38:40+00:00\",\"dateModified\":\"2026-01-25T18:39:51+00:00\",\"description\":\"Atraskite Grazax, SLIT tablet\u0119, skirt\u0105 \u017eoli\u0173 \u017eiedadulki\u0173 alergijai mal\u0161inti. Pagerinkite savo gyvenim\u0105 ilgalaikiu desensibilizavimu. Pirkite dabar Transtoyou.\",\"breadcrumb\":{\"@id\":\"https:\/\/www.transtoyou.com\/lt\/product\/grazax\/#breadcrumb\"},\"inLanguage\":\"lt-LT\",\"potentialAction\":[{\"@type\":\"ReadAction\",\"target\":[\"https:\/\/www.transtoyou.com\/lt\/product\/grazax\/\"]}]},{\"@type\":\"ImageObject\",\"inLanguage\":\"lt-LT\",\"@id\":\"https:\/\/www.transtoyou.com\/lt\/product\/grazax\/#primaryimage\",\"url\":\"https:\/\/www.transtoyou.com\/lt\/wp-content\/uploads\/sites\/9\/2026\/01\/tty-no-product-image-158.webp\",\"contentUrl\":\"https:\/\/www.transtoyou.com\/lt\/wp-content\/uploads\/sites\/9\/2026\/01\/tty-no-product-image-158.webp\",\"width\":1000,\"height\":1000,\"caption\":\"Numatytasis produkto vaizdas\"},{\"@type\":\"WebSite\",\"@id\":\"https:\/\/www.transtoyou.com\/lt\/#website\",\"url\":\"https:\/\/www.transtoyou.com\/lt\/\",\"name\":\"Transtoyou - LT\",\"description\":\"\",\"publisher\":{\"@id\":\"https:\/\/www.transtoyou.com\/lt\/#organization\"},\"potentialAction\":[{\"@type\":\"SearchAction\",\"target\":{\"@type\":\"EntryPoint\",\"urlTemplate\":\"https:\/\/www.transtoyou.com\/lt\/?s={search_term_string}\"},\"query-input\":{\"@type\":\"PropertyValueSpecification\",\"valueRequired\":true,\"valueName\":\"search_term_string\"}}],\"inLanguage\":\"lt-LT\"},{\"@type\":\"Organization\",\"@id\":\"https:\/\/www.transtoyou.com\/lt\/#organization\",\"name\":\"Transtoyou - LT\",\"url\":\"https:\/\/www.transtoyou.com\/lt\/\",\"logo\":{\"@type\":\"ImageObject\",\"inLanguage\":\"lt-LT\",\"@id\":\"https:\/\/www.transtoyou.com\/lt\/#\/schema\/logo\/image\/\",\"url\":\"https:\/\/www.transtoyou.com\/lt\/wp-content\/uploads\/sites\/9\/2026\/01\/logo-tty-menu-bar-300x87-1.webp\",\"contentUrl\":\"https:\/\/www.transtoyou.com\/lt\/wp-content\/uploads\/sites\/9\/2026\/01\/logo-tty-menu-bar-300x87-1.webp\",\"width\":300,\"height\":87,\"caption\":\"Transtoyou - LT\"},\"image\":{\"@id\":\"https:\/\/www.transtoyou.com\/lt\/#\/schema\/logo\/image\/\"}}]}<\/script>\n<!-- \/ Yoast SEO plugin. -->","yoast_head_json":{"title":"Grazax | Alergijos palengvinimas ir imuniteto palaikymas - Transtoyou","description":"Atraskite Grazax, SLIT tablet\u0119, skirt\u0105 \u017eoli\u0173 \u017eiedadulki\u0173 alergijai mal\u0161inti. Pagerinkite savo gyvenim\u0105 ilgalaikiu desensibilizavimu. Pirkite dabar Transtoyou.","robots":{"index":"noindex","follow":"follow","max-snippet":"max-snippet:-1","max-image-preview":"max-image-preview:large","max-video-preview":"max-video-preview:-1"},"og_locale":"lt_LT","og_type":"article","og_title":"Grazax | Alergijos palengvinimas ir imuniteto palaikymas - Transtoyou","og_description":"Atraskite Grazax, SLIT tablet\u0119, skirt\u0105 \u017eoli\u0173 \u017eiedadulki\u0173 alergijai mal\u0161inti. Pagerinkite savo gyvenim\u0105 ilgalaikiu desensibilizavimu. Pirkite dabar Transtoyou.","og_url":"https:\/\/www.transtoyou.com\/lt\/product\/grazax\/","og_site_name":"Transtoyou - LT","article_modified_time":"2026-01-25T18:39:51+00:00","twitter_card":"summary_large_image","twitter_misc":{"Est. reading time":"1 minut\u0117"},"schema":{"@context":"https:\/\/schema.org","@graph":[{"@type":"WebPage","@id":"https:\/\/www.transtoyou.com\/lt\/product\/grazax\/","url":"https:\/\/www.transtoyou.com\/lt\/product\/grazax\/","name":"Grazax | Alergijos palengvinimas ir imuniteto palaikymas - Transtoyou","isPartOf":{"@id":"https:\/\/www.transtoyou.com\/lt\/#website"},"primaryImageOfPage":{"@id":"https:\/\/www.transtoyou.com\/lt\/product\/grazax\/#primaryimage"},"image":{"@id":"https:\/\/www.transtoyou.com\/lt\/product\/grazax\/#primaryimage"},"thumbnailUrl":"https:\/\/www.transtoyou.com\/lt\/wp-content\/uploads\/sites\/9\/2026\/01\/tty-no-product-image-158.webp","datePublished":"2026-01-25T18:38:40+00:00","dateModified":"2026-01-25T18:39:51+00:00","description":"Atraskite Grazax, SLIT tablet\u0119, skirt\u0105 \u017eoli\u0173 \u017eiedadulki\u0173 alergijai mal\u0161inti. Pagerinkite savo gyvenim\u0105 ilgalaikiu desensibilizavimu. Pirkite dabar Transtoyou.","breadcrumb":{"@id":"https:\/\/www.transtoyou.com\/lt\/product\/grazax\/#breadcrumb"},"inLanguage":"lt-LT","potentialAction":[{"@type":"ReadAction","target":["https:\/\/www.transtoyou.com\/lt\/product\/grazax\/"]}]},{"@type":"ImageObject","inLanguage":"lt-LT","@id":"https:\/\/www.transtoyou.com\/lt\/product\/grazax\/#primaryimage","url":"https:\/\/www.transtoyou.com\/lt\/wp-content\/uploads\/sites\/9\/2026\/01\/tty-no-product-image-158.webp","contentUrl":"https:\/\/www.transtoyou.com\/lt\/wp-content\/uploads\/sites\/9\/2026\/01\/tty-no-product-image-158.webp","width":1000,"height":1000,"caption":"Numatytasis produkto vaizdas"},{"@type":"WebSite","@id":"https:\/\/www.transtoyou.com\/lt\/#website","url":"https:\/\/www.transtoyou.com\/lt\/","name":"Transtoyou - LT","description":"","publisher":{"@id":"https:\/\/www.transtoyou.com\/lt\/#organization"},"potentialAction":[{"@type":"SearchAction","target":{"@type":"EntryPoint","urlTemplate":"https:\/\/www.transtoyou.com\/lt\/?s={search_term_string}"},"query-input":{"@type":"PropertyValueSpecification","valueRequired":true,"valueName":"search_term_string"}}],"inLanguage":"lt-LT"},{"@type":"Organization","@id":"https:\/\/www.transtoyou.com\/lt\/#organization","name":"Transtoyou - LT","url":"https:\/\/www.transtoyou.com\/lt\/","logo":{"@type":"ImageObject","inLanguage":"lt-LT","@id":"https:\/\/www.transtoyou.com\/lt\/#\/schema\/logo\/image\/","url":"https:\/\/www.transtoyou.com\/lt\/wp-content\/uploads\/sites\/9\/2026\/01\/logo-tty-menu-bar-300x87-1.webp","contentUrl":"https:\/\/www.transtoyou.com\/lt\/wp-content\/uploads\/sites\/9\/2026\/01\/logo-tty-menu-bar-300x87-1.webp","width":300,"height":87,"caption":"Transtoyou - LT"},"image":{"@id":"https:\/\/www.transtoyou.com\/lt\/#\/schema\/logo\/image\/"}}]}},"_links":{"self":[{"href":"https:\/\/www.transtoyou.com\/lt\/wp-json\/wp\/v2\/product\/1175","targetHints":{"allow":["GET"]}}],"collection":[{"href":"https:\/\/www.transtoyou.com\/lt\/wp-json\/wp\/v2\/product"}],"about":[{"href":"https:\/\/www.transtoyou.com\/lt\/wp-json\/wp\/v2\/types\/product"}],"replies":[{"embeddable":true,"href":"https:\/\/www.transtoyou.com\/lt\/wp-json\/wp\/v2\/comments?post=1175"}],"wp:featuredmedia":[{"embeddable":true,"href":"https:\/\/www.transtoyou.com\/lt\/wp-json\/wp\/v2\/media\/1177"}],"wp:attachment":[{"href":"https:\/\/www.transtoyou.com\/lt\/wp-json\/wp\/v2\/media?parent=1175"}],"wp:term":[{"taxonomy":"product_brand","embeddable":true,"href":"https:\/\/www.transtoyou.com\/lt\/wp-json\/wp\/v2\/product_brand?post=1175"},{"taxonomy":"product_cat","embeddable":true,"href":"https:\/\/www.transtoyou.com\/lt\/wp-json\/wp\/v2\/product_cat?post=1175"},{"taxonomy":"product_tag","embeddable":true,"href":"https:\/\/www.transtoyou.com\/lt\/wp-json\/wp\/v2\/product_tag?post=1175"},{"taxonomy":"expert","embeddable":true,"href":"https:\/\/www.transtoyou.com\/lt\/wp-json\/wp\/v2\/expert?post=1175"}],"curies":[{"name":"wp","href":"https:\/\/api.w.org\/{rel}","templated":true}]}}