{"id":1178,"date":"2026-01-25T20:56:12","date_gmt":"2026-01-25T18:56:12","guid":{"rendered":"https:\/\/www.transtoyou.com\/lt\/product\/promethazine\/"},"modified":"2026-03-01T16:19:48","modified_gmt":"2026-03-01T14:19:48","slug":"prometazinas","status":"publish","type":"product","link":"https:\/\/www.transtoyou.com\/lt\/product\/prometazinas\/","title":{"rendered":"Prometazinas"},"content":{"rendered":"<p>Prometazinas yra pirmosios kartos antihistaminas, naudojamas alergijos ir \u0161ienlig\u0117s simptomams valdyti, \u012fskaitant \u010diaudul\u012f, nosies b\u0117gim\u0105, nie\u017etin\u010dias ar a\u0161arojan\u010dias akis, taip pat odos reakcijas, tokias kaip b\u0117rimai ar nie\u017e\u0117jimas. Jis veikia blokuodamas histamino poveik\u012f, chemin\u0119 med\u017eiag\u0105, kuri i\u0161siskiria alergini\u0173 reakcij\u0173 metu ir sukelia u\u017edegim\u0105 bei dirginim\u0105 organizme.<\/p>\n<p>\u0160i medicinin\u0117 priemon\u0117 ypa\u010d naudinga asmenims, kurie patiria vidutinio sunkumo ar sunkius alerginius reakcijas, turin\u010dias \u012ftakos j\u0173 gyvenimo kokybei ar miegui. Skirtingai nuo naujesni\u0173 antihistamin\u0173, prometazinas turi raminam\u0105j\u012f poveik\u012f, tod\u0117l jis yra naudingas tiems, kuri\u0173 alergijos simptomai trukdo miegui. Jis taip pat da\u017enai skiriamas, kai alergijas lydi odos problemos, tokios kaip b\u0117rimai ar stiprus nie\u017e\u0117jimas.<\/p>\n<p>Prometazinas paprastai vartojamas table\u010di\u0173 pavidalu kart\u0105 arba du kartus per dien\u0105, priklausomai nuo simptom\u0173 sunkumo. D\u0117l savo raminamojo poveikio jis da\u017enai vartojamas vakare arba prie\u0161 mieg\u0105. Raminantis poveikis ne tik palengvina alergijos simptomus, bet ir padeda organizmui pails\u0117ti, tod\u0117l jis ypa\u010d tinkamas naktiniam vartojimui.<\/p>\n<p>Poveikiai paprastai prasideda per 20\u201360 minu\u010di\u0173 po doz\u0117s vartojimo ir gali trukti kelias valandas. Kai kurie \u017emon\u0117s gali patirti mieguistum\u0105, galvos svaigim\u0105 ar burnos d\u017ei\u016bvim\u0105, ypa\u010d pirmosiomis vartojimo dienomis. \u0160ie \u0161alutiniai poveikiai da\u017enai suma\u017e\u0117ja, kai organizmas prisitaiko. Svarbu nevairuoti ir nevaldyti mechanizm\u0173 po prometazino vartojimo, kol nesu\u017einosite, kaip jis veikia j\u016bs\u0173 organizm\u0105.<\/p>\n","protected":false},"excerpt":{"rendered":"<ul>\n<li>Palengvina alergijas ir pykinim\u0105<\/li>\n<li>Padeda valdyti judesio lig\u0105<\/li>\n<li>Gali pad\u0117ti sprend\u017eiant trumpalaikes miego problemas<\/li>\n<\/ul>\n","protected":false},"featured_media":1180,"comment_status":"open","ping_status":"closed","template":"","meta":[],"product_brand":[],"product_cat":[76],"product_tag":[],"expert":[19],"class_list":{"0":"post-1178","1":"product","2":"type-product","3":"status-publish","4":"has-post-thumbnail","6":"product_cat-alergijos-ir-sienliges-palengvinimas","7":"expert-dr-j-vazquez","9":"first","10":"instock","11":"shipping-taxable","12":"product-type-variable"},"yoast_head":"<!-- This site is optimized with the Yoast SEO plugin v27.0 - https:\/\/yoast.com\/product\/yoast-seo-wordpress\/ -->\n<title>Prometazinas | Greitai palengvinkite alergijos simptomus - Transtoyou<\/title>\n<meta name=\"description\" content=\"Prometazinas, pirmosios kartos antihistaminas alergijai ir miegui gerinti. Palengvink simptomus, apsipirk dabar Transtoyou. Saugus ir efektyvus.\" \/>\n<meta name=\"robots\" content=\"noindex, follow, max-snippet:-1, max-image-preview:large, max-video-preview:-1\" \/>\n<meta property=\"og:locale\" content=\"lt_LT\" \/>\n<meta property=\"og:type\" content=\"article\" \/>\n<meta property=\"og:title\" content=\"Prometazinas | Greitai palengvinkite alergijos simptomus - Transtoyou\" \/>\n<meta property=\"og:description\" content=\"Prometazinas, pirmosios kartos antihistaminas alergijai ir miegui gerinti. Palengvink simptomus, apsipirk dabar Transtoyou. Saugus ir efektyvus.\" \/>\n<meta property=\"og:url\" content=\"https:\/\/www.transtoyou.com\/lt\/product\/promethazine\/\" \/>\n<meta property=\"og:site_name\" content=\"Transtoyou - LT\" \/>\n<meta property=\"article:modified_time\" content=\"2026-03-01T14:19:48+00:00\" \/>\n<meta name=\"twitter:card\" content=\"summary_large_image\" \/>\n<meta name=\"twitter:label1\" content=\"Est. reading time\" \/>\n\t<meta name=\"twitter:data1\" content=\"1 minut\u0117\" \/>\n<script type=\"application\/ld+json\" class=\"yoast-schema-graph\">{\"@context\":\"https:\/\/schema.org\",\"@graph\":[{\"@type\":\"WebPage\",\"@id\":\"https:\/\/www.transtoyou.com\/lt\/product\/promethazine\/\",\"url\":\"https:\/\/www.transtoyou.com\/lt\/product\/promethazine\/\",\"name\":\"Prometazinas | Greitai palengvinkite alergijos simptomus - Transtoyou\",\"isPartOf\":{\"@id\":\"https:\/\/www.transtoyou.com\/lt\/#website\"},\"primaryImageOfPage\":{\"@id\":\"https:\/\/www.transtoyou.com\/lt\/product\/promethazine\/#primaryimage\"},\"image\":{\"@id\":\"https:\/\/www.transtoyou.com\/lt\/product\/promethazine\/#primaryimage\"},\"thumbnailUrl\":\"https:\/\/www.transtoyou.com\/lt\/wp-content\/uploads\/sites\/9\/2026\/01\/tty-no-product-image-159.webp\",\"datePublished\":\"2026-01-25T18:56:12+00:00\",\"dateModified\":\"2026-03-01T14:19:48+00:00\",\"description\":\"Prometazinas, pirmosios kartos antihistaminas alergijai ir miegui gerinti. Palengvink simptomus, apsipirk dabar Transtoyou. Saugus ir efektyvus.\",\"breadcrumb\":{\"@id\":\"https:\/\/www.transtoyou.com\/lt\/product\/promethazine\/#breadcrumb\"},\"inLanguage\":\"lt-LT\",\"potentialAction\":[{\"@type\":\"ReadAction\",\"target\":[\"https:\/\/www.transtoyou.com\/lt\/product\/promethazine\/\"]}]},{\"@type\":\"ImageObject\",\"inLanguage\":\"lt-LT\",\"@id\":\"https:\/\/www.transtoyou.com\/lt\/product\/promethazine\/#primaryimage\",\"url\":\"https:\/\/www.transtoyou.com\/lt\/wp-content\/uploads\/sites\/9\/2026\/01\/tty-no-product-image-159.webp\",\"contentUrl\":\"https:\/\/www.transtoyou.com\/lt\/wp-content\/uploads\/sites\/9\/2026\/01\/tty-no-product-image-159.webp\",\"width\":1000,\"height\":1000,\"caption\":\"Numatytas produkto vaizdas\"},{\"@type\":\"WebSite\",\"@id\":\"https:\/\/www.transtoyou.com\/lt\/#website\",\"url\":\"https:\/\/www.transtoyou.com\/lt\/\",\"name\":\"Transtoyou - LT\",\"description\":\"\",\"publisher\":{\"@id\":\"https:\/\/www.transtoyou.com\/lt\/#organization\"},\"potentialAction\":[{\"@type\":\"SearchAction\",\"target\":{\"@type\":\"EntryPoint\",\"urlTemplate\":\"https:\/\/www.transtoyou.com\/lt\/?s={search_term_string}\"},\"query-input\":{\"@type\":\"PropertyValueSpecification\",\"valueRequired\":true,\"valueName\":\"search_term_string\"}}],\"inLanguage\":\"lt-LT\"},{\"@type\":\"Organization\",\"@id\":\"https:\/\/www.transtoyou.com\/lt\/#organization\",\"name\":\"Transtoyou - LT\",\"url\":\"https:\/\/www.transtoyou.com\/lt\/\",\"logo\":{\"@type\":\"ImageObject\",\"inLanguage\":\"lt-LT\",\"@id\":\"https:\/\/www.transtoyou.com\/lt\/#\/schema\/logo\/image\/\",\"url\":\"https:\/\/www.transtoyou.com\/lt\/wp-content\/uploads\/sites\/9\/2026\/01\/logo-tty-menu-bar-300x87-1.webp\",\"contentUrl\":\"https:\/\/www.transtoyou.com\/lt\/wp-content\/uploads\/sites\/9\/2026\/01\/logo-tty-menu-bar-300x87-1.webp\",\"width\":300,\"height\":87,\"caption\":\"Transtoyou - LT\"},\"image\":{\"@id\":\"https:\/\/www.transtoyou.com\/lt\/#\/schema\/logo\/image\/\"}}]}<\/script>\n<!-- \/ Yoast SEO plugin. -->","yoast_head_json":{"title":"Prometazinas | Greitai palengvinkite alergijos simptomus - Transtoyou","description":"Prometazinas, pirmosios kartos antihistaminas alergijai ir miegui gerinti. Palengvink simptomus, apsipirk dabar Transtoyou. Saugus ir efektyvus.","robots":{"index":"noindex","follow":"follow","max-snippet":"max-snippet:-1","max-image-preview":"max-image-preview:large","max-video-preview":"max-video-preview:-1"},"og_locale":"lt_LT","og_type":"article","og_title":"Prometazinas | Greitai palengvinkite alergijos simptomus - Transtoyou","og_description":"Prometazinas, pirmosios kartos antihistaminas alergijai ir miegui gerinti. Palengvink simptomus, apsipirk dabar Transtoyou. Saugus ir efektyvus.","og_url":"https:\/\/www.transtoyou.com\/lt\/product\/promethazine\/","og_site_name":"Transtoyou - LT","article_modified_time":"2026-03-01T14:19:48+00:00","twitter_card":"summary_large_image","twitter_misc":{"Est. reading time":"1 minut\u0117"},"schema":{"@context":"https:\/\/schema.org","@graph":[{"@type":"WebPage","@id":"https:\/\/www.transtoyou.com\/lt\/product\/promethazine\/","url":"https:\/\/www.transtoyou.com\/lt\/product\/promethazine\/","name":"Prometazinas | Greitai palengvinkite alergijos simptomus - Transtoyou","isPartOf":{"@id":"https:\/\/www.transtoyou.com\/lt\/#website"},"primaryImageOfPage":{"@id":"https:\/\/www.transtoyou.com\/lt\/product\/promethazine\/#primaryimage"},"image":{"@id":"https:\/\/www.transtoyou.com\/lt\/product\/promethazine\/#primaryimage"},"thumbnailUrl":"https:\/\/www.transtoyou.com\/lt\/wp-content\/uploads\/sites\/9\/2026\/01\/tty-no-product-image-159.webp","datePublished":"2026-01-25T18:56:12+00:00","dateModified":"2026-03-01T14:19:48+00:00","description":"Prometazinas, pirmosios kartos antihistaminas alergijai ir miegui gerinti. Palengvink simptomus, apsipirk dabar Transtoyou. Saugus ir efektyvus.","breadcrumb":{"@id":"https:\/\/www.transtoyou.com\/lt\/product\/promethazine\/#breadcrumb"},"inLanguage":"lt-LT","potentialAction":[{"@type":"ReadAction","target":["https:\/\/www.transtoyou.com\/lt\/product\/promethazine\/"]}]},{"@type":"ImageObject","inLanguage":"lt-LT","@id":"https:\/\/www.transtoyou.com\/lt\/product\/promethazine\/#primaryimage","url":"https:\/\/www.transtoyou.com\/lt\/wp-content\/uploads\/sites\/9\/2026\/01\/tty-no-product-image-159.webp","contentUrl":"https:\/\/www.transtoyou.com\/lt\/wp-content\/uploads\/sites\/9\/2026\/01\/tty-no-product-image-159.webp","width":1000,"height":1000,"caption":"Numatytas produkto vaizdas"},{"@type":"WebSite","@id":"https:\/\/www.transtoyou.com\/lt\/#website","url":"https:\/\/www.transtoyou.com\/lt\/","name":"Transtoyou - LT","description":"","publisher":{"@id":"https:\/\/www.transtoyou.com\/lt\/#organization"},"potentialAction":[{"@type":"SearchAction","target":{"@type":"EntryPoint","urlTemplate":"https:\/\/www.transtoyou.com\/lt\/?s={search_term_string}"},"query-input":{"@type":"PropertyValueSpecification","valueRequired":true,"valueName":"search_term_string"}}],"inLanguage":"lt-LT"},{"@type":"Organization","@id":"https:\/\/www.transtoyou.com\/lt\/#organization","name":"Transtoyou - LT","url":"https:\/\/www.transtoyou.com\/lt\/","logo":{"@type":"ImageObject","inLanguage":"lt-LT","@id":"https:\/\/www.transtoyou.com\/lt\/#\/schema\/logo\/image\/","url":"https:\/\/www.transtoyou.com\/lt\/wp-content\/uploads\/sites\/9\/2026\/01\/logo-tty-menu-bar-300x87-1.webp","contentUrl":"https:\/\/www.transtoyou.com\/lt\/wp-content\/uploads\/sites\/9\/2026\/01\/logo-tty-menu-bar-300x87-1.webp","width":300,"height":87,"caption":"Transtoyou - LT"},"image":{"@id":"https:\/\/www.transtoyou.com\/lt\/#\/schema\/logo\/image\/"}}]}},"_links":{"self":[{"href":"https:\/\/www.transtoyou.com\/lt\/wp-json\/wp\/v2\/product\/1178","targetHints":{"allow":["GET"]}}],"collection":[{"href":"https:\/\/www.transtoyou.com\/lt\/wp-json\/wp\/v2\/product"}],"about":[{"href":"https:\/\/www.transtoyou.com\/lt\/wp-json\/wp\/v2\/types\/product"}],"replies":[{"embeddable":true,"href":"https:\/\/www.transtoyou.com\/lt\/wp-json\/wp\/v2\/comments?post=1178"}],"wp:featuredmedia":[{"embeddable":true,"href":"https:\/\/www.transtoyou.com\/lt\/wp-json\/wp\/v2\/media\/1180"}],"wp:attachment":[{"href":"https:\/\/www.transtoyou.com\/lt\/wp-json\/wp\/v2\/media?parent=1178"}],"wp:term":[{"taxonomy":"product_brand","embeddable":true,"href":"https:\/\/www.transtoyou.com\/lt\/wp-json\/wp\/v2\/product_brand?post=1178"},{"taxonomy":"product_cat","embeddable":true,"href":"https:\/\/www.transtoyou.com\/lt\/wp-json\/wp\/v2\/product_cat?post=1178"},{"taxonomy":"product_tag","embeddable":true,"href":"https:\/\/www.transtoyou.com\/lt\/wp-json\/wp\/v2\/product_tag?post=1178"},{"taxonomy":"expert","embeddable":true,"href":"https:\/\/www.transtoyou.com\/lt\/wp-json\/wp\/v2\/expert?post=1178"}],"curies":[{"name":"wp","href":"https:\/\/api.w.org\/{rel}","templated":true}]}}