{"id":1193,"date":"2026-01-25T22:24:25","date_gmt":"2026-01-25T20:24:25","guid":{"rendered":"https:\/\/www.transtoyou.com\/lt\/product\/isotretinoin\/"},"modified":"2026-02-26T11:53:26","modified_gmt":"2026-02-26T09:53:26","slug":"isotretinoin","status":"publish","type":"product","link":"https:\/\/www.transtoyou.com\/lt\/product\/isotretinoin\/","title":{"rendered":"Isotretinoinas"},"content":{"rendered":"<p>Isotretinoin yra vaistas, naudojamas labai sunkiam aknei gydyti, ypa\u010d tokiam, kuris sukelia gilius, skausmingus spuogus (kaip cistos ar mazgeliai) ir neger\u0117ja naudojant kremus ar antibiotikus. Jis vartojamas kaip tablet\u0117 ir paprastai skiriamas, kai kiti gydymo b\u016bdai nepadeda. Veiklioji med\u017eiaga gaunama i\u0161 vitamino A ir veikia akn\u0117s prie\u017eastis.<\/p>\n<p>Jis veikia suma\u017eindamas odos riebal\u0173 liaukas ir ma\u017eindamas, kiek riebal\u0173 (sebumo) jos gamina. Per daug riebal\u0173 gali u\u017ekim\u0161ti poras ir sukelti spuogus. Isotretinoin taip pat padeda u\u017ekirsti keli\u0105 negyv\u0173 odos l\u0105steli\u0173 kaupimuisi porose ir suma\u017eina akn\u0119 sukelian\u010di\u0173 bakterij\u0173 skai\u010di\u0173 odoje. Kadangi jis veikia kelias prie\u017eastis vienu metu, laikui b\u0117gant gali pad\u0117ti i\u0161valyti od\u0105 ir taip pat pad\u0117ti pagerinti randus.<\/p>\n<p>Tipi\u0161kas gydymas trunka nuo keturi\u0173 iki \u0161e\u0161i\u0173 m\u0117nesi\u0173. Daugelis \u017emoni\u0173 pastebi, kad j\u0173 oda palaipsniui ger\u0117ja \u0161iuo laikotarpiu. Ta\u010diau isotretinoin gali sukelti \u0161alutin\u012f poveik\u012f. Da\u017eniausi yra sausi l\u016bpos, sausa oda ir jautrumas saul\u0117s \u0161viesai. Kai kurie \u017emon\u0117s taip pat gali patirti nosies kraujavim\u0105, s\u0105nari\u0173 skausm\u0105 ar nuotaikos poky\u010dius. Kadangi jis taip pat gali paveikti kepenis ir cholesterolio lygius, reguliariai reikia atlikti kraujo tyrimus arba juos labai rekomenduojama atlikti gydymo metu.<\/p>\n<p>Vienas i\u0161 rim\u010diausi\u0173 pavoj\u0173 yra tas, kad isotretinoin gali sukelti apsigimimus, jei vartojamas n\u0117\u0161tumo metu. D\u0117l \u0161ios prie\u017easties \u017emon\u0117s, kurie gali pastoti, privalo naudoti patikimas kontracepcijos priemones ir atlikti reguliarius n\u0117\u0161tumo testus prie\u0161 gydym\u0105 ir jo metu. Isotretinoin skiriamas tik medicininio steb\u0117jimo metu d\u0117l \u0161i\u0173 galim\u0173 \u0161alutini\u0173 poveiki\u0173 ir rizik\u0173.<\/p>\n","protected":false},"excerpt":{"rendered":"<ul>\n<li>Galingas retinoidas sunkiam, gydymui atspariam aknei<\/li>\n<li>Ma\u017eina riebal\u0173 gamyb\u0105 ir normalizuoja odos l\u0105steli\u0173 atsinaujinim\u0105<\/li>\n<li>Teikia ilgalaik\u012f odos skaidrumo ir tekst\u016bros pager\u0117jim\u0105<\/li>\n<\/ul>\n","protected":false},"featured_media":1195,"comment_status":"open","ping_status":"closed","template":"","meta":[],"product_brand":[],"product_cat":[73],"product_tag":[],"expert":[21],"class_list":{"0":"post-1193","1":"product","2":"type-product","3":"status-publish","4":"has-post-thumbnail","6":"product_cat-akne","7":"expert-dr-m-sharoyko","9":"first","10":"instock","11":"shipping-taxable","12":"product-type-variable"},"yoast_head":"<!-- This site is optimized with the Yoast SEO plugin v27.0 - https:\/\/yoast.com\/product\/yoast-seo-wordpress\/ -->\n<title>Isotretinoin | Tikslingas spuog\u0173 palengv\u0117jimas - Transtoyou<\/title>\n<meta name=\"description\" content=\"Isotretinoin, galinga spuog\u0173 priemon\u0117, ma\u017eina skausmingus spuogus ir riebal\u0173 gamyb\u0105. Dabar prieinama Transtoyou ai\u0161kesnei odai.\" \/>\n<meta name=\"robots\" content=\"noindex, follow, max-snippet:-1, max-image-preview:large, max-video-preview:-1\" \/>\n<meta property=\"og:locale\" content=\"lt_LT\" \/>\n<meta property=\"og:type\" content=\"article\" \/>\n<meta property=\"og:title\" content=\"Isotretinoin | Tikslingas spuog\u0173 palengv\u0117jimas - Transtoyou\" \/>\n<meta property=\"og:description\" content=\"Isotretinoin, galinga spuog\u0173 priemon\u0117, ma\u017eina skausmingus spuogus ir riebal\u0173 gamyb\u0105. Dabar prieinama Transtoyou ai\u0161kesnei odai.\" \/>\n<meta property=\"og:url\" content=\"https:\/\/www.transtoyou.com\/lt\/product\/isotretinoin\/\" \/>\n<meta property=\"og:site_name\" content=\"Transtoyou - LT\" \/>\n<meta property=\"article:modified_time\" content=\"2026-02-26T09:53:26+00:00\" \/>\n<meta name=\"twitter:card\" content=\"summary_large_image\" \/>\n<meta name=\"twitter:label1\" content=\"Est. reading time\" \/>\n\t<meta name=\"twitter:data1\" content=\"1 minut\u0117\" \/>\n<script type=\"application\/ld+json\" class=\"yoast-schema-graph\">{\"@context\":\"https:\/\/schema.org\",\"@graph\":[{\"@type\":\"WebPage\",\"@id\":\"https:\/\/www.transtoyou.com\/lt\/product\/isotretinoin\/\",\"url\":\"https:\/\/www.transtoyou.com\/lt\/product\/isotretinoin\/\",\"name\":\"Isotretinoin | Tikslingas spuog\u0173 palengv\u0117jimas - Transtoyou\",\"isPartOf\":{\"@id\":\"https:\/\/www.transtoyou.com\/lt\/#website\"},\"primaryImageOfPage\":{\"@id\":\"https:\/\/www.transtoyou.com\/lt\/product\/isotretinoin\/#primaryimage\"},\"image\":{\"@id\":\"https:\/\/www.transtoyou.com\/lt\/product\/isotretinoin\/#primaryimage\"},\"thumbnailUrl\":\"https:\/\/www.transtoyou.com\/lt\/wp-content\/uploads\/sites\/9\/2026\/01\/tty-no-product-image-164.webp\",\"datePublished\":\"2026-01-25T20:24:25+00:00\",\"dateModified\":\"2026-02-26T09:53:26+00:00\",\"description\":\"Isotretinoin, galinga spuog\u0173 priemon\u0117, ma\u017eina skausmingus spuogus ir riebal\u0173 gamyb\u0105. Dabar prieinama Transtoyou ai\u0161kesnei odai.\",\"breadcrumb\":{\"@id\":\"https:\/\/www.transtoyou.com\/lt\/product\/isotretinoin\/#breadcrumb\"},\"inLanguage\":\"lt-LT\",\"potentialAction\":[{\"@type\":\"ReadAction\",\"target\":[\"https:\/\/www.transtoyou.com\/lt\/product\/isotretinoin\/\"]}]},{\"@type\":\"ImageObject\",\"inLanguage\":\"lt-LT\",\"@id\":\"https:\/\/www.transtoyou.com\/lt\/product\/isotretinoin\/#primaryimage\",\"url\":\"https:\/\/www.transtoyou.com\/lt\/wp-content\/uploads\/sites\/9\/2026\/01\/tty-no-product-image-164.webp\",\"contentUrl\":\"https:\/\/www.transtoyou.com\/lt\/wp-content\/uploads\/sites\/9\/2026\/01\/tty-no-product-image-164.webp\",\"width\":1000,\"height\":1000,\"caption\":\"Numatytasis produkto vaizdas\"},{\"@type\":\"WebSite\",\"@id\":\"https:\/\/www.transtoyou.com\/lt\/#website\",\"url\":\"https:\/\/www.transtoyou.com\/lt\/\",\"name\":\"Transtoyou - LT\",\"description\":\"\",\"publisher\":{\"@id\":\"https:\/\/www.transtoyou.com\/lt\/#organization\"},\"potentialAction\":[{\"@type\":\"SearchAction\",\"target\":{\"@type\":\"EntryPoint\",\"urlTemplate\":\"https:\/\/www.transtoyou.com\/lt\/?s={search_term_string}\"},\"query-input\":{\"@type\":\"PropertyValueSpecification\",\"valueRequired\":true,\"valueName\":\"search_term_string\"}}],\"inLanguage\":\"lt-LT\"},{\"@type\":\"Organization\",\"@id\":\"https:\/\/www.transtoyou.com\/lt\/#organization\",\"name\":\"Transtoyou - LT\",\"url\":\"https:\/\/www.transtoyou.com\/lt\/\",\"logo\":{\"@type\":\"ImageObject\",\"inLanguage\":\"lt-LT\",\"@id\":\"https:\/\/www.transtoyou.com\/lt\/#\/schema\/logo\/image\/\",\"url\":\"https:\/\/www.transtoyou.com\/lt\/wp-content\/uploads\/sites\/9\/2026\/01\/logo-tty-menu-bar-300x87-1.webp\",\"contentUrl\":\"https:\/\/www.transtoyou.com\/lt\/wp-content\/uploads\/sites\/9\/2026\/01\/logo-tty-menu-bar-300x87-1.webp\",\"width\":300,\"height\":87,\"caption\":\"Transtoyou - LT\"},\"image\":{\"@id\":\"https:\/\/www.transtoyou.com\/lt\/#\/schema\/logo\/image\/\"}}]}<\/script>\n<!-- \/ Yoast SEO plugin. -->","yoast_head_json":{"title":"Isotretinoin | Tikslingas spuog\u0173 palengv\u0117jimas - Transtoyou","description":"Isotretinoin, galinga spuog\u0173 priemon\u0117, ma\u017eina skausmingus spuogus ir riebal\u0173 gamyb\u0105. Dabar prieinama Transtoyou ai\u0161kesnei odai.","robots":{"index":"noindex","follow":"follow","max-snippet":"max-snippet:-1","max-image-preview":"max-image-preview:large","max-video-preview":"max-video-preview:-1"},"og_locale":"lt_LT","og_type":"article","og_title":"Isotretinoin | Tikslingas spuog\u0173 palengv\u0117jimas - Transtoyou","og_description":"Isotretinoin, galinga spuog\u0173 priemon\u0117, ma\u017eina skausmingus spuogus ir riebal\u0173 gamyb\u0105. Dabar prieinama Transtoyou ai\u0161kesnei odai.","og_url":"https:\/\/www.transtoyou.com\/lt\/product\/isotretinoin\/","og_site_name":"Transtoyou - LT","article_modified_time":"2026-02-26T09:53:26+00:00","twitter_card":"summary_large_image","twitter_misc":{"Est. reading time":"1 minut\u0117"},"schema":{"@context":"https:\/\/schema.org","@graph":[{"@type":"WebPage","@id":"https:\/\/www.transtoyou.com\/lt\/product\/isotretinoin\/","url":"https:\/\/www.transtoyou.com\/lt\/product\/isotretinoin\/","name":"Isotretinoin | Tikslingas spuog\u0173 palengv\u0117jimas - Transtoyou","isPartOf":{"@id":"https:\/\/www.transtoyou.com\/lt\/#website"},"primaryImageOfPage":{"@id":"https:\/\/www.transtoyou.com\/lt\/product\/isotretinoin\/#primaryimage"},"image":{"@id":"https:\/\/www.transtoyou.com\/lt\/product\/isotretinoin\/#primaryimage"},"thumbnailUrl":"https:\/\/www.transtoyou.com\/lt\/wp-content\/uploads\/sites\/9\/2026\/01\/tty-no-product-image-164.webp","datePublished":"2026-01-25T20:24:25+00:00","dateModified":"2026-02-26T09:53:26+00:00","description":"Isotretinoin, galinga spuog\u0173 priemon\u0117, ma\u017eina skausmingus spuogus ir riebal\u0173 gamyb\u0105. Dabar prieinama Transtoyou ai\u0161kesnei odai.","breadcrumb":{"@id":"https:\/\/www.transtoyou.com\/lt\/product\/isotretinoin\/#breadcrumb"},"inLanguage":"lt-LT","potentialAction":[{"@type":"ReadAction","target":["https:\/\/www.transtoyou.com\/lt\/product\/isotretinoin\/"]}]},{"@type":"ImageObject","inLanguage":"lt-LT","@id":"https:\/\/www.transtoyou.com\/lt\/product\/isotretinoin\/#primaryimage","url":"https:\/\/www.transtoyou.com\/lt\/wp-content\/uploads\/sites\/9\/2026\/01\/tty-no-product-image-164.webp","contentUrl":"https:\/\/www.transtoyou.com\/lt\/wp-content\/uploads\/sites\/9\/2026\/01\/tty-no-product-image-164.webp","width":1000,"height":1000,"caption":"Numatytasis produkto vaizdas"},{"@type":"WebSite","@id":"https:\/\/www.transtoyou.com\/lt\/#website","url":"https:\/\/www.transtoyou.com\/lt\/","name":"Transtoyou - LT","description":"","publisher":{"@id":"https:\/\/www.transtoyou.com\/lt\/#organization"},"potentialAction":[{"@type":"SearchAction","target":{"@type":"EntryPoint","urlTemplate":"https:\/\/www.transtoyou.com\/lt\/?s={search_term_string}"},"query-input":{"@type":"PropertyValueSpecification","valueRequired":true,"valueName":"search_term_string"}}],"inLanguage":"lt-LT"},{"@type":"Organization","@id":"https:\/\/www.transtoyou.com\/lt\/#organization","name":"Transtoyou - LT","url":"https:\/\/www.transtoyou.com\/lt\/","logo":{"@type":"ImageObject","inLanguage":"lt-LT","@id":"https:\/\/www.transtoyou.com\/lt\/#\/schema\/logo\/image\/","url":"https:\/\/www.transtoyou.com\/lt\/wp-content\/uploads\/sites\/9\/2026\/01\/logo-tty-menu-bar-300x87-1.webp","contentUrl":"https:\/\/www.transtoyou.com\/lt\/wp-content\/uploads\/sites\/9\/2026\/01\/logo-tty-menu-bar-300x87-1.webp","width":300,"height":87,"caption":"Transtoyou - LT"},"image":{"@id":"https:\/\/www.transtoyou.com\/lt\/#\/schema\/logo\/image\/"}}]}},"_links":{"self":[{"href":"https:\/\/www.transtoyou.com\/lt\/wp-json\/wp\/v2\/product\/1193","targetHints":{"allow":["GET"]}}],"collection":[{"href":"https:\/\/www.transtoyou.com\/lt\/wp-json\/wp\/v2\/product"}],"about":[{"href":"https:\/\/www.transtoyou.com\/lt\/wp-json\/wp\/v2\/types\/product"}],"replies":[{"embeddable":true,"href":"https:\/\/www.transtoyou.com\/lt\/wp-json\/wp\/v2\/comments?post=1193"}],"wp:featuredmedia":[{"embeddable":true,"href":"https:\/\/www.transtoyou.com\/lt\/wp-json\/wp\/v2\/media\/1195"}],"wp:attachment":[{"href":"https:\/\/www.transtoyou.com\/lt\/wp-json\/wp\/v2\/media?parent=1193"}],"wp:term":[{"taxonomy":"product_brand","embeddable":true,"href":"https:\/\/www.transtoyou.com\/lt\/wp-json\/wp\/v2\/product_brand?post=1193"},{"taxonomy":"product_cat","embeddable":true,"href":"https:\/\/www.transtoyou.com\/lt\/wp-json\/wp\/v2\/product_cat?post=1193"},{"taxonomy":"product_tag","embeddable":true,"href":"https:\/\/www.transtoyou.com\/lt\/wp-json\/wp\/v2\/product_tag?post=1193"},{"taxonomy":"expert","embeddable":true,"href":"https:\/\/www.transtoyou.com\/lt\/wp-json\/wp\/v2\/expert?post=1193"}],"curies":[{"name":"wp","href":"https:\/\/api.w.org\/{rel}","templated":true}]}}