{"id":1196,"date":"2026-01-25T22:43:27","date_gmt":"2026-01-25T20:43:27","guid":{"rendered":"https:\/\/www.transtoyou.com\/lt\/product\/diane-35-dianette\/"},"modified":"2026-01-25T22:44:43","modified_gmt":"2026-01-25T20:44:43","slug":"diane-35-dianette","status":"publish","type":"product","link":"https:\/\/www.transtoyou.com\/lt\/product\/diane-35-dianette\/","title":{"rendered":"Diane 35 (Dianette)"},"content":{"rendered":"<p>Diane 35 (dar \u017einomas kaip Dianette) yra kombinuota geriamoji kontraceptin\u0117 priemon\u0117, kuri\u0105 sudaro estrogenas (etinilestradiolis) ir antiandrogeninis progestogenas (ciproterono acetatas). Ji da\u017enai skiriama ne tik kontracepcijai, bet ir androgen\u0173 sukeltoms b\u016bkl\u0117ms, tokioms kaip akn\u0117, per didelis veido ar k\u016bno plaukuotumas (hirsutizmas) ir tam tikri hiperandrogenizmo po\u017eymiai. Slopindama androgen\u0173 veikl\u0105, Diane 35 padeda suma\u017einti riebal\u0173 gamyb\u0105 ir su\u0161velninti odos tr\u016bkumus, taip pat padeda reguliuoti menstruacinius ciklus.<\/p>\n<p>Teisingai naudojama, Diane 35 gali \u017eymiai pagerinti akn\u0117s linkusios odos i\u0161vaizd\u0105, kartais tapdama pageidaujama kontraceptine priemone tiems, kurie nori tiek kontracepcijos, tiek tikslaus po\u017ei\u016brio \u012f akn\u0119. Estrogeno ir ciproterono acetato derinys veikia keliais lygmenimis, \u012fskaitant ovuliacijos slopinim\u0105, gimdos gleivin\u0117s poky\u010dius ir gimdos kaklelio gleivi\u0173 sutir\u0161tinim\u0105. \u0160ie efektai suma\u017eina n\u0117\u0161tumo tikimyb\u0119, taip pat suma\u017eina androgen\u0173 poveik\u012f, kuris pablogina akn\u0119 ar nepageidaujam\u0105 plauk\u0173 augim\u0105.<\/p>\n<p>Diane 35 vartojama kart\u0105 per dien\u0105 21 dien\u0105, po to seka 7 dien\u0173 pertrauka, per kuri\u0105 paprastai \u012fvyksta atsitraukimo kraujavimas. Ji nerekomenduojama ilgalaikei kontracepcijai, nebent konkre\u010diai skirta tokioms b\u016bkl\u0117ms kaip akn\u0117 ar hirsutizmas.<\/p>\n","protected":false},"excerpt":{"rendered":"<ul>\n<li>Kontraceptin\u0117s ir antiandrogenin\u0117s naudos<\/li>\n<li>Ma\u017eina spuogus ir nepageidaujamus plaukus<\/li>\n<li>Sud\u0117tyje yra estrogeno ir ciproterono acetato<\/li>\n<\/ul>\n","protected":false},"featured_media":1198,"comment_status":"open","ping_status":"closed","template":"","meta":[],"product_brand":[],"product_cat":[73,112,137,94],"product_tag":[],"expert":[21],"class_list":{"0":"post-1196","1":"product","2":"type-product","3":"status-publish","4":"has-post-thumbnail","6":"product_cat-akne","7":"product_cat-endometrioze","8":"product_cat-hirsutizmas-ir-veido-plaukai","9":"product_cat-kombinuoti-vaistai","10":"expert-dr-m-sharoyko","12":"first","13":"instock","14":"shipping-taxable","15":"product-type-variable"},"yoast_head":"<!-- This site is optimized with the Yoast SEO plugin v27.0 - https:\/\/yoast.com\/product\/yoast-seo-wordpress\/ -->\n<title>Diane 35 (Dianette) | Akne ir kontracepcijos priemon\u0117 - Transtoyou<\/title>\n<meta name=\"description\" content=\"Diane 35 (Dianette) prieinamas Transtoyou, kontroliuoja spuogus ir nepageidaujamus plaukus, reguliuoja ciklus su kombinuotomis kontraceptin\u0117mis nauda.\" \/>\n<meta name=\"robots\" content=\"noindex, follow, max-snippet:-1, max-image-preview:large, max-video-preview:-1\" \/>\n<meta property=\"og:locale\" content=\"lt_LT\" \/>\n<meta property=\"og:type\" content=\"article\" \/>\n<meta property=\"og:title\" content=\"Diane 35 (Dianette) | Akne ir kontracepcijos priemon\u0117 - Transtoyou\" \/>\n<meta property=\"og:description\" content=\"Diane 35 (Dianette) prieinamas Transtoyou, kontroliuoja spuogus ir nepageidaujamus plaukus, reguliuoja ciklus su kombinuotomis kontraceptin\u0117mis nauda.\" \/>\n<meta property=\"og:url\" content=\"https:\/\/www.transtoyou.com\/lt\/product\/diane-35-dianette\/\" \/>\n<meta property=\"og:site_name\" content=\"Transtoyou - LT\" \/>\n<meta property=\"article:modified_time\" content=\"2026-01-25T20:44:43+00:00\" \/>\n<meta name=\"twitter:card\" content=\"summary_large_image\" \/>\n<meta name=\"twitter:label1\" content=\"Est. reading time\" \/>\n\t<meta name=\"twitter:data1\" content=\"1 minut\u0117\" \/>\n<script type=\"application\/ld+json\" class=\"yoast-schema-graph\">{\"@context\":\"https:\/\/schema.org\",\"@graph\":[{\"@type\":\"WebPage\",\"@id\":\"https:\/\/www.transtoyou.com\/lt\/product\/diane-35-dianette\/\",\"url\":\"https:\/\/www.transtoyou.com\/lt\/product\/diane-35-dianette\/\",\"name\":\"Diane 35 (Dianette) | Akne ir kontracepcijos priemon\u0117 - Transtoyou\",\"isPartOf\":{\"@id\":\"https:\/\/www.transtoyou.com\/lt\/#website\"},\"primaryImageOfPage\":{\"@id\":\"https:\/\/www.transtoyou.com\/lt\/product\/diane-35-dianette\/#primaryimage\"},\"image\":{\"@id\":\"https:\/\/www.transtoyou.com\/lt\/product\/diane-35-dianette\/#primaryimage\"},\"thumbnailUrl\":\"https:\/\/www.transtoyou.com\/lt\/wp-content\/uploads\/sites\/9\/2026\/01\/tty-no-product-image-165.webp\",\"datePublished\":\"2026-01-25T20:43:27+00:00\",\"dateModified\":\"2026-01-25T20:44:43+00:00\",\"description\":\"Diane 35 (Dianette) prieinamas Transtoyou, kontroliuoja spuogus ir nepageidaujamus plaukus, reguliuoja ciklus su kombinuotomis kontraceptin\u0117mis nauda.\",\"breadcrumb\":{\"@id\":\"https:\/\/www.transtoyou.com\/lt\/product\/diane-35-dianette\/#breadcrumb\"},\"inLanguage\":\"lt-LT\",\"potentialAction\":[{\"@type\":\"ReadAction\",\"target\":[\"https:\/\/www.transtoyou.com\/lt\/product\/diane-35-dianette\/\"]}]},{\"@type\":\"ImageObject\",\"inLanguage\":\"lt-LT\",\"@id\":\"https:\/\/www.transtoyou.com\/lt\/product\/diane-35-dianette\/#primaryimage\",\"url\":\"https:\/\/www.transtoyou.com\/lt\/wp-content\/uploads\/sites\/9\/2026\/01\/tty-no-product-image-165.webp\",\"contentUrl\":\"https:\/\/www.transtoyou.com\/lt\/wp-content\/uploads\/sites\/9\/2026\/01\/tty-no-product-image-165.webp\",\"width\":1000,\"height\":1000,\"caption\":\"Numatytas produkto vaizdas\"},{\"@type\":\"WebSite\",\"@id\":\"https:\/\/www.transtoyou.com\/lt\/#website\",\"url\":\"https:\/\/www.transtoyou.com\/lt\/\",\"name\":\"Transtoyou - LT\",\"description\":\"\",\"publisher\":{\"@id\":\"https:\/\/www.transtoyou.com\/lt\/#organization\"},\"potentialAction\":[{\"@type\":\"SearchAction\",\"target\":{\"@type\":\"EntryPoint\",\"urlTemplate\":\"https:\/\/www.transtoyou.com\/lt\/?s={search_term_string}\"},\"query-input\":{\"@type\":\"PropertyValueSpecification\",\"valueRequired\":true,\"valueName\":\"search_term_string\"}}],\"inLanguage\":\"lt-LT\"},{\"@type\":\"Organization\",\"@id\":\"https:\/\/www.transtoyou.com\/lt\/#organization\",\"name\":\"Transtoyou - LT\",\"url\":\"https:\/\/www.transtoyou.com\/lt\/\",\"logo\":{\"@type\":\"ImageObject\",\"inLanguage\":\"lt-LT\",\"@id\":\"https:\/\/www.transtoyou.com\/lt\/#\/schema\/logo\/image\/\",\"url\":\"https:\/\/www.transtoyou.com\/lt\/wp-content\/uploads\/sites\/9\/2026\/01\/logo-tty-menu-bar-300x87-1.webp\",\"contentUrl\":\"https:\/\/www.transtoyou.com\/lt\/wp-content\/uploads\/sites\/9\/2026\/01\/logo-tty-menu-bar-300x87-1.webp\",\"width\":300,\"height\":87,\"caption\":\"Transtoyou - LT\"},\"image\":{\"@id\":\"https:\/\/www.transtoyou.com\/lt\/#\/schema\/logo\/image\/\"}}]}<\/script>\n<!-- \/ Yoast SEO plugin. -->","yoast_head_json":{"title":"Diane 35 (Dianette) | Akne ir kontracepcijos priemon\u0117 - Transtoyou","description":"Diane 35 (Dianette) prieinamas Transtoyou, kontroliuoja spuogus ir nepageidaujamus plaukus, reguliuoja ciklus su kombinuotomis kontraceptin\u0117mis nauda.","robots":{"index":"noindex","follow":"follow","max-snippet":"max-snippet:-1","max-image-preview":"max-image-preview:large","max-video-preview":"max-video-preview:-1"},"og_locale":"lt_LT","og_type":"article","og_title":"Diane 35 (Dianette) | Akne ir kontracepcijos priemon\u0117 - Transtoyou","og_description":"Diane 35 (Dianette) prieinamas Transtoyou, kontroliuoja spuogus ir nepageidaujamus plaukus, reguliuoja ciklus su kombinuotomis kontraceptin\u0117mis nauda.","og_url":"https:\/\/www.transtoyou.com\/lt\/product\/diane-35-dianette\/","og_site_name":"Transtoyou - LT","article_modified_time":"2026-01-25T20:44:43+00:00","twitter_card":"summary_large_image","twitter_misc":{"Est. reading time":"1 minut\u0117"},"schema":{"@context":"https:\/\/schema.org","@graph":[{"@type":"WebPage","@id":"https:\/\/www.transtoyou.com\/lt\/product\/diane-35-dianette\/","url":"https:\/\/www.transtoyou.com\/lt\/product\/diane-35-dianette\/","name":"Diane 35 (Dianette) | Akne ir kontracepcijos priemon\u0117 - Transtoyou","isPartOf":{"@id":"https:\/\/www.transtoyou.com\/lt\/#website"},"primaryImageOfPage":{"@id":"https:\/\/www.transtoyou.com\/lt\/product\/diane-35-dianette\/#primaryimage"},"image":{"@id":"https:\/\/www.transtoyou.com\/lt\/product\/diane-35-dianette\/#primaryimage"},"thumbnailUrl":"https:\/\/www.transtoyou.com\/lt\/wp-content\/uploads\/sites\/9\/2026\/01\/tty-no-product-image-165.webp","datePublished":"2026-01-25T20:43:27+00:00","dateModified":"2026-01-25T20:44:43+00:00","description":"Diane 35 (Dianette) prieinamas Transtoyou, kontroliuoja spuogus ir nepageidaujamus plaukus, reguliuoja ciklus su kombinuotomis kontraceptin\u0117mis nauda.","breadcrumb":{"@id":"https:\/\/www.transtoyou.com\/lt\/product\/diane-35-dianette\/#breadcrumb"},"inLanguage":"lt-LT","potentialAction":[{"@type":"ReadAction","target":["https:\/\/www.transtoyou.com\/lt\/product\/diane-35-dianette\/"]}]},{"@type":"ImageObject","inLanguage":"lt-LT","@id":"https:\/\/www.transtoyou.com\/lt\/product\/diane-35-dianette\/#primaryimage","url":"https:\/\/www.transtoyou.com\/lt\/wp-content\/uploads\/sites\/9\/2026\/01\/tty-no-product-image-165.webp","contentUrl":"https:\/\/www.transtoyou.com\/lt\/wp-content\/uploads\/sites\/9\/2026\/01\/tty-no-product-image-165.webp","width":1000,"height":1000,"caption":"Numatytas produkto vaizdas"},{"@type":"WebSite","@id":"https:\/\/www.transtoyou.com\/lt\/#website","url":"https:\/\/www.transtoyou.com\/lt\/","name":"Transtoyou - LT","description":"","publisher":{"@id":"https:\/\/www.transtoyou.com\/lt\/#organization"},"potentialAction":[{"@type":"SearchAction","target":{"@type":"EntryPoint","urlTemplate":"https:\/\/www.transtoyou.com\/lt\/?s={search_term_string}"},"query-input":{"@type":"PropertyValueSpecification","valueRequired":true,"valueName":"search_term_string"}}],"inLanguage":"lt-LT"},{"@type":"Organization","@id":"https:\/\/www.transtoyou.com\/lt\/#organization","name":"Transtoyou - LT","url":"https:\/\/www.transtoyou.com\/lt\/","logo":{"@type":"ImageObject","inLanguage":"lt-LT","@id":"https:\/\/www.transtoyou.com\/lt\/#\/schema\/logo\/image\/","url":"https:\/\/www.transtoyou.com\/lt\/wp-content\/uploads\/sites\/9\/2026\/01\/logo-tty-menu-bar-300x87-1.webp","contentUrl":"https:\/\/www.transtoyou.com\/lt\/wp-content\/uploads\/sites\/9\/2026\/01\/logo-tty-menu-bar-300x87-1.webp","width":300,"height":87,"caption":"Transtoyou - LT"},"image":{"@id":"https:\/\/www.transtoyou.com\/lt\/#\/schema\/logo\/image\/"}}]}},"_links":{"self":[{"href":"https:\/\/www.transtoyou.com\/lt\/wp-json\/wp\/v2\/product\/1196","targetHints":{"allow":["GET"]}}],"collection":[{"href":"https:\/\/www.transtoyou.com\/lt\/wp-json\/wp\/v2\/product"}],"about":[{"href":"https:\/\/www.transtoyou.com\/lt\/wp-json\/wp\/v2\/types\/product"}],"replies":[{"embeddable":true,"href":"https:\/\/www.transtoyou.com\/lt\/wp-json\/wp\/v2\/comments?post=1196"}],"wp:featuredmedia":[{"embeddable":true,"href":"https:\/\/www.transtoyou.com\/lt\/wp-json\/wp\/v2\/media\/1198"}],"wp:attachment":[{"href":"https:\/\/www.transtoyou.com\/lt\/wp-json\/wp\/v2\/media?parent=1196"}],"wp:term":[{"taxonomy":"product_brand","embeddable":true,"href":"https:\/\/www.transtoyou.com\/lt\/wp-json\/wp\/v2\/product_brand?post=1196"},{"taxonomy":"product_cat","embeddable":true,"href":"https:\/\/www.transtoyou.com\/lt\/wp-json\/wp\/v2\/product_cat?post=1196"},{"taxonomy":"product_tag","embeddable":true,"href":"https:\/\/www.transtoyou.com\/lt\/wp-json\/wp\/v2\/product_tag?post=1196"},{"taxonomy":"expert","embeddable":true,"href":"https:\/\/www.transtoyou.com\/lt\/wp-json\/wp\/v2\/expert?post=1196"}],"curies":[{"name":"wp","href":"https:\/\/api.w.org\/{rel}","templated":true}]}}