{"id":1202,"date":"2026-01-25T23:20:25","date_gmt":"2026-01-25T21:20:25","guid":{"rendered":"https:\/\/www.transtoyou.com\/lt\/product\/spironolactone\/"},"modified":"2026-03-05T13:57:23","modified_gmt":"2026-03-05T11:57:23","slug":"spironolaktonas","status":"publish","type":"product","link":"https:\/\/www.transtoyou.com\/lt\/product\/spironolaktonas\/","title":{"rendered":"Spironolaktonas"},"content":{"rendered":"<p>Spironolaktonas yra kal\u012f tausojantis diuretikas, naudojamas gydyti tokioms b\u016bkl\u0117ms kaip auk\u0161tas kraujosp\u016bdis, skys\u010di\u0173 susilaikymas ir tam tikros hormon\u0173 jautrios ligos. Jis veikia blokuodamas aldosteron\u0105, hormon\u0105, kuris skatina natrio ir vandens susilaikym\u0105, taip padedant suma\u017einti skys\u010di\u0173 kaupim\u0105si ir suma\u017einti kraujosp\u016bd\u012f.<\/p>\n<p>Be \u0161irdies ir kraujagysli\u0173 naudojimo, spironolaktonas gali b\u016bti \u012ftrauktas \u012f feminizuojan\u010di\u0105 hormon\u0173 terapij\u0105, da\u017enai transgenderin\u0117ms moterims ir nebinariems asmenims. Jis veikia kaip antiandrogenas, potencialiai ma\u017einantis testosterono poveik\u012f odai, plaukams ir k\u016bnui laikui b\u0117gant. Prane\u0161ami poveikiai gali apimti suma\u017e\u0117jusius veido\/k\u016bno plaukus, ma\u017eesn\u012f plauk\u0173 ret\u0117jim\u0105 ant galvos ir \u0161velnesn\u0119 od\u0105, nors poky\u010diai gali labai skirtis priklausomai nuo asmens.<\/p>\n<p>Spironolaktonas paprastai vartojamas per burn\u0105 vien\u0105 ar du kartus per dien\u0105. Doz\u0117 pritaikoma pagal medicinin\u0119 b\u016bkl\u0119, laboratorinius rezultatus ir gydymo tikslus. Jis da\u017enai derinamas su estrogen\u0173 terapija lyties patvirtinimo prie\u017ei\u016broje. Rekomenduojama steb\u0117ti inkst\u0173 funkcij\u0105 ir elektrolitus viso gydymo metu.<\/p>\n<p>\u0160alutiniai poveikiai gali apimti da\u017en\u0105 \u0161lapinim\u0105si, galvos svaigim\u0105, kr\u016bt\u0173 jautrum\u0105 ir padid\u0117jusias kalio koncentracijas. Spironolaktonas nerekomenduojamas asmenims, turintiems sunki\u0173 inkst\u0173 sutrikim\u0173, auk\u0161t\u0105 kalio kiek\u012f ar Addisono lig\u0105.<\/p>\n","protected":false},"excerpt":{"rendered":"<ul>\n<li>Gali pad\u0117ti pasiekti feminizuojan\u010dios terapijos tikslus<\/li>\n<li>Ma\u017eina androgeninius (susijusius su testosteronu) poveikius<\/li>\n<li>Padeda suma\u017einti kraujo spaudim\u0105 ir skys\u010di\u0173 susilaikym\u0105<\/li>\n<\/ul>\n","protected":false},"featured_media":1204,"comment_status":"open","ping_status":"closed","template":"","meta":[],"product_brand":[],"product_cat":[136,116],"product_tag":[],"expert":[19],"class_list":{"0":"post-1202","1":"product","2":"type-product","3":"status-publish","4":"has-post-thumbnail","6":"product_cat-aukstas-kraujo-spaudimas","7":"product_cat-estrogeno-ir-feminizacijos-terapija","8":"expert-dr-j-vazquez","10":"first","11":"instock","12":"shipping-taxable","13":"product-type-variable"},"yoast_head":"<!-- This site is optimized with the Yoast SEO plugin v27.0 - https:\/\/yoast.com\/product\/yoast-seo-wordpress\/ -->\n<title>Spironolaktonas | Efektyvus kraujosp\u016bd\u017eio ma\u017einimas - Transtoyou<\/title>\n<meta name=\"description\" content=\"Spironolaktonas, prieinamas \u010dia, ma\u017eina kraujosp\u016bd\u012f, veikdamas aldosteron\u0105. Efektyvus hipertenzijai. Pirkite dabar!\" \/>\n<meta name=\"robots\" content=\"noindex, follow, max-snippet:-1, max-image-preview:large, max-video-preview:-1\" \/>\n<meta property=\"og:locale\" content=\"lt_LT\" \/>\n<meta property=\"og:type\" content=\"article\" \/>\n<meta property=\"og:title\" content=\"Spironolaktonas | Efektyvus kraujosp\u016bd\u017eio ma\u017einimas - Transtoyou\" \/>\n<meta property=\"og:description\" content=\"Spironolaktonas, prieinamas \u010dia, ma\u017eina kraujosp\u016bd\u012f, veikdamas aldosteron\u0105. Efektyvus hipertenzijai. Pirkite dabar!\" \/>\n<meta property=\"og:url\" content=\"https:\/\/www.transtoyou.com\/lt\/product\/spironolactone\/\" \/>\n<meta property=\"og:site_name\" content=\"Transtoyou - LT\" \/>\n<meta property=\"article:modified_time\" content=\"2026-03-05T11:57:23+00:00\" \/>\n<meta name=\"twitter:card\" content=\"summary_large_image\" \/>\n<meta name=\"twitter:label1\" content=\"Est. reading time\" \/>\n\t<meta name=\"twitter:data1\" content=\"1 minut\u0117\" \/>\n<script type=\"application\/ld+json\" class=\"yoast-schema-graph\">{\"@context\":\"https:\/\/schema.org\",\"@graph\":[{\"@type\":\"WebPage\",\"@id\":\"https:\/\/www.transtoyou.com\/lt\/product\/spironolactone\/\",\"url\":\"https:\/\/www.transtoyou.com\/lt\/product\/spironolactone\/\",\"name\":\"Spironolaktonas | Efektyvus kraujosp\u016bd\u017eio ma\u017einimas - Transtoyou\",\"isPartOf\":{\"@id\":\"https:\/\/www.transtoyou.com\/lt\/#website\"},\"primaryImageOfPage\":{\"@id\":\"https:\/\/www.transtoyou.com\/lt\/product\/spironolactone\/#primaryimage\"},\"image\":{\"@id\":\"https:\/\/www.transtoyou.com\/lt\/product\/spironolactone\/#primaryimage\"},\"thumbnailUrl\":\"https:\/\/www.transtoyou.com\/lt\/wp-content\/uploads\/sites\/9\/2026\/01\/tty-no-product-image-167.webp\",\"datePublished\":\"2026-01-25T21:20:25+00:00\",\"dateModified\":\"2026-03-05T11:57:23+00:00\",\"description\":\"Spironolaktonas, prieinamas \u010dia, ma\u017eina kraujosp\u016bd\u012f, veikdamas aldosteron\u0105. Efektyvus hipertenzijai. Pirkite dabar!\",\"breadcrumb\":{\"@id\":\"https:\/\/www.transtoyou.com\/lt\/product\/spironolactone\/#breadcrumb\"},\"inLanguage\":\"lt-LT\",\"potentialAction\":[{\"@type\":\"ReadAction\",\"target\":[\"https:\/\/www.transtoyou.com\/lt\/product\/spironolactone\/\"]}]},{\"@type\":\"ImageObject\",\"inLanguage\":\"lt-LT\",\"@id\":\"https:\/\/www.transtoyou.com\/lt\/product\/spironolactone\/#primaryimage\",\"url\":\"https:\/\/www.transtoyou.com\/lt\/wp-content\/uploads\/sites\/9\/2026\/01\/tty-no-product-image-167.webp\",\"contentUrl\":\"https:\/\/www.transtoyou.com\/lt\/wp-content\/uploads\/sites\/9\/2026\/01\/tty-no-product-image-167.webp\",\"width\":1000,\"height\":1000,\"caption\":\"Numatytasis produkto vaizdas\"},{\"@type\":\"WebSite\",\"@id\":\"https:\/\/www.transtoyou.com\/lt\/#website\",\"url\":\"https:\/\/www.transtoyou.com\/lt\/\",\"name\":\"Transtoyou - LT\",\"description\":\"\",\"publisher\":{\"@id\":\"https:\/\/www.transtoyou.com\/lt\/#organization\"},\"potentialAction\":[{\"@type\":\"SearchAction\",\"target\":{\"@type\":\"EntryPoint\",\"urlTemplate\":\"https:\/\/www.transtoyou.com\/lt\/?s={search_term_string}\"},\"query-input\":{\"@type\":\"PropertyValueSpecification\",\"valueRequired\":true,\"valueName\":\"search_term_string\"}}],\"inLanguage\":\"lt-LT\"},{\"@type\":\"Organization\",\"@id\":\"https:\/\/www.transtoyou.com\/lt\/#organization\",\"name\":\"Transtoyou - LT\",\"url\":\"https:\/\/www.transtoyou.com\/lt\/\",\"logo\":{\"@type\":\"ImageObject\",\"inLanguage\":\"lt-LT\",\"@id\":\"https:\/\/www.transtoyou.com\/lt\/#\/schema\/logo\/image\/\",\"url\":\"https:\/\/www.transtoyou.com\/lt\/wp-content\/uploads\/sites\/9\/2026\/01\/logo-tty-menu-bar-300x87-1.webp\",\"contentUrl\":\"https:\/\/www.transtoyou.com\/lt\/wp-content\/uploads\/sites\/9\/2026\/01\/logo-tty-menu-bar-300x87-1.webp\",\"width\":300,\"height\":87,\"caption\":\"Transtoyou - LT\"},\"image\":{\"@id\":\"https:\/\/www.transtoyou.com\/lt\/#\/schema\/logo\/image\/\"}}]}<\/script>\n<!-- \/ Yoast SEO plugin. -->","yoast_head_json":{"title":"Spironolaktonas | Efektyvus kraujosp\u016bd\u017eio ma\u017einimas - Transtoyou","description":"Spironolaktonas, prieinamas \u010dia, ma\u017eina kraujosp\u016bd\u012f, veikdamas aldosteron\u0105. Efektyvus hipertenzijai. Pirkite dabar!","robots":{"index":"noindex","follow":"follow","max-snippet":"max-snippet:-1","max-image-preview":"max-image-preview:large","max-video-preview":"max-video-preview:-1"},"og_locale":"lt_LT","og_type":"article","og_title":"Spironolaktonas | Efektyvus kraujosp\u016bd\u017eio ma\u017einimas - Transtoyou","og_description":"Spironolaktonas, prieinamas \u010dia, ma\u017eina kraujosp\u016bd\u012f, veikdamas aldosteron\u0105. Efektyvus hipertenzijai. Pirkite dabar!","og_url":"https:\/\/www.transtoyou.com\/lt\/product\/spironolactone\/","og_site_name":"Transtoyou - LT","article_modified_time":"2026-03-05T11:57:23+00:00","twitter_card":"summary_large_image","twitter_misc":{"Est. reading time":"1 minut\u0117"},"schema":{"@context":"https:\/\/schema.org","@graph":[{"@type":"WebPage","@id":"https:\/\/www.transtoyou.com\/lt\/product\/spironolactone\/","url":"https:\/\/www.transtoyou.com\/lt\/product\/spironolactone\/","name":"Spironolaktonas | Efektyvus kraujosp\u016bd\u017eio ma\u017einimas - Transtoyou","isPartOf":{"@id":"https:\/\/www.transtoyou.com\/lt\/#website"},"primaryImageOfPage":{"@id":"https:\/\/www.transtoyou.com\/lt\/product\/spironolactone\/#primaryimage"},"image":{"@id":"https:\/\/www.transtoyou.com\/lt\/product\/spironolactone\/#primaryimage"},"thumbnailUrl":"https:\/\/www.transtoyou.com\/lt\/wp-content\/uploads\/sites\/9\/2026\/01\/tty-no-product-image-167.webp","datePublished":"2026-01-25T21:20:25+00:00","dateModified":"2026-03-05T11:57:23+00:00","description":"Spironolaktonas, prieinamas \u010dia, ma\u017eina kraujosp\u016bd\u012f, veikdamas aldosteron\u0105. Efektyvus hipertenzijai. Pirkite dabar!","breadcrumb":{"@id":"https:\/\/www.transtoyou.com\/lt\/product\/spironolactone\/#breadcrumb"},"inLanguage":"lt-LT","potentialAction":[{"@type":"ReadAction","target":["https:\/\/www.transtoyou.com\/lt\/product\/spironolactone\/"]}]},{"@type":"ImageObject","inLanguage":"lt-LT","@id":"https:\/\/www.transtoyou.com\/lt\/product\/spironolactone\/#primaryimage","url":"https:\/\/www.transtoyou.com\/lt\/wp-content\/uploads\/sites\/9\/2026\/01\/tty-no-product-image-167.webp","contentUrl":"https:\/\/www.transtoyou.com\/lt\/wp-content\/uploads\/sites\/9\/2026\/01\/tty-no-product-image-167.webp","width":1000,"height":1000,"caption":"Numatytasis produkto vaizdas"},{"@type":"WebSite","@id":"https:\/\/www.transtoyou.com\/lt\/#website","url":"https:\/\/www.transtoyou.com\/lt\/","name":"Transtoyou - LT","description":"","publisher":{"@id":"https:\/\/www.transtoyou.com\/lt\/#organization"},"potentialAction":[{"@type":"SearchAction","target":{"@type":"EntryPoint","urlTemplate":"https:\/\/www.transtoyou.com\/lt\/?s={search_term_string}"},"query-input":{"@type":"PropertyValueSpecification","valueRequired":true,"valueName":"search_term_string"}}],"inLanguage":"lt-LT"},{"@type":"Organization","@id":"https:\/\/www.transtoyou.com\/lt\/#organization","name":"Transtoyou - LT","url":"https:\/\/www.transtoyou.com\/lt\/","logo":{"@type":"ImageObject","inLanguage":"lt-LT","@id":"https:\/\/www.transtoyou.com\/lt\/#\/schema\/logo\/image\/","url":"https:\/\/www.transtoyou.com\/lt\/wp-content\/uploads\/sites\/9\/2026\/01\/logo-tty-menu-bar-300x87-1.webp","contentUrl":"https:\/\/www.transtoyou.com\/lt\/wp-content\/uploads\/sites\/9\/2026\/01\/logo-tty-menu-bar-300x87-1.webp","width":300,"height":87,"caption":"Transtoyou - LT"},"image":{"@id":"https:\/\/www.transtoyou.com\/lt\/#\/schema\/logo\/image\/"}}]}},"_links":{"self":[{"href":"https:\/\/www.transtoyou.com\/lt\/wp-json\/wp\/v2\/product\/1202","targetHints":{"allow":["GET"]}}],"collection":[{"href":"https:\/\/www.transtoyou.com\/lt\/wp-json\/wp\/v2\/product"}],"about":[{"href":"https:\/\/www.transtoyou.com\/lt\/wp-json\/wp\/v2\/types\/product"}],"replies":[{"embeddable":true,"href":"https:\/\/www.transtoyou.com\/lt\/wp-json\/wp\/v2\/comments?post=1202"}],"wp:featuredmedia":[{"embeddable":true,"href":"https:\/\/www.transtoyou.com\/lt\/wp-json\/wp\/v2\/media\/1204"}],"wp:attachment":[{"href":"https:\/\/www.transtoyou.com\/lt\/wp-json\/wp\/v2\/media?parent=1202"}],"wp:term":[{"taxonomy":"product_brand","embeddable":true,"href":"https:\/\/www.transtoyou.com\/lt\/wp-json\/wp\/v2\/product_brand?post=1202"},{"taxonomy":"product_cat","embeddable":true,"href":"https:\/\/www.transtoyou.com\/lt\/wp-json\/wp\/v2\/product_cat?post=1202"},{"taxonomy":"product_tag","embeddable":true,"href":"https:\/\/www.transtoyou.com\/lt\/wp-json\/wp\/v2\/product_tag?post=1202"},{"taxonomy":"expert","embeddable":true,"href":"https:\/\/www.transtoyou.com\/lt\/wp-json\/wp\/v2\/expert?post=1202"}],"curies":[{"name":"wp","href":"https:\/\/api.w.org\/{rel}","templated":true}]}}