{"id":1211,"date":"2026-01-26T00:11:38","date_gmt":"2026-01-25T22:11:38","guid":{"rendered":"https:\/\/www.transtoyou.com\/lt\/product\/propecia\/"},"modified":"2026-03-01T16:29:22","modified_gmt":"2026-03-01T14:29:22","slug":"propecia","status":"publish","type":"product","link":"https:\/\/www.transtoyou.com\/lt\/product\/propecia\/","title":{"rendered":"Propecia"},"content":{"rendered":"<p>Propecia yra vaistas, naudojamas vyr\u0173 plauk\u0173 slinkimo, dar \u017einomo kaip androgenetin\u0117 alopecija, gydymui suaugusiems vyrams. Jame yra veikliosios med\u017eiagos finasterido, kuris priklauso 5\u03b1-reduktaz\u0117s inhibitori\u0173 grupei.<\/p>\n<p>Propecia veikia, taikydama specifin\u012f ferment\u0105 organizme, vadinam\u0105 II tipo 5\u03b1-reduktaze. \u0160is fermentas atsakingas u\u017e testosterono konvertavim\u0105 \u012f dihidrotestosteron\u0105 (DHT), hormon\u0105, susijus\u012f su plauk\u0173 slinkimu vyrams, kurie yra geneti\u0161kai link\u0119. Blokuodama \u0161\u012f ferment\u0105, Propecia suma\u017eina DHT lyg\u012f galvos odoje ir kraujyje, kas padeda sul\u0117tinti plauk\u0173 slinkim\u0105 ir netgi gali skatinti nauj\u0173 plauk\u0173 augim\u0105 kai kuriems vyrams.<\/p>\n<p>Propecia konkre\u010diai naudojama vyr\u0173 plauk\u0173 slinkimui gydyti, ypa\u010d kar\u016bnos (vir\u0161uje) ir vidurin\u0117je galvos dalyje. Ji n\u0117ra skirta moterims ar vaikams ir n\u0117ra veiksminga kit\u0173 tip\u0173 plauk\u0173 slinkimui.<\/p>\n<p>Suma\u017eindama DHT lygius, Propecia padeda u\u017ekirsti keli\u0105 plauk\u0173 folikul\u0173 susitraukimui (miniati\u016brizacijai), kuris yra pagrindin\u0117 plon\u0173 plauk\u0173 ir nuplikimo prie\u017eastis vyr\u0173 plauk\u0173 slinkimo atveju. \u0160is veikimas leid\u017eia plauk\u0173 folikulams i\u0161likti sveikiems ilgiau, i\u0161laikant plauk\u0173 tank\u012f ir kartais skatinant nauj\u0173 plauk\u0173 augim\u0105, kurie neseniai buvo prarasti.<\/p>\n<p>Pagrindinis Propecia privalumas yra jos geb\u0117jimas sul\u0117tinti arba sustabdyti plauk\u0173 slinkim\u0105 vyrams, turintiems vyr\u0173 plauk\u0173 nuplikim\u0105. Daugelis vyr\u0173 pastebi, kad j\u0173 plauk\u0173 slinkimas sul\u0117t\u0117ja po ma\u017edaug trij\u0173 m\u0117nesi\u0173 nuolatinio vartojimo, kai kurie patiria storesnius plaukus arba nauj\u0105 augim\u0105, ypa\u010d galvos kar\u016bnoje. Poveikis i\u0161lieka tiek, kiek vaistas vartojamas reguliariai. Propecia vartojama kaip vienkartin\u0117 tablet\u0117 per dien\u0105, tod\u0117l j\u0105 patogu naudoti. Paprastai ji gerai toleruojama, dauguma vyr\u0173 patiria nedaug \u0161alutini\u0173 poveiki\u0173. Ta\u010diau, jei vaistas nutraukiamas, bet kokie \u012fgyti ar i\u0161laikyti plaukai paprastai prarandami per metus.<\/p>\n","protected":false},"excerpt":{"rendered":"<ul>\n<li>Sul\u0117tina ir u\u017ekerta keli\u0105 plauk\u0173 slinkimui<\/li>\n<li>Skatina plauk\u0173 augim\u0105 vyrams<\/li>\n<li>Patogi vienkartin\u0117 tablet\u0117 per dien\u0105<\/li>\n<\/ul>\n","protected":false},"featured_media":1213,"comment_status":"open","ping_status":"closed","template":"","meta":[],"product_brand":[],"product_cat":[128],"product_tag":[],"expert":[18],"class_list":{"0":"post-1211","1":"product","2":"type-product","3":"status-publish","4":"has-post-thumbnail","6":"product_cat-plauku-slinkimo-sprendimai","7":"expert-dr-g-varbanov","9":"first","10":"instock","11":"shipping-taxable","12":"product-type-variable"},"yoast_head":"<!-- This site is optimized with the Yoast SEO plugin v27.0 - https:\/\/yoast.com\/product\/yoast-seo-wordpress\/ -->\n<title>Propecia | Efektyvus sprendimas plauk\u0173 slinkimui - Transtoyou<\/title>\n<meta name=\"description\" content=\"Atraskite Propecia, skirt\u0105 vyr\u0173 plauk\u0173 slinkimo gydymui, Transtoyou. U\u017esisakykite internetu \u0161iandien ir pasinaudokite ekspert\u0173 rekomendacijomis.\" \/>\n<meta name=\"robots\" content=\"noindex, follow, max-snippet:-1, max-image-preview:large, max-video-preview:-1\" \/>\n<meta property=\"og:locale\" content=\"lt_LT\" \/>\n<meta property=\"og:type\" content=\"article\" \/>\n<meta property=\"og:title\" content=\"Propecia | Efektyvus sprendimas plauk\u0173 slinkimui - Transtoyou\" \/>\n<meta property=\"og:description\" content=\"Atraskite Propecia, skirt\u0105 vyr\u0173 plauk\u0173 slinkimo gydymui, Transtoyou. U\u017esisakykite internetu \u0161iandien ir pasinaudokite ekspert\u0173 rekomendacijomis.\" \/>\n<meta property=\"og:url\" content=\"https:\/\/www.transtoyou.com\/lt\/product\/propecia\/\" \/>\n<meta property=\"og:site_name\" content=\"Transtoyou - LT\" \/>\n<meta property=\"article:modified_time\" content=\"2026-03-01T14:29:22+00:00\" \/>\n<meta name=\"twitter:card\" content=\"summary_large_image\" \/>\n<meta name=\"twitter:label1\" content=\"Est. reading time\" \/>\n\t<meta name=\"twitter:data1\" content=\"1 minut\u0117\" \/>\n<script type=\"application\/ld+json\" class=\"yoast-schema-graph\">{\"@context\":\"https:\/\/schema.org\",\"@graph\":[{\"@type\":\"WebPage\",\"@id\":\"https:\/\/www.transtoyou.com\/lt\/product\/propecia\/\",\"url\":\"https:\/\/www.transtoyou.com\/lt\/product\/propecia\/\",\"name\":\"Propecia | Efektyvus sprendimas plauk\u0173 slinkimui - Transtoyou\",\"isPartOf\":{\"@id\":\"https:\/\/www.transtoyou.com\/lt\/#website\"},\"primaryImageOfPage\":{\"@id\":\"https:\/\/www.transtoyou.com\/lt\/product\/propecia\/#primaryimage\"},\"image\":{\"@id\":\"https:\/\/www.transtoyou.com\/lt\/product\/propecia\/#primaryimage\"},\"thumbnailUrl\":\"https:\/\/www.transtoyou.com\/lt\/wp-content\/uploads\/sites\/9\/2026\/01\/tty-no-product-image-170.webp\",\"datePublished\":\"2026-01-25T22:11:38+00:00\",\"dateModified\":\"2026-03-01T14:29:22+00:00\",\"description\":\"Atraskite Propecia, skirt\u0105 vyr\u0173 plauk\u0173 slinkimo gydymui, Transtoyou. U\u017esisakykite internetu \u0161iandien ir pasinaudokite ekspert\u0173 rekomendacijomis.\",\"breadcrumb\":{\"@id\":\"https:\/\/www.transtoyou.com\/lt\/product\/propecia\/#breadcrumb\"},\"inLanguage\":\"lt-LT\",\"potentialAction\":[{\"@type\":\"ReadAction\",\"target\":[\"https:\/\/www.transtoyou.com\/lt\/product\/propecia\/\"]}]},{\"@type\":\"ImageObject\",\"inLanguage\":\"lt-LT\",\"@id\":\"https:\/\/www.transtoyou.com\/lt\/product\/propecia\/#primaryimage\",\"url\":\"https:\/\/www.transtoyou.com\/lt\/wp-content\/uploads\/sites\/9\/2026\/01\/tty-no-product-image-170.webp\",\"contentUrl\":\"https:\/\/www.transtoyou.com\/lt\/wp-content\/uploads\/sites\/9\/2026\/01\/tty-no-product-image-170.webp\",\"width\":1000,\"height\":1000,\"caption\":\"Numatytas produkto vaizdas\"},{\"@type\":\"WebSite\",\"@id\":\"https:\/\/www.transtoyou.com\/lt\/#website\",\"url\":\"https:\/\/www.transtoyou.com\/lt\/\",\"name\":\"Transtoyou - LT\",\"description\":\"\",\"publisher\":{\"@id\":\"https:\/\/www.transtoyou.com\/lt\/#organization\"},\"potentialAction\":[{\"@type\":\"SearchAction\",\"target\":{\"@type\":\"EntryPoint\",\"urlTemplate\":\"https:\/\/www.transtoyou.com\/lt\/?s={search_term_string}\"},\"query-input\":{\"@type\":\"PropertyValueSpecification\",\"valueRequired\":true,\"valueName\":\"search_term_string\"}}],\"inLanguage\":\"lt-LT\"},{\"@type\":\"Organization\",\"@id\":\"https:\/\/www.transtoyou.com\/lt\/#organization\",\"name\":\"Transtoyou - LT\",\"url\":\"https:\/\/www.transtoyou.com\/lt\/\",\"logo\":{\"@type\":\"ImageObject\",\"inLanguage\":\"lt-LT\",\"@id\":\"https:\/\/www.transtoyou.com\/lt\/#\/schema\/logo\/image\/\",\"url\":\"https:\/\/www.transtoyou.com\/lt\/wp-content\/uploads\/sites\/9\/2026\/01\/logo-tty-menu-bar-300x87-1.webp\",\"contentUrl\":\"https:\/\/www.transtoyou.com\/lt\/wp-content\/uploads\/sites\/9\/2026\/01\/logo-tty-menu-bar-300x87-1.webp\",\"width\":300,\"height\":87,\"caption\":\"Transtoyou - LT\"},\"image\":{\"@id\":\"https:\/\/www.transtoyou.com\/lt\/#\/schema\/logo\/image\/\"}}]}<\/script>\n<!-- \/ Yoast SEO plugin. -->","yoast_head_json":{"title":"Propecia | Efektyvus sprendimas plauk\u0173 slinkimui - Transtoyou","description":"Atraskite Propecia, skirt\u0105 vyr\u0173 plauk\u0173 slinkimo gydymui, Transtoyou. U\u017esisakykite internetu \u0161iandien ir pasinaudokite ekspert\u0173 rekomendacijomis.","robots":{"index":"noindex","follow":"follow","max-snippet":"max-snippet:-1","max-image-preview":"max-image-preview:large","max-video-preview":"max-video-preview:-1"},"og_locale":"lt_LT","og_type":"article","og_title":"Propecia | Efektyvus sprendimas plauk\u0173 slinkimui - Transtoyou","og_description":"Atraskite Propecia, skirt\u0105 vyr\u0173 plauk\u0173 slinkimo gydymui, Transtoyou. U\u017esisakykite internetu \u0161iandien ir pasinaudokite ekspert\u0173 rekomendacijomis.","og_url":"https:\/\/www.transtoyou.com\/lt\/product\/propecia\/","og_site_name":"Transtoyou - LT","article_modified_time":"2026-03-01T14:29:22+00:00","twitter_card":"summary_large_image","twitter_misc":{"Est. reading time":"1 minut\u0117"},"schema":{"@context":"https:\/\/schema.org","@graph":[{"@type":"WebPage","@id":"https:\/\/www.transtoyou.com\/lt\/product\/propecia\/","url":"https:\/\/www.transtoyou.com\/lt\/product\/propecia\/","name":"Propecia | Efektyvus sprendimas plauk\u0173 slinkimui - Transtoyou","isPartOf":{"@id":"https:\/\/www.transtoyou.com\/lt\/#website"},"primaryImageOfPage":{"@id":"https:\/\/www.transtoyou.com\/lt\/product\/propecia\/#primaryimage"},"image":{"@id":"https:\/\/www.transtoyou.com\/lt\/product\/propecia\/#primaryimage"},"thumbnailUrl":"https:\/\/www.transtoyou.com\/lt\/wp-content\/uploads\/sites\/9\/2026\/01\/tty-no-product-image-170.webp","datePublished":"2026-01-25T22:11:38+00:00","dateModified":"2026-03-01T14:29:22+00:00","description":"Atraskite Propecia, skirt\u0105 vyr\u0173 plauk\u0173 slinkimo gydymui, Transtoyou. U\u017esisakykite internetu \u0161iandien ir pasinaudokite ekspert\u0173 rekomendacijomis.","breadcrumb":{"@id":"https:\/\/www.transtoyou.com\/lt\/product\/propecia\/#breadcrumb"},"inLanguage":"lt-LT","potentialAction":[{"@type":"ReadAction","target":["https:\/\/www.transtoyou.com\/lt\/product\/propecia\/"]}]},{"@type":"ImageObject","inLanguage":"lt-LT","@id":"https:\/\/www.transtoyou.com\/lt\/product\/propecia\/#primaryimage","url":"https:\/\/www.transtoyou.com\/lt\/wp-content\/uploads\/sites\/9\/2026\/01\/tty-no-product-image-170.webp","contentUrl":"https:\/\/www.transtoyou.com\/lt\/wp-content\/uploads\/sites\/9\/2026\/01\/tty-no-product-image-170.webp","width":1000,"height":1000,"caption":"Numatytas produkto vaizdas"},{"@type":"WebSite","@id":"https:\/\/www.transtoyou.com\/lt\/#website","url":"https:\/\/www.transtoyou.com\/lt\/","name":"Transtoyou - LT","description":"","publisher":{"@id":"https:\/\/www.transtoyou.com\/lt\/#organization"},"potentialAction":[{"@type":"SearchAction","target":{"@type":"EntryPoint","urlTemplate":"https:\/\/www.transtoyou.com\/lt\/?s={search_term_string}"},"query-input":{"@type":"PropertyValueSpecification","valueRequired":true,"valueName":"search_term_string"}}],"inLanguage":"lt-LT"},{"@type":"Organization","@id":"https:\/\/www.transtoyou.com\/lt\/#organization","name":"Transtoyou - LT","url":"https:\/\/www.transtoyou.com\/lt\/","logo":{"@type":"ImageObject","inLanguage":"lt-LT","@id":"https:\/\/www.transtoyou.com\/lt\/#\/schema\/logo\/image\/","url":"https:\/\/www.transtoyou.com\/lt\/wp-content\/uploads\/sites\/9\/2026\/01\/logo-tty-menu-bar-300x87-1.webp","contentUrl":"https:\/\/www.transtoyou.com\/lt\/wp-content\/uploads\/sites\/9\/2026\/01\/logo-tty-menu-bar-300x87-1.webp","width":300,"height":87,"caption":"Transtoyou - LT"},"image":{"@id":"https:\/\/www.transtoyou.com\/lt\/#\/schema\/logo\/image\/"}}]}},"_links":{"self":[{"href":"https:\/\/www.transtoyou.com\/lt\/wp-json\/wp\/v2\/product\/1211","targetHints":{"allow":["GET"]}}],"collection":[{"href":"https:\/\/www.transtoyou.com\/lt\/wp-json\/wp\/v2\/product"}],"about":[{"href":"https:\/\/www.transtoyou.com\/lt\/wp-json\/wp\/v2\/types\/product"}],"replies":[{"embeddable":true,"href":"https:\/\/www.transtoyou.com\/lt\/wp-json\/wp\/v2\/comments?post=1211"}],"wp:featuredmedia":[{"embeddable":true,"href":"https:\/\/www.transtoyou.com\/lt\/wp-json\/wp\/v2\/media\/1213"}],"wp:attachment":[{"href":"https:\/\/www.transtoyou.com\/lt\/wp-json\/wp\/v2\/media?parent=1211"}],"wp:term":[{"taxonomy":"product_brand","embeddable":true,"href":"https:\/\/www.transtoyou.com\/lt\/wp-json\/wp\/v2\/product_brand?post=1211"},{"taxonomy":"product_cat","embeddable":true,"href":"https:\/\/www.transtoyou.com\/lt\/wp-json\/wp\/v2\/product_cat?post=1211"},{"taxonomy":"product_tag","embeddable":true,"href":"https:\/\/www.transtoyou.com\/lt\/wp-json\/wp\/v2\/product_tag?post=1211"},{"taxonomy":"expert","embeddable":true,"href":"https:\/\/www.transtoyou.com\/lt\/wp-json\/wp\/v2\/expert?post=1211"}],"curies":[{"name":"wp","href":"https:\/\/api.w.org\/{rel}","templated":true}]}}