{"id":1214,"date":"2026-01-26T00:27:43","date_gmt":"2026-01-25T22:27:43","guid":{"rendered":"https:\/\/www.transtoyou.com\/lt\/product\/condyline-condylox\/"},"modified":"2026-01-26T00:28:35","modified_gmt":"2026-01-25T22:28:35","slug":"condyline-condylox","status":"publish","type":"product","link":"https:\/\/www.transtoyou.com\/lt\/product\/condyline-condylox\/","title":{"rendered":"Condyline (Condylox)"},"content":{"rendered":"<p>Condyline sud\u0117tyje yra podofilotoksino, augalin\u0117s kilm\u0117s junginio, kuris veikia kaip citotoksinis agentas (\u017eudo nereikalingas l\u0105steles). Jis veikia slopindamas l\u0105steli\u0173 dalijim\u0105si ir DNR sintez\u0119 (sustabdo karp\u0173 l\u0105steli\u0173 augim\u0105 ir dauginim\u0105si). Podofilotoksinas jungiasi prie baltymo, vadinamo tubulinu, u\u017ekirsdamas keli\u0105 mikrotraukeli\u0173 susidarymui, d\u0117l ko karp\u0173 l\u0105stel\u0117s \u017e\u016bsta.<\/p>\n<p>\u0160is vaistas naudojamas genitalin\u0117ms karpoms gydyti i\u0161oriniuose lytiniuose organuose. Jis padeda organizmui laikui b\u0117gant atsikratyti karp\u0173, atakuodamas tik nenormal\u0173 odos audin\u012f, o ne sveik\u0105 aplinkin\u0119 od\u0105.<\/p>\n<p>Condyline tepamas tiesiai ant karp\u0173, paprastai du kartus per dien\u0105 tris dienas, po to daroma keturi\u0173 dien\u0173 pertrauka. \u0160is vienos savait\u0117s ciklas gali b\u016bti kartojamas iki keturi\u0173 savai\u010di\u0173, priklausomai nuo to, kaip gerai karpos reaguoja.<\/p>\n<p>Pagrindinis Condyline privalumas yra tas, kad tai neinvazinis gydymas (nereikia operacijos ar \u0161aldymo). J\u012f lengva naudoti namuose, ta\u010diau reikia labai atsargiai tepti, nes per didelis kiekis arba tepimas ant sveikos odos gali sukelti odos dirginim\u0105 ar opas.<\/p>\n<p>Sustabdydamas karp\u0173 l\u0105steli\u0173 augim\u0105 ir pad\u0117damas joms suirti, Condyline palaiko j\u016bs\u0173 organizm\u0105, padedant i\u0161valyti HPV sukeltas odos pa\u017eeidimus.<\/p>\n","protected":false},"excerpt":{"rendered":"<ul>\n<li>Tiksliai veikia genitalini\u0173 karp\u0173 audin\u012f<\/li>\n<li>Stabdo karp\u0173 l\u0105steli\u0173 augim\u0105<\/li>\n<li>Trumpalaikiam vietiniam gydymui<\/li>\n<\/ul>\n","protected":false},"featured_media":1215,"comment_status":"open","ping_status":"closed","template":"","meta":[],"product_brand":[],"product_cat":[176,124],"product_tag":[],"expert":[17],"class_list":{"0":"post-1214","1":"product","2":"type-product","3":"status-publish","4":"has-post-thumbnail","6":"product_cat-karpos","7":"product_cat-lytiniu-organu-karpos","8":"expert-dr-c-munoz-parada","10":"first","11":"instock","12":"shipping-taxable","13":"product-type-simple"},"yoast_head":"<!-- This site is optimized with the Yoast SEO plugin v27.0 - https:\/\/yoast.com\/product\/yoast-seo-wordpress\/ -->\n<title>Condyline (Condylox) - Efektyvi karp\u0173 gydymo priemon\u0117 | Transtoyou<\/title>\n<meta name=\"description\" content=\"Condyline (Condylox) lytini\u0173 karp\u0173 gydymui. U\u017esisakykite internetu Transtoyou. Efektyvu, lengva naudoti namuose. Prad\u0117kite gydym\u0105 \u0161iandien, jau prieinama.\" \/>\n<meta name=\"robots\" content=\"noindex, follow, max-snippet:-1, max-image-preview:large, max-video-preview:-1\" \/>\n<meta property=\"og:locale\" content=\"lt_LT\" \/>\n<meta property=\"og:type\" content=\"article\" \/>\n<meta property=\"og:title\" content=\"Condyline (Condylox) - Efektyvi karp\u0173 gydymo priemon\u0117 | Transtoyou\" \/>\n<meta property=\"og:description\" content=\"Condyline (Condylox) lytini\u0173 karp\u0173 gydymui. U\u017esisakykite internetu Transtoyou. Efektyvu, lengva naudoti namuose. Prad\u0117kite gydym\u0105 \u0161iandien, jau prieinama.\" \/>\n<meta property=\"og:url\" content=\"https:\/\/www.transtoyou.com\/lt\/product\/condyline-condylox\/\" \/>\n<meta property=\"og:site_name\" content=\"Transtoyou - LT\" \/>\n<meta property=\"article:modified_time\" content=\"2026-01-25T22:28:35+00:00\" \/>\n<meta name=\"twitter:card\" content=\"summary_large_image\" \/>\n<meta name=\"twitter:label1\" content=\"Est. reading time\" \/>\n\t<meta name=\"twitter:data1\" content=\"1 minut\u0117\" \/>\n<script type=\"application\/ld+json\" class=\"yoast-schema-graph\">{\"@context\":\"https:\/\/schema.org\",\"@graph\":[{\"@type\":\"WebPage\",\"@id\":\"https:\/\/www.transtoyou.com\/lt\/product\/condyline-condylox\/\",\"url\":\"https:\/\/www.transtoyou.com\/lt\/product\/condyline-condylox\/\",\"name\":\"Condyline (Condylox) - Efektyvi karp\u0173 gydymo priemon\u0117 | Transtoyou\",\"isPartOf\":{\"@id\":\"https:\/\/www.transtoyou.com\/lt\/#website\"},\"primaryImageOfPage\":{\"@id\":\"https:\/\/www.transtoyou.com\/lt\/product\/condyline-condylox\/#primaryimage\"},\"image\":{\"@id\":\"https:\/\/www.transtoyou.com\/lt\/product\/condyline-condylox\/#primaryimage\"},\"thumbnailUrl\":\"https:\/\/www.transtoyou.com\/lt\/wp-content\/uploads\/sites\/9\/2026\/01\/tty-no-product-image-171.webp\",\"datePublished\":\"2026-01-25T22:27:43+00:00\",\"dateModified\":\"2026-01-25T22:28:35+00:00\",\"description\":\"Condyline (Condylox) lytini\u0173 karp\u0173 gydymui. U\u017esisakykite internetu Transtoyou. Efektyvu, lengva naudoti namuose. Prad\u0117kite gydym\u0105 \u0161iandien, jau prieinama.\",\"breadcrumb\":{\"@id\":\"https:\/\/www.transtoyou.com\/lt\/product\/condyline-condylox\/#breadcrumb\"},\"inLanguage\":\"lt-LT\",\"potentialAction\":[{\"@type\":\"ReadAction\",\"target\":[\"https:\/\/www.transtoyou.com\/lt\/product\/condyline-condylox\/\"]}]},{\"@type\":\"ImageObject\",\"inLanguage\":\"lt-LT\",\"@id\":\"https:\/\/www.transtoyou.com\/lt\/product\/condyline-condylox\/#primaryimage\",\"url\":\"https:\/\/www.transtoyou.com\/lt\/wp-content\/uploads\/sites\/9\/2026\/01\/tty-no-product-image-171.webp\",\"contentUrl\":\"https:\/\/www.transtoyou.com\/lt\/wp-content\/uploads\/sites\/9\/2026\/01\/tty-no-product-image-171.webp\",\"width\":1000,\"height\":1000,\"caption\":\"Numatytas produkto vaizdas\"},{\"@type\":\"WebSite\",\"@id\":\"https:\/\/www.transtoyou.com\/lt\/#website\",\"url\":\"https:\/\/www.transtoyou.com\/lt\/\",\"name\":\"Transtoyou - LT\",\"description\":\"\",\"publisher\":{\"@id\":\"https:\/\/www.transtoyou.com\/lt\/#organization\"},\"potentialAction\":[{\"@type\":\"SearchAction\",\"target\":{\"@type\":\"EntryPoint\",\"urlTemplate\":\"https:\/\/www.transtoyou.com\/lt\/?s={search_term_string}\"},\"query-input\":{\"@type\":\"PropertyValueSpecification\",\"valueRequired\":true,\"valueName\":\"search_term_string\"}}],\"inLanguage\":\"lt-LT\"},{\"@type\":\"Organization\",\"@id\":\"https:\/\/www.transtoyou.com\/lt\/#organization\",\"name\":\"Transtoyou - LT\",\"url\":\"https:\/\/www.transtoyou.com\/lt\/\",\"logo\":{\"@type\":\"ImageObject\",\"inLanguage\":\"lt-LT\",\"@id\":\"https:\/\/www.transtoyou.com\/lt\/#\/schema\/logo\/image\/\",\"url\":\"https:\/\/www.transtoyou.com\/lt\/wp-content\/uploads\/sites\/9\/2026\/01\/logo-tty-menu-bar-300x87-1.webp\",\"contentUrl\":\"https:\/\/www.transtoyou.com\/lt\/wp-content\/uploads\/sites\/9\/2026\/01\/logo-tty-menu-bar-300x87-1.webp\",\"width\":300,\"height\":87,\"caption\":\"Transtoyou - LT\"},\"image\":{\"@id\":\"https:\/\/www.transtoyou.com\/lt\/#\/schema\/logo\/image\/\"}}]}<\/script>\n<!-- \/ Yoast SEO plugin. -->","yoast_head_json":{"title":"Condyline (Condylox) - Efektyvi karp\u0173 gydymo priemon\u0117 | Transtoyou","description":"Condyline (Condylox) lytini\u0173 karp\u0173 gydymui. U\u017esisakykite internetu Transtoyou. Efektyvu, lengva naudoti namuose. Prad\u0117kite gydym\u0105 \u0161iandien, jau prieinama.","robots":{"index":"noindex","follow":"follow","max-snippet":"max-snippet:-1","max-image-preview":"max-image-preview:large","max-video-preview":"max-video-preview:-1"},"og_locale":"lt_LT","og_type":"article","og_title":"Condyline (Condylox) - Efektyvi karp\u0173 gydymo priemon\u0117 | Transtoyou","og_description":"Condyline (Condylox) lytini\u0173 karp\u0173 gydymui. U\u017esisakykite internetu Transtoyou. Efektyvu, lengva naudoti namuose. Prad\u0117kite gydym\u0105 \u0161iandien, jau prieinama.","og_url":"https:\/\/www.transtoyou.com\/lt\/product\/condyline-condylox\/","og_site_name":"Transtoyou - LT","article_modified_time":"2026-01-25T22:28:35+00:00","twitter_card":"summary_large_image","twitter_misc":{"Est. reading time":"1 minut\u0117"},"schema":{"@context":"https:\/\/schema.org","@graph":[{"@type":"WebPage","@id":"https:\/\/www.transtoyou.com\/lt\/product\/condyline-condylox\/","url":"https:\/\/www.transtoyou.com\/lt\/product\/condyline-condylox\/","name":"Condyline (Condylox) - Efektyvi karp\u0173 gydymo priemon\u0117 | Transtoyou","isPartOf":{"@id":"https:\/\/www.transtoyou.com\/lt\/#website"},"primaryImageOfPage":{"@id":"https:\/\/www.transtoyou.com\/lt\/product\/condyline-condylox\/#primaryimage"},"image":{"@id":"https:\/\/www.transtoyou.com\/lt\/product\/condyline-condylox\/#primaryimage"},"thumbnailUrl":"https:\/\/www.transtoyou.com\/lt\/wp-content\/uploads\/sites\/9\/2026\/01\/tty-no-product-image-171.webp","datePublished":"2026-01-25T22:27:43+00:00","dateModified":"2026-01-25T22:28:35+00:00","description":"Condyline (Condylox) lytini\u0173 karp\u0173 gydymui. U\u017esisakykite internetu Transtoyou. Efektyvu, lengva naudoti namuose. Prad\u0117kite gydym\u0105 \u0161iandien, jau prieinama.","breadcrumb":{"@id":"https:\/\/www.transtoyou.com\/lt\/product\/condyline-condylox\/#breadcrumb"},"inLanguage":"lt-LT","potentialAction":[{"@type":"ReadAction","target":["https:\/\/www.transtoyou.com\/lt\/product\/condyline-condylox\/"]}]},{"@type":"ImageObject","inLanguage":"lt-LT","@id":"https:\/\/www.transtoyou.com\/lt\/product\/condyline-condylox\/#primaryimage","url":"https:\/\/www.transtoyou.com\/lt\/wp-content\/uploads\/sites\/9\/2026\/01\/tty-no-product-image-171.webp","contentUrl":"https:\/\/www.transtoyou.com\/lt\/wp-content\/uploads\/sites\/9\/2026\/01\/tty-no-product-image-171.webp","width":1000,"height":1000,"caption":"Numatytas produkto vaizdas"},{"@type":"WebSite","@id":"https:\/\/www.transtoyou.com\/lt\/#website","url":"https:\/\/www.transtoyou.com\/lt\/","name":"Transtoyou - LT","description":"","publisher":{"@id":"https:\/\/www.transtoyou.com\/lt\/#organization"},"potentialAction":[{"@type":"SearchAction","target":{"@type":"EntryPoint","urlTemplate":"https:\/\/www.transtoyou.com\/lt\/?s={search_term_string}"},"query-input":{"@type":"PropertyValueSpecification","valueRequired":true,"valueName":"search_term_string"}}],"inLanguage":"lt-LT"},{"@type":"Organization","@id":"https:\/\/www.transtoyou.com\/lt\/#organization","name":"Transtoyou - LT","url":"https:\/\/www.transtoyou.com\/lt\/","logo":{"@type":"ImageObject","inLanguage":"lt-LT","@id":"https:\/\/www.transtoyou.com\/lt\/#\/schema\/logo\/image\/","url":"https:\/\/www.transtoyou.com\/lt\/wp-content\/uploads\/sites\/9\/2026\/01\/logo-tty-menu-bar-300x87-1.webp","contentUrl":"https:\/\/www.transtoyou.com\/lt\/wp-content\/uploads\/sites\/9\/2026\/01\/logo-tty-menu-bar-300x87-1.webp","width":300,"height":87,"caption":"Transtoyou - LT"},"image":{"@id":"https:\/\/www.transtoyou.com\/lt\/#\/schema\/logo\/image\/"}}]}},"_links":{"self":[{"href":"https:\/\/www.transtoyou.com\/lt\/wp-json\/wp\/v2\/product\/1214","targetHints":{"allow":["GET"]}}],"collection":[{"href":"https:\/\/www.transtoyou.com\/lt\/wp-json\/wp\/v2\/product"}],"about":[{"href":"https:\/\/www.transtoyou.com\/lt\/wp-json\/wp\/v2\/types\/product"}],"replies":[{"embeddable":true,"href":"https:\/\/www.transtoyou.com\/lt\/wp-json\/wp\/v2\/comments?post=1214"}],"wp:featuredmedia":[{"embeddable":true,"href":"https:\/\/www.transtoyou.com\/lt\/wp-json\/wp\/v2\/media\/1215"}],"wp:attachment":[{"href":"https:\/\/www.transtoyou.com\/lt\/wp-json\/wp\/v2\/media?parent=1214"}],"wp:term":[{"taxonomy":"product_brand","embeddable":true,"href":"https:\/\/www.transtoyou.com\/lt\/wp-json\/wp\/v2\/product_brand?post=1214"},{"taxonomy":"product_cat","embeddable":true,"href":"https:\/\/www.transtoyou.com\/lt\/wp-json\/wp\/v2\/product_cat?post=1214"},{"taxonomy":"product_tag","embeddable":true,"href":"https:\/\/www.transtoyou.com\/lt\/wp-json\/wp\/v2\/product_tag?post=1214"},{"taxonomy":"expert","embeddable":true,"href":"https:\/\/www.transtoyou.com\/lt\/wp-json\/wp\/v2\/expert?post=1214"}],"curies":[{"name":"wp","href":"https:\/\/api.w.org\/{rel}","templated":true}]}}