{"id":1225,"date":"2026-01-26T01:32:52","date_gmt":"2026-01-25T23:32:52","guid":{"rendered":"https:\/\/www.transtoyou.com\/lt\/product\/atorvastatin\/"},"modified":"2026-02-13T13:31:08","modified_gmt":"2026-02-13T11:31:08","slug":"atorvastatinas","status":"publish","type":"product","link":"https:\/\/www.transtoyou.com\/lt\/product\/atorvastatinas\/","title":{"rendered":"Atorvastatinas"},"content":{"rendered":"<p>Atorvastatinas yra pla\u010diai skiriamas statin\u0173 vaistas, kuris vaidina svarb\u0173 vaidmen\u012f ma\u017einant padid\u0117jusias cholesterolio koncentracijas, ypa\u010d ma\u017eo tankio lipoprotein\u0173 (MTL) cholesterol\u012f. Slopindamas ferment\u0105 HMG-CoA reduktaz\u0119 kepenyse, jis efektyviai suma\u017eina cholesterolio gamyb\u0105, pad\u0117damas u\u017ekirsti keli\u0105 plok\u0161teli\u0173 susidarymui ant arterij\u0173 sieneli\u0173. \u0160is procesas prisideda prie geresni\u0173 \u0161irdies ir kraujagysli\u0173 rezultat\u0173, suma\u017eindamas \u0161irdies sm\u016bgi\u0173, insult\u0173 ir kit\u0173 komplikacij\u0173, susijusi\u0173 su dideliu cholesteroliu, rizik\u0105.<\/p>\n<p>Be to, kad ma\u017eina kenksming\u0105 MTL cholesterol\u012f, Atorvastatinas taip pat gali pad\u0117ti vidutini\u0161kai padidinti didelio tankio lipoprotein\u0173 (DTL) cholesterolio lygius, kartais vadinamo \u201egeruoju\u201c cholesteroliu. Per \u0161\u012f dvigub\u0105 mechanizm\u0105, ma\u017einant MTL ir \u0161iek tiek didinant DTL, Atorvastatinas palaiko sveikesn\u012f lipid\u0173 balans\u0105 kraujyje. Dauguma pacient\u0173 gerai toleruoja Atorvastatin\u0105, nors kai kurie gali patirti lengv\u0173 \u0161alutini\u0173 poveiki\u0173, toki\u0173 kaip raumen\u0173 skausmai ar skrand\u017eio diskomfortas.<\/p>\n<p>Daugelis \u017emoni\u0173 gauna naudos vartodami Atorvastatin\u0105 kaip dal\u012f platesnio gydymo plano, kuris apima \u0161ird\u017eiai palanki\u0105 mityb\u0105, reguliar\u0173 fizin\u012f aktyvum\u0105 ir svorio kontrol\u0119. \u0160is holistinis po\u017ei\u016bris gali optimizuoti vaisto rezultatus, pad\u0117damas pacientams pasiekti ir i\u0161laikyti savo cholesterolio tikslus. Norint dar labiau suma\u017einti nepageidaujam\u0173 poveiki\u0173 galimybes, da\u017enai rekomenduojama atlikti \u012fprastus kraujo tyrimus, kad b\u016bt\u0173 stebima kepen\u0173 funkcija ir kraujo lipid\u0173 lygiai.<\/p>\n<p>Pad\u0117damas stabilizuoti plok\u0161teles ir suma\u017einti nauj\u0173 aterosklerozini\u0173 pa\u017eeidim\u0173 susidarym\u0105, Atorvastatinas prisideda prie arterij\u0173 apsaugos nuo ligos progresavimo. Tokiu b\u016bdu vaistas ne tik gerina cholesterolio lygius, bet ir skatina ilgalaik\u0119 \u0161irdies ir kraujagysli\u0173 sveikat\u0105. Apskritai, Atorvastatinas i\u0161lieka pagrindine terapija \u017emon\u0117ms, kuriems padid\u0117jusi \u0161irdies ir kraujagysli\u0173 \u012fvyki\u0173 rizika, teikdamas patikim\u0105 ir \u012frodymais pagr\u012fst\u0105 cholesterolio valdym\u0105, kuris naudinga pla\u010diam pacient\u0173 ratui.<\/p>\n","protected":false},"excerpt":{"rendered":"<ul>\n<li>Ma\u017eina LDL ir didina HDL<\/li>\n<li>Ma\u017eina \u0161irdies lig\u0173 rizik\u0105<\/li>\n<li>Klinik\u0161kai \u012frodyta statin\u0173 terapija<\/li>\n<\/ul>\n","protected":false},"featured_media":1227,"comment_status":"open","ping_status":"closed","template":"","meta":[],"product_brand":[],"product_cat":[92],"product_tag":[],"expert":[21],"class_list":{"0":"post-1225","1":"product","2":"type-product","3":"status-publish","4":"has-post-thumbnail","6":"product_cat-cholesterolio-kontrole","7":"expert-dr-m-sharoyko","9":"first","10":"instock","11":"shipping-taxable","12":"product-type-variable"},"yoast_head":"<!-- This site is optimized with the Yoast SEO plugin v27.0 - https:\/\/yoast.com\/product\/yoast-seo-wordpress\/ -->\n<title>Atorvastatinas | Suma\u017eink LDL, Pagerink \u0160irdies Sveikat\u0105 - Transtoyou<\/title>\n<meta name=\"description\" content=\"Atraskite Atorvastatin Transtoyou: suma\u017einkite LDL cholesterol\u012f ir pagerinkite \u0161irdies sveikat\u0105 su m\u016bs\u0173 ekspert\u0173 ap\u017evalgomis.\" \/>\n<meta name=\"robots\" content=\"noindex, follow, max-snippet:-1, max-image-preview:large, max-video-preview:-1\" \/>\n<meta property=\"og:locale\" content=\"lt_LT\" \/>\n<meta property=\"og:type\" content=\"article\" \/>\n<meta property=\"og:title\" content=\"Atorvastatinas | Suma\u017eink LDL, Pagerink \u0160irdies Sveikat\u0105 - Transtoyou\" \/>\n<meta property=\"og:description\" content=\"Atraskite Atorvastatin Transtoyou: suma\u017einkite LDL cholesterol\u012f ir pagerinkite \u0161irdies sveikat\u0105 su m\u016bs\u0173 ekspert\u0173 ap\u017evalgomis.\" \/>\n<meta property=\"og:url\" content=\"https:\/\/www.transtoyou.com\/lt\/product\/atorvastatin\/\" \/>\n<meta property=\"og:site_name\" content=\"Transtoyou - LT\" \/>\n<meta property=\"article:modified_time\" content=\"2026-02-13T11:31:08+00:00\" \/>\n<meta name=\"twitter:card\" content=\"summary_large_image\" \/>\n<meta name=\"twitter:label1\" content=\"Est. reading time\" \/>\n\t<meta name=\"twitter:data1\" content=\"1 minut\u0117\" \/>\n<script type=\"application\/ld+json\" class=\"yoast-schema-graph\">{\"@context\":\"https:\/\/schema.org\",\"@graph\":[{\"@type\":\"WebPage\",\"@id\":\"https:\/\/www.transtoyou.com\/lt\/product\/atorvastatin\/\",\"url\":\"https:\/\/www.transtoyou.com\/lt\/product\/atorvastatin\/\",\"name\":\"Atorvastatinas | Suma\u017eink LDL, Pagerink \u0160irdies Sveikat\u0105 - Transtoyou\",\"isPartOf\":{\"@id\":\"https:\/\/www.transtoyou.com\/lt\/#website\"},\"primaryImageOfPage\":{\"@id\":\"https:\/\/www.transtoyou.com\/lt\/product\/atorvastatin\/#primaryimage\"},\"image\":{\"@id\":\"https:\/\/www.transtoyou.com\/lt\/product\/atorvastatin\/#primaryimage\"},\"thumbnailUrl\":\"https:\/\/www.transtoyou.com\/lt\/wp-content\/uploads\/sites\/9\/2026\/01\/tty-no-product-image-175.webp\",\"datePublished\":\"2026-01-25T23:32:52+00:00\",\"dateModified\":\"2026-02-13T11:31:08+00:00\",\"description\":\"Atraskite Atorvastatin Transtoyou: suma\u017einkite LDL cholesterol\u012f ir pagerinkite \u0161irdies sveikat\u0105 su m\u016bs\u0173 ekspert\u0173 ap\u017evalgomis.\",\"breadcrumb\":{\"@id\":\"https:\/\/www.transtoyou.com\/lt\/product\/atorvastatin\/#breadcrumb\"},\"inLanguage\":\"lt-LT\",\"potentialAction\":[{\"@type\":\"ReadAction\",\"target\":[\"https:\/\/www.transtoyou.com\/lt\/product\/atorvastatin\/\"]}]},{\"@type\":\"ImageObject\",\"inLanguage\":\"lt-LT\",\"@id\":\"https:\/\/www.transtoyou.com\/lt\/product\/atorvastatin\/#primaryimage\",\"url\":\"https:\/\/www.transtoyou.com\/lt\/wp-content\/uploads\/sites\/9\/2026\/01\/tty-no-product-image-175.webp\",\"contentUrl\":\"https:\/\/www.transtoyou.com\/lt\/wp-content\/uploads\/sites\/9\/2026\/01\/tty-no-product-image-175.webp\",\"width\":1000,\"height\":1000,\"caption\":\"Numatytas produkto vaizdas\"},{\"@type\":\"WebSite\",\"@id\":\"https:\/\/www.transtoyou.com\/lt\/#website\",\"url\":\"https:\/\/www.transtoyou.com\/lt\/\",\"name\":\"Transtoyou - LT\",\"description\":\"\",\"publisher\":{\"@id\":\"https:\/\/www.transtoyou.com\/lt\/#organization\"},\"potentialAction\":[{\"@type\":\"SearchAction\",\"target\":{\"@type\":\"EntryPoint\",\"urlTemplate\":\"https:\/\/www.transtoyou.com\/lt\/?s={search_term_string}\"},\"query-input\":{\"@type\":\"PropertyValueSpecification\",\"valueRequired\":true,\"valueName\":\"search_term_string\"}}],\"inLanguage\":\"lt-LT\"},{\"@type\":\"Organization\",\"@id\":\"https:\/\/www.transtoyou.com\/lt\/#organization\",\"name\":\"Transtoyou - LT\",\"url\":\"https:\/\/www.transtoyou.com\/lt\/\",\"logo\":{\"@type\":\"ImageObject\",\"inLanguage\":\"lt-LT\",\"@id\":\"https:\/\/www.transtoyou.com\/lt\/#\/schema\/logo\/image\/\",\"url\":\"https:\/\/www.transtoyou.com\/lt\/wp-content\/uploads\/sites\/9\/2026\/01\/logo-tty-menu-bar-300x87-1.webp\",\"contentUrl\":\"https:\/\/www.transtoyou.com\/lt\/wp-content\/uploads\/sites\/9\/2026\/01\/logo-tty-menu-bar-300x87-1.webp\",\"width\":300,\"height\":87,\"caption\":\"Transtoyou - LT\"},\"image\":{\"@id\":\"https:\/\/www.transtoyou.com\/lt\/#\/schema\/logo\/image\/\"}}]}<\/script>\n<!-- \/ Yoast SEO plugin. -->","yoast_head_json":{"title":"Atorvastatinas | Suma\u017eink LDL, Pagerink \u0160irdies Sveikat\u0105 - Transtoyou","description":"Atraskite Atorvastatin Transtoyou: suma\u017einkite LDL cholesterol\u012f ir pagerinkite \u0161irdies sveikat\u0105 su m\u016bs\u0173 ekspert\u0173 ap\u017evalgomis.","robots":{"index":"noindex","follow":"follow","max-snippet":"max-snippet:-1","max-image-preview":"max-image-preview:large","max-video-preview":"max-video-preview:-1"},"og_locale":"lt_LT","og_type":"article","og_title":"Atorvastatinas | Suma\u017eink LDL, Pagerink \u0160irdies Sveikat\u0105 - Transtoyou","og_description":"Atraskite Atorvastatin Transtoyou: suma\u017einkite LDL cholesterol\u012f ir pagerinkite \u0161irdies sveikat\u0105 su m\u016bs\u0173 ekspert\u0173 ap\u017evalgomis.","og_url":"https:\/\/www.transtoyou.com\/lt\/product\/atorvastatin\/","og_site_name":"Transtoyou - LT","article_modified_time":"2026-02-13T11:31:08+00:00","twitter_card":"summary_large_image","twitter_misc":{"Est. reading time":"1 minut\u0117"},"schema":{"@context":"https:\/\/schema.org","@graph":[{"@type":"WebPage","@id":"https:\/\/www.transtoyou.com\/lt\/product\/atorvastatin\/","url":"https:\/\/www.transtoyou.com\/lt\/product\/atorvastatin\/","name":"Atorvastatinas | Suma\u017eink LDL, Pagerink \u0160irdies Sveikat\u0105 - Transtoyou","isPartOf":{"@id":"https:\/\/www.transtoyou.com\/lt\/#website"},"primaryImageOfPage":{"@id":"https:\/\/www.transtoyou.com\/lt\/product\/atorvastatin\/#primaryimage"},"image":{"@id":"https:\/\/www.transtoyou.com\/lt\/product\/atorvastatin\/#primaryimage"},"thumbnailUrl":"https:\/\/www.transtoyou.com\/lt\/wp-content\/uploads\/sites\/9\/2026\/01\/tty-no-product-image-175.webp","datePublished":"2026-01-25T23:32:52+00:00","dateModified":"2026-02-13T11:31:08+00:00","description":"Atraskite Atorvastatin Transtoyou: suma\u017einkite LDL cholesterol\u012f ir pagerinkite \u0161irdies sveikat\u0105 su m\u016bs\u0173 ekspert\u0173 ap\u017evalgomis.","breadcrumb":{"@id":"https:\/\/www.transtoyou.com\/lt\/product\/atorvastatin\/#breadcrumb"},"inLanguage":"lt-LT","potentialAction":[{"@type":"ReadAction","target":["https:\/\/www.transtoyou.com\/lt\/product\/atorvastatin\/"]}]},{"@type":"ImageObject","inLanguage":"lt-LT","@id":"https:\/\/www.transtoyou.com\/lt\/product\/atorvastatin\/#primaryimage","url":"https:\/\/www.transtoyou.com\/lt\/wp-content\/uploads\/sites\/9\/2026\/01\/tty-no-product-image-175.webp","contentUrl":"https:\/\/www.transtoyou.com\/lt\/wp-content\/uploads\/sites\/9\/2026\/01\/tty-no-product-image-175.webp","width":1000,"height":1000,"caption":"Numatytas produkto vaizdas"},{"@type":"WebSite","@id":"https:\/\/www.transtoyou.com\/lt\/#website","url":"https:\/\/www.transtoyou.com\/lt\/","name":"Transtoyou - LT","description":"","publisher":{"@id":"https:\/\/www.transtoyou.com\/lt\/#organization"},"potentialAction":[{"@type":"SearchAction","target":{"@type":"EntryPoint","urlTemplate":"https:\/\/www.transtoyou.com\/lt\/?s={search_term_string}"},"query-input":{"@type":"PropertyValueSpecification","valueRequired":true,"valueName":"search_term_string"}}],"inLanguage":"lt-LT"},{"@type":"Organization","@id":"https:\/\/www.transtoyou.com\/lt\/#organization","name":"Transtoyou - LT","url":"https:\/\/www.transtoyou.com\/lt\/","logo":{"@type":"ImageObject","inLanguage":"lt-LT","@id":"https:\/\/www.transtoyou.com\/lt\/#\/schema\/logo\/image\/","url":"https:\/\/www.transtoyou.com\/lt\/wp-content\/uploads\/sites\/9\/2026\/01\/logo-tty-menu-bar-300x87-1.webp","contentUrl":"https:\/\/www.transtoyou.com\/lt\/wp-content\/uploads\/sites\/9\/2026\/01\/logo-tty-menu-bar-300x87-1.webp","width":300,"height":87,"caption":"Transtoyou - LT"},"image":{"@id":"https:\/\/www.transtoyou.com\/lt\/#\/schema\/logo\/image\/"}}]}},"_links":{"self":[{"href":"https:\/\/www.transtoyou.com\/lt\/wp-json\/wp\/v2\/product\/1225","targetHints":{"allow":["GET"]}}],"collection":[{"href":"https:\/\/www.transtoyou.com\/lt\/wp-json\/wp\/v2\/product"}],"about":[{"href":"https:\/\/www.transtoyou.com\/lt\/wp-json\/wp\/v2\/types\/product"}],"replies":[{"embeddable":true,"href":"https:\/\/www.transtoyou.com\/lt\/wp-json\/wp\/v2\/comments?post=1225"}],"wp:featuredmedia":[{"embeddable":true,"href":"https:\/\/www.transtoyou.com\/lt\/wp-json\/wp\/v2\/media\/1227"}],"wp:attachment":[{"href":"https:\/\/www.transtoyou.com\/lt\/wp-json\/wp\/v2\/media?parent=1225"}],"wp:term":[{"taxonomy":"product_brand","embeddable":true,"href":"https:\/\/www.transtoyou.com\/lt\/wp-json\/wp\/v2\/product_brand?post=1225"},{"taxonomy":"product_cat","embeddable":true,"href":"https:\/\/www.transtoyou.com\/lt\/wp-json\/wp\/v2\/product_cat?post=1225"},{"taxonomy":"product_tag","embeddable":true,"href":"https:\/\/www.transtoyou.com\/lt\/wp-json\/wp\/v2\/product_tag?post=1225"},{"taxonomy":"expert","embeddable":true,"href":"https:\/\/www.transtoyou.com\/lt\/wp-json\/wp\/v2\/expert?post=1225"}],"curies":[{"name":"wp","href":"https:\/\/api.w.org\/{rel}","templated":true}]}}