{"id":1230,"date":"2026-01-26T02:10:17","date_gmt":"2026-01-26T00:10:17","guid":{"rendered":"https:\/\/www.transtoyou.com\/lt\/product\/campral\/"},"modified":"2026-01-26T02:11:58","modified_gmt":"2026-01-26T00:11:58","slug":"campral","status":"publish","type":"product","link":"https:\/\/www.transtoyou.com\/lt\/product\/campral\/","title":{"rendered":"Campral"},"content":{"rendered":"<p>Campral (Akamprosatas) yra vaistas, sukurtas palaikyti asmenis, atsigaunan\u010dius nuo alkoholio priklausomyb\u0117s. Jis padeda suma\u017einti potrauk\u012f ir palaiko ilgalaik\u0119 abstinencij\u0105 stabilizuodamas neurotransmiteri\u0173 veikl\u0105 smegenyse. L\u0117tinis alkoholio vartojimas sutrikdo pusiausvyr\u0105 tarp jaudinan\u010di\u0173 ir slopinan\u010di\u0173 neurotransmiteri\u0173, sukeldamas priklausomyb\u0119 ir abstinencijos simptomus. Campral veikia moduliuodamas glutamato ir GABA veikl\u0105, pad\u0117damas smegenims atgauti nat\u016brali\u0105 pusiausvyr\u0105.<\/p>\n<p>Skirtingai nuo vaist\u0173, kurie sukelia nepageidaujamus poveikius, kai vartojamas alkoholis, Campral nesukelia nemaloni\u0173 poj\u016b\u010di\u0173 gerti. Vietoj to, jis suma\u017eina psichologin\u012f nor\u0105 gerti, taip palengvindamas asmenims i\u0161laikyti blaivum\u0105. Jis yra veiksmingiausias, kai vartojamas kartu su konsultacijomis ar terapija kaip dalis i\u0161samios gydymo programos.<\/p>\n<p>Suma\u017eindamas alkoholio potrauk\u012f, Campral padeda u\u017ekirsti keli\u0105 atkry\u010diams ir palaiko ilgalaik\u012f atsigavim\u0105. Jis n\u0117ra priklausomyb\u0119 sukeliantis ir nesukelia abstinencijos simptom\u0173, kai nutraukiamas vartojimas. Vaistas paprastai gerai toleruojamas, o da\u017eniausi \u0161alutiniai poveikiai yra lengvi vir\u0161kinimo sutrikimai, tokie kaip viduriavimas, pykinimas ar pilvo diskomfortas. \u0160ie simptomai paprastai praeina laikui b\u0117gant, kai organizmas prisitaiko.<\/p>\n<p>Campral ypa\u010d naudingas asmenims, kurie jau baig\u0117 pradin\u0119 detoksikacijos faz\u0119 ir yra pasiry\u017e\u0119 i\u0161laikyti abstinencij\u0105. Tyrimai parod\u0117, kad jis padidina ilgalaikio blaivumo galimybes, kai vartojamas pagal recept\u0105. Nors jis neveikia visiems, tie, kurie laikosi savo gydymo plano ir gauna psichologin\u0119 param\u0105, labiau tik\u0117tina, kad pasinaudos jo teikiama nauda.<\/p>\n","protected":false},"excerpt":{"rendered":"<ul>\n<li>Suma\u017eina potrauk\u012f ir palaiko ilgalaik\u0119 blaivyb\u0119<\/li>\n<li>Atkuria smegen\u0173 pusiausvyr\u0105 po alkoholio vartojimo<\/li>\n<li>Nepavojingas ir paprastai gerai toleruojamas<\/li>\n<\/ul>\n","protected":false},"featured_media":1232,"comment_status":"open","ping_status":"closed","template":"","meta":[],"product_brand":[],"product_cat":[74],"product_tag":[],"expert":[16],"class_list":{"0":"post-1230","1":"product","2":"type-product","3":"status-publish","4":"has-post-thumbnail","6":"product_cat-alkoholio-atsistatymo-priemones","7":"expert-dr-c-alexandru","9":"first","10":"instock","11":"shipping-taxable","12":"product-type-variable"},"yoast_head":"<!-- This site is optimized with the Yoast SEO plugin v27.0 - https:\/\/yoast.com\/product\/yoast-seo-wordpress\/ -->\n<title>Campral | Parama, kad i\u0161liktum be alkoholio - Transtoyou - LT<\/title>\n<meta name=\"description\" content=\"Campral ma\u017eina alkoholio potrauk\u012f, padeda atsigauti. Nepriklausomyb\u0119 sukeliantis ir gerai toleruojamas, padeda ilgalaikiam blaivumui. Prieinama Transtoyou.\" \/>\n<meta name=\"robots\" content=\"noindex, follow, max-snippet:-1, max-image-preview:large, max-video-preview:-1\" \/>\n<meta property=\"og:locale\" content=\"lt_LT\" \/>\n<meta property=\"og:type\" content=\"article\" \/>\n<meta property=\"og:title\" content=\"Campral | Parama, kad i\u0161liktum be alkoholio - Transtoyou - LT\" \/>\n<meta property=\"og:description\" content=\"Campral ma\u017eina alkoholio potrauk\u012f, padeda atsigauti. Nepriklausomyb\u0119 sukeliantis ir gerai toleruojamas, padeda ilgalaikiam blaivumui. Prieinama Transtoyou.\" \/>\n<meta property=\"og:url\" content=\"https:\/\/www.transtoyou.com\/lt\/product\/campral\/\" \/>\n<meta property=\"og:site_name\" content=\"Transtoyou - LT\" \/>\n<meta property=\"article:modified_time\" content=\"2026-01-26T00:11:58+00:00\" \/>\n<meta name=\"twitter:card\" content=\"summary_large_image\" \/>\n<meta name=\"twitter:label1\" content=\"Est. reading time\" \/>\n\t<meta name=\"twitter:data1\" content=\"1 minut\u0117\" \/>\n<script type=\"application\/ld+json\" class=\"yoast-schema-graph\">{\"@context\":\"https:\/\/schema.org\",\"@graph\":[{\"@type\":\"WebPage\",\"@id\":\"https:\/\/www.transtoyou.com\/lt\/product\/campral\/\",\"url\":\"https:\/\/www.transtoyou.com\/lt\/product\/campral\/\",\"name\":\"Campral | Parama, kad i\u0161liktum be alkoholio - Transtoyou - LT\",\"isPartOf\":{\"@id\":\"https:\/\/www.transtoyou.com\/lt\/#website\"},\"primaryImageOfPage\":{\"@id\":\"https:\/\/www.transtoyou.com\/lt\/product\/campral\/#primaryimage\"},\"image\":{\"@id\":\"https:\/\/www.transtoyou.com\/lt\/product\/campral\/#primaryimage\"},\"thumbnailUrl\":\"https:\/\/www.transtoyou.com\/lt\/wp-content\/uploads\/sites\/9\/2026\/01\/tty-no-product-image-177.webp\",\"datePublished\":\"2026-01-26T00:10:17+00:00\",\"dateModified\":\"2026-01-26T00:11:58+00:00\",\"description\":\"Campral ma\u017eina alkoholio potrauk\u012f, padeda atsigauti. Nepriklausomyb\u0119 sukeliantis ir gerai toleruojamas, padeda ilgalaikiam blaivumui. Prieinama Transtoyou.\",\"breadcrumb\":{\"@id\":\"https:\/\/www.transtoyou.com\/lt\/product\/campral\/#breadcrumb\"},\"inLanguage\":\"lt-LT\",\"potentialAction\":[{\"@type\":\"ReadAction\",\"target\":[\"https:\/\/www.transtoyou.com\/lt\/product\/campral\/\"]}]},{\"@type\":\"ImageObject\",\"inLanguage\":\"lt-LT\",\"@id\":\"https:\/\/www.transtoyou.com\/lt\/product\/campral\/#primaryimage\",\"url\":\"https:\/\/www.transtoyou.com\/lt\/wp-content\/uploads\/sites\/9\/2026\/01\/tty-no-product-image-177.webp\",\"contentUrl\":\"https:\/\/www.transtoyou.com\/lt\/wp-content\/uploads\/sites\/9\/2026\/01\/tty-no-product-image-177.webp\",\"width\":1000,\"height\":1000,\"caption\":\"Numatytas produkto vaizdas\"},{\"@type\":\"WebSite\",\"@id\":\"https:\/\/www.transtoyou.com\/lt\/#website\",\"url\":\"https:\/\/www.transtoyou.com\/lt\/\",\"name\":\"Transtoyou - LT\",\"description\":\"\",\"publisher\":{\"@id\":\"https:\/\/www.transtoyou.com\/lt\/#organization\"},\"potentialAction\":[{\"@type\":\"SearchAction\",\"target\":{\"@type\":\"EntryPoint\",\"urlTemplate\":\"https:\/\/www.transtoyou.com\/lt\/?s={search_term_string}\"},\"query-input\":{\"@type\":\"PropertyValueSpecification\",\"valueRequired\":true,\"valueName\":\"search_term_string\"}}],\"inLanguage\":\"lt-LT\"},{\"@type\":\"Organization\",\"@id\":\"https:\/\/www.transtoyou.com\/lt\/#organization\",\"name\":\"Transtoyou - LT\",\"url\":\"https:\/\/www.transtoyou.com\/lt\/\",\"logo\":{\"@type\":\"ImageObject\",\"inLanguage\":\"lt-LT\",\"@id\":\"https:\/\/www.transtoyou.com\/lt\/#\/schema\/logo\/image\/\",\"url\":\"https:\/\/www.transtoyou.com\/lt\/wp-content\/uploads\/sites\/9\/2026\/01\/logo-tty-menu-bar-300x87-1.webp\",\"contentUrl\":\"https:\/\/www.transtoyou.com\/lt\/wp-content\/uploads\/sites\/9\/2026\/01\/logo-tty-menu-bar-300x87-1.webp\",\"width\":300,\"height\":87,\"caption\":\"Transtoyou - LT\"},\"image\":{\"@id\":\"https:\/\/www.transtoyou.com\/lt\/#\/schema\/logo\/image\/\"}}]}<\/script>\n<!-- \/ Yoast SEO plugin. -->","yoast_head_json":{"title":"Campral | Parama, kad i\u0161liktum be alkoholio - Transtoyou - LT","description":"Campral ma\u017eina alkoholio potrauk\u012f, padeda atsigauti. Nepriklausomyb\u0119 sukeliantis ir gerai toleruojamas, padeda ilgalaikiam blaivumui. Prieinama Transtoyou.","robots":{"index":"noindex","follow":"follow","max-snippet":"max-snippet:-1","max-image-preview":"max-image-preview:large","max-video-preview":"max-video-preview:-1"},"og_locale":"lt_LT","og_type":"article","og_title":"Campral | Parama, kad i\u0161liktum be alkoholio - Transtoyou - LT","og_description":"Campral ma\u017eina alkoholio potrauk\u012f, padeda atsigauti. Nepriklausomyb\u0119 sukeliantis ir gerai toleruojamas, padeda ilgalaikiam blaivumui. Prieinama Transtoyou.","og_url":"https:\/\/www.transtoyou.com\/lt\/product\/campral\/","og_site_name":"Transtoyou - LT","article_modified_time":"2026-01-26T00:11:58+00:00","twitter_card":"summary_large_image","twitter_misc":{"Est. reading time":"1 minut\u0117"},"schema":{"@context":"https:\/\/schema.org","@graph":[{"@type":"WebPage","@id":"https:\/\/www.transtoyou.com\/lt\/product\/campral\/","url":"https:\/\/www.transtoyou.com\/lt\/product\/campral\/","name":"Campral | Parama, kad i\u0161liktum be alkoholio - Transtoyou - LT","isPartOf":{"@id":"https:\/\/www.transtoyou.com\/lt\/#website"},"primaryImageOfPage":{"@id":"https:\/\/www.transtoyou.com\/lt\/product\/campral\/#primaryimage"},"image":{"@id":"https:\/\/www.transtoyou.com\/lt\/product\/campral\/#primaryimage"},"thumbnailUrl":"https:\/\/www.transtoyou.com\/lt\/wp-content\/uploads\/sites\/9\/2026\/01\/tty-no-product-image-177.webp","datePublished":"2026-01-26T00:10:17+00:00","dateModified":"2026-01-26T00:11:58+00:00","description":"Campral ma\u017eina alkoholio potrauk\u012f, padeda atsigauti. Nepriklausomyb\u0119 sukeliantis ir gerai toleruojamas, padeda ilgalaikiam blaivumui. Prieinama Transtoyou.","breadcrumb":{"@id":"https:\/\/www.transtoyou.com\/lt\/product\/campral\/#breadcrumb"},"inLanguage":"lt-LT","potentialAction":[{"@type":"ReadAction","target":["https:\/\/www.transtoyou.com\/lt\/product\/campral\/"]}]},{"@type":"ImageObject","inLanguage":"lt-LT","@id":"https:\/\/www.transtoyou.com\/lt\/product\/campral\/#primaryimage","url":"https:\/\/www.transtoyou.com\/lt\/wp-content\/uploads\/sites\/9\/2026\/01\/tty-no-product-image-177.webp","contentUrl":"https:\/\/www.transtoyou.com\/lt\/wp-content\/uploads\/sites\/9\/2026\/01\/tty-no-product-image-177.webp","width":1000,"height":1000,"caption":"Numatytas produkto vaizdas"},{"@type":"WebSite","@id":"https:\/\/www.transtoyou.com\/lt\/#website","url":"https:\/\/www.transtoyou.com\/lt\/","name":"Transtoyou - LT","description":"","publisher":{"@id":"https:\/\/www.transtoyou.com\/lt\/#organization"},"potentialAction":[{"@type":"SearchAction","target":{"@type":"EntryPoint","urlTemplate":"https:\/\/www.transtoyou.com\/lt\/?s={search_term_string}"},"query-input":{"@type":"PropertyValueSpecification","valueRequired":true,"valueName":"search_term_string"}}],"inLanguage":"lt-LT"},{"@type":"Organization","@id":"https:\/\/www.transtoyou.com\/lt\/#organization","name":"Transtoyou - LT","url":"https:\/\/www.transtoyou.com\/lt\/","logo":{"@type":"ImageObject","inLanguage":"lt-LT","@id":"https:\/\/www.transtoyou.com\/lt\/#\/schema\/logo\/image\/","url":"https:\/\/www.transtoyou.com\/lt\/wp-content\/uploads\/sites\/9\/2026\/01\/logo-tty-menu-bar-300x87-1.webp","contentUrl":"https:\/\/www.transtoyou.com\/lt\/wp-content\/uploads\/sites\/9\/2026\/01\/logo-tty-menu-bar-300x87-1.webp","width":300,"height":87,"caption":"Transtoyou - LT"},"image":{"@id":"https:\/\/www.transtoyou.com\/lt\/#\/schema\/logo\/image\/"}}]}},"_links":{"self":[{"href":"https:\/\/www.transtoyou.com\/lt\/wp-json\/wp\/v2\/product\/1230","targetHints":{"allow":["GET"]}}],"collection":[{"href":"https:\/\/www.transtoyou.com\/lt\/wp-json\/wp\/v2\/product"}],"about":[{"href":"https:\/\/www.transtoyou.com\/lt\/wp-json\/wp\/v2\/types\/product"}],"replies":[{"embeddable":true,"href":"https:\/\/www.transtoyou.com\/lt\/wp-json\/wp\/v2\/comments?post=1230"}],"wp:featuredmedia":[{"embeddable":true,"href":"https:\/\/www.transtoyou.com\/lt\/wp-json\/wp\/v2\/media\/1232"}],"wp:attachment":[{"href":"https:\/\/www.transtoyou.com\/lt\/wp-json\/wp\/v2\/media?parent=1230"}],"wp:term":[{"taxonomy":"product_brand","embeddable":true,"href":"https:\/\/www.transtoyou.com\/lt\/wp-json\/wp\/v2\/product_brand?post=1230"},{"taxonomy":"product_cat","embeddable":true,"href":"https:\/\/www.transtoyou.com\/lt\/wp-json\/wp\/v2\/product_cat?post=1230"},{"taxonomy":"product_tag","embeddable":true,"href":"https:\/\/www.transtoyou.com\/lt\/wp-json\/wp\/v2\/product_tag?post=1230"},{"taxonomy":"expert","embeddable":true,"href":"https:\/\/www.transtoyou.com\/lt\/wp-json\/wp\/v2\/expert?post=1230"}],"curies":[{"name":"wp","href":"https:\/\/api.w.org\/{rel}","templated":true}]}}