{"id":1233,"date":"2026-01-26T02:30:51","date_gmt":"2026-01-26T00:30:51","guid":{"rendered":"https:\/\/www.transtoyou.com\/lt\/product\/allergospasmin-n\/"},"modified":"2026-01-26T02:32:15","modified_gmt":"2026-01-26T00:32:15","slug":"alergospasminas-n","status":"publish","type":"product","link":"https:\/\/www.transtoyou.com\/lt\/product\/alergospasminas-n\/","title":{"rendered":"Allergospasmin N"},"content":{"rendered":"<p>Kv\u0117pavimas daugumai yra lengvas, ta\u010diau tiems, kurie kovoja su astma ir alerginiais bronchospazmais, kiekvienas kv\u0117pavimas gali jaustis kaip kova. \u010cia \u012f pagalb\u0105 ateina Allergospasmin N &#8211; patikimas pagalbininkas kovojant su kv\u0117pavimo sutrikimais.<\/p>\n<p>Allergospasmin N yra sukurtas suma\u017einti bronch\u0173 susiaur\u0117jim\u0105 ir pagerinti oro sraut\u0105, greitai veikiantis, kad atpalaiduot\u0173 skland\u017eius kv\u0117pavimo tak\u0173 raumenis, palengvindamas kv\u0117pavimo sunkumus, kuriuos sukelia astma, alergijos ar kitos kv\u0117pavimo tak\u0173 ligos. Su kruop\u0161\u010diai suformuluota bronchodilatatori\u0173 ir antihistaminini\u0173 med\u017eiag\u0173 mi\u0161iniu, \u0161i medicacija padeda atverti oro takus, suma\u017einti u\u017edegim\u0105 ir kontroliuoti alergines reakcijas, kurios sukelia kv\u0117pavimo sutrikimus.<\/p>\n<p>Nesvarbu, ar tai netik\u0117tas astmos pa\u016bm\u0117jimas, ar alergijos sukeltas \u0161vok\u0161timas, Allergospasmin N suteikia greit\u0105 ir veiksming\u0105 palengv\u0117jim\u0105. Jis geriausiai veikia kaip dalis strukt\u016brizuoto gydymo plano, teikdamas param\u0105 tiek \u016bmin\u0117ms, tiek l\u0117tin\u0117ms kv\u0117pavimo tak\u0173 ligoms.<\/p>\n<p>Skirtingai nuo kai kuri\u0173 vaist\u0173, kurie sprend\u017eia tik vien\u0105 kv\u0117pavimo sutrikim\u0173 aspekt\u0105, Allergospasmin N si\u016blo i\u0161sam\u0173 po\u017ei\u016br\u012f, taikydamas tiek raumen\u0173 susiaur\u0117jim\u0105, tiek alergines reakcijas. Pad\u0117damas \u017emon\u0117ms atgauti kontrol\u0119 savo kv\u0117pavime, jis suteikia jiems galimyb\u0119 gyventi aktyv\u0173, nevar\u017eom\u0105 gyvenim\u0105.<\/p>\n<p>Nors labai veiksmingas, \u0161\u012f vaist\u0105 visada reikia vartoti pagal sveikatos prie\u017ei\u016bros specialisto nurodymus. Kai kurie \u017emon\u0117s gali patirti lengv\u0173 \u0161alutini\u0173 poveiki\u0173, toki\u0173 kaip galvos svaigimas, burnos d\u017ei\u016bvimas ar lengvas vir\u0161kinimo diskomfortas, kurie paprastai praeina laikui b\u0117gant.<\/p>\n","protected":false},"excerpt":{"rendered":"<ul>\n<li>Palengvina astmos ir alergini\u0173 bronchospazm\u0173 simptomus.<\/li>\n<li>Padeda atverti kv\u0117pavimo takus ir pagerinti kv\u0117pavim\u0105.<\/li>\n<li>Greitai veikianti pagalba kv\u0117pavimo sutrikimams.<\/li>\n<\/ul>\n","protected":false},"featured_media":1235,"comment_status":"open","ping_status":"closed","template":"","meta":[],"product_brand":[],"product_cat":[80],"product_tag":[],"expert":[16],"class_list":{"0":"post-1233","1":"product","2":"type-product","3":"status-publish","4":"has-post-thumbnail","6":"product_cat-astma","7":"expert-dr-c-alexandru","9":"first","10":"instock","11":"shipping-taxable","12":"product-type-variable"},"yoast_head":"<!-- This site is optimized with the Yoast SEO plugin v27.0 - https:\/\/yoast.com\/product\/yoast-seo-wordpress\/ -->\n<title>Allergospasmin N | Lengvas kv\u0117pavimo palaikymas - Transtoyou - LT<\/title>\n<meta name=\"description\" content=\"Allergospasmin N greitai palengvina astmos ir alergijos simptomus, gerindamas oro sraut\u0105. Pirkite dabar efektyviam kv\u0117pavimo sunkum\u0173 palengvinimui.\" \/>\n<meta name=\"robots\" content=\"noindex, follow, max-snippet:-1, max-image-preview:large, max-video-preview:-1\" \/>\n<meta property=\"og:locale\" content=\"lt_LT\" \/>\n<meta property=\"og:type\" content=\"article\" \/>\n<meta property=\"og:title\" content=\"Allergospasmin N | Lengvas kv\u0117pavimo palaikymas - Transtoyou - LT\" \/>\n<meta property=\"og:description\" content=\"Allergospasmin N greitai palengvina astmos ir alergijos simptomus, gerindamas oro sraut\u0105. Pirkite dabar efektyviam kv\u0117pavimo sunkum\u0173 palengvinimui.\" \/>\n<meta property=\"og:url\" content=\"https:\/\/www.transtoyou.com\/lt\/product\/allergospasmin-n\/\" \/>\n<meta property=\"og:site_name\" content=\"Transtoyou - LT\" \/>\n<meta property=\"article:modified_time\" content=\"2026-01-26T00:32:15+00:00\" \/>\n<meta name=\"twitter:card\" content=\"summary_large_image\" \/>\n<meta name=\"twitter:label1\" content=\"Est. reading time\" \/>\n\t<meta name=\"twitter:data1\" content=\"1 minut\u0117\" \/>\n<script type=\"application\/ld+json\" class=\"yoast-schema-graph\">{\"@context\":\"https:\/\/schema.org\",\"@graph\":[{\"@type\":\"WebPage\",\"@id\":\"https:\/\/www.transtoyou.com\/lt\/product\/allergospasmin-n\/\",\"url\":\"https:\/\/www.transtoyou.com\/lt\/product\/allergospasmin-n\/\",\"name\":\"Allergospasmin N | Lengvas kv\u0117pavimo palaikymas - Transtoyou - LT\",\"isPartOf\":{\"@id\":\"https:\/\/www.transtoyou.com\/lt\/#website\"},\"primaryImageOfPage\":{\"@id\":\"https:\/\/www.transtoyou.com\/lt\/product\/allergospasmin-n\/#primaryimage\"},\"image\":{\"@id\":\"https:\/\/www.transtoyou.com\/lt\/product\/allergospasmin-n\/#primaryimage\"},\"thumbnailUrl\":\"https:\/\/www.transtoyou.com\/lt\/wp-content\/uploads\/sites\/9\/2026\/01\/tty-no-product-image-178.webp\",\"datePublished\":\"2026-01-26T00:30:51+00:00\",\"dateModified\":\"2026-01-26T00:32:15+00:00\",\"description\":\"Allergospasmin N greitai palengvina astmos ir alergijos simptomus, gerindamas oro sraut\u0105. Pirkite dabar efektyviam kv\u0117pavimo sunkum\u0173 palengvinimui.\",\"breadcrumb\":{\"@id\":\"https:\/\/www.transtoyou.com\/lt\/product\/allergospasmin-n\/#breadcrumb\"},\"inLanguage\":\"lt-LT\",\"potentialAction\":[{\"@type\":\"ReadAction\",\"target\":[\"https:\/\/www.transtoyou.com\/lt\/product\/allergospasmin-n\/\"]}]},{\"@type\":\"ImageObject\",\"inLanguage\":\"lt-LT\",\"@id\":\"https:\/\/www.transtoyou.com\/lt\/product\/allergospasmin-n\/#primaryimage\",\"url\":\"https:\/\/www.transtoyou.com\/lt\/wp-content\/uploads\/sites\/9\/2026\/01\/tty-no-product-image-178.webp\",\"contentUrl\":\"https:\/\/www.transtoyou.com\/lt\/wp-content\/uploads\/sites\/9\/2026\/01\/tty-no-product-image-178.webp\",\"width\":1000,\"height\":1000,\"caption\":\"Numatytasis produkto vaizdas\"},{\"@type\":\"WebSite\",\"@id\":\"https:\/\/www.transtoyou.com\/lt\/#website\",\"url\":\"https:\/\/www.transtoyou.com\/lt\/\",\"name\":\"Transtoyou - LT\",\"description\":\"\",\"publisher\":{\"@id\":\"https:\/\/www.transtoyou.com\/lt\/#organization\"},\"potentialAction\":[{\"@type\":\"SearchAction\",\"target\":{\"@type\":\"EntryPoint\",\"urlTemplate\":\"https:\/\/www.transtoyou.com\/lt\/?s={search_term_string}\"},\"query-input\":{\"@type\":\"PropertyValueSpecification\",\"valueRequired\":true,\"valueName\":\"search_term_string\"}}],\"inLanguage\":\"lt-LT\"},{\"@type\":\"Organization\",\"@id\":\"https:\/\/www.transtoyou.com\/lt\/#organization\",\"name\":\"Transtoyou - LT\",\"url\":\"https:\/\/www.transtoyou.com\/lt\/\",\"logo\":{\"@type\":\"ImageObject\",\"inLanguage\":\"lt-LT\",\"@id\":\"https:\/\/www.transtoyou.com\/lt\/#\/schema\/logo\/image\/\",\"url\":\"https:\/\/www.transtoyou.com\/lt\/wp-content\/uploads\/sites\/9\/2026\/01\/logo-tty-menu-bar-300x87-1.webp\",\"contentUrl\":\"https:\/\/www.transtoyou.com\/lt\/wp-content\/uploads\/sites\/9\/2026\/01\/logo-tty-menu-bar-300x87-1.webp\",\"width\":300,\"height\":87,\"caption\":\"Transtoyou - LT\"},\"image\":{\"@id\":\"https:\/\/www.transtoyou.com\/lt\/#\/schema\/logo\/image\/\"}}]}<\/script>\n<!-- \/ Yoast SEO plugin. -->","yoast_head_json":{"title":"Allergospasmin N | Lengvas kv\u0117pavimo palaikymas - Transtoyou - LT","description":"Allergospasmin N greitai palengvina astmos ir alergijos simptomus, gerindamas oro sraut\u0105. Pirkite dabar efektyviam kv\u0117pavimo sunkum\u0173 palengvinimui.","robots":{"index":"noindex","follow":"follow","max-snippet":"max-snippet:-1","max-image-preview":"max-image-preview:large","max-video-preview":"max-video-preview:-1"},"og_locale":"lt_LT","og_type":"article","og_title":"Allergospasmin N | Lengvas kv\u0117pavimo palaikymas - Transtoyou - LT","og_description":"Allergospasmin N greitai palengvina astmos ir alergijos simptomus, gerindamas oro sraut\u0105. Pirkite dabar efektyviam kv\u0117pavimo sunkum\u0173 palengvinimui.","og_url":"https:\/\/www.transtoyou.com\/lt\/product\/allergospasmin-n\/","og_site_name":"Transtoyou - LT","article_modified_time":"2026-01-26T00:32:15+00:00","twitter_card":"summary_large_image","twitter_misc":{"Est. reading time":"1 minut\u0117"},"schema":{"@context":"https:\/\/schema.org","@graph":[{"@type":"WebPage","@id":"https:\/\/www.transtoyou.com\/lt\/product\/allergospasmin-n\/","url":"https:\/\/www.transtoyou.com\/lt\/product\/allergospasmin-n\/","name":"Allergospasmin N | Lengvas kv\u0117pavimo palaikymas - Transtoyou - LT","isPartOf":{"@id":"https:\/\/www.transtoyou.com\/lt\/#website"},"primaryImageOfPage":{"@id":"https:\/\/www.transtoyou.com\/lt\/product\/allergospasmin-n\/#primaryimage"},"image":{"@id":"https:\/\/www.transtoyou.com\/lt\/product\/allergospasmin-n\/#primaryimage"},"thumbnailUrl":"https:\/\/www.transtoyou.com\/lt\/wp-content\/uploads\/sites\/9\/2026\/01\/tty-no-product-image-178.webp","datePublished":"2026-01-26T00:30:51+00:00","dateModified":"2026-01-26T00:32:15+00:00","description":"Allergospasmin N greitai palengvina astmos ir alergijos simptomus, gerindamas oro sraut\u0105. Pirkite dabar efektyviam kv\u0117pavimo sunkum\u0173 palengvinimui.","breadcrumb":{"@id":"https:\/\/www.transtoyou.com\/lt\/product\/allergospasmin-n\/#breadcrumb"},"inLanguage":"lt-LT","potentialAction":[{"@type":"ReadAction","target":["https:\/\/www.transtoyou.com\/lt\/product\/allergospasmin-n\/"]}]},{"@type":"ImageObject","inLanguage":"lt-LT","@id":"https:\/\/www.transtoyou.com\/lt\/product\/allergospasmin-n\/#primaryimage","url":"https:\/\/www.transtoyou.com\/lt\/wp-content\/uploads\/sites\/9\/2026\/01\/tty-no-product-image-178.webp","contentUrl":"https:\/\/www.transtoyou.com\/lt\/wp-content\/uploads\/sites\/9\/2026\/01\/tty-no-product-image-178.webp","width":1000,"height":1000,"caption":"Numatytasis produkto vaizdas"},{"@type":"WebSite","@id":"https:\/\/www.transtoyou.com\/lt\/#website","url":"https:\/\/www.transtoyou.com\/lt\/","name":"Transtoyou - LT","description":"","publisher":{"@id":"https:\/\/www.transtoyou.com\/lt\/#organization"},"potentialAction":[{"@type":"SearchAction","target":{"@type":"EntryPoint","urlTemplate":"https:\/\/www.transtoyou.com\/lt\/?s={search_term_string}"},"query-input":{"@type":"PropertyValueSpecification","valueRequired":true,"valueName":"search_term_string"}}],"inLanguage":"lt-LT"},{"@type":"Organization","@id":"https:\/\/www.transtoyou.com\/lt\/#organization","name":"Transtoyou - LT","url":"https:\/\/www.transtoyou.com\/lt\/","logo":{"@type":"ImageObject","inLanguage":"lt-LT","@id":"https:\/\/www.transtoyou.com\/lt\/#\/schema\/logo\/image\/","url":"https:\/\/www.transtoyou.com\/lt\/wp-content\/uploads\/sites\/9\/2026\/01\/logo-tty-menu-bar-300x87-1.webp","contentUrl":"https:\/\/www.transtoyou.com\/lt\/wp-content\/uploads\/sites\/9\/2026\/01\/logo-tty-menu-bar-300x87-1.webp","width":300,"height":87,"caption":"Transtoyou - LT"},"image":{"@id":"https:\/\/www.transtoyou.com\/lt\/#\/schema\/logo\/image\/"}}]}},"_links":{"self":[{"href":"https:\/\/www.transtoyou.com\/lt\/wp-json\/wp\/v2\/product\/1233","targetHints":{"allow":["GET"]}}],"collection":[{"href":"https:\/\/www.transtoyou.com\/lt\/wp-json\/wp\/v2\/product"}],"about":[{"href":"https:\/\/www.transtoyou.com\/lt\/wp-json\/wp\/v2\/types\/product"}],"replies":[{"embeddable":true,"href":"https:\/\/www.transtoyou.com\/lt\/wp-json\/wp\/v2\/comments?post=1233"}],"wp:featuredmedia":[{"embeddable":true,"href":"https:\/\/www.transtoyou.com\/lt\/wp-json\/wp\/v2\/media\/1235"}],"wp:attachment":[{"href":"https:\/\/www.transtoyou.com\/lt\/wp-json\/wp\/v2\/media?parent=1233"}],"wp:term":[{"taxonomy":"product_brand","embeddable":true,"href":"https:\/\/www.transtoyou.com\/lt\/wp-json\/wp\/v2\/product_brand?post=1233"},{"taxonomy":"product_cat","embeddable":true,"href":"https:\/\/www.transtoyou.com\/lt\/wp-json\/wp\/v2\/product_cat?post=1233"},{"taxonomy":"product_tag","embeddable":true,"href":"https:\/\/www.transtoyou.com\/lt\/wp-json\/wp\/v2\/product_tag?post=1233"},{"taxonomy":"expert","embeddable":true,"href":"https:\/\/www.transtoyou.com\/lt\/wp-json\/wp\/v2\/expert?post=1233"}],"curies":[{"name":"wp","href":"https:\/\/api.w.org\/{rel}","templated":true}]}}