{"id":1253,"date":"2026-01-26T04:41:10","date_gmt":"2026-01-26T02:41:10","guid":{"rendered":"https:\/\/www.transtoyou.com\/lt\/product\/ciprofloxacin-ciproxin\/"},"modified":"2026-01-26T04:42:41","modified_gmt":"2026-01-26T02:42:41","slug":"ciprofloxacin-ciproxin","status":"publish","type":"product","link":"https:\/\/www.transtoyou.com\/lt\/product\/ciprofloxacin-ciproxin\/","title":{"rendered":"Ciprofloxacinas (Ciproxin\u00ae)"},"content":{"rendered":"<p>Ciprofloxacin (Ciproxin\u00ae)is a strong, broad-spectrum antibiotic used to treat many different types of bacterial infections. It\u2019s part of a group of antibiotics called fluoroquinolones, and it works by stopping bacteria from multiplying. It does this by targeting enzymes (DNA gyrase and topoisomerase IV) that bacteria need to copy and repair their DNA. When these enzymes are blocked, the bacteria can\u2019t survive.<\/p>\n<p>This medication is commonly prescribed for urinary tract infections (UTIs), including both simple and more complicated cases. It\u2019s also used for gastrointestinal infections like travellers\u2019 diarrhoea and food poisoning, as well as respiratory infections such as pneumonia and bronchitis. Ciprofloxacin can treat bone and joint infections (like osteomyelitis and septic arthritis), skin and soft tissue infections, sexually transmitted infections, and it\u2019s even used in cases of exposure to anthrax or plague.<\/p>\n<p>One of the advantages of ciprofloxacin is its flexibility\u2014it\u2019s available as tablets, liquid suspension, eye drops, and even intravenous infusions, making it useful in both hospital and outpatient settings. Typical doses range from 250 mg to 500 mg twice a day, usually for 7 to 14 days, depending on the type and severity of the infection.<\/p>\n<p>However, ciprofloxacin is not usually a first-choice antibiotic. It can cause serious side effects, such as tendon problems, nerve damage, and central nervous system effects like dizziness, insomnia, or even seizures. It is not recommended during pregnancy, in people with kidney issues, or those with a history of seizures.<\/p>\n<p>Because ciprofloxacin interacts with medications like warfarin, NSAIDs, theophylline, and metformin, it\u2019s important to inform your healthcare provider about any other treatments you\u2019re taking.<\/p>\n<p>Although effective, ciprofloxacin should be used carefully due to the risk of resistance and potential long-term side effects.<\/p>\n","protected":false},"excerpt":{"rendered":"<ul>\n<li>Broad-spectrum antibiotic for tough infections<\/li>\n<li>Targets DNA to stop bacterial growth<\/li>\n<li>Versatile forms for different infections<\/li>\n<\/ul>\n","protected":false},"featured_media":1255,"comment_status":"open","ping_status":"closed","template":"","meta":[],"product_brand":[],"product_cat":[79,86],"product_tag":[],"expert":[20],"class_list":{"0":"post-1253","1":"product","2":"type-product","3":"status-publish","4":"has-post-thumbnail","6":"product_cat-antibiotikai-ir-infekcijos","7":"product_cat-slapimo-pusles-ir-slapimo-taku-infekcijos","8":"expert-dr-m-ahmed","10":"first","11":"instock","12":"shipping-taxable","13":"product-type-variable"},"yoast_head":"<!-- This site is optimized with the Yoast SEO plugin v27.0 - https:\/\/yoast.com\/product\/yoast-seo-wordpress\/ -->\n<title>Ciprofloxacinas | Plati spektrin\u0117 antibiotikas internetu - Transtoyou - LT<\/title>\n<meta name=\"description\" content=\"Ciprofloxacinas gydo \u0161lapimo tak\u0173 infekcijas, \u0161lapimo p\u016bsl\u0117s infekcijas ir daugiau. Gaukite gydytojo patvirtint\u0105 recept\u0105 internetu su greitu, saugiu ir diskreti\u0161ku pristatymu.\" \/>\n<meta name=\"robots\" content=\"noindex, follow, max-snippet:-1, max-image-preview:large, max-video-preview:-1\" \/>\n<meta property=\"og:locale\" content=\"lt_LT\" \/>\n<meta property=\"og:type\" content=\"article\" \/>\n<meta property=\"og:title\" content=\"Ciprofloxacinas | Plati spektrin\u0117 antibiotikas internetu - Transtoyou - LT\" \/>\n<meta property=\"og:description\" content=\"Ciprofloxacinas gydo \u0161lapimo tak\u0173 infekcijas, \u0161lapimo p\u016bsl\u0117s infekcijas ir daugiau. Gaukite gydytojo patvirtint\u0105 recept\u0105 internetu su greitu, saugiu ir diskreti\u0161ku pristatymu.\" \/>\n<meta property=\"og:url\" content=\"https:\/\/www.transtoyou.com\/lt\/product\/ciprofloxacin-ciproxin\/\" \/>\n<meta property=\"og:site_name\" content=\"Transtoyou - LT\" \/>\n<meta property=\"article:modified_time\" content=\"2026-01-26T02:42:41+00:00\" \/>\n<meta name=\"twitter:card\" content=\"summary_large_image\" \/>\n<meta name=\"twitter:label1\" content=\"Est. reading time\" \/>\n\t<meta name=\"twitter:data1\" content=\"1 minut\u0117\" \/>\n<script type=\"application\/ld+json\" class=\"yoast-schema-graph\">{\"@context\":\"https:\/\/schema.org\",\"@graph\":[{\"@type\":\"WebPage\",\"@id\":\"https:\/\/www.transtoyou.com\/lt\/product\/ciprofloxacin-ciproxin\/\",\"url\":\"https:\/\/www.transtoyou.com\/lt\/product\/ciprofloxacin-ciproxin\/\",\"name\":\"Ciprofloxacinas | Plati spektrin\u0117 antibiotikas internetu - Transtoyou - LT\",\"isPartOf\":{\"@id\":\"https:\/\/www.transtoyou.com\/lt\/#website\"},\"primaryImageOfPage\":{\"@id\":\"https:\/\/www.transtoyou.com\/lt\/product\/ciprofloxacin-ciproxin\/#primaryimage\"},\"image\":{\"@id\":\"https:\/\/www.transtoyou.com\/lt\/product\/ciprofloxacin-ciproxin\/#primaryimage\"},\"thumbnailUrl\":\"https:\/\/www.transtoyou.com\/lt\/wp-content\/uploads\/sites\/9\/2026\/01\/tty-no-product-image-185.webp\",\"datePublished\":\"2026-01-26T02:41:10+00:00\",\"dateModified\":\"2026-01-26T02:42:41+00:00\",\"description\":\"Ciprofloxacinas gydo \u0161lapimo tak\u0173 infekcijas, \u0161lapimo p\u016bsl\u0117s infekcijas ir daugiau. Gaukite gydytojo patvirtint\u0105 recept\u0105 internetu su greitu, saugiu ir diskreti\u0161ku pristatymu.\",\"breadcrumb\":{\"@id\":\"https:\/\/www.transtoyou.com\/lt\/product\/ciprofloxacin-ciproxin\/#breadcrumb\"},\"inLanguage\":\"lt-LT\",\"potentialAction\":[{\"@type\":\"ReadAction\",\"target\":[\"https:\/\/www.transtoyou.com\/lt\/product\/ciprofloxacin-ciproxin\/\"]}]},{\"@type\":\"ImageObject\",\"inLanguage\":\"lt-LT\",\"@id\":\"https:\/\/www.transtoyou.com\/lt\/product\/ciprofloxacin-ciproxin\/#primaryimage\",\"url\":\"https:\/\/www.transtoyou.com\/lt\/wp-content\/uploads\/sites\/9\/2026\/01\/tty-no-product-image-185.webp\",\"contentUrl\":\"https:\/\/www.transtoyou.com\/lt\/wp-content\/uploads\/sites\/9\/2026\/01\/tty-no-product-image-185.webp\",\"width\":1000,\"height\":1000,\"caption\":\"Numatytas produkto vaizdas\"},{\"@type\":\"WebSite\",\"@id\":\"https:\/\/www.transtoyou.com\/lt\/#website\",\"url\":\"https:\/\/www.transtoyou.com\/lt\/\",\"name\":\"Transtoyou - LT\",\"description\":\"\",\"publisher\":{\"@id\":\"https:\/\/www.transtoyou.com\/lt\/#organization\"},\"potentialAction\":[{\"@type\":\"SearchAction\",\"target\":{\"@type\":\"EntryPoint\",\"urlTemplate\":\"https:\/\/www.transtoyou.com\/lt\/?s={search_term_string}\"},\"query-input\":{\"@type\":\"PropertyValueSpecification\",\"valueRequired\":true,\"valueName\":\"search_term_string\"}}],\"inLanguage\":\"lt-LT\"},{\"@type\":\"Organization\",\"@id\":\"https:\/\/www.transtoyou.com\/lt\/#organization\",\"name\":\"Transtoyou - LT\",\"url\":\"https:\/\/www.transtoyou.com\/lt\/\",\"logo\":{\"@type\":\"ImageObject\",\"inLanguage\":\"lt-LT\",\"@id\":\"https:\/\/www.transtoyou.com\/lt\/#\/schema\/logo\/image\/\",\"url\":\"https:\/\/www.transtoyou.com\/lt\/wp-content\/uploads\/sites\/9\/2026\/01\/logo-tty-menu-bar-300x87-1.webp\",\"contentUrl\":\"https:\/\/www.transtoyou.com\/lt\/wp-content\/uploads\/sites\/9\/2026\/01\/logo-tty-menu-bar-300x87-1.webp\",\"width\":300,\"height\":87,\"caption\":\"Transtoyou - LT\"},\"image\":{\"@id\":\"https:\/\/www.transtoyou.com\/lt\/#\/schema\/logo\/image\/\"}}]}<\/script>\n<!-- \/ Yoast SEO plugin. -->","yoast_head_json":{"title":"Ciprofloxacinas | Plati spektrin\u0117 antibiotikas internetu - Transtoyou - LT","description":"Ciprofloxacinas gydo \u0161lapimo tak\u0173 infekcijas, \u0161lapimo p\u016bsl\u0117s infekcijas ir daugiau. Gaukite gydytojo patvirtint\u0105 recept\u0105 internetu su greitu, saugiu ir diskreti\u0161ku pristatymu.","robots":{"index":"noindex","follow":"follow","max-snippet":"max-snippet:-1","max-image-preview":"max-image-preview:large","max-video-preview":"max-video-preview:-1"},"og_locale":"lt_LT","og_type":"article","og_title":"Ciprofloxacinas | Plati spektrin\u0117 antibiotikas internetu - Transtoyou - LT","og_description":"Ciprofloxacinas gydo \u0161lapimo tak\u0173 infekcijas, \u0161lapimo p\u016bsl\u0117s infekcijas ir daugiau. Gaukite gydytojo patvirtint\u0105 recept\u0105 internetu su greitu, saugiu ir diskreti\u0161ku pristatymu.","og_url":"https:\/\/www.transtoyou.com\/lt\/product\/ciprofloxacin-ciproxin\/","og_site_name":"Transtoyou - LT","article_modified_time":"2026-01-26T02:42:41+00:00","twitter_card":"summary_large_image","twitter_misc":{"Est. reading time":"1 minut\u0117"},"schema":{"@context":"https:\/\/schema.org","@graph":[{"@type":"WebPage","@id":"https:\/\/www.transtoyou.com\/lt\/product\/ciprofloxacin-ciproxin\/","url":"https:\/\/www.transtoyou.com\/lt\/product\/ciprofloxacin-ciproxin\/","name":"Ciprofloxacinas | Plati spektrin\u0117 antibiotikas internetu - Transtoyou - LT","isPartOf":{"@id":"https:\/\/www.transtoyou.com\/lt\/#website"},"primaryImageOfPage":{"@id":"https:\/\/www.transtoyou.com\/lt\/product\/ciprofloxacin-ciproxin\/#primaryimage"},"image":{"@id":"https:\/\/www.transtoyou.com\/lt\/product\/ciprofloxacin-ciproxin\/#primaryimage"},"thumbnailUrl":"https:\/\/www.transtoyou.com\/lt\/wp-content\/uploads\/sites\/9\/2026\/01\/tty-no-product-image-185.webp","datePublished":"2026-01-26T02:41:10+00:00","dateModified":"2026-01-26T02:42:41+00:00","description":"Ciprofloxacinas gydo \u0161lapimo tak\u0173 infekcijas, \u0161lapimo p\u016bsl\u0117s infekcijas ir daugiau. Gaukite gydytojo patvirtint\u0105 recept\u0105 internetu su greitu, saugiu ir diskreti\u0161ku pristatymu.","breadcrumb":{"@id":"https:\/\/www.transtoyou.com\/lt\/product\/ciprofloxacin-ciproxin\/#breadcrumb"},"inLanguage":"lt-LT","potentialAction":[{"@type":"ReadAction","target":["https:\/\/www.transtoyou.com\/lt\/product\/ciprofloxacin-ciproxin\/"]}]},{"@type":"ImageObject","inLanguage":"lt-LT","@id":"https:\/\/www.transtoyou.com\/lt\/product\/ciprofloxacin-ciproxin\/#primaryimage","url":"https:\/\/www.transtoyou.com\/lt\/wp-content\/uploads\/sites\/9\/2026\/01\/tty-no-product-image-185.webp","contentUrl":"https:\/\/www.transtoyou.com\/lt\/wp-content\/uploads\/sites\/9\/2026\/01\/tty-no-product-image-185.webp","width":1000,"height":1000,"caption":"Numatytas produkto vaizdas"},{"@type":"WebSite","@id":"https:\/\/www.transtoyou.com\/lt\/#website","url":"https:\/\/www.transtoyou.com\/lt\/","name":"Transtoyou - LT","description":"","publisher":{"@id":"https:\/\/www.transtoyou.com\/lt\/#organization"},"potentialAction":[{"@type":"SearchAction","target":{"@type":"EntryPoint","urlTemplate":"https:\/\/www.transtoyou.com\/lt\/?s={search_term_string}"},"query-input":{"@type":"PropertyValueSpecification","valueRequired":true,"valueName":"search_term_string"}}],"inLanguage":"lt-LT"},{"@type":"Organization","@id":"https:\/\/www.transtoyou.com\/lt\/#organization","name":"Transtoyou - LT","url":"https:\/\/www.transtoyou.com\/lt\/","logo":{"@type":"ImageObject","inLanguage":"lt-LT","@id":"https:\/\/www.transtoyou.com\/lt\/#\/schema\/logo\/image\/","url":"https:\/\/www.transtoyou.com\/lt\/wp-content\/uploads\/sites\/9\/2026\/01\/logo-tty-menu-bar-300x87-1.webp","contentUrl":"https:\/\/www.transtoyou.com\/lt\/wp-content\/uploads\/sites\/9\/2026\/01\/logo-tty-menu-bar-300x87-1.webp","width":300,"height":87,"caption":"Transtoyou - LT"},"image":{"@id":"https:\/\/www.transtoyou.com\/lt\/#\/schema\/logo\/image\/"}}]}},"_links":{"self":[{"href":"https:\/\/www.transtoyou.com\/lt\/wp-json\/wp\/v2\/product\/1253","targetHints":{"allow":["GET"]}}],"collection":[{"href":"https:\/\/www.transtoyou.com\/lt\/wp-json\/wp\/v2\/product"}],"about":[{"href":"https:\/\/www.transtoyou.com\/lt\/wp-json\/wp\/v2\/types\/product"}],"replies":[{"embeddable":true,"href":"https:\/\/www.transtoyou.com\/lt\/wp-json\/wp\/v2\/comments?post=1253"}],"wp:featuredmedia":[{"embeddable":true,"href":"https:\/\/www.transtoyou.com\/lt\/wp-json\/wp\/v2\/media\/1255"}],"wp:attachment":[{"href":"https:\/\/www.transtoyou.com\/lt\/wp-json\/wp\/v2\/media?parent=1253"}],"wp:term":[{"taxonomy":"product_brand","embeddable":true,"href":"https:\/\/www.transtoyou.com\/lt\/wp-json\/wp\/v2\/product_brand?post=1253"},{"taxonomy":"product_cat","embeddable":true,"href":"https:\/\/www.transtoyou.com\/lt\/wp-json\/wp\/v2\/product_cat?post=1253"},{"taxonomy":"product_tag","embeddable":true,"href":"https:\/\/www.transtoyou.com\/lt\/wp-json\/wp\/v2\/product_tag?post=1253"},{"taxonomy":"expert","embeddable":true,"href":"https:\/\/www.transtoyou.com\/lt\/wp-json\/wp\/v2\/expert?post=1253"}],"curies":[{"name":"wp","href":"https:\/\/api.w.org\/{rel}","templated":true}]}}