{"id":1259,"date":"2026-01-26T05:21:06","date_gmt":"2026-01-26T03:21:06","guid":{"rendered":"https:\/\/www.transtoyou.com\/lt\/product\/amoxicillin\/"},"modified":"2026-02-07T14:25:56","modified_gmt":"2026-02-07T12:25:56","slug":"amoksicilinas","status":"publish","type":"product","link":"https:\/\/www.transtoyou.com\/lt\/product\/amoksicilinas\/","title":{"rendered":"Amoksicilinas"},"content":{"rendered":"<p>Amoksicilinas yra pla\u010diai skiriamas antibiotikas, padedantis kovoti su pla\u010diu bakterini\u0173 infekcij\u0173 spektru. Jis priklauso penicilin\u0173 \u0161eimai ir da\u017enai pasirenkamas d\u0117l savo efektyvumo, universalumo ir tolerancijos.<\/p>\n<p>\u0160is vaistas naudojamas gydyti infekcijas, tokias kaip pneumonija, bronchitas, tonzilitas, sinus\u0173 infekcijos, \u0161lapimo tak\u0173 infekcijos (UTI), odos infekcijos, inkst\u0173 infekcijos ir aus\u0173 infekcijos. Jis taip pat da\u017enai naudojamas kartu su kitais vaistais gydyti Helicobacter pylori, bakterij\u0105, susijusi\u0105 su skrand\u017eio opomis.<\/p>\n<p>Amoksicilinas veikia taikydamasis \u012f bakterij\u0173 l\u0105steli\u0173 sienel\u0119, kuri yra b\u016btina bakterij\u0173 i\u0161likimui. Jis jungiasi prie specifini\u0173 ferment\u0173, vadinam\u0173 penicilin\u0105 jungian\u010diais baltymais (PBP), blokuodamas galutin\u012f l\u0105steli\u0173 sienel\u0117s formavimo etap\u0105. Tai sukelia bakterij\u0173 i\u0161siskyrim\u0105 ir mirt\u012f, pa\u0161alindamas infekcij\u0105 i\u0161 organizmo.<br \/>\nGalimas \u012fvairiomis formomis, tokiomis kaip tablet\u0117s ir suspensijos, amoksicilinas si\u016blo lankstum\u0105 skirtingiems gydymo poreikiams. Suaugusiems tipin\u0117s doz\u0117s svyruoja nuo 500 mg iki 875 mg, priklausomai nuo infekcijos tipo ir sunkumo.<\/p>\n<p>Amoksicilinas paprastai gerai toleruojamas, ta\u010diau kaip ir visi vaistai, jis gali sukelti \u0161alutin\u012f poveik\u012f. Da\u017eniausi yra pykinimas, v\u0117mimas, viduriavimas, odos b\u0117rimas ir mieli\u0173 infekcijos. Rimtas, bet retas \u0161alutinis poveikis apima sunkius alerginius reakcijas, antibiotikais susijus\u012f viduriavim\u0105 ir Stevenso-D\u017eonsono sindrom\u0105. \u017dmon\u0117s, turintys inkst\u0173 ar kepen\u0173 sutrikim\u0173, tur\u0117t\u0173 j\u012f vartoti atsargiai ir gali prireikti koreguoti dozes.<\/p>\n<p>Svarbu pa\u017eym\u0117ti, kad amoksicilinas gali s\u0105veikauti su kitais vaistais, tokiais kaip kontraceptin\u0117s tablet\u0117s, kraujo skiedikliai, makrolid\u0173 antibiotikai ir tetraciklinai. Visada prane\u0161kite savo gydytojui, k\u0105 vartojate.<br \/>\nPer didelis amoksicilino vartojimas gali sukelti antibiotik\u0173 atsparum\u0105, d\u0117l ko infekcijas sunkiau gydyti. Norint pagerinti efektyvum\u0105 ir suma\u017einti atsparum\u0105, jis kartais derinamas su klavulano r\u016bg\u0161timi, beta-laktamaz\u0117s inhibitoriumi.<\/p>\n<p>Apskritai, amoksicilinas i\u0161lieka patikima ir da\u017enai naudojama galimybe gydyti kasdienes bakterines infekcijas.<\/p>\n","protected":false},"excerpt":{"rendered":"<ul>\n<li>Penicilino tipo antibiotikas infekcijoms<\/li>\n<li>Gydo aus\u0173, plau\u010di\u0173 ir gerkl\u0117s infekcijas<\/li>\n<li>Gerai toleruojamas su lengvais \u0161alutiniais poveikiais<\/li>\n<\/ul>\n","protected":false},"featured_media":1261,"comment_status":"open","ping_status":"closed","template":"","meta":[],"product_brand":[],"product_cat":[79,86],"product_tag":[],"expert":[20],"class_list":{"0":"post-1259","1":"product","2":"type-product","3":"status-publish","4":"has-post-thumbnail","6":"product_cat-antibiotikai-ir-infekcijos","7":"product_cat-slapimo-pusles-ir-slapimo-taku-infekcijos","8":"expert-dr-m-ahmed","10":"first","11":"instock","12":"shipping-taxable","13":"product-type-variable"},"yoast_head":"<!-- This site is optimized with the Yoast SEO plugin v27.0 - https:\/\/yoast.com\/product\/yoast-seo-wordpress\/ -->\n<title>Amoxil (Amoksicilinas) | Pirkite antibiotik\u0105 internetu - Transtoyou - LT<\/title>\n<meta name=\"description\" content=\"Gaukite Amoxil (Amoksicilinas) internetu \u0161lapimo tak\u0173, gerkl\u0117s ar aus\u0173 u\u017edegimams. Saugus, greitas ir su receptu \u2013 be vargo.\" \/>\n<meta name=\"robots\" content=\"noindex, follow, max-snippet:-1, max-image-preview:large, max-video-preview:-1\" \/>\n<meta property=\"og:locale\" content=\"lt_LT\" \/>\n<meta property=\"og:type\" content=\"article\" \/>\n<meta property=\"og:title\" content=\"Amoxil (Amoksicilinas) | Pirkite antibiotik\u0105 internetu - Transtoyou - LT\" \/>\n<meta property=\"og:description\" content=\"Gaukite Amoxil (Amoksicilinas) internetu \u0161lapimo tak\u0173, gerkl\u0117s ar aus\u0173 u\u017edegimams. Saugus, greitas ir su receptu \u2013 be vargo.\" \/>\n<meta property=\"og:url\" content=\"https:\/\/www.transtoyou.com\/lt\/product\/amoxicillin\/\" \/>\n<meta property=\"og:site_name\" content=\"Transtoyou - LT\" \/>\n<meta property=\"article:modified_time\" content=\"2026-02-07T12:25:56+00:00\" \/>\n<meta name=\"twitter:card\" content=\"summary_large_image\" \/>\n<meta name=\"twitter:label1\" content=\"Est. reading time\" \/>\n\t<meta name=\"twitter:data1\" content=\"1 minut\u0117\" \/>\n<script type=\"application\/ld+json\" class=\"yoast-schema-graph\">{\"@context\":\"https:\/\/schema.org\",\"@graph\":[{\"@type\":\"WebPage\",\"@id\":\"https:\/\/www.transtoyou.com\/lt\/product\/amoxicillin\/\",\"url\":\"https:\/\/www.transtoyou.com\/lt\/product\/amoxicillin\/\",\"name\":\"Amoxil (Amoksicilinas) | Pirkite antibiotik\u0105 internetu - Transtoyou - LT\",\"isPartOf\":{\"@id\":\"https:\/\/www.transtoyou.com\/lt\/#website\"},\"primaryImageOfPage\":{\"@id\":\"https:\/\/www.transtoyou.com\/lt\/product\/amoxicillin\/#primaryimage\"},\"image\":{\"@id\":\"https:\/\/www.transtoyou.com\/lt\/product\/amoxicillin\/#primaryimage\"},\"thumbnailUrl\":\"https:\/\/www.transtoyou.com\/lt\/wp-content\/uploads\/sites\/9\/2026\/01\/tty-no-product-image-187.webp\",\"datePublished\":\"2026-01-26T03:21:06+00:00\",\"dateModified\":\"2026-02-07T12:25:56+00:00\",\"description\":\"Gaukite Amoxil (Amoksicilinas) internetu \u0161lapimo tak\u0173, gerkl\u0117s ar aus\u0173 u\u017edegimams. Saugus, greitas ir su receptu \u2013 be vargo.\",\"breadcrumb\":{\"@id\":\"https:\/\/www.transtoyou.com\/lt\/product\/amoxicillin\/#breadcrumb\"},\"inLanguage\":\"lt-LT\",\"potentialAction\":[{\"@type\":\"ReadAction\",\"target\":[\"https:\/\/www.transtoyou.com\/lt\/product\/amoxicillin\/\"]}]},{\"@type\":\"ImageObject\",\"inLanguage\":\"lt-LT\",\"@id\":\"https:\/\/www.transtoyou.com\/lt\/product\/amoxicillin\/#primaryimage\",\"url\":\"https:\/\/www.transtoyou.com\/lt\/wp-content\/uploads\/sites\/9\/2026\/01\/tty-no-product-image-187.webp\",\"contentUrl\":\"https:\/\/www.transtoyou.com\/lt\/wp-content\/uploads\/sites\/9\/2026\/01\/tty-no-product-image-187.webp\",\"width\":1000,\"height\":1000,\"caption\":\"Numatytasis produkto vaizdas\"},{\"@type\":\"WebSite\",\"@id\":\"https:\/\/www.transtoyou.com\/lt\/#website\",\"url\":\"https:\/\/www.transtoyou.com\/lt\/\",\"name\":\"Transtoyou - LT\",\"description\":\"\",\"publisher\":{\"@id\":\"https:\/\/www.transtoyou.com\/lt\/#organization\"},\"potentialAction\":[{\"@type\":\"SearchAction\",\"target\":{\"@type\":\"EntryPoint\",\"urlTemplate\":\"https:\/\/www.transtoyou.com\/lt\/?s={search_term_string}\"},\"query-input\":{\"@type\":\"PropertyValueSpecification\",\"valueRequired\":true,\"valueName\":\"search_term_string\"}}],\"inLanguage\":\"lt-LT\"},{\"@type\":\"Organization\",\"@id\":\"https:\/\/www.transtoyou.com\/lt\/#organization\",\"name\":\"Transtoyou - LT\",\"url\":\"https:\/\/www.transtoyou.com\/lt\/\",\"logo\":{\"@type\":\"ImageObject\",\"inLanguage\":\"lt-LT\",\"@id\":\"https:\/\/www.transtoyou.com\/lt\/#\/schema\/logo\/image\/\",\"url\":\"https:\/\/www.transtoyou.com\/lt\/wp-content\/uploads\/sites\/9\/2026\/01\/logo-tty-menu-bar-300x87-1.webp\",\"contentUrl\":\"https:\/\/www.transtoyou.com\/lt\/wp-content\/uploads\/sites\/9\/2026\/01\/logo-tty-menu-bar-300x87-1.webp\",\"width\":300,\"height\":87,\"caption\":\"Transtoyou - LT\"},\"image\":{\"@id\":\"https:\/\/www.transtoyou.com\/lt\/#\/schema\/logo\/image\/\"}}]}<\/script>\n<!-- \/ Yoast SEO plugin. -->","yoast_head_json":{"title":"Amoxil (Amoksicilinas) | Pirkite antibiotik\u0105 internetu - Transtoyou - LT","description":"Gaukite Amoxil (Amoksicilinas) internetu \u0161lapimo tak\u0173, gerkl\u0117s ar aus\u0173 u\u017edegimams. Saugus, greitas ir su receptu \u2013 be vargo.","robots":{"index":"noindex","follow":"follow","max-snippet":"max-snippet:-1","max-image-preview":"max-image-preview:large","max-video-preview":"max-video-preview:-1"},"og_locale":"lt_LT","og_type":"article","og_title":"Amoxil (Amoksicilinas) | Pirkite antibiotik\u0105 internetu - Transtoyou - LT","og_description":"Gaukite Amoxil (Amoksicilinas) internetu \u0161lapimo tak\u0173, gerkl\u0117s ar aus\u0173 u\u017edegimams. Saugus, greitas ir su receptu \u2013 be vargo.","og_url":"https:\/\/www.transtoyou.com\/lt\/product\/amoxicillin\/","og_site_name":"Transtoyou - LT","article_modified_time":"2026-02-07T12:25:56+00:00","twitter_card":"summary_large_image","twitter_misc":{"Est. reading time":"1 minut\u0117"},"schema":{"@context":"https:\/\/schema.org","@graph":[{"@type":"WebPage","@id":"https:\/\/www.transtoyou.com\/lt\/product\/amoxicillin\/","url":"https:\/\/www.transtoyou.com\/lt\/product\/amoxicillin\/","name":"Amoxil (Amoksicilinas) | Pirkite antibiotik\u0105 internetu - Transtoyou - LT","isPartOf":{"@id":"https:\/\/www.transtoyou.com\/lt\/#website"},"primaryImageOfPage":{"@id":"https:\/\/www.transtoyou.com\/lt\/product\/amoxicillin\/#primaryimage"},"image":{"@id":"https:\/\/www.transtoyou.com\/lt\/product\/amoxicillin\/#primaryimage"},"thumbnailUrl":"https:\/\/www.transtoyou.com\/lt\/wp-content\/uploads\/sites\/9\/2026\/01\/tty-no-product-image-187.webp","datePublished":"2026-01-26T03:21:06+00:00","dateModified":"2026-02-07T12:25:56+00:00","description":"Gaukite Amoxil (Amoksicilinas) internetu \u0161lapimo tak\u0173, gerkl\u0117s ar aus\u0173 u\u017edegimams. Saugus, greitas ir su receptu \u2013 be vargo.","breadcrumb":{"@id":"https:\/\/www.transtoyou.com\/lt\/product\/amoxicillin\/#breadcrumb"},"inLanguage":"lt-LT","potentialAction":[{"@type":"ReadAction","target":["https:\/\/www.transtoyou.com\/lt\/product\/amoxicillin\/"]}]},{"@type":"ImageObject","inLanguage":"lt-LT","@id":"https:\/\/www.transtoyou.com\/lt\/product\/amoxicillin\/#primaryimage","url":"https:\/\/www.transtoyou.com\/lt\/wp-content\/uploads\/sites\/9\/2026\/01\/tty-no-product-image-187.webp","contentUrl":"https:\/\/www.transtoyou.com\/lt\/wp-content\/uploads\/sites\/9\/2026\/01\/tty-no-product-image-187.webp","width":1000,"height":1000,"caption":"Numatytasis produkto vaizdas"},{"@type":"WebSite","@id":"https:\/\/www.transtoyou.com\/lt\/#website","url":"https:\/\/www.transtoyou.com\/lt\/","name":"Transtoyou - LT","description":"","publisher":{"@id":"https:\/\/www.transtoyou.com\/lt\/#organization"},"potentialAction":[{"@type":"SearchAction","target":{"@type":"EntryPoint","urlTemplate":"https:\/\/www.transtoyou.com\/lt\/?s={search_term_string}"},"query-input":{"@type":"PropertyValueSpecification","valueRequired":true,"valueName":"search_term_string"}}],"inLanguage":"lt-LT"},{"@type":"Organization","@id":"https:\/\/www.transtoyou.com\/lt\/#organization","name":"Transtoyou - LT","url":"https:\/\/www.transtoyou.com\/lt\/","logo":{"@type":"ImageObject","inLanguage":"lt-LT","@id":"https:\/\/www.transtoyou.com\/lt\/#\/schema\/logo\/image\/","url":"https:\/\/www.transtoyou.com\/lt\/wp-content\/uploads\/sites\/9\/2026\/01\/logo-tty-menu-bar-300x87-1.webp","contentUrl":"https:\/\/www.transtoyou.com\/lt\/wp-content\/uploads\/sites\/9\/2026\/01\/logo-tty-menu-bar-300x87-1.webp","width":300,"height":87,"caption":"Transtoyou - LT"},"image":{"@id":"https:\/\/www.transtoyou.com\/lt\/#\/schema\/logo\/image\/"}}]}},"_links":{"self":[{"href":"https:\/\/www.transtoyou.com\/lt\/wp-json\/wp\/v2\/product\/1259","targetHints":{"allow":["GET"]}}],"collection":[{"href":"https:\/\/www.transtoyou.com\/lt\/wp-json\/wp\/v2\/product"}],"about":[{"href":"https:\/\/www.transtoyou.com\/lt\/wp-json\/wp\/v2\/types\/product"}],"replies":[{"embeddable":true,"href":"https:\/\/www.transtoyou.com\/lt\/wp-json\/wp\/v2\/comments?post=1259"}],"wp:featuredmedia":[{"embeddable":true,"href":"https:\/\/www.transtoyou.com\/lt\/wp-json\/wp\/v2\/media\/1261"}],"wp:attachment":[{"href":"https:\/\/www.transtoyou.com\/lt\/wp-json\/wp\/v2\/media?parent=1259"}],"wp:term":[{"taxonomy":"product_brand","embeddable":true,"href":"https:\/\/www.transtoyou.com\/lt\/wp-json\/wp\/v2\/product_brand?post=1259"},{"taxonomy":"product_cat","embeddable":true,"href":"https:\/\/www.transtoyou.com\/lt\/wp-json\/wp\/v2\/product_cat?post=1259"},{"taxonomy":"product_tag","embeddable":true,"href":"https:\/\/www.transtoyou.com\/lt\/wp-json\/wp\/v2\/product_tag?post=1259"},{"taxonomy":"expert","embeddable":true,"href":"https:\/\/www.transtoyou.com\/lt\/wp-json\/wp\/v2\/expert?post=1259"}],"curies":[{"name":"wp","href":"https:\/\/api.w.org\/{rel}","templated":true}]}}