{"id":1262,"date":"2026-01-26T05:41:04","date_gmt":"2026-01-26T03:41:04","guid":{"rendered":"https:\/\/www.transtoyou.com\/lt\/product\/paracetamol-codeine\/"},"modified":"2026-03-01T12:23:02","modified_gmt":"2026-03-01T10:23:02","slug":"paracetamolis-kodeinas","status":"publish","type":"product","link":"https:\/\/www.transtoyou.com\/lt\/product\/paracetamolis-kodeinas\/","title":{"rendered":"Paracetamolis\/Kodeinas"},"content":{"rendered":"<p>Skausmas yra nepageidaujamas palydovas kasdieniame gyvenime, trikdantis visk\u0105 nuo darbo iki paprast\u0173 malonum\u0173. Paracetamolis\/Kodeinas sukurtas teikti palengv\u0117jim\u0105, kai standartiniai skausm\u0105 mal\u0161inantys vaistai, tokie kaip ibuprofenas ar paracetamolis, vieni nepakanka. \u0160is dvigubo veikimo vaistas sujungia paracetamol\u012f, pla\u010diai naudojam\u0105 analgetik\u0105 ir kar\u0161\u010diavim\u0105 ma\u017einant\u012f vaist\u0105, su kodeinu, \u0161velniu opioidiniu vaistu, kuris kei\u010dia skausmo suvokim\u0105 smegenyse. Kartu jie si\u016blo stipresn\u012f atsak\u0105 \u012f vidutin\u012f ir stipr\u0173 skausm\u0105.<\/p>\n<p>Paracetamolis veikia ma\u017eindamas prostaglandin\u0173, chemini\u0173 med\u017eiag\u0173 organizme, atsaking\u0173 u\u017e skausm\u0105 ir u\u017edegim\u0105, gamyb\u0105. Tuo tarpu kodeinas jungiasi prie opioidini\u0173 receptori\u0173 smegenyse, keisdamas, kaip apdorojami skausmo signalai, ir sustiprindamas skausmo mal\u0161inim\u0105. \u0160i kombinacija ypa\u010d efektyvi galvos skausmams, migrenoms, dant\u0173 skausmui, raumen\u0173 ir kaul\u0173 skausmui, pooperaciniam skausmui ir menstruaciniam diskomfortui.<\/p>\n<p>Palengv\u0117jimas, kur\u012f suteikia Paracetamolis\/Kodeinas, paprastai prasideda per 30\u201360 minu\u010di\u0173 ir trunka kelias valandas, tod\u0117l tai patikima galimyb\u0117 tiems, kuriems reikia efektyvaus skausmo kontrol\u0117s. Ta\u010diau labai svarbu \u0161\u012f vaist\u0105 vartoti atsakingai. Pernelyg didelis paracetamolio vartojimas gali sukelti kepen\u0173 pa\u017eeidim\u0105, o ilgalaikis kodeino vartojimas kelia priklausomyb\u0117s rizik\u0105. Jis tur\u0117t\u0173 b\u016bti vartojamas tik pagal sveikatos prie\u017ei\u016bros specialisto nurodymus, o alkoholis tur\u0117t\u0173 b\u016bti vengiamas, kad b\u016bt\u0173 i\u0161vengta padid\u0117jusio mieguistumo ir galimos kepen\u0173 toksikoz\u0117s.<\/p>\n","protected":false},"excerpt":{"rendered":"<ul>\n<li>Dvigubo poveikio formul\u0117 stipresniam palengvinimui<\/li>\n<li>Greitai veikianti skausmo mal\u0161inimo kombinacija<\/li>\n<li>Padeda, kai \u012fprasti skausmo mal\u0161intojai nepavyksta<\/li>\n<\/ul>\n","protected":false},"featured_media":1264,"comment_status":"open","ping_status":"closed","template":"","meta":[],"product_brand":[],"product_cat":[129,123,147,153,81,70],"product_tag":[],"expert":[16],"class_list":{"0":"post-1262","1":"product","2":"type-product","3":"status-publish","4":"has-post-thumbnail","6":"product_cat-galvos-skausmai-ir-migrena","7":"product_cat-gripas-kosulys-ir-persalimo-priemones","8":"product_cat-menesiniu-diskomfortas","9":"product_cat-nervu-skausmas","10":"product_cat-nugaros-raumenu-ir-sanariu-skausmas","11":"product_cat-pilvo-skausmas","12":"expert-dr-c-alexandru","14":"first","15":"instock","16":"shipping-taxable","17":"product-type-variable"},"yoast_head":"<!-- This site is optimized with the Yoast SEO plugin v27.0 - https:\/\/yoast.com\/product\/yoast-seo-wordpress\/ -->\n<title>Pirkite Paracetamol\u012f su Kodeinu internetu | Greita pagalba - Transtoyou - LT<\/title>\n<meta name=\"description\" content=\"U\u017esisakykite Paracetamol\u012f\/Kodein\u0105 internetu greitam ir efektyviam skausmo mal\u0161inimui. Puikiai tinka vidutiniam ir stipriam skausmui.\" \/>\n<meta name=\"robots\" content=\"noindex, follow, max-snippet:-1, max-image-preview:large, max-video-preview:-1\" \/>\n<meta property=\"og:locale\" content=\"lt_LT\" \/>\n<meta property=\"og:type\" content=\"article\" \/>\n<meta property=\"og:title\" content=\"Pirkite Paracetamol\u012f su Kodeinu internetu | Greita pagalba - Transtoyou - LT\" \/>\n<meta property=\"og:description\" content=\"U\u017esisakykite Paracetamol\u012f\/Kodein\u0105 internetu greitam ir efektyviam skausmo mal\u0161inimui. Puikiai tinka vidutiniam ir stipriam skausmui.\" \/>\n<meta property=\"og:url\" content=\"https:\/\/www.transtoyou.com\/lt\/product\/paracetamol-codeine\/\" \/>\n<meta property=\"og:site_name\" content=\"Transtoyou - LT\" \/>\n<meta property=\"article:modified_time\" content=\"2026-03-01T10:23:02+00:00\" \/>\n<meta name=\"twitter:card\" content=\"summary_large_image\" \/>\n<meta name=\"twitter:label1\" content=\"Est. reading time\" \/>\n\t<meta name=\"twitter:data1\" content=\"1 minut\u0117\" \/>\n<script type=\"application\/ld+json\" class=\"yoast-schema-graph\">{\"@context\":\"https:\/\/schema.org\",\"@graph\":[{\"@type\":\"WebPage\",\"@id\":\"https:\/\/www.transtoyou.com\/lt\/product\/paracetamol-codeine\/\",\"url\":\"https:\/\/www.transtoyou.com\/lt\/product\/paracetamol-codeine\/\",\"name\":\"Pirkite Paracetamol\u012f su Kodeinu internetu | Greita pagalba - Transtoyou - LT\",\"isPartOf\":{\"@id\":\"https:\/\/www.transtoyou.com\/lt\/#website\"},\"primaryImageOfPage\":{\"@id\":\"https:\/\/www.transtoyou.com\/lt\/product\/paracetamol-codeine\/#primaryimage\"},\"image\":{\"@id\":\"https:\/\/www.transtoyou.com\/lt\/product\/paracetamol-codeine\/#primaryimage\"},\"thumbnailUrl\":\"https:\/\/www.transtoyou.com\/lt\/wp-content\/uploads\/sites\/9\/2026\/01\/tty-no-product-image-188.webp\",\"datePublished\":\"2026-01-26T03:41:04+00:00\",\"dateModified\":\"2026-03-01T10:23:02+00:00\",\"description\":\"U\u017esisakykite Paracetamol\u012f\/Kodein\u0105 internetu greitam ir efektyviam skausmo mal\u0161inimui. Puikiai tinka vidutiniam ir stipriam skausmui.\",\"breadcrumb\":{\"@id\":\"https:\/\/www.transtoyou.com\/lt\/product\/paracetamol-codeine\/#breadcrumb\"},\"inLanguage\":\"lt-LT\",\"potentialAction\":[{\"@type\":\"ReadAction\",\"target\":[\"https:\/\/www.transtoyou.com\/lt\/product\/paracetamol-codeine\/\"]}]},{\"@type\":\"ImageObject\",\"inLanguage\":\"lt-LT\",\"@id\":\"https:\/\/www.transtoyou.com\/lt\/product\/paracetamol-codeine\/#primaryimage\",\"url\":\"https:\/\/www.transtoyou.com\/lt\/wp-content\/uploads\/sites\/9\/2026\/01\/tty-no-product-image-188.webp\",\"contentUrl\":\"https:\/\/www.transtoyou.com\/lt\/wp-content\/uploads\/sites\/9\/2026\/01\/tty-no-product-image-188.webp\",\"width\":1000,\"height\":1000,\"caption\":\"Numatytas produkto vaizdas\"},{\"@type\":\"WebSite\",\"@id\":\"https:\/\/www.transtoyou.com\/lt\/#website\",\"url\":\"https:\/\/www.transtoyou.com\/lt\/\",\"name\":\"Transtoyou - LT\",\"description\":\"\",\"publisher\":{\"@id\":\"https:\/\/www.transtoyou.com\/lt\/#organization\"},\"potentialAction\":[{\"@type\":\"SearchAction\",\"target\":{\"@type\":\"EntryPoint\",\"urlTemplate\":\"https:\/\/www.transtoyou.com\/lt\/?s={search_term_string}\"},\"query-input\":{\"@type\":\"PropertyValueSpecification\",\"valueRequired\":true,\"valueName\":\"search_term_string\"}}],\"inLanguage\":\"lt-LT\"},{\"@type\":\"Organization\",\"@id\":\"https:\/\/www.transtoyou.com\/lt\/#organization\",\"name\":\"Transtoyou - LT\",\"url\":\"https:\/\/www.transtoyou.com\/lt\/\",\"logo\":{\"@type\":\"ImageObject\",\"inLanguage\":\"lt-LT\",\"@id\":\"https:\/\/www.transtoyou.com\/lt\/#\/schema\/logo\/image\/\",\"url\":\"https:\/\/www.transtoyou.com\/lt\/wp-content\/uploads\/sites\/9\/2026\/01\/logo-tty-menu-bar-300x87-1.webp\",\"contentUrl\":\"https:\/\/www.transtoyou.com\/lt\/wp-content\/uploads\/sites\/9\/2026\/01\/logo-tty-menu-bar-300x87-1.webp\",\"width\":300,\"height\":87,\"caption\":\"Transtoyou - LT\"},\"image\":{\"@id\":\"https:\/\/www.transtoyou.com\/lt\/#\/schema\/logo\/image\/\"}}]}<\/script>\n<!-- \/ Yoast SEO plugin. -->","yoast_head_json":{"title":"Pirkite Paracetamol\u012f su Kodeinu internetu | Greita pagalba - Transtoyou - LT","description":"U\u017esisakykite Paracetamol\u012f\/Kodein\u0105 internetu greitam ir efektyviam skausmo mal\u0161inimui. Puikiai tinka vidutiniam ir stipriam skausmui.","robots":{"index":"noindex","follow":"follow","max-snippet":"max-snippet:-1","max-image-preview":"max-image-preview:large","max-video-preview":"max-video-preview:-1"},"og_locale":"lt_LT","og_type":"article","og_title":"Pirkite Paracetamol\u012f su Kodeinu internetu | Greita pagalba - Transtoyou - LT","og_description":"U\u017esisakykite Paracetamol\u012f\/Kodein\u0105 internetu greitam ir efektyviam skausmo mal\u0161inimui. Puikiai tinka vidutiniam ir stipriam skausmui.","og_url":"https:\/\/www.transtoyou.com\/lt\/product\/paracetamol-codeine\/","og_site_name":"Transtoyou - LT","article_modified_time":"2026-03-01T10:23:02+00:00","twitter_card":"summary_large_image","twitter_misc":{"Est. reading time":"1 minut\u0117"},"schema":{"@context":"https:\/\/schema.org","@graph":[{"@type":"WebPage","@id":"https:\/\/www.transtoyou.com\/lt\/product\/paracetamol-codeine\/","url":"https:\/\/www.transtoyou.com\/lt\/product\/paracetamol-codeine\/","name":"Pirkite Paracetamol\u012f su Kodeinu internetu | Greita pagalba - Transtoyou - LT","isPartOf":{"@id":"https:\/\/www.transtoyou.com\/lt\/#website"},"primaryImageOfPage":{"@id":"https:\/\/www.transtoyou.com\/lt\/product\/paracetamol-codeine\/#primaryimage"},"image":{"@id":"https:\/\/www.transtoyou.com\/lt\/product\/paracetamol-codeine\/#primaryimage"},"thumbnailUrl":"https:\/\/www.transtoyou.com\/lt\/wp-content\/uploads\/sites\/9\/2026\/01\/tty-no-product-image-188.webp","datePublished":"2026-01-26T03:41:04+00:00","dateModified":"2026-03-01T10:23:02+00:00","description":"U\u017esisakykite Paracetamol\u012f\/Kodein\u0105 internetu greitam ir efektyviam skausmo mal\u0161inimui. Puikiai tinka vidutiniam ir stipriam skausmui.","breadcrumb":{"@id":"https:\/\/www.transtoyou.com\/lt\/product\/paracetamol-codeine\/#breadcrumb"},"inLanguage":"lt-LT","potentialAction":[{"@type":"ReadAction","target":["https:\/\/www.transtoyou.com\/lt\/product\/paracetamol-codeine\/"]}]},{"@type":"ImageObject","inLanguage":"lt-LT","@id":"https:\/\/www.transtoyou.com\/lt\/product\/paracetamol-codeine\/#primaryimage","url":"https:\/\/www.transtoyou.com\/lt\/wp-content\/uploads\/sites\/9\/2026\/01\/tty-no-product-image-188.webp","contentUrl":"https:\/\/www.transtoyou.com\/lt\/wp-content\/uploads\/sites\/9\/2026\/01\/tty-no-product-image-188.webp","width":1000,"height":1000,"caption":"Numatytas produkto vaizdas"},{"@type":"WebSite","@id":"https:\/\/www.transtoyou.com\/lt\/#website","url":"https:\/\/www.transtoyou.com\/lt\/","name":"Transtoyou - LT","description":"","publisher":{"@id":"https:\/\/www.transtoyou.com\/lt\/#organization"},"potentialAction":[{"@type":"SearchAction","target":{"@type":"EntryPoint","urlTemplate":"https:\/\/www.transtoyou.com\/lt\/?s={search_term_string}"},"query-input":{"@type":"PropertyValueSpecification","valueRequired":true,"valueName":"search_term_string"}}],"inLanguage":"lt-LT"},{"@type":"Organization","@id":"https:\/\/www.transtoyou.com\/lt\/#organization","name":"Transtoyou - LT","url":"https:\/\/www.transtoyou.com\/lt\/","logo":{"@type":"ImageObject","inLanguage":"lt-LT","@id":"https:\/\/www.transtoyou.com\/lt\/#\/schema\/logo\/image\/","url":"https:\/\/www.transtoyou.com\/lt\/wp-content\/uploads\/sites\/9\/2026\/01\/logo-tty-menu-bar-300x87-1.webp","contentUrl":"https:\/\/www.transtoyou.com\/lt\/wp-content\/uploads\/sites\/9\/2026\/01\/logo-tty-menu-bar-300x87-1.webp","width":300,"height":87,"caption":"Transtoyou - LT"},"image":{"@id":"https:\/\/www.transtoyou.com\/lt\/#\/schema\/logo\/image\/"}}]}},"_links":{"self":[{"href":"https:\/\/www.transtoyou.com\/lt\/wp-json\/wp\/v2\/product\/1262","targetHints":{"allow":["GET"]}}],"collection":[{"href":"https:\/\/www.transtoyou.com\/lt\/wp-json\/wp\/v2\/product"}],"about":[{"href":"https:\/\/www.transtoyou.com\/lt\/wp-json\/wp\/v2\/types\/product"}],"replies":[{"embeddable":true,"href":"https:\/\/www.transtoyou.com\/lt\/wp-json\/wp\/v2\/comments?post=1262"}],"wp:featuredmedia":[{"embeddable":true,"href":"https:\/\/www.transtoyou.com\/lt\/wp-json\/wp\/v2\/media\/1264"}],"wp:attachment":[{"href":"https:\/\/www.transtoyou.com\/lt\/wp-json\/wp\/v2\/media?parent=1262"}],"wp:term":[{"taxonomy":"product_brand","embeddable":true,"href":"https:\/\/www.transtoyou.com\/lt\/wp-json\/wp\/v2\/product_brand?post=1262"},{"taxonomy":"product_cat","embeddable":true,"href":"https:\/\/www.transtoyou.com\/lt\/wp-json\/wp\/v2\/product_cat?post=1262"},{"taxonomy":"product_tag","embeddable":true,"href":"https:\/\/www.transtoyou.com\/lt\/wp-json\/wp\/v2\/product_tag?post=1262"},{"taxonomy":"expert","embeddable":true,"href":"https:\/\/www.transtoyou.com\/lt\/wp-json\/wp\/v2\/expert?post=1262"}],"curies":[{"name":"wp","href":"https:\/\/api.w.org\/{rel}","templated":true}]}}